{"id":21901,"date":"2025-05-19T17:46:25","date_gmt":"2025-05-19T17:46:25","guid":{"rendered":"https:\/\/branded.financialwellnessforyou.com\/?page_id=21901"},"modified":"2025-05-19T17:46:26","modified_gmt":"2025-05-19T17:46:26","slug":"hoja-de-trabajo-de-deuda-de-tarjeta-de-credito","status":"publish","type":"page","link":"https:\/\/branded.financialwellnessforyou.com\/es\/aprende-ahora\/calculadoras-financieras\/hoja-de-trabajo-de-deuda-de-tarjeta-de-credito\/","title":{"rendered":"Hoja de Trabajo de Deuda de Tarjeta de Cr\u00e9dito"},"content":{"rendered":"\n<div class=\"block-calculator\" data-block-id=\"block_80d078558c5d04093bd24fc54e2adbac\">\n            <div class=\"calc-block rounded-2xl\">\n            \n<form class=\"form-horizontal separated-form grid-labeled-form worksheet ccdebt\" id=\"frmBudAnal\" name=\"frmBudAnal\">\n    <div class=\"carousel relative rounded relative overflow-hidden\">\n        <div class=\"carousel-inner relative overflow-hidden w-full\">\n            <!--Income Worksheet-->\n            \n            <div id=\"ExpenseSheet2\" class=\"singleSheet carousel-item absolute noprint\">\n\n                \n                <div>\n                    <div id=\"noExtraIncome2\">\n                        <div class=\"form-group\">\n                            <div class=\"row items-end pb-4 flex flex-wrap\">\n                                <div class=\"md:w-1\/4 w-full\">\n                                    <label class=\"font-bold\" for=\"credname\">Nombre del acreedor<\/label>\n                                    <div class=\"input-group creditorname my-2 md:mr-4\">\n                                        <input type=\"text\" id=\"credname\" name=\"credname\" class=\"form-control\" \/>\n                                    <\/div>\n                                <\/div>\n                                <div class=\"md:w-1\/4 w-full\">\n                                    <label class=\"font-bold\" for=\"intrate\">Tasa de inter\u00e9s<\/label>\n                                    <div class=\"input-group avginput2 my-2 md:mr-4\">\n                                        <div class=\"input-group-prepend\">\n                                            <div class=\"input-group-text\">\n                                                %\n                                            <\/div>\n                                        <\/div>\n                                        <input type=\"number\" id=\"intrate\" name=\"intrate\" class=\"form-control\" \/>\n                                    <\/div>\n                                <\/div>\n                                <div class=\"md:w-1\/4 w-full\">\n                                    <label class=\"font-bold\" for=\"bal\">Saldo actual<\/label>\n                                    <div class=\"input-group fixedingroup my-2 md:mr-4\">\n                                        <div class=\"input-group-prepend\">\n                                            <div class=\"input-group-text\">\n                                                $\n                                            <\/div>\n                                        <\/div>\n                                        <input type=\"number\" id=\"bal\" name=\"bal\" class=\"form-control\" \/>\n                                    <\/div>\n                                <\/div>\n                                <div class=\"md:w-1\/4 w-full\">\n                                    <label class=\"font-bold\" for=\"mthpay\">Pago mensual<\/label>\n                                    <div class=\"input-group fixedinadjgroup my-2 md:mr-4\">\n                                        <div class=\"input-group-prepend\">\n                                            <div class=\"input-group-text\">\n                                                $\n                                            <\/div>\n                                        <\/div>\n                                        <input type=\"number\" id=\"mthpay\" name=\"mthpay\" class=\"form-control\" \/>\n                                    <\/div>\n                                <\/div>\n                            <\/div>\n                        <\/div><!--\/form-group-->\n\n                    <\/div>\n\n                    <div class=\"extraIncome2\"><\/div>\n\n                <\/div>\n\n\n                <div class=\"form-group addrow\">\n                    <div class=\"row\">\n                        <div class=\"md:w-1\/2\">\n                            <a id=\"addCreditCard\" class=\"font-bold\"><u>Agregar<\/u> +<\/a>\n                        <\/div>\n                    <\/div>\n                <\/div><!--\/form-group-->\n\n                <div class=\"form-group totaldiv\">\n                    <div class=\"row flex flex-wrap\">\n                        <div class=\"md:w-1\/3 w-full font-bold\">\n                            <label for=\"totalavg\">Tasa de inter\u00e9s promedio en tarjetas de cr\u00e9dito:<\/label>\n                        <\/div>\n                        <div class=\"md:w-2\/3 w-full flex totalcol\">\n                            % <input type=\"number\" id=\"totalavg\" name=\"totalavg\" class=\"form-control totalfield\" readonly disabled \/>\n                        <\/div>\n                    <\/div>\n                <\/div><!--\/form-group-->\n\n\n                <div class=\"form-group totaldiv\">\n                    <div class=\"row flex flex-wrap\">\n                        <div class=\"md:w-1\/3 w-full font-bold\">\n                            <label for=\"totalfixed2\">Total adeudado:<\/label>\n                        <\/div>\n                        <div class=\"md:w-2\/3 w-full flex totalcol\">\n                             $ <input type=\"number\" id=\"totalfixed2\" name=\"totalfixed2\" class=\"form-control totalfield\" readonly disabled \/>\n                        <\/div>\n                    <\/div>\n                <\/div><!--\/form-group-->\n\n                <div class=\"form-group totaldiv\">\n                    <div class=\"row flex flex-wrap\">\n                        <div class=\"md:w-1\/3 w-full font-bold\">\n                            <label for=\"totaladjfixed2\">Pago mensual de deudas de tarjetas de cr\u00e9dito:<\/label>\n                        <\/div>\n                        <div class=\"md:w-2\/3 w-full flex totalcol\">\n                            $ <input type=\"number\" id=\"totaladjfixed2\" name=\"totaladjfixed2\" class=\"form-control totalfield\" readonly disabled \/>\n                        <\/div>\n                    <\/div>\n                <\/div><!--\/form-group-->\n\n            <\/div>\n            <!--Start Print-->\n            <div id=\"resultlog2\">\n                <div id=\"clientlog2\">\n                    Hoja de trabajo interactiva: deudas de tarjetas de cr\u00e9dito                    <div id=\"incomeprint2\" class=\"table-settings\">\n\n                        <div class=\"form-head\">\n                            <div class=\"row\">\n                                <div class=\"creditdebtcol\"><h4>Nombre del acreedor<\/h4><\/div>\n                                <div class=\"creditdebtcol\"><h4>Tasa de inter\u00e9s<\/h4><\/div>\n                                <div class=\"creditdebtcol\"><h4>Saldo actual<\/h4><\/div>\n                                <div class=\"creditdebtcol\"><h4>Pago mensual<\/h4><\/div>\n                            <\/div>\n                        <\/div>\n\n                        <div class=\"row\">\n                            <div class=\"creditdebtcol\">\n                                <div class=\"rightinnerolabel \">\n                                    <label for=\"cname\" class=\"srlabel\">Nombre del acreedor<\/label>\n                                    <input type=\"text\" class=\"printincome2\" id=\"cname\" \/>\n                                <\/div>\n                            <\/div>\n                            <div class=\"creditdebtcol\">\n                                <div class=\"rightinnerolabel\">\n                                    <span class=\"dollarsign\">% <\/span>\n                                    <label for=\"iname\" class=\"srlabel\">Tasa de inter\u00e9s<\/label>\n                                    <input type=\"number\" class=\"printincome2\" id=\"iname\" \/>\n                                <\/div>\n                            <\/div>\n                            <div class=\"creditdebtcol\">\n                                <div class=\"rightinnerolabel\">\n                                    <span class=\"dollarsign\">$ <\/span>\n                                    <label for=\"bname\" class=\"srlabel\">Saldo actual<\/label>\n                                    <input type=\"number\" class=\"printincome2\" id=\"bname\" \/>\n                                <\/div>\n                            <\/div>\n                            <div class=\"creditdebtcol\">\n                                <div class=\"rightinnerolabel\">\n                                    <span class=\"dollarsign\">$ <\/span>\n                                    <label for=\"mname\" class=\"srlabel\">Pago mensual<\/label>\n                                    <input type=\"number\" class=\"printincome2\" id=\"mname\" \/>\n                                <\/div>\n                            <\/div>\n                        <\/div>\n\n                        <div id=\"ExtraRow\"><\/div>\n\n                        <div class=\"row\">\n                            <div class=\"leftouter \">\n                                <div class=\"leftinnerlabel \">\n                                    <label class=\"wording font-bold\" for=\"avgint\">Tasa de inter\u00e9s promedio en tarjetas de cr\u00e9dito:<\/label>\n                                <\/div>\n                            <\/div>\n                            <div class=\"rightouter \">\n                                <div class=\"rightinnerolabel\">\n                                    <span class=\"dollarsign\">%<\/span>\n                                    <input type=\"number\" class=\"printincome2\" id=\"avgint\" \/>\n                                <\/div>\n                            <\/div>\n                        <\/div>\n\n                        <div class=\"row\">\n                            <div class=\"leftouter \">\n                                <div class=\"leftinnerlabel \">\n                                    <label class=\"wording font-bold\" for=\"totowed\">Total adeudado:<\/label>\n                                <\/div>\n                            <\/div>\n                            <div class=\"rightouter \">\n                                <div class=\"rightinnerolabel\">\n                                    <span class=\"dollarsign\">$ <\/span>\n                                    <input type=\"number\" class=\"printincome2\" id=\"totowed\" \/>\n                                <\/div>\n                            <\/div>\n                        <\/div>\n\n                        <div class=\"row\">\n                            <div class=\"leftouter \">\n                                <div class=\"leftinnerlabel \">\n                                    <label class=\"wording font-bold\" for=\"monthpay\">Pago mensual de deudas de tarjetas de cr\u00e9dito:<\/label>\n                                <\/div>\n                            <\/div>\n                            <div class=\"rightouter \">\n                                <div class=\"rightinnerolabel\">\n                                    <span class=\"dollarsign\">$ <\/span>\n                                    <input type=\"number\" class=\"printincome2\" id=\"monthpay\" \/>\n                                <\/div>\n                            <\/div>\n                        <\/div>\n                    <\/div>\n                <\/div>\n                \n            <\/div>\n\n            <div class=\"row my-8 float-right\">\n                <div class=\"container\">\n                    <a type=\"button\" class=\"btn btn-primary mr-4 mb-4 z-10 noprint\" id=\"printButtonCC\" name=\"printButtonCC\">Imprimir<\/a>\n                    <a type=\"button\" class=\"btn btn-primary z-10 noprint\" id=\"exportbuttonCreditCardDebt\" name=\"exportbuttonCreditCardDebt\">Exportar<\/a>\n                <\/div>\n            <\/div>\n\n            <div class=\"container float-left\">\n                <p><strong>Nota:<\/strong> Las tarjetas de cr\u00e9dito son deudas \u201crotativas\u201d, lo que significa que el requisito de pago m\u00ednimo cambia seg\u00fan su saldo total. Sin embargo, recomendamos establecer pagos fijos para que pueda pagar sus saldos m\u00e1s r\u00e1pido. \u00a1Por eso las tarjetas de cr\u00e9dito son un gasto fijo!<\/p>\n            <\/div>\n\n          <\/div>\n    <\/div>\n<\/form>\n            <\/div>\n            \n            \n        <\/div>\n","protected":false},"excerpt":{"rendered":"","protected":false},"author":1,"featured_media":21890,"parent":5269,"menu_order":0,"comment_status":"closed","ping_status":"closed","template":"page-sidebar","meta":{"_acf_changed":false,"footnotes":""},"categories":[],"tags":[15,36],"class_list":["post-21901","page","type-page","status-publish","has-post-thumbnail","hentry","tag-deuda","tag-entendiendo-credito"],"acf":[],"featured_image_src":"https:\/\/branded.financialwellnessforyou.com\/wp-content\/uploads\/sites\/7\/2025\/05\/Credit-Card-Debt-Worksheet.jpg","featured_image_src_square":"https:\/\/branded.financialwellnessforyou.com\/wp-content\/uploads\/sites\/7\/2025\/05\/Credit-Card-Debt-Worksheet.jpg","_links":{"self":[{"href":"https:\/\/branded.financialwellnessforyou.com\/es\/wp-json\/wp\/v2\/pages\/21901","targetHints":{"allow":["GET"]}}],"collection":[{"href":"https:\/\/branded.financialwellnessforyou.com\/es\/wp-json\/wp\/v2\/pages"}],"about":[{"href":"https:\/\/branded.financialwellnessforyou.com\/es\/wp-json\/wp\/v2\/types\/page"}],"author":[{"embeddable":true,"href":"https:\/\/branded.financialwellnessforyou.com\/es\/wp-json\/wp\/v2\/users\/1"}],"replies":[{"embeddable":true,"href":"https:\/\/branded.financialwellnessforyou.com\/es\/wp-json\/wp\/v2\/comments?post=21901"}],"version-history":[{"count":1,"href":"https:\/\/branded.financialwellnessforyou.com\/es\/wp-json\/wp\/v2\/pages\/21901\/revisions"}],"predecessor-version":[{"id":21902,"href":"https:\/\/branded.financialwellnessforyou.com\/es\/wp-json\/wp\/v2\/pages\/21901\/revisions\/21902"}],"up":[{"embeddable":true,"href":"https:\/\/branded.financialwellnessforyou.com\/es\/wp-json\/wp\/v2\/pages\/5269"}],"wp:featuredmedia":[{"embeddable":true,"href":"https:\/\/branded.financialwellnessforyou.com\/es\/wp-json\/wp\/v2\/media\/21890"}],"wp:attachment":[{"href":"https:\/\/branded.financialwellnessforyou.com\/es\/wp-json\/wp\/v2\/media?parent=21901"}],"wp:term":[{"taxonomy":"category","embeddable":true,"href":"https:\/\/branded.financialwellnessforyou.com\/es\/wp-json\/wp\/v2\/categories?post=21901"},{"taxonomy":"post_tag","embeddable":true,"href":"https:\/\/branded.financialwellnessforyou.com\/es\/wp-json\/wp\/v2\/tags?post=21901"}],"curies":[{"name":"wp","href":"https:\/\/api.w.org\/{rel}","templated":true}]}}