{"id":5265,"date":"2023-02-13T15:28:18","date_gmt":"2023-02-13T15:28:18","guid":{"rendered":"https:\/\/demo123.kofetime.com\/accesibilidad\/"},"modified":"2023-06-19T15:54:08","modified_gmt":"2023-06-19T15:54:08","slug":"accesibilidad","status":"publish","type":"page","link":"https:\/\/branded.financialwellnessforyou.com\/es\/accesibilidad\/","title":{"rendered":"Accesibilidad"},"content":{"rendered":"\n<p>Si tiene dificultades para utilizar o acceder a cualquier elemento de este sitio web o a cualquier herramienta o aplicaci\u00f3n m\u00f3vil de Consolidated Credit, no dude en ponerse en contacto con nosotros y trabajaremos con usted para proporcionarle la informaci\u00f3n. art\u00edculo o transacci\u00f3n que busca, a trav\u00e9s de un m\u00e9todo de comunicaci\u00f3n que sea accesible para usted de conformidad con la ley en vigencia (por ejemplo, a trav\u00e9s de asistencia telef\u00f3nica). Cualquier problema con el acceso al sitio o sugerencias sobre c\u00f3mo podemos mejorar nuestro sitio por favor informar a&nbsp;<a href=\"mailto:accessibility@ConsolidatedCredit.org\">accessibility@ConsolidatedCredit.org<\/a>.<\/p>\n\n\n\n<p>Consolidated Credit se compromete a garantizar el acceso de su sitio web e intranet a personas con discapacidades. Nos esforzamos por tener contenido web nuevo y actualizado producido por nuestra organizaci\u00f3n para cumplir con WCAG 2.0, Nivel AA de conformidad. Estamos tomando una variedad de pasos y dedicando recursos para mejorar continuamente el acceso a nuestro sitio web y otras tecnolog\u00edas.<\/p>\n\n\n\n<p>Los proveedores de contenido de terceros conocen nuestra pol\u00edtica de accesibilidad web. Consolidated Credit tambi\u00e9n favorecer\u00e1 a los proveedores en funci\u00f3n de sus declaraciones de conformidad de accesibilidad. Lamentablemente, algunos contenidos de terceros en nuestro sitio, incluidos los mapas, pueden no ser accesibles a pesar de nuestros mejores esfuerzos.<\/p>\n\n\n\n<p>Esta pol\u00edtica se revisar\u00e1 anualmente el 1 de septiembre de cada a\u00f1o o antes, utilizando el proceso descrito en Metodolog\u00eda de evaluaci\u00f3n de conformidad de accesibilidad del sitio web. Las revisiones son responsabilidad del departamento de IT, entre otros. Las verificaciones de accesibilidad se incorporar\u00e1n en el flujo de trabajo de publicaci\u00f3n para todo el contenido nuevo. Aunque estamos orgullosos de los esfuerzos que hemos realizado y que est\u00e1n en progreso, en Consolidated Credit vemos la accesibilidad como un esfuerzo continuo.<\/p>\n\n\n\n<p>Consolidated Credit tiene relaciones de negocios con varias empresas que proporcionan los recursos a trav\u00e9s de su propio sitio Web y portal, agregando su propio esquema de colores asociados con su empresa y marca. Alguno de estos colores puede no ser compatibles con ADA y el acceso al portal puede no estar en conformidad con los requerimientos de ADA y pueden verse comprometidos debido a los colores proporcionado por el socio comercial.<\/p>\n","protected":false},"excerpt":{"rendered":"<p>Si tiene dificultades para utilizar o acceder a cualquier elemento de este sitio web o a cualquier herramienta o aplicaci\u00f3n m\u00f3vil de Consolidated Credit, no dude en ponerse en contacto con nosotros y trabajaremos con usted para proporcionarle la informaci\u00f3n. art\u00edculo o transacci\u00f3n que busca, a trav\u00e9s de un m\u00e9todo de comunicaci\u00f3n que sea accesible [&hellip;]<\/p>\n","protected":false},"author":1,"featured_media":5266,"parent":0,"menu_order":0,"comment_status":"closed","ping_status":"closed","template":"","meta":{"_acf_changed":false,"footnotes":""},"categories":[],"tags":[],"class_list":["post-5265","page","type-page","status-publish","has-post-thumbnail","hentry"],"acf":[],"featured_image_src":null,"featured_image_src_square":null,"_links":{"self":[{"href":"https:\/\/branded.financialwellnessforyou.com\/es\/wp-json\/wp\/v2\/pages\/5265","targetHints":{"allow":["GET"]}}],"collection":[{"href":"https:\/\/branded.financialwellnessforyou.com\/es\/wp-json\/wp\/v2\/pages"}],"about":[{"href":"https:\/\/branded.financialwellnessforyou.com\/es\/wp-json\/wp\/v2\/types\/page"}],"author":[{"embeddable":true,"href":"https:\/\/branded.financialwellnessforyou.com\/es\/wp-json\/wp\/v2\/users\/1"}],"replies":[{"embeddable":true,"href":"https:\/\/branded.financialwellnessforyou.com\/es\/wp-json\/wp\/v2\/comments?post=5265"}],"version-history":[{"count":1,"href":"https:\/\/branded.financialwellnessforyou.com\/es\/wp-json\/wp\/v2\/pages\/5265\/revisions"}],"predecessor-version":[{"id":9621,"href":"https:\/\/branded.financialwellnessforyou.com\/es\/wp-json\/wp\/v2\/pages\/5265\/revisions\/9621"}],"wp:featuredmedia":[{"embeddable":true,"href":"https:\/\/branded.financialwellnessforyou.com\/es\/wp-json\/"}],"wp:attachment":[{"href":"https:\/\/branded.financialwellnessforyou.com\/es\/wp-json\/wp\/v2\/media?parent=5265"}],"wp:term":[{"taxonomy":"category","embeddable":true,"href":"https:\/\/branded.financialwellnessforyou.com\/es\/wp-json\/wp\/v2\/categories?post=5265"},{"taxonomy":"post_tag","embeddable":true,"href":"https:\/\/branded.financialwellnessforyou.com\/es\/wp-json\/wp\/v2\/tags?post=5265"}],"curies":[{"name":"wp","href":"https:\/\/api.w.org\/{rel}","templated":true}]}}