{"id":5268,"date":"2023-01-27T04:59:21","date_gmt":"2023-01-27T04:59:21","guid":{"rendered":"https:\/\/demo123.kofetime.com\/aprende-ahora\/"},"modified":"2023-06-19T15:54:08","modified_gmt":"2023-06-19T15:54:08","slug":"aprende-ahora","status":"publish","type":"page","link":"https:\/\/branded.financialwellnessforyou.com\/es\/aprende-ahora\/","title":{"rendered":"Aprende Ahora"},"content":{"rendered":"\n<div class=\"wp-block-group bg-kofeInfo mt-0 has-global-padding is-layout-constrained wp-block-group-is-layout-constrained\">\n<div class=\"wp-block-group container py-20 has-global-padding is-layout-constrained wp-block-group-is-layout-constrained\"><nav aria-label=\"Breadcrumb\" class=\"sfwd-breadcrumbs clr lms-breadcrumbs \"><div class=\"breadcrumb-trail\"><span itemscope=\"\" itemtype=\"http:\/\/schema.org\/Breadcrumb\"><a href=\"https:\/\/branded.financialwellnessforyou.com\/es\/\" title=\"Home\" rel=\"home\" class=\"trail-begin\"><span itemprop=\"Home\">Home<\/span><\/a><\/span><\/div><\/nav>\n\n<h1 class=\"alignwide wp-block-post-title has-var-wp-custom-typography-font-size-huge-clamp-2-25-rem-4-vw-2-75-rem-font-size\">Aprende Ahora<\/h1>\n\n\n<h2 class=\"wp-block-heading\">Utilice una variedad de herramientas para mejorar su bienestar financiero.<\/h2>\n\n\n\n<p>Mantenerse al d\u00eda en un mundo que cambia constantemente, requiere herramientas din\u00e1micas que est\u00e9n a su alcance en cualquier momento. Las herramientas son f\u00e1cilmente accesibles y ofrecen diferentes modos instructivos que se adapten a su estilo de aprendizaje.<\/p>\n\n\n\n<p>Usted puede leer a su propio ritmo, ver videos, participar en los webinars e interactuar. Te invitamos a personalizar sus cursos de aprendizaje y sus horarios. No hay ning\u00fan obst\u00e1culo que dificulte el proceso de aprendizaje. Como resultado, usted aprender\u00e1 m\u00e1s y absorber\u00e1 la informaci\u00f3n de forma m\u00e1s r\u00e1pida.<\/p>\n<\/div>\n<\/div>\n\n\n\n<div class=\"wp-block-group sr-item-info has-global-padding is-layout-constrained wp-block-group-is-layout-constrained\">\n<div class=\"wp-block-query is-layout-flow wp-block-query-is-layout-flow\"><ul class=\"is-flex-container columns-3 wp-block-post-template is-layout-flow wp-block-post-template-is-layout-flow\"><li class=\"wp-block-post post-5269 page type-page status-publish has-post-thumbnail hentry\">\n\n<div class=\"wp-block-group has-kofe-info-background-color has-background is-layout-flow wp-block-group-is-layout-flow\" style=\"border-radius:20px;padding-top:0;padding-right:0;padding-bottom:0;padding-left:0\"><figure class=\"wp-block-post-featured-image\"><a href=\"https:\/\/branded.financialwellnessforyou.com\/es\/aprende-ahora\/calculadoras-financieras\/\" target=\"_self\"  ><img loading=\"lazy\" decoding=\"async\" width=\"800\" height=\"500\" src=\"https:\/\/branded.financialwellnessforyou.com\/wp-content\/uploads\/sites\/7\/2023\/06\/calculators.jpg\" class=\"attachment-post-thumbnail size-post-thumbnail wp-post-image\" alt=\"Calculadoras financieras\" style=\"border-radius:20px;border-style:none;border-width:0px;object-fit:cover;\" srcset=\"https:\/\/branded.financialwellnessforyou.com\/wp-content\/uploads\/sites\/7\/2023\/06\/calculators.jpg 800w, https:\/\/branded.financialwellnessforyou.com\/wp-content\/uploads\/sites\/7\/2023\/06\/calculators-300x188.jpg 300w, https:\/\/branded.financialwellnessforyou.com\/wp-content\/uploads\/sites\/7\/2023\/06\/calculators-768x480.jpg 768w\" sizes=\"auto, (max-width: 800px) 100vw, 800px\" \/><\/a><\/figure>\n\n\n<div class=\"wp-block-group has-global-padding is-layout-constrained wp-container-core-group-is-layout-ae62af00 wp-block-group-is-layout-constrained\" style=\"padding-top:0;padding-right:var(--wp--preset--spacing--30);padding-bottom:var(--wp--preset--spacing--30);padding-left:var(--wp--preset--spacing--30)\"><h2 class=\"wp-block-post-title has-text-color has-kofe-success-color has-text-h-3-font-size\"><a href=\"https:\/\/branded.financialwellnessforyou.com\/es\/aprende-ahora\/calculadoras-financieras\/\" target=\"_self\" >Calculadoras financieras<\/a><\/h2><\/div>\n<\/div>\n\n<\/li><li class=\"wp-block-post post-5302 page type-page status-publish has-post-thumbnail hentry\">\n\n<div class=\"wp-block-group has-kofe-info-background-color has-background is-layout-flow wp-block-group-is-layout-flow\" style=\"border-radius:20px;padding-top:0;padding-right:0;padding-bottom:0;padding-left:0\"><figure class=\"wp-block-post-featured-image\"><a href=\"https:\/\/branded.financialwellnessforyou.com\/es\/aprende-ahora\/infografias\/\" target=\"_self\"  ><img loading=\"lazy\" decoding=\"async\" width=\"340\" height=\"200\" src=\"https:\/\/branded.financialwellnessforyou.com\/wp-content\/uploads\/sites\/7\/2023\/06\/OnlineShopping2022Banner.jpg\" class=\"attachment-post-thumbnail size-post-thumbnail wp-post-image\" alt=\"Infograf\u00edas\" style=\"border-radius:20px;border-style:none;border-width:0px;object-fit:cover;\" srcset=\"https:\/\/branded.financialwellnessforyou.com\/wp-content\/uploads\/sites\/7\/2023\/06\/OnlineShopping2022Banner.jpg 340w, https:\/\/branded.financialwellnessforyou.com\/wp-content\/uploads\/sites\/7\/2023\/06\/OnlineShopping2022Banner-300x176.jpg 300w\" sizes=\"auto, (max-width: 340px) 100vw, 340px\" \/><\/a><\/figure>\n\n\n<div class=\"wp-block-group has-global-padding is-layout-constrained wp-container-core-group-is-layout-ae62af00 wp-block-group-is-layout-constrained\" style=\"padding-top:0;padding-right:var(--wp--preset--spacing--30);padding-bottom:var(--wp--preset--spacing--30);padding-left:var(--wp--preset--spacing--30)\"><h2 class=\"wp-block-post-title has-text-color has-kofe-success-color has-text-h-3-font-size\"><a href=\"https:\/\/branded.financialwellnessforyou.com\/es\/aprende-ahora\/infografias\/\" target=\"_self\" >Infograf\u00edas<\/a><\/h2><\/div>\n<\/div>\n\n<\/li><li class=\"wp-block-post post-5305 page type-page status-publish has-post-thumbnail hentry\">\n\n<div class=\"wp-block-group has-kofe-info-background-color has-background is-layout-flow wp-block-group-is-layout-flow\" style=\"border-radius:20px;padding-top:0;padding-right:0;padding-bottom:0;padding-left:0\"><figure class=\"wp-block-post-featured-image\"><a href=\"https:\/\/branded.financialwellnessforyou.com\/es\/aprende-ahora\/publicaciones-financieras\/\" target=\"_self\"  ><img loading=\"lazy\" decoding=\"async\" width=\"800\" height=\"500\" src=\"https:\/\/branded.financialwellnessforyou.com\/wp-content\/uploads\/sites\/7\/2023\/06\/elibrary-1-rotated-1.jpg\" class=\"attachment-post-thumbnail size-post-thumbnail wp-post-image\" alt=\"Publicaciones Financieras\" style=\"border-radius:20px;border-style:none;border-width:0px;object-fit:cover;\" srcset=\"https:\/\/branded.financialwellnessforyou.com\/wp-content\/uploads\/sites\/7\/2023\/06\/elibrary-1-rotated-1.jpg 800w, https:\/\/branded.financialwellnessforyou.com\/wp-content\/uploads\/sites\/7\/2023\/06\/elibrary-1-rotated-1-300x188.jpg 300w, https:\/\/branded.financialwellnessforyou.com\/wp-content\/uploads\/sites\/7\/2023\/06\/elibrary-1-rotated-1-768x480.jpg 768w\" sizes=\"auto, (max-width: 800px) 100vw, 800px\" \/><\/a><\/figure>\n\n\n<div class=\"wp-block-group has-global-padding is-layout-constrained wp-container-core-group-is-layout-ae62af00 wp-block-group-is-layout-constrained\" style=\"padding-top:0;padding-right:var(--wp--preset--spacing--30);padding-bottom:var(--wp--preset--spacing--30);padding-left:var(--wp--preset--spacing--30)\"><h2 class=\"wp-block-post-title has-text-color has-kofe-success-color has-text-h-3-font-size\"><a href=\"https:\/\/branded.financialwellnessforyou.com\/es\/aprende-ahora\/publicaciones-financieras\/\" target=\"_self\" >Publicaciones Financieras<\/a><\/h2><\/div>\n<\/div>\n\n<\/li><li class=\"wp-block-post post-5313 page type-page status-publish has-post-thumbnail hentry\">\n\n<div class=\"wp-block-group has-kofe-info-background-color has-background is-layout-flow wp-block-group-is-layout-flow\" style=\"border-radius:20px;padding-top:0;padding-right:0;padding-bottom:0;padding-left:0\"><figure class=\"wp-block-post-featured-image\"><a href=\"https:\/\/branded.financialwellnessforyou.com\/es\/aprende-ahora\/seminarios-en-linea-a-la-carta\/\" target=\"_self\"  ><img loading=\"lazy\" decoding=\"async\" width=\"800\" height=\"500\" src=\"https:\/\/branded.financialwellnessforyou.com\/wp-content\/uploads\/sites\/7\/2023\/06\/10-Smarter-Ways-to-Save-Without-Breaking-a-Sweat_Unbranded_Thumbnail.png\" class=\"attachment-post-thumbnail size-post-thumbnail wp-post-image\" alt=\"Seminarios En Linea A La Carta\" style=\"border-radius:20px;border-style:none;border-width:0px;object-fit:cover;\" srcset=\"https:\/\/branded.financialwellnessforyou.com\/wp-content\/uploads\/sites\/7\/2023\/06\/10-Smarter-Ways-to-Save-Without-Breaking-a-Sweat_Unbranded_Thumbnail.png 800w, https:\/\/branded.financialwellnessforyou.com\/wp-content\/uploads\/sites\/7\/2023\/06\/10-Smarter-Ways-to-Save-Without-Breaking-a-Sweat_Unbranded_Thumbnail-300x188.png 300w, https:\/\/branded.financialwellnessforyou.com\/wp-content\/uploads\/sites\/7\/2023\/06\/10-Smarter-Ways-to-Save-Without-Breaking-a-Sweat_Unbranded_Thumbnail-768x480.png 768w\" sizes=\"auto, (max-width: 800px) 100vw, 800px\" \/><\/a><\/figure>\n\n\n<div class=\"wp-block-group has-global-padding is-layout-constrained wp-container-core-group-is-layout-ae62af00 wp-block-group-is-layout-constrained\" style=\"padding-top:0;padding-right:var(--wp--preset--spacing--30);padding-bottom:var(--wp--preset--spacing--30);padding-left:var(--wp--preset--spacing--30)\"><h2 class=\"wp-block-post-title has-text-color has-kofe-success-color has-text-h-3-font-size\"><a href=\"https:\/\/branded.financialwellnessforyou.com\/es\/aprende-ahora\/seminarios-en-linea-a-la-carta\/\" target=\"_self\" >Seminarios En Linea A La Carta<\/a><\/h2><\/div>\n<\/div>\n\n<\/li><li class=\"wp-block-post post-5318 page type-page status-publish has-post-thumbnail hentry category-recursos\">\n\n<div class=\"wp-block-group has-kofe-info-background-color has-background is-layout-flow wp-block-group-is-layout-flow\" style=\"border-radius:20px;padding-top:0;padding-right:0;padding-bottom:0;padding-left:0\"><figure class=\"wp-block-post-featured-image\"><a href=\"https:\/\/branded.financialwellnessforyou.com\/es\/aprende-ahora\/videos-de-educacion-financiera\/\" target=\"_self\"  ><img loading=\"lazy\" decoding=\"async\" width=\"800\" height=\"500\" src=\"https:\/\/branded.financialwellnessforyou.com\/wp-content\/uploads\/sites\/7\/2023\/06\/webinarsondemand.jpg\" class=\"attachment-post-thumbnail size-post-thumbnail wp-post-image\" alt=\"Videos de Educaci\u00f3n Financiera\" style=\"border-radius:20px;border-style:none;border-width:0px;object-fit:cover;\" srcset=\"https:\/\/branded.financialwellnessforyou.com\/wp-content\/uploads\/sites\/7\/2023\/06\/webinarsondemand.jpg 800w, https:\/\/branded.financialwellnessforyou.com\/wp-content\/uploads\/sites\/7\/2023\/06\/webinarsondemand-300x188.jpg 300w, https:\/\/branded.financialwellnessforyou.com\/wp-content\/uploads\/sites\/7\/2023\/06\/webinarsondemand-768x480.jpg 768w\" sizes=\"auto, (max-width: 800px) 100vw, 800px\" \/><\/a><\/figure>\n\n\n<div class=\"wp-block-group has-global-padding is-layout-constrained wp-container-core-group-is-layout-ae62af00 wp-block-group-is-layout-constrained\" style=\"padding-top:0;padding-right:var(--wp--preset--spacing--30);padding-bottom:var(--wp--preset--spacing--30);padding-left:var(--wp--preset--spacing--30)\"><h2 class=\"wp-block-post-title has-text-color has-kofe-success-color has-text-h-3-font-size\"><a href=\"https:\/\/branded.financialwellnessforyou.com\/es\/aprende-ahora\/videos-de-educacion-financiera\/\" target=\"_self\" >Videos de Educaci\u00f3n Financiera<\/a><\/h2><\/div>\n<\/div>\n\n<\/li><\/ul><\/div>\n<\/div>\n","protected":false},"excerpt":{"rendered":"<p>Utilice una variedad de herramientas para mejorar su bienestar financiero. Mantenerse al d\u00eda en un mundo que cambia constantemente, requiere herramientas din\u00e1micas que est\u00e9n a su alcance en cualquier momento. Las herramientas son f\u00e1cilmente accesibles y ofrecen diferentes modos instructivos que se adapten a su estilo de aprendizaje. Usted puede leer a su propio ritmo, [&hellip;]<\/p>\n","protected":false},"author":1,"featured_media":5266,"parent":0,"menu_order":0,"comment_status":"closed","ping_status":"closed","template":"full-width","meta":{"_acf_changed":false,"footnotes":""},"categories":[],"tags":[],"class_list":["post-5268","page","type-page","status-publish","has-post-thumbnail","hentry"],"acf":[],"featured_image_src":null,"featured_image_src_square":null,"_links":{"self":[{"href":"https:\/\/branded.financialwellnessforyou.com\/es\/wp-json\/wp\/v2\/pages\/5268","targetHints":{"allow":["GET"]}}],"collection":[{"href":"https:\/\/branded.financialwellnessforyou.com\/es\/wp-json\/wp\/v2\/pages"}],"about":[{"href":"https:\/\/branded.financialwellnessforyou.com\/es\/wp-json\/wp\/v2\/types\/page"}],"author":[{"embeddable":true,"href":"https:\/\/branded.financialwellnessforyou.com\/es\/wp-json\/wp\/v2\/users\/1"}],"replies":[{"embeddable":true,"href":"https:\/\/branded.financialwellnessforyou.com\/es\/wp-json\/wp\/v2\/comments?post=5268"}],"version-history":[{"count":1,"href":"https:\/\/branded.financialwellnessforyou.com\/es\/wp-json\/wp\/v2\/pages\/5268\/revisions"}],"predecessor-version":[{"id":9622,"href":"https:\/\/branded.financialwellnessforyou.com\/es\/wp-json\/wp\/v2\/pages\/5268\/revisions\/9622"}],"wp:featuredmedia":[{"embeddable":true,"href":"https:\/\/branded.financialwellnessforyou.com\/es\/wp-json\/"}],"wp:attachment":[{"href":"https:\/\/branded.financialwellnessforyou.com\/es\/wp-json\/wp\/v2\/media?parent=5268"}],"wp:term":[{"taxonomy":"category","embeddable":true,"href":"https:\/\/branded.financialwellnessforyou.com\/es\/wp-json\/wp\/v2\/categories?post=5268"},{"taxonomy":"post_tag","embeddable":true,"href":"https:\/\/branded.financialwellnessforyou.com\/es\/wp-json\/wp\/v2\/tags?post=5268"}],"curies":[{"name":"wp","href":"https:\/\/api.w.org\/{rel}","templated":true}]}}