{"id":5269,"date":"2023-02-01T20:26:10","date_gmt":"2023-02-01T20:26:10","guid":{"rendered":"https:\/\/demo123.kofetime.com\/aprende-ahora\/calculadoras-financieras\/"},"modified":"2025-08-07T19:17:09","modified_gmt":"2025-08-07T19:17:09","slug":"calculadoras-financieras","status":"publish","type":"page","link":"https:\/\/branded.financialwellnessforyou.com\/es\/aprende-ahora\/calculadoras-financieras\/","title":{"rendered":"Calculadoras financieras"},"content":{"rendered":"\n<div class=\"wp-block-group mt-0 py-0 has-kofe-info-background-color has-background has-global-padding is-layout-constrained wp-block-group-is-layout-constrained\">\n<div class=\"wp-block-group container py-20 has-global-padding is-layout-constrained wp-block-group-is-layout-constrained\"><nav aria-label=\"Breadcrumb\" class=\"sfwd-breadcrumbs clr lms-breadcrumbs \"><div class=\"breadcrumb-trail\"><span itemscope=\"\" itemtype=\"http:\/\/schema.org\/Breadcrumb\"><a href=\"https:\/\/branded.financialwellnessforyou.com\/es\/\" title=\"Home\" rel=\"home\" class=\"trail-begin\"><span itemprop=\"Home\">Home<\/span><\/a><\/span><\/div><\/nav>\n\n<h1 class=\"alignwide wp-block-post-title has-var-wp-custom-typography-font-size-huge-clamp-2-25-rem-4-vw-2-75-rem-font-size\">Calculadoras financieras<\/h1>\n\n\n<h2 class=\"wp-block-heading\">Aproveche estas calculadoras de finanzas personales.<\/h2>\n\n\n\n<p>Averig\u00fce cu\u00e1nto inter\u00e9s pagar\u00e1 durante la vida de un pr\u00e9stamo, o el tiempo que se necesita para pagar su deuda de tarjeta de cr\u00e9dito. Incluso, puede calcular su proporci\u00f3n deuda-ingreso. Todo esto es f\u00e1cil cuando se utilizan nuestras calculadoras.<\/p>\n\n\n\n<p>Simplemente haga clic en la calculadora que necesita y llene la informaci\u00f3n apropiada.<\/p>\n<\/div>\n<\/div>\n\n\n\n<div class=\"wp-block-group has-global-padding is-layout-constrained wp-block-group-is-layout-constrained\">\n<div class=\"wp-block-query is-layout-flow wp-block-query-is-layout-flow\"><ul class=\"columns-3 wp-block-post-template is-layout-grid wp-container-core-post-template-is-layout-6d3fbd8f wp-block-post-template-is-layout-grid\"><li class=\"wp-block-post post-5278 page type-page status-publish has-post-thumbnail hentry tag-deuda\">\n\n<div class=\"wp-block-group bg-kofeInfo p-6 pb-11 h-full rounded-2xl justify-between is-vertical is-content-justification-left is-layout-flex wp-container-core-group-is-layout-dd225191 wp-block-group-is-layout-flex\"><h3 style=\"font-size:clamp(15.747px, 0.984rem + ((1vw - 3.2px) * 0.983), 24px);\" class=\"wp-block-post-title\"><a href=\"https:\/\/branded.financialwellnessforyou.com\/es\/aprende-ahora\/calculadoras-financieras\/calculadora-deuda-de-tarjeta-de-credito\/\" target=\"_self\" >Calculadora de deuda de tarjeta de cr\u00e9dito<\/a><\/h3>\n\n<a class=\"text-kofeSecondary font-bold wp-block-read-more\" href=\"https:\/\/branded.financialwellnessforyou.com\/es\/aprende-ahora\/calculadoras-financieras\/calculadora-deuda-de-tarjeta-de-credito\/\" target=\"_self\"> Ver<span class=\"screen-reader-text\">: Calculadora de deuda de tarjeta de cr\u00e9dito<\/span><\/a><\/div>\n\n<\/li><li class=\"wp-block-post post-5289 page type-page status-publish has-post-thumbnail hentry tag-deuda\">\n\n<div class=\"wp-block-group bg-kofeInfo p-6 pb-11 h-full rounded-2xl justify-between is-vertical is-content-justification-left is-layout-flex wp-container-core-group-is-layout-dd225191 wp-block-group-is-layout-flex\"><h3 style=\"font-size:clamp(15.747px, 0.984rem + ((1vw - 3.2px) * 0.983), 24px);\" class=\"wp-block-post-title\"><a href=\"https:\/\/branded.financialwellnessforyou.com\/es\/aprende-ahora\/calculadoras-financieras\/calculadora-de-pago-fijo\/\" target=\"_self\" >Calculadora de pago fijo<\/a><\/h3>\n\n<a class=\"text-kofeSecondary font-bold wp-block-read-more\" href=\"https:\/\/branded.financialwellnessforyou.com\/es\/aprende-ahora\/calculadoras-financieras\/calculadora-de-pago-fijo\/\" target=\"_self\"> Ver<span class=\"screen-reader-text\">: Calculadora de pago fijo<\/span><\/a><\/div>\n\n<\/li><li class=\"wp-block-post post-5275 page type-page status-publish has-post-thumbnail hentry tag-deuda tag-entendiendo-credito tag-ingresos tag-relacion tag-salir\">\n\n<div class=\"wp-block-group bg-kofeInfo p-6 pb-11 h-full rounded-2xl justify-between is-vertical is-content-justification-left is-layout-flex wp-container-core-group-is-layout-dd225191 wp-block-group-is-layout-flex\"><h3 style=\"font-size:clamp(15.747px, 0.984rem + ((1vw - 3.2px) * 0.983), 24px);\" class=\"wp-block-post-title\"><a href=\"https:\/\/branded.financialwellnessforyou.com\/es\/aprende-ahora\/calculadoras-financieras\/indice-ingreso-a-gastos\/\" target=\"_self\" >Calculadora de deuda a ingresos<\/a><\/h3>\n\n<a class=\"text-kofeSecondary font-bold wp-block-read-more\" href=\"https:\/\/branded.financialwellnessforyou.com\/es\/aprende-ahora\/calculadoras-financieras\/indice-ingreso-a-gastos\/\" target=\"_self\"> Ver<span class=\"screen-reader-text\">: Calculadora de deuda a ingresos<\/span><\/a><\/div>\n\n<\/li><li class=\"wp-block-post post-5300 page type-page status-publish has-post-thumbnail hentry tag-deuda\">\n\n<div class=\"wp-block-group bg-kofeInfo p-6 pb-11 h-full rounded-2xl justify-between is-vertical is-content-justification-left is-layout-flex wp-container-core-group-is-layout-dd225191 wp-block-group-is-layout-flex\"><h3 style=\"font-size:clamp(15.747px, 0.984rem + ((1vw - 3.2px) * 0.983), 24px);\" class=\"wp-block-post-title\"><a href=\"https:\/\/branded.financialwellnessforyou.com\/es\/aprende-ahora\/calculadoras-financieras\/calculadora-de-prestamos\/\" target=\"_self\" >Calculadora de Pr\u00e9stamos<\/a><\/h3>\n\n<a class=\"text-kofeSecondary font-bold wp-block-read-more\" href=\"https:\/\/branded.financialwellnessforyou.com\/es\/aprende-ahora\/calculadoras-financieras\/calculadora-de-prestamos\/\" target=\"_self\"> Ver<span class=\"screen-reader-text\">: Calculadora de Pr\u00e9stamos<\/span><\/a><\/div>\n\n<\/li><li class=\"wp-block-post post-5301 page type-page status-publish has-post-thumbnail hentry tag-entendiendo-credito\">\n\n<div class=\"wp-block-group bg-kofeInfo p-6 pb-11 h-full rounded-2xl justify-between is-vertical is-content-justification-left is-layout-flex wp-container-core-group-is-layout-dd225191 wp-block-group-is-layout-flex\"><h3 style=\"font-size:clamp(15.747px, 0.984rem + ((1vw - 3.2px) * 0.983), 24px);\" class=\"wp-block-post-title\"><a href=\"https:\/\/branded.financialwellnessforyou.com\/es\/aprende-ahora\/calculadoras-financieras\/calculadora-de-reestructuracion-de-deudas\/\" target=\"_self\" >Calculadora de Reestructuraci\u00f3n de Deudas<\/a><\/h3>\n\n<a class=\"text-kofeSecondary font-bold wp-block-read-more\" href=\"https:\/\/branded.financialwellnessforyou.com\/es\/aprende-ahora\/calculadoras-financieras\/calculadora-de-reestructuracion-de-deudas\/\" target=\"_self\"> Ver<span class=\"screen-reader-text\">: Calculadora de Reestructuraci\u00f3n de Deudas<\/span><\/a><\/div>\n\n<\/li><li class=\"wp-block-post post-5286 page type-page status-publish has-post-thumbnail hentry tag-elaborar-presupuesto\">\n\n<div class=\"wp-block-group bg-kofeInfo p-6 pb-11 h-full rounded-2xl justify-between is-vertical is-content-justification-left is-layout-flex wp-container-core-group-is-layout-dd225191 wp-block-group-is-layout-flex\"><h3 style=\"font-size:clamp(15.747px, 0.984rem + ((1vw - 3.2px) * 0.983), 24px);\" class=\"wp-block-post-title\"><a href=\"https:\/\/branded.financialwellnessforyou.com\/es\/aprende-ahora\/calculadoras-financieras\/calculadora-de-pago-de-hipoteca\/\" target=\"_self\" >Calculadora de pago de hipoteca<\/a><\/h3>\n\n<a class=\"text-kofeSecondary font-bold wp-block-read-more\" href=\"https:\/\/branded.financialwellnessforyou.com\/es\/aprende-ahora\/calculadoras-financieras\/calculadora-de-pago-de-hipoteca\/\" target=\"_self\"> Ver<span class=\"screen-reader-text\">: Calculadora de pago de hipoteca<\/span><\/a><\/div>\n\n<\/li><li class=\"wp-block-post post-5292 page type-page status-publish has-post-thumbnail hentry tag-entendiendo-credito\">\n\n<div class=\"wp-block-group bg-kofeInfo p-6 pb-11 h-full rounded-2xl justify-between is-vertical is-content-justification-left is-layout-flex wp-container-core-group-is-layout-dd225191 wp-block-group-is-layout-flex\"><h3 style=\"font-size:clamp(15.747px, 0.984rem + ((1vw - 3.2px) * 0.983), 24px);\" class=\"wp-block-post-title\"><a href=\"https:\/\/branded.financialwellnessforyou.com\/es\/aprende-ahora\/calculadoras-financieras\/calculadora-de-precalificacion-de-hipotecas\/\" target=\"_self\" >Calculadora de precalificaci\u00f3n de hipotecas<\/a><\/h3>\n\n<a class=\"text-kofeSecondary font-bold wp-block-read-more\" href=\"https:\/\/branded.financialwellnessforyou.com\/es\/aprende-ahora\/calculadoras-financieras\/calculadora-de-precalificacion-de-hipotecas\/\" target=\"_self\"> Ver<span class=\"screen-reader-text\">: Calculadora de precalificaci\u00f3n de hipotecas<\/span><\/a><\/div>\n\n<\/li><li class=\"wp-block-post post-5272 page type-page status-publish has-post-thumbnail hentry tag-relacion\">\n\n<div class=\"wp-block-group bg-kofeInfo p-6 pb-11 h-full rounded-2xl justify-between is-vertical is-content-justification-left is-layout-flex wp-container-core-group-is-layout-dd225191 wp-block-group-is-layout-flex\"><h3 style=\"font-size:clamp(15.747px, 0.984rem + ((1vw - 3.2px) * 0.983), 24px);\" class=\"wp-block-post-title\"><a href=\"https:\/\/branded.financialwellnessforyou.com\/es\/aprende-ahora\/calculadoras-financieras\/calculadora-de-ahorros-simple\/\" target=\"_self\" >Calculadora de Ahorros Simple<\/a><\/h3>\n\n<a class=\"text-kofeSecondary font-bold wp-block-read-more\" href=\"https:\/\/branded.financialwellnessforyou.com\/es\/aprende-ahora\/calculadoras-financieras\/calculadora-de-ahorros-simple\/\" target=\"_self\"> Ver<span class=\"screen-reader-text\">: Calculadora de Ahorros Simple<\/span><\/a><\/div>\n\n<\/li><li class=\"wp-block-post post-5295 page type-page status-publish has-post-thumbnail hentry tag-elaborar-presupuesto\">\n\n<div class=\"wp-block-group bg-kofeInfo p-6 pb-11 h-full rounded-2xl justify-between is-vertical is-content-justification-left is-layout-flex wp-container-core-group-is-layout-dd225191 wp-block-group-is-layout-flex\"><h3 style=\"font-size:clamp(15.747px, 0.984rem + ((1vw - 3.2px) * 0.983), 24px);\" class=\"wp-block-post-title\"><a href=\"https:\/\/branded.financialwellnessforyou.com\/es\/aprende-ahora\/calculadoras-financieras\/calculadora-costos-puntaje-de-credito\/\" target=\"_self\" >Calculadora de prestamo segun puntaje de credito<\/a><\/h3>\n\n<a class=\"text-kofeSecondary font-bold wp-block-read-more\" href=\"https:\/\/branded.financialwellnessforyou.com\/es\/aprende-ahora\/calculadoras-financieras\/calculadora-costos-puntaje-de-credito\/\" target=\"_self\"> Ver<span class=\"screen-reader-text\">: Calculadora de prestamo segun puntaje de credito<\/span><\/a><\/div>\n\n<\/li><li class=\"wp-block-post post-5283 page type-page status-publish has-post-thumbnail hentry tag-gastos tag-ingresos\">\n\n<div class=\"wp-block-group bg-kofeInfo p-6 pb-11 h-full rounded-2xl justify-between is-vertical is-content-justification-left is-layout-flex wp-container-core-group-is-layout-dd225191 wp-block-group-is-layout-flex\"><h3 style=\"font-size:clamp(15.747px, 0.984rem + ((1vw - 3.2px) * 0.983), 24px);\" class=\"wp-block-post-title\"><a href=\"https:\/\/branded.financialwellnessforyou.com\/es\/aprende-ahora\/calculadoras-financieras\/calculadora-de-impuestos-sobre-la-renta\/\" target=\"_self\" >Calculadora de Impuestos sobre la Renta: Estimador de Reembolso e Impuestos<\/a><\/h3>\n\n<a class=\"text-kofeSecondary font-bold wp-block-read-more\" href=\"https:\/\/branded.financialwellnessforyou.com\/es\/aprende-ahora\/calculadoras-financieras\/calculadora-de-impuestos-sobre-la-renta\/\" target=\"_self\"> Ver<span class=\"screen-reader-text\">: Calculadora de Impuestos sobre la Renta: Estimador de Reembolso e Impuestos<\/span><\/a><\/div>\n\n<\/li><li class=\"wp-block-post post-21898 page type-page status-publish has-post-thumbnail hentry tag-elaborar-presupuesto\">\n\n<div class=\"wp-block-group bg-kofeInfo p-6 pb-11 h-full rounded-2xl justify-between is-vertical is-content-justification-left is-layout-flex wp-container-core-group-is-layout-dd225191 wp-block-group-is-layout-flex\"><h3 style=\"font-size:clamp(15.747px, 0.984rem + ((1vw - 3.2px) * 0.983), 24px);\" class=\"wp-block-post-title\"><a href=\"https:\/\/branded.financialwellnessforyou.com\/es\/aprende-ahora\/calculadoras-financieras\/hoja-de-trabajo-de-analisis-de-presupuesto-para-adolescentes\/\" target=\"_self\" >Hoja de Trabajo de An\u00e1lisis de Presupuesto para Adolescentes<\/a><\/h3>\n\n<a class=\"text-kofeSecondary font-bold wp-block-read-more\" href=\"https:\/\/branded.financialwellnessforyou.com\/es\/aprende-ahora\/calculadoras-financieras\/hoja-de-trabajo-de-analisis-de-presupuesto-para-adolescentes\/\" target=\"_self\"> Ver<span class=\"screen-reader-text\">: Hoja de Trabajo de An\u00e1lisis de Presupuesto para Adolescentes<\/span><\/a><\/div>\n\n<\/li><li class=\"wp-block-post post-21909 page type-page status-publish has-post-thumbnail hentry tag-patrimonio-neto\">\n\n<div class=\"wp-block-group bg-kofeInfo p-6 pb-11 h-full rounded-2xl justify-between is-vertical is-content-justification-left is-layout-flex wp-container-core-group-is-layout-dd225191 wp-block-group-is-layout-flex\"><h3 style=\"font-size:clamp(15.747px, 0.984rem + ((1vw - 3.2px) * 0.983), 24px);\" class=\"wp-block-post-title\"><a href=\"https:\/\/branded.financialwellnessforyou.com\/es\/aprende-ahora\/calculadoras-financieras\/hoja-de-trabajo-de-patrimonio-neto\/\" target=\"_self\" >Hoja de Trabajo de Patrimonio Neto<\/a><\/h3>\n\n<a class=\"text-kofeSecondary font-bold wp-block-read-more\" href=\"https:\/\/branded.financialwellnessforyou.com\/es\/aprende-ahora\/calculadoras-financieras\/hoja-de-trabajo-de-patrimonio-neto\/\" target=\"_self\"> Ver<span class=\"screen-reader-text\">: Hoja de Trabajo de Patrimonio Neto<\/span><\/a><\/div>\n\n<\/li><li class=\"wp-block-post post-21896 page type-page status-publish has-post-thumbnail hentry tag-elaborar-presupuesto\">\n\n<div class=\"wp-block-group bg-kofeInfo p-6 pb-11 h-full rounded-2xl justify-between is-vertical is-content-justification-left is-layout-flex wp-container-core-group-is-layout-dd225191 wp-block-group-is-layout-flex\"><h3 style=\"font-size:clamp(15.747px, 0.984rem + ((1vw - 3.2px) * 0.983), 24px);\" class=\"wp-block-post-title\"><a href=\"https:\/\/branded.financialwellnessforyou.com\/es\/aprende-ahora\/calculadoras-financieras\/hoja-de-trabajo-de-analisis-de-presupuesto\/\" target=\"_self\" >Hoja de Trabajo de An\u00e1lisis de Presupuesto<\/a><\/h3>\n\n<a class=\"text-kofeSecondary font-bold wp-block-read-more\" href=\"https:\/\/branded.financialwellnessforyou.com\/es\/aprende-ahora\/calculadoras-financieras\/hoja-de-trabajo-de-analisis-de-presupuesto\/\" target=\"_self\"> Ver<span class=\"screen-reader-text\">: Hoja de Trabajo de An\u00e1lisis de Presupuesto<\/span><\/a><\/div>\n\n<\/li><li class=\"wp-block-post post-21901 page type-page status-publish has-post-thumbnail hentry tag-deuda tag-entendiendo-credito\">\n\n<div class=\"wp-block-group bg-kofeInfo p-6 pb-11 h-full rounded-2xl justify-between is-vertical is-content-justification-left is-layout-flex wp-container-core-group-is-layout-dd225191 wp-block-group-is-layout-flex\"><h3 style=\"font-size:clamp(15.747px, 0.984rem + ((1vw - 3.2px) * 0.983), 24px);\" class=\"wp-block-post-title\"><a href=\"https:\/\/branded.financialwellnessforyou.com\/es\/aprende-ahora\/calculadoras-financieras\/hoja-de-trabajo-de-deuda-de-tarjeta-de-credito\/\" target=\"_self\" >Hoja de Trabajo de Deuda de Tarjeta de Cr\u00e9dito<\/a><\/h3>\n\n<a class=\"text-kofeSecondary font-bold wp-block-read-more\" href=\"https:\/\/branded.financialwellnessforyou.com\/es\/aprende-ahora\/calculadoras-financieras\/hoja-de-trabajo-de-deuda-de-tarjeta-de-credito\/\" target=\"_self\"> Ver<span class=\"screen-reader-text\">: Hoja de Trabajo de Deuda de Tarjeta de Cr\u00e9dito<\/span><\/a><\/div>\n\n<\/li><li class=\"wp-block-post post-21903 page type-page status-publish has-post-thumbnail hentry tag-deuda tag-ingresos tag-relacion\">\n\n<div class=\"wp-block-group bg-kofeInfo p-6 pb-11 h-full rounded-2xl justify-between is-vertical is-content-justification-left is-layout-flex wp-container-core-group-is-layout-dd225191 wp-block-group-is-layout-flex\"><h3 style=\"font-size:clamp(15.747px, 0.984rem + ((1vw - 3.2px) * 0.983), 24px);\" class=\"wp-block-post-title\"><a href=\"https:\/\/branded.financialwellnessforyou.com\/es\/aprende-ahora\/calculadoras-financieras\/hoja-de-trabajo-de-relacion-deuda-ingreso\/\" target=\"_self\" >Hoja de Trabajo de Relaci\u00f3n Deuda-Ingreso<\/a><\/h3>\n\n<a class=\"text-kofeSecondary font-bold wp-block-read-more\" href=\"https:\/\/branded.financialwellnessforyou.com\/es\/aprende-ahora\/calculadoras-financieras\/hoja-de-trabajo-de-relacion-deuda-ingreso\/\" target=\"_self\"> Ver<span class=\"screen-reader-text\">: Hoja de Trabajo de Relaci\u00f3n Deuda-Ingreso<\/span><\/a><\/div>\n\n<\/li><li class=\"wp-block-post post-21905 page type-page status-publish has-post-thumbnail hentry tag-gastos\">\n\n<div class=\"wp-block-group bg-kofeInfo p-6 pb-11 h-full rounded-2xl justify-between is-vertical is-content-justification-left is-layout-flex wp-container-core-group-is-layout-dd225191 wp-block-group-is-layout-flex\"><h3 style=\"font-size:clamp(15.747px, 0.984rem + ((1vw - 3.2px) * 0.983), 24px);\" class=\"wp-block-post-title\"><a href=\"https:\/\/branded.financialwellnessforyou.com\/es\/aprende-ahora\/calculadoras-financieras\/hoja-de-trabajo-de-gastos\/\" target=\"_self\" >Hoja de Trabajo de Gastos<\/a><\/h3>\n\n<a class=\"text-kofeSecondary font-bold wp-block-read-more\" href=\"https:\/\/branded.financialwellnessforyou.com\/es\/aprende-ahora\/calculadoras-financieras\/hoja-de-trabajo-de-gastos\/\" target=\"_self\"> Ver<span class=\"screen-reader-text\">: Hoja de Trabajo de Gastos<\/span><\/a><\/div>\n\n<\/li><li class=\"wp-block-post post-21907 page type-page status-publish has-post-thumbnail hentry tag-ingresos\">\n\n<div class=\"wp-block-group bg-kofeInfo p-6 pb-11 h-full rounded-2xl justify-between is-vertical is-content-justification-left is-layout-flex wp-container-core-group-is-layout-dd225191 wp-block-group-is-layout-flex\"><h3 style=\"font-size:clamp(15.747px, 0.984rem + ((1vw - 3.2px) * 0.983), 24px);\" class=\"wp-block-post-title\"><a href=\"https:\/\/branded.financialwellnessforyou.com\/es\/aprende-ahora\/calculadoras-financieras\/hoja-de-trabajo-de-ingresos\/\" target=\"_self\" >Hoja de Trabajo de Ingresos<\/a><\/h3>\n\n<a class=\"text-kofeSecondary font-bold wp-block-read-more\" href=\"https:\/\/branded.financialwellnessforyou.com\/es\/aprende-ahora\/calculadoras-financieras\/hoja-de-trabajo-de-ingresos\/\" target=\"_self\"> Ver<span class=\"screen-reader-text\">: Hoja de Trabajo de Ingresos<\/span><\/a><\/div>\n\n<\/li><li class=\"wp-block-post post-21934 page type-page status-publish has-post-thumbnail hentry tag-elaborar-presupuesto\">\n\n<div class=\"wp-block-group bg-kofeInfo p-6 pb-11 h-full rounded-2xl justify-between is-vertical is-content-justification-left is-layout-flex wp-container-core-group-is-layout-dd225191 wp-block-group-is-layout-flex\"><h3 style=\"font-size:clamp(15.747px, 0.984rem + ((1vw - 3.2px) * 0.983), 24px);\" class=\"wp-block-post-title\"><a href=\"https:\/\/branded.financialwellnessforyou.com\/es\/aprende-ahora\/calculadoras-financieras\/planificador-de-presupuesto-para-el-dia-de-san-valentin\/\" target=\"_self\" >Planificador de presupuesto para el D\u00eda de San Valent\u00edn<\/a><\/h3>\n\n<a class=\"text-kofeSecondary font-bold wp-block-read-more\" href=\"https:\/\/branded.financialwellnessforyou.com\/es\/aprende-ahora\/calculadoras-financieras\/planificador-de-presupuesto-para-el-dia-de-san-valentin\/\" target=\"_self\"> Ver<span class=\"screen-reader-text\">: Planificador de presupuesto para el D\u00eda de San Valent\u00edn<\/span><\/a><\/div>\n\n<\/li><li class=\"wp-block-post post-21936 page type-page status-publish has-post-thumbnail hentry tag-elaborar-presupuesto\">\n\n<div class=\"wp-block-group bg-kofeInfo p-6 pb-11 h-full rounded-2xl justify-between is-vertical is-content-justification-left is-layout-flex wp-container-core-group-is-layout-dd225191 wp-block-group-is-layout-flex\"><h3 style=\"font-size:clamp(15.747px, 0.984rem + ((1vw - 3.2px) * 0.983), 24px);\" class=\"wp-block-post-title\"><a href=\"https:\/\/branded.financialwellnessforyou.com\/es\/aprende-ahora\/calculadoras-financieras\/planificador-de-presupuesto-para-dias-festivos\/\" target=\"_self\" >Planificador de presupuesto para d\u00edas festivos<\/a><\/h3>\n\n<a class=\"text-kofeSecondary font-bold wp-block-read-more\" href=\"https:\/\/branded.financialwellnessforyou.com\/es\/aprende-ahora\/calculadoras-financieras\/planificador-de-presupuesto-para-dias-festivos\/\" target=\"_self\"> Ver<span class=\"screen-reader-text\">: Planificador de presupuesto para d\u00edas festivos<\/span><\/a><\/div>\n\n<\/li><li class=\"wp-block-post post-21938 page type-page status-publish has-post-thumbnail hentry tag-elaborar-presupuesto\">\n\n<div class=\"wp-block-group bg-kofeInfo p-6 pb-11 h-full rounded-2xl justify-between is-vertical is-content-justification-left is-layout-flex wp-container-core-group-is-layout-dd225191 wp-block-group-is-layout-flex\"><h3 style=\"font-size:clamp(15.747px, 0.984rem + ((1vw - 3.2px) * 0.983), 24px);\" class=\"wp-block-post-title\"><a href=\"https:\/\/branded.financialwellnessforyou.com\/es\/aprende-ahora\/calculadoras-financieras\/planificador-de-presupuesto-para-el-regreso-a-clases\/\" target=\"_self\" >Planificador de presupuesto para el regreso a clases<\/a><\/h3>\n\n<a class=\"text-kofeSecondary font-bold wp-block-read-more\" href=\"https:\/\/branded.financialwellnessforyou.com\/es\/aprende-ahora\/calculadoras-financieras\/planificador-de-presupuesto-para-el-regreso-a-clases\/\" target=\"_self\"> Ver<span class=\"screen-reader-text\">: Planificador de presupuesto para el regreso a clases<\/span><\/a><\/div>\n\n<\/li><li class=\"wp-block-post post-21940 page type-page status-publish has-post-thumbnail hentry tag-elaborar-presupuesto\">\n\n<div class=\"wp-block-group bg-kofeInfo p-6 pb-11 h-full rounded-2xl justify-between is-vertical is-content-justification-left is-layout-flex wp-container-core-group-is-layout-dd225191 wp-block-group-is-layout-flex\"><h3 style=\"font-size:clamp(15.747px, 0.984rem + ((1vw - 3.2px) * 0.983), 24px);\" class=\"wp-block-post-title\"><a href=\"https:\/\/branded.financialwellnessforyou.com\/es\/aprende-ahora\/calculadoras-financieras\/planificador-de-presupuesto-para-vacaciones\/\" target=\"_self\" >Planificador de presupuesto para vacaciones<\/a><\/h3>\n\n<a class=\"text-kofeSecondary font-bold wp-block-read-more\" href=\"https:\/\/branded.financialwellnessforyou.com\/es\/aprende-ahora\/calculadoras-financieras\/planificador-de-presupuesto-para-vacaciones\/\" target=\"_self\"> Ver<span class=\"screen-reader-text\">: Planificador de presupuesto para vacaciones<\/span><\/a><\/div>\n\n<\/li><\/ul><\/div>\n<\/div>\n","protected":false},"excerpt":{"rendered":"<p>Aproveche estas calculadoras de finanzas personales. Averig\u00fce cu\u00e1nto inter\u00e9s pagar\u00e1 durante la vida de un pr\u00e9stamo, o el tiempo que se necesita para pagar su deuda de tarjeta de cr\u00e9dito. Incluso, puede calcular su proporci\u00f3n deuda-ingreso. Todo esto es f\u00e1cil cuando se utilizan nuestras calculadoras. Simplemente haga clic en la calculadora que necesita y llene [&hellip;]<\/p>\n","protected":false},"author":1,"featured_media":9338,"parent":5268,"menu_order":0,"comment_status":"closed","ping_status":"closed","template":"full-width","meta":{"_acf_changed":false,"footnotes":""},"categories":[],"tags":[],"class_list":["post-5269","page","type-page","status-publish","has-post-thumbnail","hentry"],"acf":[],"featured_image_src":"https:\/\/branded.financialwellnessforyou.com\/wp-content\/uploads\/sites\/7\/2023\/06\/calculators.jpg","featured_image_src_square":"https:\/\/branded.financialwellnessforyou.com\/wp-content\/uploads\/sites\/7\/2023\/06\/calculators.jpg","_links":{"self":[{"href":"https:\/\/branded.financialwellnessforyou.com\/es\/wp-json\/wp\/v2\/pages\/5269","targetHints":{"allow":["GET"]}}],"collection":[{"href":"https:\/\/branded.financialwellnessforyou.com\/es\/wp-json\/wp\/v2\/pages"}],"about":[{"href":"https:\/\/branded.financialwellnessforyou.com\/es\/wp-json\/wp\/v2\/types\/page"}],"author":[{"embeddable":true,"href":"https:\/\/branded.financialwellnessforyou.com\/es\/wp-json\/wp\/v2\/users\/1"}],"replies":[{"embeddable":true,"href":"https:\/\/branded.financialwellnessforyou.com\/es\/wp-json\/wp\/v2\/comments?post=5269"}],"version-history":[{"count":2,"href":"https:\/\/branded.financialwellnessforyou.com\/es\/wp-json\/wp\/v2\/pages\/5269\/revisions"}],"predecessor-version":[{"id":21933,"href":"https:\/\/branded.financialwellnessforyou.com\/es\/wp-json\/wp\/v2\/pages\/5269\/revisions\/21933"}],"up":[{"embeddable":true,"href":"https:\/\/branded.financialwellnessforyou.com\/es\/wp-json\/wp\/v2\/pages\/5268"}],"wp:featuredmedia":[{"embeddable":true,"href":"https:\/\/branded.financialwellnessforyou.com\/es\/wp-json\/wp\/v2\/media\/9338"}],"wp:attachment":[{"href":"https:\/\/branded.financialwellnessforyou.com\/es\/wp-json\/wp\/v2\/media?parent=5269"}],"wp:term":[{"taxonomy":"category","embeddable":true,"href":"https:\/\/branded.financialwellnessforyou.com\/es\/wp-json\/wp\/v2\/categories?post=5269"},{"taxonomy":"post_tag","embeddable":true,"href":"https:\/\/branded.financialwellnessforyou.com\/es\/wp-json\/wp\/v2\/tags?post=5269"}],"curies":[{"name":"wp","href":"https:\/\/api.w.org\/{rel}","templated":true}]}}