{"id":5275,"date":"2023-02-02T22:05:45","date_gmt":"2023-02-02T22:05:45","guid":{"rendered":"https:\/\/demo123.kofetime.com\/aprende-ahora\/calculadoras-financieras\/indice-ingreso-a-gastos\/"},"modified":"2023-06-19T15:54:08","modified_gmt":"2023-06-19T15:54:08","slug":"indice-ingreso-a-gastos","status":"publish","type":"page","link":"https:\/\/branded.financialwellnessforyou.com\/es\/aprende-ahora\/calculadoras-financieras\/indice-ingreso-a-gastos\/","title":{"rendered":"Calculadora de deuda a ingresos"},"content":{"rendered":"\n<h2 class=\"wp-block-heading\" id=\"Asegurarse-de-que-el-peso-de-la-deuda\">Asegurarse de que el peso de la deuda est\u00e9 balanceada respecto a su nivel de ingresos<\/h2>\n\n\n\n<p>El c\u00e1lculo de su relaci\u00f3n-deuda-ingreso es r\u00e1pido y f\u00e1cil con las herramientas adecuadas. Estamos aqu\u00ed para ayudarlo con una pr\u00e1ctica calculadora de relaci\u00f3n-deuda-ingreso. S\u00f3lo tiene que utilizar su presupuesto para ayudar a llenar los n\u00fameros requeridos; a continuaci\u00f3n haga clic en \u00abCALCULAR\u00bb para determinar su relaci\u00f3n-deuda-ingreso. Las notas que aparecen despu\u00e9s de la calculadora pueden ayudarle a entender lo que significa su relaci\u00f3n. Vuelva a esta p\u00e1gina para comprobar peri\u00f3dicamente su relaci\u00f3n de deuda sobre todo si hay un cambio en sus ingresos o si tiene un per\u00edodo donde tome una gran cantidad de nueva deuda.<\/p>\n\n\n\n<p>Una vez que haya calculado su relaci\u00f3n-deuda-ingreso, puede utilizar el n\u00famero para decidir si necesita ayuda con su deuda. Si lo hace, ll\u00e1menos al hoy mismo para hablar con un consejero de cr\u00e9dito certificado acerca de sus finanzas, en forma gratuita. Usted tambi\u00e9n puede consultar en l\u00ednea un An\u00e1lisis gratuito de deuda.<\/p>\n\n\n\n<p><strong>Nota:<\/strong>&nbsp;Todos los valores requeridos a continuaci\u00f3n son mensuales. Si recibe ingresos y\/o hace pagos en una frecuencia diferente, determine la cantidad que usted paga mensualmente para introducir los valores a continuaci\u00f3n.<\/p>\n\n\n\n<h3 class=\"wp-block-heading\" id=\"Calculadora-de-deuda-a-ingresos\">Calculadora de deuda a ingresos<\/h3>\n\n\n\n<div class=\"block-calculator\" data-block-id=\"block_0376eb6de9a33e1a217703b8ba37429f\">\n    <script id=\"block_0376eb6de9a33e1a217703b8ba37429f-js\" defer=\"defer\">\n        var content = \"JTBBJTIwJTIwJTIwJTIwJTNDbGluayUyMHJlbCUzRCUyMnN0eWxlc2hlZXQlMjIlMjBocmVmJTNEJTIyaHR0cHMlM0ElMkYlMkZ3d3cuY29uc29saWRhdGVkY3JlZGl0Lm9yZyUyRndwLWNvbnRlbnQlMkZ0aGVtZXMlMkZjY3VzLW1sJTJGZGlzdCUyRmJ1bmRsZS5taW4uY3NzJTIyJTIwY3Jvc3NvcmlnaW4lM0QlMjJhbm9ueW1vdXMlMjIlM0UlMEElMjAlMjAlMjAlMjAlMjAlMjAlMjAlMjAlMjAlMjAlMjAlMjAlMjAlMjAlMjAlMjAlMjAlMjAlMjAlMjAlMjAlMjAlM0NzY3JpcHQlMjBzcmMlM0QlMjJodHRwcyUzQSUyRiUyRnJlc291cmNlcy52ZW50dXJldGVjaHNvbHV0aW9ucy5jb20lMkZjYWxjdWxhdG9ycyUyRnZ0LURUSS1SYXRpby1jYWxjdWxhdG9yJTJGYnVuZGxlLm1pbi5qcyUyMiUyMHR5cGUlM0QlMjJ0ZXh0JTJGamF2YXNjcmlwdCUyMiUzRSUzQyUyRnNjcmlwdCUzRSUwRCUwQSUzQ2RpdiUyMGlkJTNEJTIydnREVElDYWxjJTIyJTIwY2xhc3MlM0QlMjJwdC00JTIwcGItMyUyMiUzRSUzQyUyRmRpdiUzRSUwRCUwQSUyMCUyMCUyMCUyMCUyMCUyMCUyMCUyMCUyMCUyMCUyMCUyMCUyMCUyMCUyMCUyMCUyMCUyMCUyMCUyMCUyMCUyMCUyMCUyMCUzQ3NjcmlwdCUzRSUwRCUwQSUyMCUyMCUyMCUyMCUyMCUyMCUyMCUyMCUyMCUyMCUyMCUyMCUyMCUyMCUyMCUyMCUyMCUyMCUyMCUyMCUyMCUyMCUyMCUyMCUyMCUyMCUyMCUyMFZURFRJQ2FsY3VsYXRvci5pbml0JTI4JTdCJTBEJTBBJTIwJTIwJTIwJTIwJTIwJTIwJTIwJTIwJTIwJTIwJTIwJTIwJTIwJTIwJTIwJTIwJTIwJTIwJTIwJTIwJTIwJTIwJTIwJTIwJTIwJTIwJTIwJTIwJTIwJTIwJTIwJTIwc2VsZWN0b3IlM0ElMjAlMjd2dERUSUNhbGMlMjclMkMlMEQlMEElMjAlMjAlMjAlMjAlMjAlMjAlMjAlMjAlMjAlMjAlMjAlMjAlMjAlMjAlMjAlMjAlMjAlMjAlMjAlMjAlMjAlMjAlMjAlMjAlMjAlMjAlMjAlMjAlMjAlMjAlMjAlMjBsYW4lM0ElMjAlMjdlcyUyNyUyQyUwRCUwQSUyMCUyMCUyMCUyMCUyMCUyMCUyMCUyMCUyMCUyMCUyMCUyMCUyMCUyMCUyMCUyMCUyMCUyMCUyMCUyMCUyMCUyMCUyMCUyMCUyMCUyMCUyMCUyMCUyMCUyMCUyMCUyMGJ0bkxhYmVsJTIwJTNBJTIwJTI3Q2FsY3VsYXIlMjclMkMlMEQlMEElMjAlMjAlMjAlMjAlMjAlMjAlMjAlMjAlMjAlMjAlMjAlMjAlMjAlMjAlMjAlMjAlMjAlMjAlMjAlMjAlMjAlMjAlMjAlMjAlMjAlMjAlMjAlMjAlN0QlMjklM0IlMEQlMEElMjAlMjAlMjAlMjAlMjAlMjAlMjAlMjAlMjAlMjAlMjAlMjAlMjAlMjAlMjAlMjAlMjAlMjAlMjAlMjAlMjAlMjAlMjAlMjAlM0MlMkZzY3JpcHQlM0UlMEElMjAlMjAlMjAlMjAlM0NzdHlsZSUyMGlkJTNEJTIyaWZyYW1lLXN0eWxlcyUyMiUzRSUwQSUyMCUyMCUyMCUyMCUyMCUyMCUyMCUyMGJvZHklMjAlN0IlMjBwYWRkaW5nLXRvcCUzQSUyMDAlM0IlMjBvdmVyZmxvdyUzQSUyMGhpZGRlbiUzQiU3RCUwQSUyMCUyMCUyMCUyMCUyMCUyMCUyMCUyMC5idG4tb3Blbi10YWJsZSUyMGklN0IlMEElMjAlMjAlMjAlMjAlMjAlMjAlMjAlMjAlMjAlMjAlMjAlMjBwb3NpdGlvbiUzQSUyMHJlbGF0aXZlJTNCJTBBJTIwJTIwJTIwJTIwJTIwJTIwJTIwJTIwJTIwJTIwJTIwJTIwdG9wJTNBMCUyMWltcG9ydGFudCUzQiUwQSUyMCUyMCUyMCUyMCUyMCUyMCUyMCUyMCU3RCUwQSUyMCUyMCUyMCUyMCUyMCUyMCUyMCUyMC5idG4tb3Blbi10YWJsZSU3QiUwQSUyMCUyMCUyMCUyMCUyMCUyMCUyMCUyMCUyMCUyMCUyMCUyMHdoaXRlLXNwYWNlJTNBJTIwbm9ybWFsJTNCJTBBJTIwJTIwJTIwJTIwJTIwJTIwJTIwJTIwJTdEJTBBJTIwJTIwJTIwJTIwJTNDJTJGc3R5bGUlM0UlMEElMjAlMjAlMjAlMjAlM0NzY3JpcHQlMjBpZCUzRCUyMmlmcmFtZS1zY3JpcHQlMjIlMjBkZWZlciUzRCUyMmRlZmVyJTIyJTNFJTBBJTIwJTIwJTIwJTIwJTIwJTIwJTIwJTIwdmFyJTIwZG9jdW1lbnRIZWlnaHQlMjAlM0QlMjBkb2N1bWVudC5xdWVyeVNlbGVjdG9yJTI4JTIyYm9keSUyMiUyOS5zY3JvbGxIZWlnaHQlM0IlMEElMjAlMjAlMjAlMjAlMjAlMjAlMjAlMjB3aW5kb3cudXBkYXRlSWZyYW1lSGVpZ2h0JTIwJTNEJTIwZnVuY3Rpb24lMjhpbml0JTIwJTNEJTIwZmFsc2UlMjklMjAlN0IlMEElMjAlMjAlMjAlMjAlMjAlMjAlMjAlMjAlMjAlMjAlMjAlMjB2YXIlMjBuZXdEb2N1bWVudEhlaWdodCUyMCUzRCUyMGRvY3VtZW50LnF1ZXJ5U2VsZWN0b3IlMjglMjJib2R5JTIwJTNFJTIwZGl2JTIyJTI5LnNjcm9sbEhlaWdodCUzQiUwQSUyMCUyMCUyMCUyMCUyMCUyMCUyMCUyMCUyMCUyMCUyMCUyMHZhciUyMGhlaWdodERpZmYlMjAlM0QlMjBkb2N1bWVudEhlaWdodCUyMC0lMjBuZXdEb2N1bWVudEhlaWdodCUzQiUwQSUyMCUyMCUyMCUyMCUwQSUyMCUyMCUyMCUyMCUyMCUyMCUyMCUyMCUyMCUyMCUyMCUyMGlmJTIwJTI4aW5pdCUyOSUyMCU3QiUwQSUyMCUyMCUyMCUyMCUyMCUyMCUyMCUyMCUyMCUyMCUyMCUyMCUyMCUyMCUyMCUyMHBhcmVudC5wb3N0TWVzc2FnZSUyOEpTT04uc3RyaW5naWZ5JTI4JTdCJTBBJTIwJTIwJTIwJTIwJTIwJTIwJTIwJTIwJTIwJTIwJTIwJTIwJTIwJTIwJTIwJTIwJTIwJTIwJTIwJTIwYmxvY2tJZCUzQSUyMCUyMmJsb2NrXzAzNzZlYjZkZTlhMzNlMWEyMTc3MDNiOGJhMzc0MjlmJTIyJTJDJTBBJTIwJTIwJTIwJTIwJTIwJTIwJTIwJTIwJTIwJTIwJTIwJTIwJTIwJTIwJTIwJTIwJTIwJTIwJTIwJTIwaGVpZ2h0JTNBJTIwZG9jdW1lbnRIZWlnaHQlMkMlMEElMjAlMjAlMjAlMjAlMjAlMjAlMjAlMjAlMjAlMjAlMjAlMjAlMjAlMjAlMjAlMjAlMjAlMjAlMjAlMjBtZXNzYWdlVHlwZSUzQSUyMCUyMmluaXQlMjIlMEElMjAlMjAlMjAlMjAlMjAlMjAlMjAlMjAlMjAlMjAlMjAlMjAlMjAlMjAlMjAlMjAlN0QlMjklMkMlMjIlMkElMjIlMjklM0IlMEElMjAlMjAlMjAlMjAlMjAlMjAlMjAlMjAlMjAlMjAlMjAlMjAlN0QlMEElMjAlMjAlMjAlMjAlMjAlMjAlMjAlMjAlMjAlMjAlMjAlMjBlbHNlJTIwaWYlMjAlMjglMjBoZWlnaHREaWZmJTIwJTNFJTIwNSUyMCU3QyU3QyUyMGhlaWdodERpZmYlMjAlM0MlMjAtNSUyMCUyOSUyMCU3QiUwQSUyMCUyMCUyMCUyMCUyMCUyMCUyMCUyMCUyMCUyMCUyMCUyMCUyMCUyMCUyMCUyMGRvY3VtZW50SGVpZ2h0JTIwJTNEJTIwbmV3RG9jdW1lbnRIZWlnaHQlM0IlMEElMjAlMjAlMjAlMjAlMjAlMjAlMjAlMjAlMjAlMjAlMjAlMjAlMjAlMjAlMjAlMjBwYXJlbnQucG9zdE1lc3NhZ2UlMjhKU09OLnN0cmluZ2lmeSUyOCU3QiUwQSUyMCUyMCUyMCUyMCUyMCUyMCUyMCUyMCUyMCUyMCUyMCUyMCUyMCUyMCUyMCUyMCUyMCUyMCUyMCUyMGJsb2NrSWQlM0ElMjAlMjJibG9ja18wMzc2ZWI2ZGU5YTMzZTFhMjE3NzAzYjhiYTM3NDI5ZiUyMiUyQyUwQSUyMCUyMCUyMCUyMCUyMCUyMCUyMCUyMCUyMCUyMCUyMCUyMCUyMCUyMCUyMCUyMCUyMCUyMCUyMCUyMGhlaWdodCUzQSUyMGRvY3VtZW50SGVpZ2h0JTJDJTBBJTIwJTIwJTIwJTIwJTIwJTIwJTIwJTIwJTIwJTIwJTIwJTIwJTIwJTIwJTIwJTIwJTIwJTIwJTIwJTIwbWVzc2FnZVR5cGUlM0ElMjAlMjJyZXNpemUlMjIlMEElMjAlMjAlMjAlMjAlMjAlMjAlMjAlMjAlMjAlMjAlMjAlMjAlMjAlMjAlMjAlMjAlN0QlMjklMkMlMjIlMkElMjIlMjklM0IlMEElMjAlMjAlMjAlMjAlMjAlMjAlMjAlMjAlMjAlMjAlMjAlMjAlN0QlMEElMjAlMjAlMjAlMjAlMjAlMjAlMjAlMjAlN0QlMEElMjAlMjAlMjAlMjAlMjAlMjAlMjAlMjAlMEElMjAlMjAlMjAlMjAlMjAlMjAlMjAlMjAlMkYlMkYlMjBJRSUyMG5vdCUyMHN1cHBvcnRlZCUwQSUyMCUyMCUyMCUyMCUyMCUyMCUyMCUyMGlmJTIwJTI4dHlwZW9mJTIwUmVzaXplT2JzZXJ2ZXIlMjAlMjElM0QlM0QlMjB1bmRlZmluZWQlMjklMjAlN0IlMEElMjAlMjAlMjAlMjAlMjAlMjAlMjAlMjAlMjAlMjAlMjAlMjB2YXIlMjByZXNpemVPYnNlcnZlciUyMCUzRCUyMG5ldyUyMFJlc2l6ZU9ic2VydmVyJTI4ZnVuY3Rpb24lMjhlbnRyaWVzJTI5JTIwJTdCJTBBJTIwJTIwJTIwJTIwJTIwJTIwJTIwJTIwJTIwJTIwJTIwJTIwJTIwJTIwd2luZG93LnVwZGF0ZUlmcmFtZUhlaWdodCUyOCUyOSUzQiUwQSUyMCUyMCUyMCUyMCUyMCUyMCUyMCUyMCUyMCUyMCUyMCUyMCU3RCUyOSUzQiUwQSUyMCUyMCUyMCUyMCUwQSUyMCUyMCUyMCUyMCUyMCUyMCUyMCUyMCUyMCUyMCUyMCUyMHZhciUyMGRpdkVsZW0lMjAlM0QlMjBkb2N1bWVudC5xdWVyeVNlbGVjdG9yJTI4JTIyYm9keSUyMCUzRSUyMGRpdiUyMiUyOSUzQiUwQSUyMCUyMCUyMCUyMCUyMCUyMCUyMCUyMCUyMCUyMCUyMCUyMHJlc2l6ZU9ic2VydmVyLm9ic2VydmUlMjhkaXZFbGVtJTI5JTNCJTBBJTIwJTIwJTIwJTIwJTIwJTIwJTIwJTIwJTdEJTBBJTIwJTIwJTIwJTIwJTBBJTIwJTIwJTIwJTIwJTIwJTIwJTIwJTIwd2luZG93Lm9ucmVzaXplJTIwJTNEJTIwZnVuY3Rpb24lMjglMjklMjAlN0IlMEElMjAlMjAlMjAlMjAlMjAlMjAlMjAlMjAlMjAlMjAlMjAlMjB3aW5kb3cudXBkYXRlSWZyYW1lSGVpZ2h0JTI4JTI5JTNCJTBBJTIwJTIwJTIwJTIwJTIwJTIwJTIwJTIwJTdEJTNCJTBBJTIwJTIwJTIwJTIwJTIwJTIwJTIwJTIwJTBBJTIwJTIwJTIwJTIwJTIwJTIwJTIwJTIwd2luZG93Lm9uY2xpY2slMjAlM0QlMjBmdW5jdGlvbiUyOGUlMjklMjAlN0IlMEElMjAlMjAlMjAlMjAlMjAlMjAlMjAlMjAlMjAlMjAlMjAlMjBzZXRUaW1lb3V0JTI4ZnVuY3Rpb24lMjglMjklMjAlN0IlMEElMjAlMjAlMjAlMjAlMjAlMjAlMjAlMjAlMjAlMjAlMjAlMjAlMjAlMjAlMjAlMjB3aW5kb3cudXBkYXRlSWZyYW1lSGVpZ2h0JTI4JTI5JTNCJTBBJTIwJTIwJTIwJTIwJTIwJTIwJTIwJTIwJTIwJTIwJTIwJTIwJTdEJTJDJTIwMTAwJTI5JTNCJTBBJTIwJTIwJTIwJTIwJTIwJTIwJTIwJTIwJTIwJTIwJTIwJTIwJTBBJTIwJTIwJTIwJTIwJTIwJTIwJTIwJTIwJTIwJTIwJTIwJTIwdmFyJTIwdGFyZ2V0JTIwJTNEJTIwZSUyMCUyNiUyNiUyMGUudGFyZ2V0JTNCJTBBJTIwJTIwJTIwJTIwJTIwJTIwJTIwJTIwJTIwJTIwJTIwJTIwaWYlMjAlMjh0YXJnZXQlMjklMjAlN0IlMEElMjAlMjAlMjAlMjAlMjAlMjAlMjAlMjAlMjAlMjAlMjAlMjAlMjAlMjAlMjAlMjB2YXIlMjBocmVmJTIwJTNEJTIwdGFyZ2V0LmdldEF0dHJpYnV0ZSUyOCUyMmhyZWYlMjIlMjklM0IlMjAlMEElMjAlMjAlMjAlMjAlMjAlMjAlMjAlMjAlMjAlMjAlMjAlMjAlMjAlMjAlMjAlMjAlMEElMjAlMjAlMjAlMjAlMjAlMjAlMjAlMjAlMjAlMjAlMjAlMjAlMjAlMjAlMjAlMjBpZiUyMCUyOGhyZWYlMjklMjAlN0IlMEElMjAlMjAlMjAlMjAlMjAlMjAlMjAlMjAlMjAlMjAlMjAlMjAlMjAlMjAlMjAlMjAlMjAlMjAlMjAlMjBwYXJlbnQucG9zdE1lc3NhZ2UlMjhKU09OLnN0cmluZ2lmeSUyOCU3QiUwQSUyMCUyMCUyMCUyMCUyMCUyMCUyMCUyMCUyMCUyMCUyMCUyMCUyMCUyMCUyMCUyMCUyMCUyMCUyMCUyMCUyMCUyMCUyMCUyMGJsb2NrSWQlM0ElMjAlMjJibG9ja18wMzc2ZWI2ZGU5YTMzZTFhMjE3NzAzYjhiYTM3NDI5ZiUyMiUyQyUwQSUyMCUyMCUyMCUyMCUyMCUyMCUyMCUyMCUyMCUyMCUyMCUyMCUyMCUyMCUyMCUyMCUyMCUyMCUyMCUyMCUyMCUyMCUyMCUyMGhlaWdodCUzQSUyMGRvY3VtZW50SGVpZ2h0JTJDJTBBJTIwJTIwJTIwJTIwJTIwJTIwJTIwJTIwJTIwJTIwJTIwJTIwJTIwJTIwJTIwJTIwJTIwJTIwJTIwJTIwJTIwJTIwJTIwJTIwaHJlZiUzQSUyMGhyZWYlMkMlMEElMjAlMjAlMjAlMjAlMjAlMjAlMjAlMjAlMjAlMjAlMjAlMjAlMjAlMjAlMjAlMjAlMjAlMjAlMjAlMjAlMjAlMjAlMjAlMjBtZXNzYWdlVHlwZSUzQSUyMCUyMmNsaWNrJTIyJTBBJTIwJTIwJTIwJTIwJTIwJTIwJTIwJTIwJTIwJTIwJTIwJTIwJTIwJTIwJTIwJTIwJTIwJTIwJTIwJTIwJTdEJTI5JTJDJTIyJTJBJTIyJTI5JTNCJTBBJTIwJTIwJTIwJTIwJTIwJTIwJTIwJTIwJTIwJTIwJTIwJTIwJTIwJTIwJTIwJTIwJTdEJTBBJTIwJTIwJTIwJTIwJTIwJTIwJTIwJTIwJTIwJTIwJTIwJTIwJTdEJTBBJTIwJTIwJTIwJTIwJTIwJTIwJTIwJTIwJTdEJTNCJTBBJTIwJTIwJTIwJTIwJTIwJTIwJTIwJTIwJTBBJTIwJTIwJTIwJTIwJTIwJTIwJTIwJTIwd2luZG93LnVwZGF0ZUlmcmFtZUhlaWdodCUyOHRydWUlMjklM0IlMEElMjAlMjAlMjAlMjAlMjAlMjAlMjAlMjAlMEElMjAlMjAlMjAlMjAlMjAlMjAlMjAlMjB3aW5kb3cuYWRkRXZlbnRMaXN0ZW5lciUyOCUyMm1lc3NhZ2UlMjIlMkMlMjBmdW5jdGlvbiUyOGV2ZW50JTI5JTIwJTdCJTBBJTIwJTIwJTIwJTIwJTIwJTIwJTIwJTIwJTBBJTIwJTIwJTIwJTIwJTIwJTIwJTIwJTIwJTIwJTIwJTIwJTIwdmFyJTIwbWVzc2FnZURhdGElMjAlM0QlMjBKU09OLnBhcnNlJTI4ZXZlbnQuZGF0YSUyOSUzQiUwQSUyMCUyMCUyMCUyMCUyMCUyMCUyMCUyMCUyMCUyMCUyMCUyMHZhciUyMHBob25lX251bWJlciUyMCUzRCUyMG1lc3NhZ2VEYXRhJTIwJTI2JTI2JTIwbWVzc2FnZURhdGEucGhvbmVOdW1iZXIlM0IlMEElMjAlMjAlMjAlMjAlMjAlMjAlMjAlMjAlMjAlMjAlMjAlMjAlMEElMjAlMjAlMjAlMjAlMjAlMjAlMjAlMjAlMjAlMjAlMjAlMjBpZiUyMCUyOHBob25lX251bWJlciUyOSUyMCU3QiUwQSUyMCUyMCUyMCUyMCUyMCUyMCUyMCUyMCUyMCUyMCUyMCUyMCUyMCUyMHZhciUyMHBob25lX3NwYW5zJTIwJTNEJTIwZG9jdW1lbnQuZ2V0RWxlbWVudHNCeUNsYXNzTmFtZSUyOCUyMnRyYWNraW5nLXBob25lJTIyJTI5JTNCJTBBJTIwJTIwJTIwJTIwJTIwJTIwJTIwJTIwJTIwJTIwJTIwJTIwJTIwJTIwZm9yJTIwJTI4dmFyJTIwaSUyMCUzRCUyMDAlM0IlMjBpJTIwJTNDJTIwcGhvbmVfc3BhbnMubGVuZ3RoJTNCJTIwaSUyQiUyQiUyOSUyMCU3QiUwQSUyMCUyMCUyMCUyMCUyMCUyMCUyMCUyMCUyMCUyMCUyMCUyMCUyMCUyMCUyMCUyMCUyMCUyMHBob25lX3NwYW5zJTVCaSU1RC50ZXh0Q29udGVudCUyMCUzRCUyMHBob25lX251bWJlciUzQiUwQSUyMCUyMCUyMCUyMCUyMCUyMCUyMCUyMCUyMCUyMCUyMCUyMCUyMCUyMCU3RCUwQSUyMCUyMCUyMCUyMCUwQSUyMCUyMCUyMCUyMCUyMCUyMCUyMCUyMCUyMCUyMCUyMCUyMCUyMCUyMHZhciUyMHN0cmlwcGVkX3Bob25lJTIwJTNEJTIwcGhvbmVfbnVtYmVyLnJlcGxhY2UlMjglMkYlNUIlNUUwLTklNUQlMkZnJTJDJTIwJTIyJTIyJTI5JTNCJTBBJTIwJTIwJTIwJTIwJTIwJTIwJTIwJTIwJTIwJTIwJTIwJTIwJTIwJTIwaWYlMjAlMjhzdHJpcHBlZF9waG9uZS5jaGFyQXQlMjgwJTI5JTIwJTIxJTNEJTNEJTIwJTIyMSUyMiUyOSUyMCU3QiUwQSUyMCUyMCUyMCUyMCUyMCUyMCUyMCUyMCUyMCUyMCUyMCUyMCUyMCUyMCUyMCUyMCUyMCUyMHN0cmlwcGVkX3Bob25lJTIwJTNEJTIwJTIydGVsJTNBJTJCMSUyMiUyMCUyQiUyMHN0cmlwcGVkX3Bob25lJTBBJTIwJTIwJTIwJTIwJTIwJTIwJTIwJTIwJTIwJTIwJTIwJTIwJTIwJTIwJTdEJTIwZWxzZSUyMCU3QiUwQSUyMCUyMCUyMCUyMCUyMCUyMCUyMCUyMCUyMCUyMCUyMCUyMCUyMCUyMCUyMCUyMCUyMCUyMHN0cmlwcGVkX3Bob25lJTIwJTNEJTIwJTIydGVsJTNBJTJCMSUyMiUyMCUyQiUyMHN0cmlwcGVkX3Bob25lJTBBJTIwJTIwJTIwJTIwJTIwJTIwJTIwJTIwJTIwJTIwJTIwJTIwJTIwJTIwJTdEJTBBJTIwJTIwJTIwJTIwJTBBJTIwJTIwJTIwJTIwJTIwJTIwJTIwJTIwJTIwJTIwJTIwJTIwJTIwJTIwdmFyJTIwcGhvbmVfYV9jbGlja3MlMjAlM0QlMjBkb2N1bWVudC5nZXRFbGVtZW50c0J5Q2xhc3NOYW1lJTI4JTIydHJhY2tpbmctcGhvbmUtY2xpY2slMjIlMjklM0IlMEElMjAlMjAlMjAlMjAlMjAlMjAlMjAlMjAlMjAlMjAlMjAlMjAlMjAlMjBmb3IlMjAlMjh2YXIlMjBpJTIwJTNEJTIwMCUzQiUyMGklMjAlM0MlMjBwaG9uZV9hX2NsaWNrcy5sZW5ndGglM0IlMjBpJTJCJTJCJTI5JTIwJTdCJTBBJTIwJTIwJTIwJTIwJTIwJTIwJTIwJTIwJTIwJTIwJTIwJTIwJTIwJTIwJTIwJTIwJTIwJTIwcGhvbmVfYV9jbGlja3MlNUJpJTVELnNldEF0dHJpYnV0ZSUyOCUyMmhyZWYlMjIlMkMlMjBzdHJpcHBlZF9waG9uZSUyOSUzQiUwQSUyMCUyMCUyMCUyMCUyMCUyMCUyMCUyMCUyMCUyMCUyMCUyMCUyMCUyMCUyMCUyMCUyMCUyMHBob25lX2FfY2xpY2tzJTVCaSU1RC5jbGFzc0xpc3QuYWRkJTI4JTIyc2hvdyUyMiUyOSUzQiUwQSUyMCUyMCUyMCUyMCUyMCUyMCUyMCUyMCUyMCUyMCUyMCUyMCUyMCUyMCU3RCUwQSUyMCUyMCUyMCUyMCUyMCUyMCUyMCUyMCUyMCUyMCUyMCUyMCUyMCUyMCUwQSUyMCUyMCUyMCUyMCUyMCUyMCUyMCUyMCUyMCUyMCUyMCUyMCUyMCUyMHZhciUyMHBob25lX2FfY2xpY2tzJTIwJTNEJTIwZG9jdW1lbnQuZ2V0RWxlbWVudHNCeUNsYXNzTmFtZSUyOCUyMm5vLXRyYWNraW5nLXBob25lLWNsaWNrJTIyJTI5JTNCJTBBJTIwJTIwJTIwJTIwJTIwJTIwJTIwJTIwJTIwJTIwJTIwJTIwJTIwJTIwZm9yJTIwJTI4dmFyJTIwaSUyMCUzRCUyMDAlM0IlMjBpJTIwJTNDJTIwcGhvbmVfYV9jbGlja3MubGVuZ3RoJTNCJTIwaSUyQiUyQiUyOSUyMCU3QiUwQSUyMCUyMCUyMCUyMCUyMCUyMCUyMCUyMCUyMCUyMCUyMCUyMCUyMCUyMCUyMCUyMCUyMCUyMHBob25lX2FfY2xpY2tzJTVCaSU1RC5zZXRBdHRyaWJ1dGUlMjglMjJocmVmJTIyJTJDJTIwc3RyaXBwZWRfcGhvbmUlMjklM0IlMEElMjAlMjAlMjAlMjAlMjAlMjAlMjAlMjAlMjAlMjAlMjAlMjAlMjAlMjAlMjAlMjAlMjAlMjBwaG9uZV9hX2NsaWNrcyU1QmklNUQuY2xhc3NMaXN0LmFkZCUyOCUyMnNob3clMjIlMjklM0IlMEElMjAlMjAlMjAlMjAlMjAlMjAlMjAlMjAlMjAlMjAlMjAlMjAlMjAlMjAlN0QlMEElMjAlMjAlMjAlMjAlMjAlMjAlMjAlMjAlMjAlMjAlN0QlMEElMjAlMjAlMjAlMjAlMjAlMjAlMjAlMjAlN0QlMkMlMjBmYWxzZSUyOSUzQiUwQSUyMCUyMCUyMCUyMCUzQyUyRnNjcmlwdCUzRSUwQSUyMCUyMCUyMCUyMA==\";\n        var iframe = document.createElement('iframe');\n        var html = decodeURIComponent(atob(content));\n        var block = document.querySelector('[data-block-id=block_0376eb6de9a33e1a217703b8ba37429f]');\n\n        block.appendChild(iframe);\n        iframe.style.width = '100%';\n        iframe.title = \"block_0376eb6de9a33e1a217703b8ba37429f\";\n        iframe.loading = \"lazy\";\n        iframe.contentWindow.document.open();\n        iframe.contentWindow.document.write(html);\n        iframe.contentWindow.document.close();\n\n        var eventMethod = window.addEventListener ? \"addEventListener\" : \"attachEvent\";\n        var eventListener = window[eventMethod];\n        var messageEvent = eventMethod == \"attachEvent\" ? \"onmessage\" : \"message\";\n\n        eventListener(messageEvent,function(e) {\n\n            if ((typeof e.data === 'string') && e.data) {\n\n                var blockData = JSON.parse(e.data);\n                var { messageType, blockId, height, href = \"\" } = blockData;\n                var blockIframe = document.querySelector('[data-block-id=' + blockId + '] iframe');\n\n                blockIframe.height = height + 'px';\n                blockIframe.contentWindow.postMessage(JSON.stringify({\n                    phoneNumber: document.querySelector('.tracking-phone').innerHTML,\n                }));\n\n                if (href) {\n                    if (href.toLowerCase() === '#leadform' || href.toLowerCase() === '#lead-form') {\n                        document.querySelector(\"[data-modal-id=lead-form-template]\").click();\n                    }\n                }\n            }\n        },false);\n    <\/script>\n<\/div>\n\n\n\n<h3 class=\"wp-block-heading\" id=\"Rangos-de-relacion-deuda-ingresos\">Rangos de relaci\u00f3n deuda \/ ingresos: \u00bfQu\u00e9 significa mi DTI?<\/h3>\n\n\n\n<figure class=\"wp-block-table is-style-stripes\"><table><thead><tr><th>DTI<\/th><th>Que significa<\/th><\/tr><\/thead><tbody><tr><td>Menos del 36%<\/td><td>Usted es financieramente estable y no deber\u00eda tener problemas para obtener la aprobaci\u00f3n para un nuevo financiamiento.<\/td><\/tr><tr><td>36%-41%<\/td><td>Esta es una moderada cantidad de deuda en relaci\u00f3n con sus ingresos, pero es posible que deba eliminar algunas deudas antes de solicitar su pr\u00f3ximo pr\u00e9stamo.<\/td><\/tr><tr><td>41-45%<\/td><td>Usted tiene demasiada deuda y es posible que no se apruebe para nuevos pr\u00e9stamos; Tendr\u00e1 que eliminar la deuda o enfrentar solicitudes de pr\u00e9stamos rechazados.<\/td><\/tr><tr><td>M\u00e1s del 50%<\/td><td>Esta cantidad de deuda probablemente llevar\u00e1 a dificultades financieras. Puede ser dif\u00edcil pagar la deuda por su cuenta, por lo que necesitar\u00e1 ayuda para estar libre de deudas.<\/td><\/tr><\/tbody><\/table><\/figure>\n\n\n\n<h2 class=\"wp-block-heading\" id=\"Que-es-una-relacion-deuda-ingreso\">\u00bfQu\u00e9 es una relaci\u00f3n deuda-ingreso?<\/h2>\n\n\n\n<p>La relaci\u00f3n deuda-ingreso es lo que los prestamistas usan para determinar si usted es elegible para un pr\u00e9stamo. Si tiene demasiada deuda en relaci\u00f3n con sus ingresos, no ser\u00e1 aprobado para un nuevo pr\u00e9stamo. Para la mayor\u00eda de los prestamistas, el l\u00edmite es de alrededor del 41%. Si gasta m\u00e1s del 41% de sus ingresos en pagos de deudas cada mes, eso lo convierte en un candidato de alto riesgo para un pr\u00e9stamo. La preocupaci\u00f3n es que no podr\u00e1 pagar todos sus pagos de deuda y es posible que incurra en incumplimiento. Por lo tanto, obtiene rechazado por el pr\u00e9stamo.<\/p>\n\n\n\n<p>Por lo tanto, esto significa que es una buena idea verificar su relaci\u00f3n deuda-ingresos antes de solicitar un pr\u00e9stamo para asegurarse de que pueda ser aprobado. Si mantiene una relaci\u00f3n deuda-ingreso del 36% o menos, entonces puede obtener la aprobaci\u00f3n para nuevos pr\u00e9stamos. No tendr\u00e1 que preocuparse por ser rechazado para su pr\u00f3ximo pr\u00e9stamo o incluso hipoteca.<\/p>\n","protected":false},"excerpt":{"rendered":"<p>Asegurarse de que el peso de la deuda est\u00e9 balanceada respecto a su nivel de ingresos El c\u00e1lculo de su relaci\u00f3n-deuda-ingreso es r\u00e1pido y f\u00e1cil con las herramientas adecuadas. Estamos aqu\u00ed para ayudarlo con una pr\u00e1ctica calculadora de relaci\u00f3n-deuda-ingreso. S\u00f3lo tiene que utilizar su presupuesto para ayudar a llenar los n\u00fameros requeridos; a continuaci\u00f3n haga [&hellip;]<\/p>\n","protected":false},"author":1,"featured_media":9350,"parent":5269,"menu_order":0,"comment_status":"closed","ping_status":"closed","template":"page-sidebar","meta":{"_acf_changed":false,"footnotes":""},"categories":[],"tags":[15,36,16,17,29],"class_list":["post-5275","page","type-page","status-publish","has-post-thumbnail","hentry","tag-deuda","tag-entendiendo-credito","tag-ingresos","tag-relacion","tag-salir"],"acf":[],"featured_image_src":"https:\/\/branded.financialwellnessforyou.com\/wp-content\/uploads\/sites\/7\/2023\/06\/dti.jpg","featured_image_src_square":"https:\/\/branded.financialwellnessforyou.com\/wp-content\/uploads\/sites\/7\/2023\/06\/dti.jpg","_links":{"self":[{"href":"https:\/\/branded.financialwellnessforyou.com\/es\/wp-json\/wp\/v2\/pages\/5275","targetHints":{"allow":["GET"]}}],"collection":[{"href":"https:\/\/branded.financialwellnessforyou.com\/es\/wp-json\/wp\/v2\/pages"}],"about":[{"href":"https:\/\/branded.financialwellnessforyou.com\/es\/wp-json\/wp\/v2\/types\/page"}],"author":[{"embeddable":true,"href":"https:\/\/branded.financialwellnessforyou.com\/es\/wp-json\/wp\/v2\/users\/1"}],"replies":[{"embeddable":true,"href":"https:\/\/branded.financialwellnessforyou.com\/es\/wp-json\/wp\/v2\/comments?post=5275"}],"version-history":[{"count":3,"href":"https:\/\/branded.financialwellnessforyou.com\/es\/wp-json\/wp\/v2\/pages\/5275\/revisions"}],"predecessor-version":[{"id":9429,"href":"https:\/\/branded.financialwellnessforyou.com\/es\/wp-json\/wp\/v2\/pages\/5275\/revisions\/9429"}],"up":[{"embeddable":true,"href":"https:\/\/branded.financialwellnessforyou.com\/es\/wp-json\/wp\/v2\/pages\/5269"}],"wp:featuredmedia":[{"embeddable":true,"href":"https:\/\/branded.financialwellnessforyou.com\/es\/wp-json\/wp\/v2\/media\/9350"}],"wp:attachment":[{"href":"https:\/\/branded.financialwellnessforyou.com\/es\/wp-json\/wp\/v2\/media?parent=5275"}],"wp:term":[{"taxonomy":"category","embeddable":true,"href":"https:\/\/branded.financialwellnessforyou.com\/es\/wp-json\/wp\/v2\/categories?post=5275"},{"taxonomy":"post_tag","embeddable":true,"href":"https:\/\/branded.financialwellnessforyou.com\/es\/wp-json\/wp\/v2\/tags?post=5275"}],"curies":[{"name":"wp","href":"https:\/\/api.w.org\/{rel}","templated":true}]}}