{"id":5278,"date":"2023-02-02T21:48:33","date_gmt":"2023-02-02T21:48:33","guid":{"rendered":"https:\/\/demo123.kofetime.com\/aprende-ahora\/calculadoras-financieras\/calculadora-deuda-de-tarjeta-de-credito\/"},"modified":"2023-06-19T15:54:08","modified_gmt":"2023-06-19T15:54:08","slug":"calculadora-deuda-de-tarjeta-de-credito","status":"publish","type":"page","link":"https:\/\/branded.financialwellnessforyou.com\/es\/aprende-ahora\/calculadoras-financieras\/calculadora-deuda-de-tarjeta-de-credito\/","title":{"rendered":"Calculadora de deuda de tarjeta de cr\u00e9dito"},"content":{"rendered":"\n<h2 class=\"wp-block-heading\" id=\"Vea-cuanto-tiempo-le-tomara-pagar-su-deuda-y-hacer-planes-para-salir-adelante\">Vea cu\u00e1nto tiempo le tomar\u00e1 pagar su deuda y hacer planes para salir adelante<\/h2>\n\n\n\n<p>\u00bfSabe cu\u00e1nto tiempo tardar\u00e1 en pagar sus deudas de tarjetas de cr\u00e9dito? \u00a1Estamos aqu\u00ed para ayudar! Esta pr\u00e1ctica calculadora de deuda le permite determinar exactamente cu\u00e1nto tiempo le tomar\u00e1 pagar totalmente sus deudas, haci\u00e9ndolo por su cuenta, y asumiendo que no estar\u00e1 haciendo compras en esa tarjeta de cr\u00e9dito durante ese lapso. Le ayudar\u00e1 a comparar haciendo solo pagos m\u00ednimos, versus pagando m\u00e1s del m\u00ednimo o haciendo pagos fijos.<\/p>\n\n\n\n<p>Si necesita ayuda para pagar su deuda de tarjeta de cr\u00e9dito, ll\u00e1menos al  <a class=\"tracking-phone-click font-bold hover:underline \" title=\"Call Us\" href=\"tel:844-325-8200\"><span class=\"tracking-phone\">844-325-8200<\/span><\/a>&nbsp;para hablar con un consejero de cr\u00e9dito certificado o solicitando en l\u00ednea un An\u00e1lisis Gratuito de Deuda.<\/p>\n\n\n\n<div id=\"Calculadora-de-deuda\" class=\"wp-block-group has-global-padding is-layout-constrained wp-block-group-is-layout-constrained\">\n<h2 class=\"wp-block-heading hidden\" id=\"Calculadora-de-deuda\">Calculadora de deuda de tarjeta de cr\u00e9dito<\/h2>\n\n\n\n<div class=\"block-calculator\" data-block-id=\"block_1ad7dd1fa10f2fa377887d47837c76b9\">\n    <script id=\"block_1ad7dd1fa10f2fa377887d47837c76b9-js\" defer=\"defer\">\n        var content = \"JTBBJTIwJTIwJTIwJTIwJTNDbGluayUyMHJlbCUzRCUyMnN0eWxlc2hlZXQlMjIlMjBocmVmJTNEJTIyaHR0cHMlM0ElMkYlMkZ3d3cuY29uc29saWRhdGVkY3JlZGl0Lm9yZyUyRndwLWNvbnRlbnQlMkZ0aGVtZXMlMkZjY3VzLW1sJTJGZGlzdCUyRmJ1bmRsZS5taW4uY3NzJTIyJTIwY3Jvc3NvcmlnaW4lM0QlMjJhbm9ueW1vdXMlMjIlM0UlMEElMjAlMjAlMjAlMjAlM0NkaXYlMjBpZCUzRCUyMnZ0UGF5b2ZmTWluQ2FsYyUyMiUyMGNsYXNzJTNEJTIycHQtNSUyMiUzRSUzQyUyRmRpdiUzRSUwRCUwQSUzQ3NjcmlwdCUyMGRhdGEtbWluaWZ5JTNEJTIyMSUyMiUyMHNyYyUzRCUyMmh0dHBzJTNBJTJGJTJGcmVzb3VyY2VzLnZlbnR1cmV0ZWNoc29sdXRpb25zLmNvbSUyRmNhbGN1bGF0b3JzJTJGdnQtY3JlZGl0LWNhcmQtcGF5b2ZmLWNhbGN1bGF0b3IlMkZ2dC1DQ1BheU9mZkNhbGN1bGF0b3IubWluLmpzJTIyJTIwdHlwZSUzRCUyMnRleHQlMkZqYXZhc2NyaXB0JTIyJTNFJTNDJTJGc2NyaXB0JTNFJTBEJTBBJTNDc2NyaXB0JTIwdHlwZSUzRCUyMnRleHQlMkZqYXZhc2NyaXB0JTIyJTNFJTBEJTBBJTIwJTIwJTIwJTIwVlRDYWxjdWxhdG9yLmluaXQlMjglN0IlMEQlMEElMjAlMjAlMjAlMjAlMjAlMjAlMjAlMjBzZWxlY3RvciUzQSUyMCUyMnZ0UGF5b2ZmTWluQ2FsYyUyMiUyQyUwRCUwQSUyMCUyMCUyMCUyMCUyMCUyMCUyMCUyMHRpdGxlJTNBJTIwJTIyQ2FsY3VsYWRvcmElMjBkZSUyMGRldWRhJTIwZGUlMjB0YXJqZXRhJTIwZGUlMjBjciVDMyVBOWRpdG8lMjIlMkMlMEQlMEElMjAlMjAlMjAlMjAlMjAlMjAlMjAlMjBsYW4lM0ElMjAlMjJlcyUyMiUyQyUwRCUwQSUyMCUyMCUyMCUyMCUyMCUyMCUyMCUyMHJlZ2lvbiUzQSUyMCUyMnVzJTIyJTJDJTBEJTBBJTIwJTIwJTIwJTIwJTIwJTIwJTIwJTIwc2hvd0NhcmQlM0ElMjBmYWxzZSUyQyUwRCUwQSUyMCUyMCUyMCUyMCU3RCUyOSUzQiUwRCUwQSUzQyUyRnNjcmlwdCUzRSUwQSUyMCUyMCUyMCUyMCUzQ3N0eWxlJTIwaWQlM0QlMjJpZnJhbWUtc3R5bGVzJTIyJTNFJTBBJTIwJTIwJTIwJTIwJTIwJTIwJTIwJTIwYm9keSUyMCU3QiUyMHBhZGRpbmctdG9wJTNBJTIwMCUzQiUyMG92ZXJmbG93JTNBJTIwaGlkZGVuJTNCJTdEJTBBJTIwJTIwJTIwJTIwJTIwJTIwJTIwJTIwLmJ0bi1vcGVuLXRhYmxlJTIwaSU3QiUwQSUyMCUyMCUyMCUyMCUyMCUyMCUyMCUyMCUyMCUyMCUyMCUyMHBvc2l0aW9uJTNBJTIwcmVsYXRpdmUlM0IlMEElMjAlMjAlMjAlMjAlMjAlMjAlMjAlMjAlMjAlMjAlMjAlMjB0b3AlM0EwJTIxaW1wb3J0YW50JTNCJTBBJTIwJTIwJTIwJTIwJTIwJTIwJTIwJTIwJTdEJTBBJTIwJTIwJTIwJTIwJTIwJTIwJTIwJTIwLmJ0bi1vcGVuLXRhYmxlJTdCJTBBJTIwJTIwJTIwJTIwJTIwJTIwJTIwJTIwJTIwJTIwJTIwJTIwd2hpdGUtc3BhY2UlM0ElMjBub3JtYWwlM0IlMEElMjAlMjAlMjAlMjAlMjAlMjAlMjAlMjAlN0QlMEElMjAlMjAlMjAlMjAlM0MlMkZzdHlsZSUzRSUwQSUyMCUyMCUyMCUyMCUzQ3NjcmlwdCUyMGlkJTNEJTIyaWZyYW1lLXNjcmlwdCUyMiUyMGRlZmVyJTNEJTIyZGVmZXIlMjIlM0UlMEElMjAlMjAlMjAlMjAlMjAlMjAlMjAlMjB2YXIlMjBkb2N1bWVudEhlaWdodCUyMCUzRCUyMGRvY3VtZW50LnF1ZXJ5U2VsZWN0b3IlMjglMjJib2R5JTIyJTI5LnNjcm9sbEhlaWdodCUzQiUwQSUyMCUyMCUyMCUyMCUyMCUyMCUyMCUyMHdpbmRvdy51cGRhdGVJZnJhbWVIZWlnaHQlMjAlM0QlMjBmdW5jdGlvbiUyOGluaXQlMjAlM0QlMjBmYWxzZSUyOSUyMCU3QiUwQSUyMCUyMCUyMCUyMCUyMCUyMCUyMCUyMCUyMCUyMCUyMCUyMHZhciUyMG5ld0RvY3VtZW50SGVpZ2h0JTIwJTNEJTIwZG9jdW1lbnQucXVlcnlTZWxlY3RvciUyOCUyMmJvZHklMjAlM0UlMjBkaXYlMjIlMjkuc2Nyb2xsSGVpZ2h0JTNCJTBBJTIwJTIwJTIwJTIwJTIwJTIwJTIwJTIwJTIwJTIwJTIwJTIwdmFyJTIwaGVpZ2h0RGlmZiUyMCUzRCUyMGRvY3VtZW50SGVpZ2h0JTIwLSUyMG5ld0RvY3VtZW50SGVpZ2h0JTNCJTBBJTIwJTIwJTIwJTIwJTBBJTIwJTIwJTIwJTIwJTIwJTIwJTIwJTIwJTIwJTIwJTIwJTIwaWYlMjAlMjhpbml0JTI5JTIwJTdCJTBBJTIwJTIwJTIwJTIwJTIwJTIwJTIwJTIwJTIwJTIwJTIwJTIwJTIwJTIwJTIwJTIwcGFyZW50LnBvc3RNZXNzYWdlJTI4SlNPTi5zdHJpbmdpZnklMjglN0IlMEElMjAlMjAlMjAlMjAlMjAlMjAlMjAlMjAlMjAlMjAlMjAlMjAlMjAlMjAlMjAlMjAlMjAlMjAlMjAlMjBibG9ja0lkJTNBJTIwJTIyYmxvY2tfMWFkN2RkMWZhMTBmMmZhMzc3ODg3ZDQ3ODM3Yzc2YjklMjIlMkMlMEElMjAlMjAlMjAlMjAlMjAlMjAlMjAlMjAlMjAlMjAlMjAlMjAlMjAlMjAlMjAlMjAlMjAlMjAlMjAlMjBoZWlnaHQlM0ElMjBkb2N1bWVudEhlaWdodCUyQyUwQSUyMCUyMCUyMCUyMCUyMCUyMCUyMCUyMCUyMCUyMCUyMCUyMCUyMCUyMCUyMCUyMCUyMCUyMCUyMCUyMG1lc3NhZ2VUeXBlJTNBJTIwJTIyaW5pdCUyMiUwQSUyMCUyMCUyMCUyMCUyMCUyMCUyMCUyMCUyMCUyMCUyMCUyMCUyMCUyMCUyMCUyMCU3RCUyOSUyQyUyMiUyQSUyMiUyOSUzQiUwQSUyMCUyMCUyMCUyMCUyMCUyMCUyMCUyMCUyMCUyMCUyMCUyMCU3RCUwQSUyMCUyMCUyMCUyMCUyMCUyMCUyMCUyMCUyMCUyMCUyMCUyMGVsc2UlMjBpZiUyMCUyOCUyMGhlaWdodERpZmYlMjAlM0UlMjA1JTIwJTdDJTdDJTIwaGVpZ2h0RGlmZiUyMCUzQyUyMC01JTIwJTI5JTIwJTdCJTBBJTIwJTIwJTIwJTIwJTIwJTIwJTIwJTIwJTIwJTIwJTIwJTIwJTIwJTIwJTIwJTIwZG9jdW1lbnRIZWlnaHQlMjAlM0QlMjBuZXdEb2N1bWVudEhlaWdodCUzQiUwQSUyMCUyMCUyMCUyMCUyMCUyMCUyMCUyMCUyMCUyMCUyMCUyMCUyMCUyMCUyMCUyMHBhcmVudC5wb3N0TWVzc2FnZSUyOEpTT04uc3RyaW5naWZ5JTI4JTdCJTBBJTIwJTIwJTIwJTIwJTIwJTIwJTIwJTIwJTIwJTIwJTIwJTIwJTIwJTIwJTIwJTIwJTIwJTIwJTIwJTIwYmxvY2tJZCUzQSUyMCUyMmJsb2NrXzFhZDdkZDFmYTEwZjJmYTM3Nzg4N2Q0NzgzN2M3NmI5JTIyJTJDJTBBJTIwJTIwJTIwJTIwJTIwJTIwJTIwJTIwJTIwJTIwJTIwJTIwJTIwJTIwJTIwJTIwJTIwJTIwJTIwJTIwaGVpZ2h0JTNBJTIwZG9jdW1lbnRIZWlnaHQlMkMlMEElMjAlMjAlMjAlMjAlMjAlMjAlMjAlMjAlMjAlMjAlMjAlMjAlMjAlMjAlMjAlMjAlMjAlMjAlMjAlMjBtZXNzYWdlVHlwZSUzQSUyMCUyMnJlc2l6ZSUyMiUwQSUyMCUyMCUyMCUyMCUyMCUyMCUyMCUyMCUyMCUyMCUyMCUyMCUyMCUyMCUyMCUyMCU3RCUyOSUyQyUyMiUyQSUyMiUyOSUzQiUwQSUyMCUyMCUyMCUyMCUyMCUyMCUyMCUyMCUyMCUyMCUyMCUyMCU3RCUwQSUyMCUyMCUyMCUyMCUyMCUyMCUyMCUyMCU3RCUwQSUyMCUyMCUyMCUyMCUyMCUyMCUyMCUyMCUwQSUyMCUyMCUyMCUyMCUyMCUyMCUyMCUyMCUyRiUyRiUyMElFJTIwbm90JTIwc3VwcG9ydGVkJTBBJTIwJTIwJTIwJTIwJTIwJTIwJTIwJTIwaWYlMjAlMjh0eXBlb2YlMjBSZXNpemVPYnNlcnZlciUyMCUyMSUzRCUzRCUyMHVuZGVmaW5lZCUyOSUyMCU3QiUwQSUyMCUyMCUyMCUyMCUyMCUyMCUyMCUyMCUyMCUyMCUyMCUyMHZhciUyMHJlc2l6ZU9ic2VydmVyJTIwJTNEJTIwbmV3JTIwUmVzaXplT2JzZXJ2ZXIlMjhmdW5jdGlvbiUyOGVudHJpZXMlMjklMjAlN0IlMEElMjAlMjAlMjAlMjAlMjAlMjAlMjAlMjAlMjAlMjAlMjAlMjAlMjAlMjB3aW5kb3cudXBkYXRlSWZyYW1lSGVpZ2h0JTI4JTI5JTNCJTBBJTIwJTIwJTIwJTIwJTIwJTIwJTIwJTIwJTIwJTIwJTIwJTIwJTdEJTI5JTNCJTBBJTIwJTIwJTIwJTIwJTBBJTIwJTIwJTIwJTIwJTIwJTIwJTIwJTIwJTIwJTIwJTIwJTIwdmFyJTIwZGl2RWxlbSUyMCUzRCUyMGRvY3VtZW50LnF1ZXJ5U2VsZWN0b3IlMjglMjJib2R5JTIwJTNFJTIwZGl2JTIyJTI5JTNCJTBBJTIwJTIwJTIwJTIwJTIwJTIwJTIwJTIwJTIwJTIwJTIwJTIwcmVzaXplT2JzZXJ2ZXIub2JzZXJ2ZSUyOGRpdkVsZW0lMjklM0IlMEElMjAlMjAlMjAlMjAlMjAlMjAlMjAlMjAlN0QlMEElMjAlMjAlMjAlMjAlMEElMjAlMjAlMjAlMjAlMjAlMjAlMjAlMjB3aW5kb3cub25yZXNpemUlMjAlM0QlMjBmdW5jdGlvbiUyOCUyOSUyMCU3QiUwQSUyMCUyMCUyMCUyMCUyMCUyMCUyMCUyMCUyMCUyMCUyMCUyMHdpbmRvdy51cGRhdGVJZnJhbWVIZWlnaHQlMjglMjklM0IlMEElMjAlMjAlMjAlMjAlMjAlMjAlMjAlMjAlN0QlM0IlMEElMjAlMjAlMjAlMjAlMjAlMjAlMjAlMjAlMEElMjAlMjAlMjAlMjAlMjAlMjAlMjAlMjB3aW5kb3cub25jbGljayUyMCUzRCUyMGZ1bmN0aW9uJTI4ZSUyOSUyMCU3QiUwQSUyMCUyMCUyMCUyMCUyMCUyMCUyMCUyMCUyMCUyMCUyMCUyMHNldFRpbWVvdXQlMjhmdW5jdGlvbiUyOCUyOSUyMCU3QiUwQSUyMCUyMCUyMCUyMCUyMCUyMCUyMCUyMCUyMCUyMCUyMCUyMCUyMCUyMCUyMCUyMHdpbmRvdy51cGRhdGVJZnJhbWVIZWlnaHQlMjglMjklM0IlMEElMjAlMjAlMjAlMjAlMjAlMjAlMjAlMjAlMjAlMjAlMjAlMjAlN0QlMkMlMjAxMDAlMjklM0IlMEElMjAlMjAlMjAlMjAlMjAlMjAlMjAlMjAlMjAlMjAlMjAlMjAlMEElMjAlMjAlMjAlMjAlMjAlMjAlMjAlMjAlMjAlMjAlMjAlMjB2YXIlMjB0YXJnZXQlMjAlM0QlMjBlJTIwJTI2JTI2JTIwZS50YXJnZXQlM0IlMEElMjAlMjAlMjAlMjAlMjAlMjAlMjAlMjAlMjAlMjAlMjAlMjBpZiUyMCUyOHRhcmdldCUyOSUyMCU3QiUwQSUyMCUyMCUyMCUyMCUyMCUyMCUyMCUyMCUyMCUyMCUyMCUyMCUyMCUyMCUyMCUyMHZhciUyMGhyZWYlMjAlM0QlMjB0YXJnZXQuZ2V0QXR0cmlidXRlJTI4JTIyaHJlZiUyMiUyOSUzQiUyMCUwQSUyMCUyMCUyMCUyMCUyMCUyMCUyMCUyMCUyMCUyMCUyMCUyMCUyMCUyMCUyMCUyMCUwQSUyMCUyMCUyMCUyMCUyMCUyMCUyMCUyMCUyMCUyMCUyMCUyMCUyMCUyMCUyMCUyMGlmJTIwJTI4aHJlZiUyOSUyMCU3QiUwQSUyMCUyMCUyMCUyMCUyMCUyMCUyMCUyMCUyMCUyMCUyMCUyMCUyMCUyMCUyMCUyMCUyMCUyMCUyMCUyMHBhcmVudC5wb3N0TWVzc2FnZSUyOEpTT04uc3RyaW5naWZ5JTI4JTdCJTBBJTIwJTIwJTIwJTIwJTIwJTIwJTIwJTIwJTIwJTIwJTIwJTIwJTIwJTIwJTIwJTIwJTIwJTIwJTIwJTIwJTIwJTIwJTIwJTIwYmxvY2tJZCUzQSUyMCUyMmJsb2NrXzFhZDdkZDFmYTEwZjJmYTM3Nzg4N2Q0NzgzN2M3NmI5JTIyJTJDJTBBJTIwJTIwJTIwJTIwJTIwJTIwJTIwJTIwJTIwJTIwJTIwJTIwJTIwJTIwJTIwJTIwJTIwJTIwJTIwJTIwJTIwJTIwJTIwJTIwaGVpZ2h0JTNBJTIwZG9jdW1lbnRIZWlnaHQlMkMlMEElMjAlMjAlMjAlMjAlMjAlMjAlMjAlMjAlMjAlMjAlMjAlMjAlMjAlMjAlMjAlMjAlMjAlMjAlMjAlMjAlMjAlMjAlMjAlMjBocmVmJTNBJTIwaHJlZiUyQyUwQSUyMCUyMCUyMCUyMCUyMCUyMCUyMCUyMCUyMCUyMCUyMCUyMCUyMCUyMCUyMCUyMCUyMCUyMCUyMCUyMCUyMCUyMCUyMCUyMG1lc3NhZ2VUeXBlJTNBJTIwJTIyY2xpY2slMjIlMEElMjAlMjAlMjAlMjAlMjAlMjAlMjAlMjAlMjAlMjAlMjAlMjAlMjAlMjAlMjAlMjAlMjAlMjAlMjAlMjAlN0QlMjklMkMlMjIlMkElMjIlMjklM0IlMEElMjAlMjAlMjAlMjAlMjAlMjAlMjAlMjAlMjAlMjAlMjAlMjAlMjAlMjAlMjAlMjAlN0QlMEElMjAlMjAlMjAlMjAlMjAlMjAlMjAlMjAlMjAlMjAlMjAlMjAlN0QlMEElMjAlMjAlMjAlMjAlMjAlMjAlMjAlMjAlN0QlM0IlMEElMjAlMjAlMjAlMjAlMjAlMjAlMjAlMjAlMEElMjAlMjAlMjAlMjAlMjAlMjAlMjAlMjB3aW5kb3cudXBkYXRlSWZyYW1lSGVpZ2h0JTI4dHJ1ZSUyOSUzQiUwQSUyMCUyMCUyMCUyMCUyMCUyMCUyMCUyMCUwQSUyMCUyMCUyMCUyMCUyMCUyMCUyMCUyMHdpbmRvdy5hZGRFdmVudExpc3RlbmVyJTI4JTIybWVzc2FnZSUyMiUyQyUyMGZ1bmN0aW9uJTI4ZXZlbnQlMjklMjAlN0IlMEElMjAlMjAlMjAlMjAlMjAlMjAlMjAlMjAlMEElMjAlMjAlMjAlMjAlMjAlMjAlMjAlMjAlMjAlMjAlMjAlMjB2YXIlMjBtZXNzYWdlRGF0YSUyMCUzRCUyMEpTT04ucGFyc2UlMjhldmVudC5kYXRhJTI5JTNCJTBBJTIwJTIwJTIwJTIwJTIwJTIwJTIwJTIwJTIwJTIwJTIwJTIwdmFyJTIwcGhvbmVfbnVtYmVyJTIwJTNEJTIwbWVzc2FnZURhdGElMjAlMjYlMjYlMjBtZXNzYWdlRGF0YS5waG9uZU51bWJlciUzQiUwQSUyMCUyMCUyMCUyMCUyMCUyMCUyMCUyMCUyMCUyMCUyMCUyMCUwQSUyMCUyMCUyMCUyMCUyMCUyMCUyMCUyMCUyMCUyMCUyMCUyMGlmJTIwJTI4cGhvbmVfbnVtYmVyJTI5JTIwJTdCJTBBJTIwJTIwJTIwJTIwJTIwJTIwJTIwJTIwJTIwJTIwJTIwJTIwJTIwJTIwdmFyJTIwcGhvbmVfc3BhbnMlMjAlM0QlMjBkb2N1bWVudC5nZXRFbGVtZW50c0J5Q2xhc3NOYW1lJTI4JTIydHJhY2tpbmctcGhvbmUlMjIlMjklM0IlMEElMjAlMjAlMjAlMjAlMjAlMjAlMjAlMjAlMjAlMjAlMjAlMjAlMjAlMjBmb3IlMjAlMjh2YXIlMjBpJTIwJTNEJTIwMCUzQiUyMGklMjAlM0MlMjBwaG9uZV9zcGFucy5sZW5ndGglM0IlMjBpJTJCJTJCJTI5JTIwJTdCJTBBJTIwJTIwJTIwJTIwJTIwJTIwJTIwJTIwJTIwJTIwJTIwJTIwJTIwJTIwJTIwJTIwJTIwJTIwcGhvbmVfc3BhbnMlNUJpJTVELnRleHRDb250ZW50JTIwJTNEJTIwcGhvbmVfbnVtYmVyJTNCJTBBJTIwJTIwJTIwJTIwJTIwJTIwJTIwJTIwJTIwJTIwJTIwJTIwJTIwJTIwJTdEJTBBJTIwJTIwJTIwJTIwJTBBJTIwJTIwJTIwJTIwJTIwJTIwJTIwJTIwJTIwJTIwJTIwJTIwJTIwJTIwdmFyJTIwc3RyaXBwZWRfcGhvbmUlMjAlM0QlMjBwaG9uZV9udW1iZXIucmVwbGFjZSUyOCUyRiU1QiU1RTAtOSU1RCUyRmclMkMlMjAlMjIlMjIlMjklM0IlMEElMjAlMjAlMjAlMjAlMjAlMjAlMjAlMjAlMjAlMjAlMjAlMjAlMjAlMjBpZiUyMCUyOHN0cmlwcGVkX3Bob25lLmNoYXJBdCUyODAlMjklMjAlMjElM0QlM0QlMjAlMjIxJTIyJTI5JTIwJTdCJTBBJTIwJTIwJTIwJTIwJTIwJTIwJTIwJTIwJTIwJTIwJTIwJTIwJTIwJTIwJTIwJTIwJTIwJTIwc3RyaXBwZWRfcGhvbmUlMjAlM0QlMjAlMjJ0ZWwlM0ElMkIxJTIyJTIwJTJCJTIwc3RyaXBwZWRfcGhvbmUlMEElMjAlMjAlMjAlMjAlMjAlMjAlMjAlMjAlMjAlMjAlMjAlMjAlMjAlMjAlN0QlMjBlbHNlJTIwJTdCJTBBJTIwJTIwJTIwJTIwJTIwJTIwJTIwJTIwJTIwJTIwJTIwJTIwJTIwJTIwJTIwJTIwJTIwJTIwc3RyaXBwZWRfcGhvbmUlMjAlM0QlMjAlMjJ0ZWwlM0ElMkIxJTIyJTIwJTJCJTIwc3RyaXBwZWRfcGhvbmUlMEElMjAlMjAlMjAlMjAlMjAlMjAlMjAlMjAlMjAlMjAlMjAlMjAlMjAlMjAlN0QlMEElMjAlMjAlMjAlMjAlMEElMjAlMjAlMjAlMjAlMjAlMjAlMjAlMjAlMjAlMjAlMjAlMjAlMjAlMjB2YXIlMjBwaG9uZV9hX2NsaWNrcyUyMCUzRCUyMGRvY3VtZW50LmdldEVsZW1lbnRzQnlDbGFzc05hbWUlMjglMjJ0cmFja2luZy1waG9uZS1jbGljayUyMiUyOSUzQiUwQSUyMCUyMCUyMCUyMCUyMCUyMCUyMCUyMCUyMCUyMCUyMCUyMCUyMCUyMGZvciUyMCUyOHZhciUyMGklMjAlM0QlMjAwJTNCJTIwaSUyMCUzQyUyMHBob25lX2FfY2xpY2tzLmxlbmd0aCUzQiUyMGklMkIlMkIlMjklMjAlN0IlMEElMjAlMjAlMjAlMjAlMjAlMjAlMjAlMjAlMjAlMjAlMjAlMjAlMjAlMjAlMjAlMjAlMjAlMjBwaG9uZV9hX2NsaWNrcyU1QmklNUQuc2V0QXR0cmlidXRlJTI4JTIyaHJlZiUyMiUyQyUyMHN0cmlwcGVkX3Bob25lJTI5JTNCJTBBJTIwJTIwJTIwJTIwJTIwJTIwJTIwJTIwJTIwJTIwJTIwJTIwJTIwJTIwJTIwJTIwJTIwJTIwcGhvbmVfYV9jbGlja3MlNUJpJTVELmNsYXNzTGlzdC5hZGQlMjglMjJzaG93JTIyJTI5JTNCJTBBJTIwJTIwJTIwJTIwJTIwJTIwJTIwJTIwJTIwJTIwJTIwJTIwJTIwJTIwJTdEJTBBJTIwJTIwJTIwJTIwJTIwJTIwJTIwJTIwJTIwJTIwJTIwJTIwJTIwJTIwJTBBJTIwJTIwJTIwJTIwJTIwJTIwJTIwJTIwJTIwJTIwJTIwJTIwJTIwJTIwdmFyJTIwcGhvbmVfYV9jbGlja3MlMjAlM0QlMjBkb2N1bWVudC5nZXRFbGVtZW50c0J5Q2xhc3NOYW1lJTI4JTIybm8tdHJhY2tpbmctcGhvbmUtY2xpY2slMjIlMjklM0IlMEElMjAlMjAlMjAlMjAlMjAlMjAlMjAlMjAlMjAlMjAlMjAlMjAlMjAlMjBmb3IlMjAlMjh2YXIlMjBpJTIwJTNEJTIwMCUzQiUyMGklMjAlM0MlMjBwaG9uZV9hX2NsaWNrcy5sZW5ndGglM0IlMjBpJTJCJTJCJTI5JTIwJTdCJTBBJTIwJTIwJTIwJTIwJTIwJTIwJTIwJTIwJTIwJTIwJTIwJTIwJTIwJTIwJTIwJTIwJTIwJTIwcGhvbmVfYV9jbGlja3MlNUJpJTVELnNldEF0dHJpYnV0ZSUyOCUyMmhyZWYlMjIlMkMlMjBzdHJpcHBlZF9waG9uZSUyOSUzQiUwQSUyMCUyMCUyMCUyMCUyMCUyMCUyMCUyMCUyMCUyMCUyMCUyMCUyMCUyMCUyMCUyMCUyMCUyMHBob25lX2FfY2xpY2tzJTVCaSU1RC5jbGFzc0xpc3QuYWRkJTI4JTIyc2hvdyUyMiUyOSUzQiUwQSUyMCUyMCUyMCUyMCUyMCUyMCUyMCUyMCUyMCUyMCUyMCUyMCUyMCUyMCU3RCUwQSUyMCUyMCUyMCUyMCUyMCUyMCUyMCUyMCUyMCUyMCU3RCUwQSUyMCUyMCUyMCUyMCUyMCUyMCUyMCUyMCU3RCUyQyUyMGZhbHNlJTI5JTNCJTBBJTIwJTIwJTIwJTIwJTNDJTJGc2NyaXB0JTNFJTBBJTIwJTIwJTIwJTIw\";\n        var iframe = document.createElement('iframe');\n        var html = decodeURIComponent(atob(content));\n        var block = document.querySelector('[data-block-id=block_1ad7dd1fa10f2fa377887d47837c76b9]');\n\n        block.appendChild(iframe);\n        iframe.style.width = '100%';\n        iframe.title = \"block_1ad7dd1fa10f2fa377887d47837c76b9\";\n        iframe.loading = \"lazy\";\n        iframe.contentWindow.document.open();\n        iframe.contentWindow.document.write(html);\n        iframe.contentWindow.document.close();\n\n        var eventMethod = window.addEventListener ? \"addEventListener\" : \"attachEvent\";\n        var eventListener = window[eventMethod];\n        var messageEvent = eventMethod == \"attachEvent\" ? \"onmessage\" : \"message\";\n\n        eventListener(messageEvent,function(e) {\n\n            if ((typeof e.data === 'string') && e.data) {\n\n                var blockData = JSON.parse(e.data);\n                var { messageType, blockId, height, href = \"\" } = blockData;\n                var blockIframe = document.querySelector('[data-block-id=' + blockId + '] iframe');\n\n                blockIframe.height = height + 'px';\n                blockIframe.contentWindow.postMessage(JSON.stringify({\n                    phoneNumber: document.querySelector('.tracking-phone').innerHTML,\n                }));\n\n                if (href) {\n                    if (href.toLowerCase() === '#leadform' || href.toLowerCase() === '#lead-form') {\n                        document.querySelector(\"[data-modal-id=lead-form-template]\").click();\n                    }\n                }\n            }\n        },false);\n    <\/script>\n<\/div>\n<\/div>\n\n\n\n<h3 class=\"wp-block-heading\" id=\"La-estrategia-de-eliminacicn-de-la-deuda-correcta\">La estrategia de eliminaci\u00f3n de la deuda correcta<\/h3>\n\n\n\n<p>La deuda de la tarjeta de cr\u00e9dito siempre debe mantenerse a un m\u00ednimo. Idealmente, siempre debe pagar todo lo que ha cobrado en un mes antes del final del per\u00edodo de gracia para que pueda minimizar los cargos por inter\u00e9s y los cargos aplicados a las compras que realice con una tarjeta de cr\u00e9dito.<\/p>\n\n\n\n<p>Con esto en mente, los pagos con tarjeta de cr\u00e9dito son un gasto&nbsp;<strong><em>flexible&nbsp;<\/em><\/strong>en su presupuesto, porque cu\u00e1nto usted necesita pagar cada mes depende de cu\u00e1nto usted deba. En otras palabras, la cantidad que gasta en los pagos de la deuda de tarjeta de cr\u00e9dito cada mes puede variar en funci\u00f3n de cu\u00e1nto cobr\u00f3 ese mes.<\/p>\n\n\n\n<p>Por otra parte, si tiene saldos existentes que deben pagarse r\u00e1pidamente, lo mejor es establecer&nbsp;<strong><em>pagos fijos&nbsp;<\/em><\/strong>en su presupuesto. Aqu\u00ed es donde determina cu\u00e1nto puede pagar para eliminar la deuda de tarjeta de cr\u00e9dito cada mes y, a continuaci\u00f3n, establecer esta cantidad como un gasto fijo en su presupuesto. Usted paga esa cantidad cada mes hasta que su deuda se elimina completamente.<\/p>\n\n\n\n<p>Tambi\u00e9n tenga en cuenta que necesita para hacer una estrategia espec\u00edfica que paga la deuda de la manera m\u00e1s eficiente posible si usted est\u00e1 llevando mes a mes saldos de tarjetas de cr\u00e9dito en varias tarjetas a la vez. Usted debe hacer los pagos requeridos de todas sus deudas pendientes excepto una, entonces ese dinero extra que usted ha asignado va a hacer el pago m\u00e1s grande posible en una deuda.<\/p>\n\n\n\n<p>Esto se conoce como una estrategia de reducci\u00f3n de la deuda. Puede comenzar con su mayor tipo de inter\u00e9s primero para ahorrar dinero o comenzar con su saldo m\u00e1s bajo si Usted desea comenzar a eliminar cuentas m\u00e1s peque\u00f1as para construir el impulso para sus deudas m\u00e1s grandes. Entonces, una vez que haya eliminado todas sus deudas, puede iniciar una estrategia de gesti\u00f3n del dinero que paga su deuda de tarjeta de cr\u00e9dito en pleno cada mes.<\/p>\n\n\n\n<h3 class=\"wp-block-heading\" id=\"Cuanto-tiempo-se-tarda-en-pagar-la-deuda-de-tarjetas-de-credito\">\u00bfCu\u00e1nto tiempo se tarda en pagar la deuda de tarjetas de cr\u00e9dito?<\/h3>\n\n\n\n<p>La regla de oro para la deuda es que usted debe ser capaz de crear una estrategia que le permite pagar todo lo que ha prestado dentro de 60 pagos o menos. En otras palabras, debe ser capaz de eliminar toda su deuda de tarjeta de cr\u00e9dito dentro de 5 a\u00f1os o menos.<\/p>\n\n\n\n<p>Si no puede desarrollar una manera de hacerlo dentro de los l\u00edmites de su presupuesto, entonces usted tiene que buscar un medio alternativo de alivio de la deuda. Eso puede significar encontrar una soluci\u00f3n de consolidaci\u00f3n de deudas por s\u00ed mismo o usar una soluci\u00f3n de consolidaci\u00f3n de deudas por s\u00ed mismo. Inscribirse en un programa de gesti\u00f3n de la deuda a trav\u00e9s de una agencia de asesor\u00eda de cr\u00e9dito. Haces esto para encontrar una manera m\u00e1s f\u00e1cil y r\u00e1pida de recuperar la estabilidad financiera mientras minimizas el dinero gastado en cargos por intereses y cargos por tarjeta de cr\u00e9dito. De lo contrario, incluso si usted puede pagar lo que debe en m\u00e1s de cinco a\u00f1os, no est\u00e1 haciendo su presupuesto cualquier favor porque est\u00e1 permitiendo que la deuda para persistir durante demasiado tiempo.<\/p>\n","protected":false},"excerpt":{"rendered":"<p>Vea cu\u00e1nto tiempo le tomar\u00e1 pagar su deuda y hacer planes para salir adelante \u00bfSabe cu\u00e1nto tiempo tardar\u00e1 en pagar sus deudas de tarjetas de cr\u00e9dito? \u00a1Estamos aqu\u00ed para ayudar! Esta pr\u00e1ctica calculadora de deuda le permite determinar exactamente cu\u00e1nto tiempo le tomar\u00e1 pagar totalmente sus deudas, haci\u00e9ndolo por su cuenta, y asumiendo que no [&hellip;]<\/p>\n","protected":false},"author":1,"featured_media":9344,"parent":5269,"menu_order":0,"comment_status":"closed","ping_status":"closed","template":"page-sidebar","meta":{"_acf_changed":false,"footnotes":""},"categories":[],"tags":[15],"class_list":["post-5278","page","type-page","status-publish","has-post-thumbnail","hentry","tag-deuda"],"acf":[],"featured_image_src":"https:\/\/branded.financialwellnessforyou.com\/wp-content\/uploads\/sites\/7\/2023\/06\/credit-card-debt.jpg","featured_image_src_square":"https:\/\/branded.financialwellnessforyou.com\/wp-content\/uploads\/sites\/7\/2023\/06\/credit-card-debt.jpg","_links":{"self":[{"href":"https:\/\/branded.financialwellnessforyou.com\/es\/wp-json\/wp\/v2\/pages\/5278","targetHints":{"allow":["GET"]}}],"collection":[{"href":"https:\/\/branded.financialwellnessforyou.com\/es\/wp-json\/wp\/v2\/pages"}],"about":[{"href":"https:\/\/branded.financialwellnessforyou.com\/es\/wp-json\/wp\/v2\/types\/page"}],"author":[{"embeddable":true,"href":"https:\/\/branded.financialwellnessforyou.com\/es\/wp-json\/wp\/v2\/users\/1"}],"replies":[{"embeddable":true,"href":"https:\/\/branded.financialwellnessforyou.com\/es\/wp-json\/wp\/v2\/comments?post=5278"}],"version-history":[{"count":2,"href":"https:\/\/branded.financialwellnessforyou.com\/es\/wp-json\/wp\/v2\/pages\/5278\/revisions"}],"predecessor-version":[{"id":9431,"href":"https:\/\/branded.financialwellnessforyou.com\/es\/wp-json\/wp\/v2\/pages\/5278\/revisions\/9431"}],"up":[{"embeddable":true,"href":"https:\/\/branded.financialwellnessforyou.com\/es\/wp-json\/wp\/v2\/pages\/5269"}],"wp:featuredmedia":[{"embeddable":true,"href":"https:\/\/branded.financialwellnessforyou.com\/es\/wp-json\/wp\/v2\/media\/9344"}],"wp:attachment":[{"href":"https:\/\/branded.financialwellnessforyou.com\/es\/wp-json\/wp\/v2\/media?parent=5278"}],"wp:term":[{"taxonomy":"category","embeddable":true,"href":"https:\/\/branded.financialwellnessforyou.com\/es\/wp-json\/wp\/v2\/categories?post=5278"},{"taxonomy":"post_tag","embeddable":true,"href":"https:\/\/branded.financialwellnessforyou.com\/es\/wp-json\/wp\/v2\/tags?post=5278"}],"curies":[{"name":"wp","href":"https:\/\/api.w.org\/{rel}","templated":true}]}}