{"id":5289,"date":"2023-02-02T21:57:52","date_gmt":"2023-02-02T21:57:52","guid":{"rendered":"https:\/\/demo123.kofetime.com\/aprende-ahora\/calculadoras-financieras\/calculadora-de-pago-fijo\/"},"modified":"2023-06-19T15:54:08","modified_gmt":"2023-06-19T15:54:08","slug":"calculadora-de-pago-fijo","status":"publish","type":"page","link":"https:\/\/branded.financialwellnessforyou.com\/es\/aprende-ahora\/calculadoras-financieras\/calculadora-de-pago-fijo\/","title":{"rendered":"Calculadora de pago fijo"},"content":{"rendered":"\n<h2 class=\"wp-block-heading\" id=\"Encuentre-los-pagos-mensuales-correctos\">\u00a1Encuentre los pagos mensuales correctos que se ajusten a su presupuesto y pague su deuda de manera m\u00e1s r\u00e1pida!<\/h2>\n\n\n\n<p>Si mantiene saldos de tarjeta de cr\u00e9dito todos los meses, podr\u00eda beneficiarse de realizar pagos fijos hasta que pague la deuda. En lugar de seguir el plan de pago m\u00ednimo, que no est\u00e1 dise\u00f1ado para pagar la deuda de manera eficiente, podr\u00e1 encontrar un monto fijo que funcione para su presupuesto. De esta forma, puede pagar saldos de tarjetas de cr\u00e9dito lo m\u00e1s r\u00e1pido posible para eliminar su deuda r\u00e1pidamente. Esta calculadora de pago fijo es gratuita, usted puede usarla cuando la necesite y puede ayudarlo a encontrar los pagos correctos para satisfacer sus necesidades.<\/p>\n\n\n\n<div id=\"Calculadora-de-pago-fijo\" class=\"wp-block-group has-global-padding is-layout-constrained wp-block-group-is-layout-constrained\">\n<h2 class=\"wp-block-heading hidden\" id=\"Calculadora-de-pago-fijo\">Calculadora de pago fijo<\/h2>\n\n\n\n<div class=\"block-calculator\" data-block-id=\"block_4aa47b0803d22ab3c05c3c097f2e8753\">\n    <script id=\"block_4aa47b0803d22ab3c05c3c097f2e8753-js\" defer=\"defer\">\n        var content = \"JTBBJTIwJTIwJTIwJTIwJTNDbGluayUyMHJlbCUzRCUyMnN0eWxlc2hlZXQlMjIlMjBocmVmJTNEJTIyaHR0cHMlM0ElMkYlMkZ3d3cuY29uc29saWRhdGVkY3JlZGl0Lm9yZyUyRndwLWNvbnRlbnQlMkZ0aGVtZXMlMkZjY3VzLW1sJTJGZGlzdCUyRmJ1bmRsZS5taW4uY3NzJTIyJTIwY3Jvc3NvcmlnaW4lM0QlMjJhbm9ueW1vdXMlMjIlM0UlMEElMjAlMjAlMjAlMjAlM0NkaXYlMjBpZCUzRCUyMkNDUGF5T2ZmRml4ZWQlMjIlMjBjbGFzcyUzRCUyMnB0LTUlMjIlM0UlM0MlMkZkaXYlM0UlMEQlMEElM0NzY3JpcHQlMjBkYXRhLW1pbmlmeSUzRCUyMjElMjIlMjBzcmMlM0QlMjJodHRwcyUzQSUyRiUyRnJlc291cmNlcy52ZW50dXJldGVjaHNvbHV0aW9ucy5jb20lMkZjYWxjdWxhdG9ycyUyRnZ0LWNyZWRpdC1jYXJkLXBheW9mZi1maXhlZC1wYXltZW50LWNhbGN1bGF0b3IlMkZidW5kbGUubWluLmpzJTIyJTNFJTNDJTJGc2NyaXB0JTNFJTBEJTBBJTNDc2NyaXB0JTIwdHlwZSUzRCUyMmFwcGxpY2F0aW9uJTJGamF2YXNjcmlwdCUyMiUzRSUwRCUwQSUyMCUyMCUyMCUyMFZUQ0NQYXlvZmZGaXhlZFBheW1lbnRDYWxjdWxhdG9yLmluaXQlMjglN0IlMjJzZWxlY3RvciUyMiUzQSUyMkNDUGF5T2ZmRml4ZWQlMjIlMkMlMEQlMEElMjAlMjAlMjAlMjAlMjAlMjAlMjAlMjAlMjJ0aXRsZSUyMiUzQSUyMkNhbGN1bGFkb3JhJTIwZGUlMjBwYWdvJTIwZmlqbyUyMiUyQyUwRCUwQSUyMCUyMCUyMCUyMCUyMCUyMCUyMCUyMCUyMmxhbiUyMiUzQSUyMmVzJTIyJTJDJTBEJTBBJTIwJTIwJTIwJTIwJTIwJTIwJTIwJTIwJTIyc2hvd0NhcmQlMjIlM0FmYWxzZSUyQyUwRCUwQSUyMCUyMCUyMCUyMCUyMCUyMCUyMCUyMCUyMnJlZ2lvbiUyMiUzQSUyMnVzJTIyJTdEJTI5JTNCJTBEJTBBJTNDJTJGc2NyaXB0JTNFJTBBJTIwJTIwJTIwJTIwJTNDc3R5bGUlMjBpZCUzRCUyMmlmcmFtZS1zdHlsZXMlMjIlM0UlMEElMjAlMjAlMjAlMjAlMjAlMjAlMjAlMjBib2R5JTIwJTdCJTIwcGFkZGluZy10b3AlM0ElMjAwJTNCJTIwb3ZlcmZsb3clM0ElMjBoaWRkZW4lM0IlN0QlMEElMjAlMjAlMjAlMjAlMjAlMjAlMjAlMjAuYnRuLW9wZW4tdGFibGUlMjBpJTdCJTBBJTIwJTIwJTIwJTIwJTIwJTIwJTIwJTIwJTIwJTIwJTIwJTIwcG9zaXRpb24lM0ElMjByZWxhdGl2ZSUzQiUwQSUyMCUyMCUyMCUyMCUyMCUyMCUyMCUyMCUyMCUyMCUyMCUyMHRvcCUzQTAlMjFpbXBvcnRhbnQlM0IlMEElMjAlMjAlMjAlMjAlMjAlMjAlMjAlMjAlN0QlMEElMjAlMjAlMjAlMjAlMjAlMjAlMjAlMjAuYnRuLW9wZW4tdGFibGUlN0IlMEElMjAlMjAlMjAlMjAlMjAlMjAlMjAlMjAlMjAlMjAlMjAlMjB3aGl0ZS1zcGFjZSUzQSUyMG5vcm1hbCUzQiUwQSUyMCUyMCUyMCUyMCUyMCUyMCUyMCUyMCU3RCUwQSUyMCUyMCUyMCUyMCUzQyUyRnN0eWxlJTNFJTBBJTIwJTIwJTIwJTIwJTNDc2NyaXB0JTIwaWQlM0QlMjJpZnJhbWUtc2NyaXB0JTIyJTIwZGVmZXIlM0QlMjJkZWZlciUyMiUzRSUwQSUyMCUyMCUyMCUyMCUyMCUyMCUyMCUyMHZhciUyMGRvY3VtZW50SGVpZ2h0JTIwJTNEJTIwZG9jdW1lbnQucXVlcnlTZWxlY3RvciUyOCUyMmJvZHklMjIlMjkuc2Nyb2xsSGVpZ2h0JTNCJTBBJTIwJTIwJTIwJTIwJTIwJTIwJTIwJTIwd2luZG93LnVwZGF0ZUlmcmFtZUhlaWdodCUyMCUzRCUyMGZ1bmN0aW9uJTI4aW5pdCUyMCUzRCUyMGZhbHNlJTI5JTIwJTdCJTBBJTIwJTIwJTIwJTIwJTIwJTIwJTIwJTIwJTIwJTIwJTIwJTIwdmFyJTIwbmV3RG9jdW1lbnRIZWlnaHQlMjAlM0QlMjBkb2N1bWVudC5xdWVyeVNlbGVjdG9yJTI4JTIyYm9keSUyMCUzRSUyMGRpdiUyMiUyOS5zY3JvbGxIZWlnaHQlM0IlMEElMjAlMjAlMjAlMjAlMjAlMjAlMjAlMjAlMjAlMjAlMjAlMjB2YXIlMjBoZWlnaHREaWZmJTIwJTNEJTIwZG9jdW1lbnRIZWlnaHQlMjAtJTIwbmV3RG9jdW1lbnRIZWlnaHQlM0IlMEElMjAlMjAlMjAlMjAlMEElMjAlMjAlMjAlMjAlMjAlMjAlMjAlMjAlMjAlMjAlMjAlMjBpZiUyMCUyOGluaXQlMjklMjAlN0IlMEElMjAlMjAlMjAlMjAlMjAlMjAlMjAlMjAlMjAlMjAlMjAlMjAlMjAlMjAlMjAlMjBwYXJlbnQucG9zdE1lc3NhZ2UlMjhKU09OLnN0cmluZ2lmeSUyOCU3QiUwQSUyMCUyMCUyMCUyMCUyMCUyMCUyMCUyMCUyMCUyMCUyMCUyMCUyMCUyMCUyMCUyMCUyMCUyMCUyMCUyMGJsb2NrSWQlM0ElMjAlMjJibG9ja180YWE0N2IwODAzZDIyYWIzYzA1YzNjMDk3ZjJlODc1MyUyMiUyQyUwQSUyMCUyMCUyMCUyMCUyMCUyMCUyMCUyMCUyMCUyMCUyMCUyMCUyMCUyMCUyMCUyMCUyMCUyMCUyMCUyMGhlaWdodCUzQSUyMGRvY3VtZW50SGVpZ2h0JTJDJTBBJTIwJTIwJTIwJTIwJTIwJTIwJTIwJTIwJTIwJTIwJTIwJTIwJTIwJTIwJTIwJTIwJTIwJTIwJTIwJTIwbWVzc2FnZVR5cGUlM0ElMjAlMjJpbml0JTIyJTBBJTIwJTIwJTIwJTIwJTIwJTIwJTIwJTIwJTIwJTIwJTIwJTIwJTIwJTIwJTIwJTIwJTdEJTI5JTJDJTIyJTJBJTIyJTI5JTNCJTBBJTIwJTIwJTIwJTIwJTIwJTIwJTIwJTIwJTIwJTIwJTIwJTIwJTdEJTBBJTIwJTIwJTIwJTIwJTIwJTIwJTIwJTIwJTIwJTIwJTIwJTIwZWxzZSUyMGlmJTIwJTI4JTIwaGVpZ2h0RGlmZiUyMCUzRSUyMDUlMjAlN0MlN0MlMjBoZWlnaHREaWZmJTIwJTNDJTIwLTUlMjAlMjklMjAlN0IlMEElMjAlMjAlMjAlMjAlMjAlMjAlMjAlMjAlMjAlMjAlMjAlMjAlMjAlMjAlMjAlMjBkb2N1bWVudEhlaWdodCUyMCUzRCUyMG5ld0RvY3VtZW50SGVpZ2h0JTNCJTBBJTIwJTIwJTIwJTIwJTIwJTIwJTIwJTIwJTIwJTIwJTIwJTIwJTIwJTIwJTIwJTIwcGFyZW50LnBvc3RNZXNzYWdlJTI4SlNPTi5zdHJpbmdpZnklMjglN0IlMEElMjAlMjAlMjAlMjAlMjAlMjAlMjAlMjAlMjAlMjAlMjAlMjAlMjAlMjAlMjAlMjAlMjAlMjAlMjAlMjBibG9ja0lkJTNBJTIwJTIyYmxvY2tfNGFhNDdiMDgwM2QyMmFiM2MwNWMzYzA5N2YyZTg3NTMlMjIlMkMlMEElMjAlMjAlMjAlMjAlMjAlMjAlMjAlMjAlMjAlMjAlMjAlMjAlMjAlMjAlMjAlMjAlMjAlMjAlMjAlMjBoZWlnaHQlM0ElMjBkb2N1bWVudEhlaWdodCUyQyUwQSUyMCUyMCUyMCUyMCUyMCUyMCUyMCUyMCUyMCUyMCUyMCUyMCUyMCUyMCUyMCUyMCUyMCUyMCUyMCUyMG1lc3NhZ2VUeXBlJTNBJTIwJTIycmVzaXplJTIyJTBBJTIwJTIwJTIwJTIwJTIwJTIwJTIwJTIwJTIwJTIwJTIwJTIwJTIwJTIwJTIwJTIwJTdEJTI5JTJDJTIyJTJBJTIyJTI5JTNCJTBBJTIwJTIwJTIwJTIwJTIwJTIwJTIwJTIwJTIwJTIwJTIwJTIwJTdEJTBBJTIwJTIwJTIwJTIwJTIwJTIwJTIwJTIwJTdEJTBBJTIwJTIwJTIwJTIwJTIwJTIwJTIwJTIwJTBBJTIwJTIwJTIwJTIwJTIwJTIwJTIwJTIwJTJGJTJGJTIwSUUlMjBub3QlMjBzdXBwb3J0ZWQlMEElMjAlMjAlMjAlMjAlMjAlMjAlMjAlMjBpZiUyMCUyOHR5cGVvZiUyMFJlc2l6ZU9ic2VydmVyJTIwJTIxJTNEJTNEJTIwdW5kZWZpbmVkJTI5JTIwJTdCJTBBJTIwJTIwJTIwJTIwJTIwJTIwJTIwJTIwJTIwJTIwJTIwJTIwdmFyJTIwcmVzaXplT2JzZXJ2ZXIlMjAlM0QlMjBuZXclMjBSZXNpemVPYnNlcnZlciUyOGZ1bmN0aW9uJTI4ZW50cmllcyUyOSUyMCU3QiUwQSUyMCUyMCUyMCUyMCUyMCUyMCUyMCUyMCUyMCUyMCUyMCUyMCUyMCUyMHdpbmRvdy51cGRhdGVJZnJhbWVIZWlnaHQlMjglMjklM0IlMEElMjAlMjAlMjAlMjAlMjAlMjAlMjAlMjAlMjAlMjAlMjAlMjAlN0QlMjklM0IlMEElMjAlMjAlMjAlMjAlMEElMjAlMjAlMjAlMjAlMjAlMjAlMjAlMjAlMjAlMjAlMjAlMjB2YXIlMjBkaXZFbGVtJTIwJTNEJTIwZG9jdW1lbnQucXVlcnlTZWxlY3RvciUyOCUyMmJvZHklMjAlM0UlMjBkaXYlMjIlMjklM0IlMEElMjAlMjAlMjAlMjAlMjAlMjAlMjAlMjAlMjAlMjAlMjAlMjByZXNpemVPYnNlcnZlci5vYnNlcnZlJTI4ZGl2RWxlbSUyOSUzQiUwQSUyMCUyMCUyMCUyMCUyMCUyMCUyMCUyMCU3RCUwQSUyMCUyMCUyMCUyMCUwQSUyMCUyMCUyMCUyMCUyMCUyMCUyMCUyMHdpbmRvdy5vbnJlc2l6ZSUyMCUzRCUyMGZ1bmN0aW9uJTI4JTI5JTIwJTdCJTBBJTIwJTIwJTIwJTIwJTIwJTIwJTIwJTIwJTIwJTIwJTIwJTIwd2luZG93LnVwZGF0ZUlmcmFtZUhlaWdodCUyOCUyOSUzQiUwQSUyMCUyMCUyMCUyMCUyMCUyMCUyMCUyMCU3RCUzQiUwQSUyMCUyMCUyMCUyMCUyMCUyMCUyMCUyMCUwQSUyMCUyMCUyMCUyMCUyMCUyMCUyMCUyMHdpbmRvdy5vbmNsaWNrJTIwJTNEJTIwZnVuY3Rpb24lMjhlJTI5JTIwJTdCJTBBJTIwJTIwJTIwJTIwJTIwJTIwJTIwJTIwJTIwJTIwJTIwJTIwc2V0VGltZW91dCUyOGZ1bmN0aW9uJTI4JTI5JTIwJTdCJTBBJTIwJTIwJTIwJTIwJTIwJTIwJTIwJTIwJTIwJTIwJTIwJTIwJTIwJTIwJTIwJTIwd2luZG93LnVwZGF0ZUlmcmFtZUhlaWdodCUyOCUyOSUzQiUwQSUyMCUyMCUyMCUyMCUyMCUyMCUyMCUyMCUyMCUyMCUyMCUyMCU3RCUyQyUyMDEwMCUyOSUzQiUwQSUyMCUyMCUyMCUyMCUyMCUyMCUyMCUyMCUyMCUyMCUyMCUyMCUwQSUyMCUyMCUyMCUyMCUyMCUyMCUyMCUyMCUyMCUyMCUyMCUyMHZhciUyMHRhcmdldCUyMCUzRCUyMGUlMjAlMjYlMjYlMjBlLnRhcmdldCUzQiUwQSUyMCUyMCUyMCUyMCUyMCUyMCUyMCUyMCUyMCUyMCUyMCUyMGlmJTIwJTI4dGFyZ2V0JTI5JTIwJTdCJTBBJTIwJTIwJTIwJTIwJTIwJTIwJTIwJTIwJTIwJTIwJTIwJTIwJTIwJTIwJTIwJTIwdmFyJTIwaHJlZiUyMCUzRCUyMHRhcmdldC5nZXRBdHRyaWJ1dGUlMjglMjJocmVmJTIyJTI5JTNCJTIwJTBBJTIwJTIwJTIwJTIwJTIwJTIwJTIwJTIwJTIwJTIwJTIwJTIwJTIwJTIwJTIwJTIwJTBBJTIwJTIwJTIwJTIwJTIwJTIwJTIwJTIwJTIwJTIwJTIwJTIwJTIwJTIwJTIwJTIwaWYlMjAlMjhocmVmJTI5JTIwJTdCJTBBJTIwJTIwJTIwJTIwJTIwJTIwJTIwJTIwJTIwJTIwJTIwJTIwJTIwJTIwJTIwJTIwJTIwJTIwJTIwJTIwcGFyZW50LnBvc3RNZXNzYWdlJTI4SlNPTi5zdHJpbmdpZnklMjglN0IlMEElMjAlMjAlMjAlMjAlMjAlMjAlMjAlMjAlMjAlMjAlMjAlMjAlMjAlMjAlMjAlMjAlMjAlMjAlMjAlMjAlMjAlMjAlMjAlMjBibG9ja0lkJTNBJTIwJTIyYmxvY2tfNGFhNDdiMDgwM2QyMmFiM2MwNWMzYzA5N2YyZTg3NTMlMjIlMkMlMEElMjAlMjAlMjAlMjAlMjAlMjAlMjAlMjAlMjAlMjAlMjAlMjAlMjAlMjAlMjAlMjAlMjAlMjAlMjAlMjAlMjAlMjAlMjAlMjBoZWlnaHQlM0ElMjBkb2N1bWVudEhlaWdodCUyQyUwQSUyMCUyMCUyMCUyMCUyMCUyMCUyMCUyMCUyMCUyMCUyMCUyMCUyMCUyMCUyMCUyMCUyMCUyMCUyMCUyMCUyMCUyMCUyMCUyMGhyZWYlM0ElMjBocmVmJTJDJTBBJTIwJTIwJTIwJTIwJTIwJTIwJTIwJTIwJTIwJTIwJTIwJTIwJTIwJTIwJTIwJTIwJTIwJTIwJTIwJTIwJTIwJTIwJTIwJTIwbWVzc2FnZVR5cGUlM0ElMjAlMjJjbGljayUyMiUwQSUyMCUyMCUyMCUyMCUyMCUyMCUyMCUyMCUyMCUyMCUyMCUyMCUyMCUyMCUyMCUyMCUyMCUyMCUyMCUyMCU3RCUyOSUyQyUyMiUyQSUyMiUyOSUzQiUwQSUyMCUyMCUyMCUyMCUyMCUyMCUyMCUyMCUyMCUyMCUyMCUyMCUyMCUyMCUyMCUyMCU3RCUwQSUyMCUyMCUyMCUyMCUyMCUyMCUyMCUyMCUyMCUyMCUyMCUyMCU3RCUwQSUyMCUyMCUyMCUyMCUyMCUyMCUyMCUyMCU3RCUzQiUwQSUyMCUyMCUyMCUyMCUyMCUyMCUyMCUyMCUwQSUyMCUyMCUyMCUyMCUyMCUyMCUyMCUyMHdpbmRvdy51cGRhdGVJZnJhbWVIZWlnaHQlMjh0cnVlJTI5JTNCJTBBJTIwJTIwJTIwJTIwJTIwJTIwJTIwJTIwJTBBJTIwJTIwJTIwJTIwJTIwJTIwJTIwJTIwd2luZG93LmFkZEV2ZW50TGlzdGVuZXIlMjglMjJtZXNzYWdlJTIyJTJDJTIwZnVuY3Rpb24lMjhldmVudCUyOSUyMCU3QiUwQSUyMCUyMCUyMCUyMCUyMCUyMCUyMCUyMCUwQSUyMCUyMCUyMCUyMCUyMCUyMCUyMCUyMCUyMCUyMCUyMCUyMHZhciUyMG1lc3NhZ2VEYXRhJTIwJTNEJTIwSlNPTi5wYXJzZSUyOGV2ZW50LmRhdGElMjklM0IlMEElMjAlMjAlMjAlMjAlMjAlMjAlMjAlMjAlMjAlMjAlMjAlMjB2YXIlMjBwaG9uZV9udW1iZXIlMjAlM0QlMjBtZXNzYWdlRGF0YSUyMCUyNiUyNiUyMG1lc3NhZ2VEYXRhLnBob25lTnVtYmVyJTNCJTBBJTIwJTIwJTIwJTIwJTIwJTIwJTIwJTIwJTIwJTIwJTIwJTIwJTBBJTIwJTIwJTIwJTIwJTIwJTIwJTIwJTIwJTIwJTIwJTIwJTIwaWYlMjAlMjhwaG9uZV9udW1iZXIlMjklMjAlN0IlMEElMjAlMjAlMjAlMjAlMjAlMjAlMjAlMjAlMjAlMjAlMjAlMjAlMjAlMjB2YXIlMjBwaG9uZV9zcGFucyUyMCUzRCUyMGRvY3VtZW50LmdldEVsZW1lbnRzQnlDbGFzc05hbWUlMjglMjJ0cmFja2luZy1waG9uZSUyMiUyOSUzQiUwQSUyMCUyMCUyMCUyMCUyMCUyMCUyMCUyMCUyMCUyMCUyMCUyMCUyMCUyMGZvciUyMCUyOHZhciUyMGklMjAlM0QlMjAwJTNCJTIwaSUyMCUzQyUyMHBob25lX3NwYW5zLmxlbmd0aCUzQiUyMGklMkIlMkIlMjklMjAlN0IlMEElMjAlMjAlMjAlMjAlMjAlMjAlMjAlMjAlMjAlMjAlMjAlMjAlMjAlMjAlMjAlMjAlMjAlMjBwaG9uZV9zcGFucyU1QmklNUQudGV4dENvbnRlbnQlMjAlM0QlMjBwaG9uZV9udW1iZXIlM0IlMEElMjAlMjAlMjAlMjAlMjAlMjAlMjAlMjAlMjAlMjAlMjAlMjAlMjAlMjAlN0QlMEElMjAlMjAlMjAlMjAlMEElMjAlMjAlMjAlMjAlMjAlMjAlMjAlMjAlMjAlMjAlMjAlMjAlMjAlMjB2YXIlMjBzdHJpcHBlZF9waG9uZSUyMCUzRCUyMHBob25lX251bWJlci5yZXBsYWNlJTI4JTJGJTVCJTVFMC05JTVEJTJGZyUyQyUyMCUyMiUyMiUyOSUzQiUwQSUyMCUyMCUyMCUyMCUyMCUyMCUyMCUyMCUyMCUyMCUyMCUyMCUyMCUyMGlmJTIwJTI4c3RyaXBwZWRfcGhvbmUuY2hhckF0JTI4MCUyOSUyMCUyMSUzRCUzRCUyMCUyMjElMjIlMjklMjAlN0IlMEElMjAlMjAlMjAlMjAlMjAlMjAlMjAlMjAlMjAlMjAlMjAlMjAlMjAlMjAlMjAlMjAlMjAlMjBzdHJpcHBlZF9waG9uZSUyMCUzRCUyMCUyMnRlbCUzQSUyQjElMjIlMjAlMkIlMjBzdHJpcHBlZF9waG9uZSUwQSUyMCUyMCUyMCUyMCUyMCUyMCUyMCUyMCUyMCUyMCUyMCUyMCUyMCUyMCU3RCUyMGVsc2UlMjAlN0IlMEElMjAlMjAlMjAlMjAlMjAlMjAlMjAlMjAlMjAlMjAlMjAlMjAlMjAlMjAlMjAlMjAlMjAlMjBzdHJpcHBlZF9waG9uZSUyMCUzRCUyMCUyMnRlbCUzQSUyQjElMjIlMjAlMkIlMjBzdHJpcHBlZF9waG9uZSUwQSUyMCUyMCUyMCUyMCUyMCUyMCUyMCUyMCUyMCUyMCUyMCUyMCUyMCUyMCU3RCUwQSUyMCUyMCUyMCUyMCUwQSUyMCUyMCUyMCUyMCUyMCUyMCUyMCUyMCUyMCUyMCUyMCUyMCUyMCUyMHZhciUyMHBob25lX2FfY2xpY2tzJTIwJTNEJTIwZG9jdW1lbnQuZ2V0RWxlbWVudHNCeUNsYXNzTmFtZSUyOCUyMnRyYWNraW5nLXBob25lLWNsaWNrJTIyJTI5JTNCJTBBJTIwJTIwJTIwJTIwJTIwJTIwJTIwJTIwJTIwJTIwJTIwJTIwJTIwJTIwZm9yJTIwJTI4dmFyJTIwaSUyMCUzRCUyMDAlM0IlMjBpJTIwJTNDJTIwcGhvbmVfYV9jbGlja3MubGVuZ3RoJTNCJTIwaSUyQiUyQiUyOSUyMCU3QiUwQSUyMCUyMCUyMCUyMCUyMCUyMCUyMCUyMCUyMCUyMCUyMCUyMCUyMCUyMCUyMCUyMCUyMCUyMHBob25lX2FfY2xpY2tzJTVCaSU1RC5zZXRBdHRyaWJ1dGUlMjglMjJocmVmJTIyJTJDJTIwc3RyaXBwZWRfcGhvbmUlMjklM0IlMEElMjAlMjAlMjAlMjAlMjAlMjAlMjAlMjAlMjAlMjAlMjAlMjAlMjAlMjAlMjAlMjAlMjAlMjBwaG9uZV9hX2NsaWNrcyU1QmklNUQuY2xhc3NMaXN0LmFkZCUyOCUyMnNob3clMjIlMjklM0IlMEElMjAlMjAlMjAlMjAlMjAlMjAlMjAlMjAlMjAlMjAlMjAlMjAlMjAlMjAlN0QlMEElMjAlMjAlMjAlMjAlMjAlMjAlMjAlMjAlMjAlMjAlMjAlMjAlMjAlMjAlMEElMjAlMjAlMjAlMjAlMjAlMjAlMjAlMjAlMjAlMjAlMjAlMjAlMjAlMjB2YXIlMjBwaG9uZV9hX2NsaWNrcyUyMCUzRCUyMGRvY3VtZW50LmdldEVsZW1lbnRzQnlDbGFzc05hbWUlMjglMjJuby10cmFja2luZy1waG9uZS1jbGljayUyMiUyOSUzQiUwQSUyMCUyMCUyMCUyMCUyMCUyMCUyMCUyMCUyMCUyMCUyMCUyMCUyMCUyMGZvciUyMCUyOHZhciUyMGklMjAlM0QlMjAwJTNCJTIwaSUyMCUzQyUyMHBob25lX2FfY2xpY2tzLmxlbmd0aCUzQiUyMGklMkIlMkIlMjklMjAlN0IlMEElMjAlMjAlMjAlMjAlMjAlMjAlMjAlMjAlMjAlMjAlMjAlMjAlMjAlMjAlMjAlMjAlMjAlMjBwaG9uZV9hX2NsaWNrcyU1QmklNUQuc2V0QXR0cmlidXRlJTI4JTIyaHJlZiUyMiUyQyUyMHN0cmlwcGVkX3Bob25lJTI5JTNCJTBBJTIwJTIwJTIwJTIwJTIwJTIwJTIwJTIwJTIwJTIwJTIwJTIwJTIwJTIwJTIwJTIwJTIwJTIwcGhvbmVfYV9jbGlja3MlNUJpJTVELmNsYXNzTGlzdC5hZGQlMjglMjJzaG93JTIyJTI5JTNCJTBBJTIwJTIwJTIwJTIwJTIwJTIwJTIwJTIwJTIwJTIwJTIwJTIwJTIwJTIwJTdEJTBBJTIwJTIwJTIwJTIwJTIwJTIwJTIwJTIwJTIwJTIwJTdEJTBBJTIwJTIwJTIwJTIwJTIwJTIwJTIwJTIwJTdEJTJDJTIwZmFsc2UlMjklM0IlMEElMjAlMjAlMjAlMjAlM0MlMkZzY3JpcHQlM0UlMEElMjAlMjAlMjAlMjA=\";\n        var iframe = document.createElement('iframe');\n        var html = decodeURIComponent(atob(content));\n        var block = document.querySelector('[data-block-id=block_4aa47b0803d22ab3c05c3c097f2e8753]');\n\n        block.appendChild(iframe);\n        iframe.style.width = '100%';\n        iframe.title = \"block_4aa47b0803d22ab3c05c3c097f2e8753\";\n        iframe.loading = \"lazy\";\n        iframe.contentWindow.document.open();\n        iframe.contentWindow.document.write(html);\n        iframe.contentWindow.document.close();\n\n        var eventMethod = window.addEventListener ? \"addEventListener\" : \"attachEvent\";\n        var eventListener = window[eventMethod];\n        var messageEvent = eventMethod == \"attachEvent\" ? \"onmessage\" : \"message\";\n\n        eventListener(messageEvent,function(e) {\n\n            if ((typeof e.data === 'string') && e.data) {\n\n                var blockData = JSON.parse(e.data);\n                var { messageType, blockId, height, href = \"\" } = blockData;\n                var blockIframe = document.querySelector('[data-block-id=' + blockId + '] iframe');\n\n                blockIframe.height = height + 'px';\n                blockIframe.contentWindow.postMessage(JSON.stringify({\n                    phoneNumber: document.querySelector('.tracking-phone').innerHTML,\n                }));\n\n                if (href) {\n                    if (href.toLowerCase() === '#leadform' || href.toLowerCase() === '#lead-form') {\n                        document.querySelector(\"[data-modal-id=lead-form-template]\").click();\n                    }\n                }\n            }\n        },false);\n    <\/script>\n<\/div>\n<\/div>\n\n\n\n<h2 class=\"wp-block-heading\" id=\"Cuanto-tiempo-tomara-pagar-mi-deuda\">\u00bfCu\u00e1nto tiempo tomar\u00e1 pagar mi deuda?<\/h2>\n\n\n\n<p>Idealmente, deber\u00eda poder eliminar un saldo completo dentro del t\u00e9rmino de un a\u00f1o realizando pagos fijos. Si tiene que eliminar m\u00e1s de un saldo, podr\u00e1 pagarlos en un plazo de 3 a 5 a\u00f1os. Si no puede encontrar un pago que funcione para su presupuesto, entonces necesita alivio de la deuda.<\/p>\n\n\n\n<p>Las opciones de alivio de la deuda brindan formas m\u00e1s r\u00e1pidas y eficientes de pagar su deuda. Puede consolidar la deuda a una tasa de inter\u00e9s m\u00e1s baja, o recurrir a la consejer\u00eda crediticia. En cualquier caso, el objetivo es reducir o eliminar los cargos por intereses para que pueda saldar la deuda lo m\u00e1s r\u00e1pido posible.<\/p>\n\n\n\n<p>Esto puede ser beneficioso, en lugar de pagar deudas con pagos fijos. Esto se debe a que, incluso con pagos fijos m\u00e1s grandes, a\u00fan puede perder dinero en los cargos por los intereses mensuales acumulados. Con un 15% o incluso un 20% de Tasa de Porcentaje Anual (APR, por sus siglas en ingl\u00e9s), una gran parte de cada pago que realiza se usa para cubrir los intereses. Como resultado, se necesita m\u00e1s dinero y tiempo para pagar su deuda.<\/p>\n\n\n\n<h2 class=\"wp-block-heading\" id=\"Si-realiza-pagos-fijos\">Si realiza pagos fijos, \u00a1llame a sus acreedores para negociar!<\/h2>\n\n\n\n<p>Si prefiere quedarse con los pagos tradicionales, al menos debe dar el paso de llamar a sus acreedores para negociar una tasa de inter\u00e9s m\u00e1s baja. La mayor\u00eda de los acreedores est\u00e1n dispuestos a trabajar con los clientes y reducir la tasa de porcentaje anual en su cuenta. Esto es especialmente cierto si usted es un cliente leal que siempre paga sus cuentas a tiempo. Tambi\u00e9n tiene buenas razones para un APR m\u00e1s bajo si su puntaje crediticio ha mejorado desde que abri\u00f3 la cuenta.<\/p>\n\n\n\n<p>Al reducir el APR, significa que una mayor parte de cada pago mensual que haga se destinar\u00e1 a eliminar el capital. Esa es la deuda real que debe, es decir, lo que usted carg\u00f3 originalmente en su tarjeta. A\u00fan pagar\u00e1 su saldo en su totalidad, lo cual es bueno para su cr\u00e9dito, pero es m\u00e1s f\u00e1cil y m\u00e1s rentable. Vale la pena llamar al servicio de atenci\u00f3n al cliente para intentar negociar.<\/p>\n\n\n\n<h2 class=\"wp-block-heading\" id=\"Si-tiene-mas-de-un-saldo\">Si tiene m\u00e1s de un saldo, decida c\u00f3mo priorizar<\/h2>\n\n\n\n<p>Si tiene que pagar varios saldos, lo mejor es concentrarse en uno a la vez. Cada saldo que elimine por completo significar\u00e1 una factura menos por pagar. Esto es mejor que terminar con un paquete de cargos m\u00ednimos de $15 o $25.<\/p>\n\n\n\n<p>Hay dos formas de establecer un plan de reducci\u00f3n de deuda:<\/p>\n\n\n\n<ul class=\"wp-block-list\">\n<li>Puede pagar el saldo con la tasa de porcentaje anual m\u00e1s alta primero, para que le ayude a ahorrar dinero, o<\/li>\n\n\n\n<li>Puede pagar el saldo m\u00e1s bajo primero, para comenzar a cortar facturas r\u00e1pidamente.<\/li>\n<\/ul>\n\n\n\n<p>La primera opci\u00f3n suele ser la mejor, si tiene los fondos disponibles para hacerlo. Mayor APR significa mayores cargos mensuales por intereses. En otras palabras, una deuda de $1,000 al 22% de APR cuesta m\u00e1s para pagar que una deuda de $1,000 al 15% APR. Tambi\u00e9n le llevar\u00e1 m\u00e1s tiempo eliminar.<\/p>\n\n\n\n<p>Sin embargo, si tiene fondos limitados para realizar pagos fijos, comenzar primero con el saldo m\u00e1s bajo puede ayudarlo a generar impulso. Comienza a recortar algunas facturas peque\u00f1as, liberando m\u00e1s fondos para hacer frente a sus mayores deudas.<\/p>\n","protected":false},"excerpt":{"rendered":"<p>\u00a1Encuentre los pagos mensuales correctos que se ajusten a su presupuesto y pague su deuda de manera m\u00e1s r\u00e1pida! Si mantiene saldos de tarjeta de cr\u00e9dito todos los meses, podr\u00eda beneficiarse de realizar pagos fijos hasta que pague la deuda. En lugar de seguir el plan de pago m\u00ednimo, que no est\u00e1 dise\u00f1ado para pagar [&hellip;]<\/p>\n","protected":false},"author":1,"featured_media":9353,"parent":5269,"menu_order":0,"comment_status":"closed","ping_status":"closed","template":"page-sidebar","meta":{"_acf_changed":false,"footnotes":""},"categories":[],"tags":[15],"class_list":["post-5289","page","type-page","status-publish","has-post-thumbnail","hentry","tag-deuda"],"acf":[],"featured_image_src":"https:\/\/branded.financialwellnessforyou.com\/wp-content\/uploads\/sites\/7\/2023\/06\/fixed-payments.jpg","featured_image_src_square":"https:\/\/branded.financialwellnessforyou.com\/wp-content\/uploads\/sites\/7\/2023\/06\/fixed-payments.jpg","_links":{"self":[{"href":"https:\/\/branded.financialwellnessforyou.com\/es\/wp-json\/wp\/v2\/pages\/5289","targetHints":{"allow":["GET"]}}],"collection":[{"href":"https:\/\/branded.financialwellnessforyou.com\/es\/wp-json\/wp\/v2\/pages"}],"about":[{"href":"https:\/\/branded.financialwellnessforyou.com\/es\/wp-json\/wp\/v2\/types\/page"}],"author":[{"embeddable":true,"href":"https:\/\/branded.financialwellnessforyou.com\/es\/wp-json\/wp\/v2\/users\/1"}],"replies":[{"embeddable":true,"href":"https:\/\/branded.financialwellnessforyou.com\/es\/wp-json\/wp\/v2\/comments?post=5289"}],"version-history":[{"count":2,"href":"https:\/\/branded.financialwellnessforyou.com\/es\/wp-json\/wp\/v2\/pages\/5289\/revisions"}],"predecessor-version":[{"id":9437,"href":"https:\/\/branded.financialwellnessforyou.com\/es\/wp-json\/wp\/v2\/pages\/5289\/revisions\/9437"}],"up":[{"embeddable":true,"href":"https:\/\/branded.financialwellnessforyou.com\/es\/wp-json\/wp\/v2\/pages\/5269"}],"wp:featuredmedia":[{"embeddable":true,"href":"https:\/\/branded.financialwellnessforyou.com\/es\/wp-json\/wp\/v2\/media\/9353"}],"wp:attachment":[{"href":"https:\/\/branded.financialwellnessforyou.com\/es\/wp-json\/wp\/v2\/media?parent=5289"}],"wp:term":[{"taxonomy":"category","embeddable":true,"href":"https:\/\/branded.financialwellnessforyou.com\/es\/wp-json\/wp\/v2\/categories?post=5289"},{"taxonomy":"post_tag","embeddable":true,"href":"https:\/\/branded.financialwellnessforyou.com\/es\/wp-json\/wp\/v2\/tags?post=5289"}],"curies":[{"name":"wp","href":"https:\/\/api.w.org\/{rel}","templated":true}]}}