{"id":5292,"date":"2023-02-03T14:45:42","date_gmt":"2023-02-03T14:45:42","guid":{"rendered":"https:\/\/demo123.kofetime.com\/aprende-ahora\/calculadoras-financieras\/calculadora-de-precalificacion-de-hipotecas\/"},"modified":"2023-06-19T15:54:08","modified_gmt":"2023-06-19T15:54:08","slug":"calculadora-de-precalificacion-de-hipotecas","status":"publish","type":"page","link":"https:\/\/branded.financialwellnessforyou.com\/es\/aprende-ahora\/calculadoras-financieras\/calculadora-de-precalificacion-de-hipotecas\/","title":{"rendered":"Calculadora de precalificaci\u00f3n de hipotecas"},"content":{"rendered":"\n<h2 class=\"wp-block-heading\" id=\"Evalue-su-poder-de-compra\">Eval\u00fae su poder de compra para ayudar a reducir su b\u00fasqueda<\/h2>\n\n\n\n<p>Comprar una casa es emocionante, pero buscar la casa perfecta que se adapte a sus necesidades tambi\u00e9n puede ser abrumador. Un paso que puede ser beneficioso es obtener una precalificaci\u00f3n de hipoteca, de modo que sepa cu\u00e1nto puede pagar.<\/p>\n\n\n\n<p>Siempre es una buena idea obtener una precalificaci\u00f3n con un prestamista hipotecario antes de comenzar a buscar la vivienda que desea. Pero si desea comenzar a buscar casa, pero si no est\u00e1 listo para contactar a un prestamista, puede precalificarse usted mismo.<\/p>\n\n\n\n<h3 class=\"wp-block-heading\" id=\"Como-precalificar-para-comprar-una-hipoteca\">C\u00f3mo precalificar para comprar una hipoteca<\/h3>\n\n\n\n<p>Esta calculadora gratuita de precalificaci\u00f3n de pr\u00e9stamos hipotecarios puede ayudarlo a precalificar por su cuenta antes de contactar a un prestamista.<\/p>\n\n\n\n<p>Le indicar\u00e1 el tama\u00f1o de la hipoteca para la que califica, dados sus ingresos actuales y los pagos mensuales de su deuda. Tambi\u00e9n le indicar\u00e1 cu\u00e1nto dinero necesitar\u00e1 para el pago inicial, seg\u00fan el tipo de financiamiento que planea obtener.<\/p>\n\n\n\n<div id=\"Calculadora\" class=\"wp-block-group has-global-padding is-layout-constrained wp-block-group-is-layout-constrained\">\n<h3 class=\"wp-block-heading hidden\" id=\"Calculadora\">Calculadora de precalificaci\u00f3n de hipotecas<\/h3>\n\n\n\n<div class=\"block-calculator\" data-block-id=\"block_0b643f4f26382f445db74322844bc94d\">\n    <script id=\"block_0b643f4f26382f445db74322844bc94d-js\" defer=\"defer\">\n        var content = \"JTBBJTIwJTIwJTIwJTIwJTNDbGluayUyMHJlbCUzRCUyMnN0eWxlc2hlZXQlMjIlMjBocmVmJTNEJTIyaHR0cHMlM0ElMkYlMkZ3d3cuY29uc29saWRhdGVkY3JlZGl0Lm9yZyUyRndwLWNvbnRlbnQlMkZ0aGVtZXMlMkZjY3VzLW1sJTJGZGlzdCUyRmJ1bmRsZS5taW4uY3NzJTIyJTIwY3Jvc3NvcmlnaW4lM0QlMjJhbm9ueW1vdXMlMjIlM0UlMEElMjAlMjAlMjAlMjAlM0NzY3JpcHQlMjBzcmMlM0QlMjJodHRwcyUzQSUyRiUyRnJlc291cmNlcy52ZW50dXJldGVjaHNvbHV0aW9ucy5jb20lMkZjYWxjdWxhdG9ycyUyRnZ0LW1vcnRnYWdlLXByZXF1YWxpZnlpbmctY2FsY3VsYXRvciUyRmJ1bmRsZS5taW4uanMlMjIlM0UlM0MlMkZzY3JpcHQlM0UlMEQlMEElM0NoMiUyMHN0eWxlJTNEJTIyY29sb3IlM0FibGFjayUzQiUyMiUzRUNhbGN1bGFkb3JhJTIwUGFyYSUyMFByZWNhbGlmaWNhY2klQzMlQjNuJTIwZGUlMjBIaXBvdGVjYSUzQyUyRmgyJTNFJTBEJTBBJTNDZGl2JTIwaWQlM0QlMjJ2dE1vcnRnYWdlUHJlUXVhbENhbGMlMjIlMjBjbGFzcyUzRCUyMnB0LTIlMjBwYi01JTIyJTNFJTNDJTJGZGl2JTNFJTBEJTBBJTBEJTBBJTIwJTIwJTIwJTIwJTIwJTIwJTIwJTIwJTIwJTIwJTIwJTIwJTIwJTIwJTIwJTIwJTIwJTIwJTIwJTIwJTIwJTIwJTIwJTIwJTIwJTIwJTIwJTIwJTNDc2NyaXB0JTNFJTBEJTBBJTIwJTIwJTIwJTIwJTIwJTIwJTIwJTIwJTIwJTIwJTIwJTIwJTIwJTIwJTIwJTIwJTIwJTIwJTIwJTIwJTIwJTIwJTIwJTIwJTIwJTIwJTIwJTIwJTIwJTIwJTIwJTIwVlRNb3J0Z2FnZVByZXF1YWxpZnlpbmdDYWxjdWxhdG9yLmluaXQlMjglN0IlMEQlMEElMjAlMjAlMjAlMjAlMjAlMjAlMjAlMjAlMjAlMjAlMjAlMjAlMjAlMjAlMjAlMjAlMjAlMjAlMjAlMjAlMjAlMjAlMjAlMjAlMjAlMjAlMjAlMjAlMjAlMjAlMjAlMjAlMjAlMjAlMjAlMjBzZWxlY3RvciUzQSUyMCUyN3Z0TW9ydGdhZ2VQcmVRdWFsQ2FsYyUyNyUyQyUwRCUwQSUwRCUwQSUyMCUyMCUyMCUyMCUyMCUyMCUyMCUyMCUyMCUyMCUyMCUyMCUyMCUyMCUyMCUyMCUyMCUyMCUyMCUyMCUyMCUyMCUyMCUyMCUyMCUyMCUyMCUyMCUyMCUyMCUyMCUyMCUyMCUyMCUyMCUyMHJlZ2lvbiUzQSUyMCUyN3VzJTI3JTJDJTBEJTBBJTIwJTIwJTIwJTIwJTIwJTIwJTIwJTIwJTIwJTIwJTIwJTIwJTIwJTIwJTIwJTIwJTIwJTIwJTIwJTIwJTIwJTIwJTIwJTIwJTIwJTIwJTIwJTIwJTIwJTIwJTIwJTIwJTIwJTIwJTIwJTIwbGFuJTNBJTIwJTI3ZXMlMjclMkMlMEQlMEElMjAlMjAlMjAlMjAlMjAlMjAlMjAlMjAlMjAlMjAlMjAlMjAlMjAlMjAlMjAlMjAlMjAlMjAlMjAlMjAlMjAlMjAlMjAlMjAlMjAlMjAlMjAlMjAlMjAlMjAlMjAlMjAlMjAlMjAlMjAlMjBidG5MYWJlbCUyMCUzQSUyMCUyN0NhbGN1bGFyJTI3JTBEJTBBJTIwJTIwJTIwJTIwJTIwJTIwJTIwJTIwJTIwJTIwJTIwJTIwJTIwJTIwJTIwJTIwJTIwJTIwJTIwJTIwJTIwJTIwJTIwJTIwJTIwJTIwJTIwJTIwJTIwJTIwJTIwJTIwJTdEJTI5JTNCJTBEJTBBJTIwJTIwJTIwJTIwJTIwJTIwJTIwJTIwJTIwJTIwJTIwJTIwJTIwJTIwJTIwJTIwJTIwJTIwJTIwJTIwJTIwJTIwJTIwJTIwJTIwJTIwJTIwJTIwJTNDJTJGc2NyaXB0JTNFJTBBJTIwJTIwJTIwJTIwJTNDc3R5bGUlMjBpZCUzRCUyMmlmcmFtZS1zdHlsZXMlMjIlM0UlMEElMjAlMjAlMjAlMjAlMjAlMjAlMjAlMjBib2R5JTIwJTdCJTIwcGFkZGluZy10b3AlM0ElMjAwJTNCJTIwb3ZlcmZsb3clM0ElMjBoaWRkZW4lM0IlN0QlMEElMjAlMjAlMjAlMjAlMjAlMjAlMjAlMjAuYnRuLW9wZW4tdGFibGUlMjBpJTdCJTBBJTIwJTIwJTIwJTIwJTIwJTIwJTIwJTIwJTIwJTIwJTIwJTIwcG9zaXRpb24lM0ElMjByZWxhdGl2ZSUzQiUwQSUyMCUyMCUyMCUyMCUyMCUyMCUyMCUyMCUyMCUyMCUyMCUyMHRvcCUzQTAlMjFpbXBvcnRhbnQlM0IlMEElMjAlMjAlMjAlMjAlMjAlMjAlMjAlMjAlN0QlMEElMjAlMjAlMjAlMjAlMjAlMjAlMjAlMjAuYnRuLW9wZW4tdGFibGUlN0IlMEElMjAlMjAlMjAlMjAlMjAlMjAlMjAlMjAlMjAlMjAlMjAlMjB3aGl0ZS1zcGFjZSUzQSUyMG5vcm1hbCUzQiUwQSUyMCUyMCUyMCUyMCUyMCUyMCUyMCUyMCU3RCUwQSUyMCUyMCUyMCUyMCUzQyUyRnN0eWxlJTNFJTBBJTIwJTIwJTIwJTIwJTNDc2NyaXB0JTIwaWQlM0QlMjJpZnJhbWUtc2NyaXB0JTIyJTIwZGVmZXIlM0QlMjJkZWZlciUyMiUzRSUwQSUyMCUyMCUyMCUyMCUyMCUyMCUyMCUyMHZhciUyMGRvY3VtZW50SGVpZ2h0JTIwJTNEJTIwZG9jdW1lbnQucXVlcnlTZWxlY3RvciUyOCUyMmJvZHklMjIlMjkuc2Nyb2xsSGVpZ2h0JTNCJTBBJTIwJTIwJTIwJTIwJTIwJTIwJTIwJTIwd2luZG93LnVwZGF0ZUlmcmFtZUhlaWdodCUyMCUzRCUyMGZ1bmN0aW9uJTI4aW5pdCUyMCUzRCUyMGZhbHNlJTI5JTIwJTdCJTBBJTIwJTIwJTIwJTIwJTIwJTIwJTIwJTIwJTIwJTIwJTIwJTIwdmFyJTIwbmV3RG9jdW1lbnRIZWlnaHQlMjAlM0QlMjBkb2N1bWVudC5xdWVyeVNlbGVjdG9yJTI4JTIyYm9keSUyMCUzRSUyMGRpdiUyMiUyOS5zY3JvbGxIZWlnaHQlM0IlMEElMjAlMjAlMjAlMjAlMjAlMjAlMjAlMjAlMjAlMjAlMjAlMjB2YXIlMjBoZWlnaHREaWZmJTIwJTNEJTIwZG9jdW1lbnRIZWlnaHQlMjAtJTIwbmV3RG9jdW1lbnRIZWlnaHQlM0IlMEElMjAlMjAlMjAlMjAlMEElMjAlMjAlMjAlMjAlMjAlMjAlMjAlMjAlMjAlMjAlMjAlMjBpZiUyMCUyOGluaXQlMjklMjAlN0IlMEElMjAlMjAlMjAlMjAlMjAlMjAlMjAlMjAlMjAlMjAlMjAlMjAlMjAlMjAlMjAlMjBwYXJlbnQucG9zdE1lc3NhZ2UlMjhKU09OLnN0cmluZ2lmeSUyOCU3QiUwQSUyMCUyMCUyMCUyMCUyMCUyMCUyMCUyMCUyMCUyMCUyMCUyMCUyMCUyMCUyMCUyMCUyMCUyMCUyMCUyMGJsb2NrSWQlM0ElMjAlMjJibG9ja18wYjY0M2Y0ZjI2MzgyZjQ0NWRiNzQzMjI4NDRiYzk0ZCUyMiUyQyUwQSUyMCUyMCUyMCUyMCUyMCUyMCUyMCUyMCUyMCUyMCUyMCUyMCUyMCUyMCUyMCUyMCUyMCUyMCUyMCUyMGhlaWdodCUzQSUyMGRvY3VtZW50SGVpZ2h0JTJDJTBBJTIwJTIwJTIwJTIwJTIwJTIwJTIwJTIwJTIwJTIwJTIwJTIwJTIwJTIwJTIwJTIwJTIwJTIwJTIwJTIwbWVzc2FnZVR5cGUlM0ElMjAlMjJpbml0JTIyJTBBJTIwJTIwJTIwJTIwJTIwJTIwJTIwJTIwJTIwJTIwJTIwJTIwJTIwJTIwJTIwJTIwJTdEJTI5JTJDJTIyJTJBJTIyJTI5JTNCJTBBJTIwJTIwJTIwJTIwJTIwJTIwJTIwJTIwJTIwJTIwJTIwJTIwJTdEJTBBJTIwJTIwJTIwJTIwJTIwJTIwJTIwJTIwJTIwJTIwJTIwJTIwZWxzZSUyMGlmJTIwJTI4JTIwaGVpZ2h0RGlmZiUyMCUzRSUyMDUlMjAlN0MlN0MlMjBoZWlnaHREaWZmJTIwJTNDJTIwLTUlMjAlMjklMjAlN0IlMEElMjAlMjAlMjAlMjAlMjAlMjAlMjAlMjAlMjAlMjAlMjAlMjAlMjAlMjAlMjAlMjBkb2N1bWVudEhlaWdodCUyMCUzRCUyMG5ld0RvY3VtZW50SGVpZ2h0JTNCJTBBJTIwJTIwJTIwJTIwJTIwJTIwJTIwJTIwJTIwJTIwJTIwJTIwJTIwJTIwJTIwJTIwcGFyZW50LnBvc3RNZXNzYWdlJTI4SlNPTi5zdHJpbmdpZnklMjglN0IlMEElMjAlMjAlMjAlMjAlMjAlMjAlMjAlMjAlMjAlMjAlMjAlMjAlMjAlMjAlMjAlMjAlMjAlMjAlMjAlMjBibG9ja0lkJTNBJTIwJTIyYmxvY2tfMGI2NDNmNGYyNjM4MmY0NDVkYjc0MzIyODQ0YmM5NGQlMjIlMkMlMEElMjAlMjAlMjAlMjAlMjAlMjAlMjAlMjAlMjAlMjAlMjAlMjAlMjAlMjAlMjAlMjAlMjAlMjAlMjAlMjBoZWlnaHQlM0ElMjBkb2N1bWVudEhlaWdodCUyQyUwQSUyMCUyMCUyMCUyMCUyMCUyMCUyMCUyMCUyMCUyMCUyMCUyMCUyMCUyMCUyMCUyMCUyMCUyMCUyMCUyMG1lc3NhZ2VUeXBlJTNBJTIwJTIycmVzaXplJTIyJTBBJTIwJTIwJTIwJTIwJTIwJTIwJTIwJTIwJTIwJTIwJTIwJTIwJTIwJTIwJTIwJTIwJTdEJTI5JTJDJTIyJTJBJTIyJTI5JTNCJTBBJTIwJTIwJTIwJTIwJTIwJTIwJTIwJTIwJTIwJTIwJTIwJTIwJTdEJTBBJTIwJTIwJTIwJTIwJTIwJTIwJTIwJTIwJTdEJTBBJTIwJTIwJTIwJTIwJTIwJTIwJTIwJTIwJTBBJTIwJTIwJTIwJTIwJTIwJTIwJTIwJTIwJTJGJTJGJTIwSUUlMjBub3QlMjBzdXBwb3J0ZWQlMEElMjAlMjAlMjAlMjAlMjAlMjAlMjAlMjBpZiUyMCUyOHR5cGVvZiUyMFJlc2l6ZU9ic2VydmVyJTIwJTIxJTNEJTNEJTIwdW5kZWZpbmVkJTI5JTIwJTdCJTBBJTIwJTIwJTIwJTIwJTIwJTIwJTIwJTIwJTIwJTIwJTIwJTIwdmFyJTIwcmVzaXplT2JzZXJ2ZXIlMjAlM0QlMjBuZXclMjBSZXNpemVPYnNlcnZlciUyOGZ1bmN0aW9uJTI4ZW50cmllcyUyOSUyMCU3QiUwQSUyMCUyMCUyMCUyMCUyMCUyMCUyMCUyMCUyMCUyMCUyMCUyMCUyMCUyMHdpbmRvdy51cGRhdGVJZnJhbWVIZWlnaHQlMjglMjklM0IlMEElMjAlMjAlMjAlMjAlMjAlMjAlMjAlMjAlMjAlMjAlMjAlMjAlN0QlMjklM0IlMEElMjAlMjAlMjAlMjAlMEElMjAlMjAlMjAlMjAlMjAlMjAlMjAlMjAlMjAlMjAlMjAlMjB2YXIlMjBkaXZFbGVtJTIwJTNEJTIwZG9jdW1lbnQucXVlcnlTZWxlY3RvciUyOCUyMmJvZHklMjAlM0UlMjBkaXYlMjIlMjklM0IlMEElMjAlMjAlMjAlMjAlMjAlMjAlMjAlMjAlMjAlMjAlMjAlMjByZXNpemVPYnNlcnZlci5vYnNlcnZlJTI4ZGl2RWxlbSUyOSUzQiUwQSUyMCUyMCUyMCUyMCUyMCUyMCUyMCUyMCU3RCUwQSUyMCUyMCUyMCUyMCUwQSUyMCUyMCUyMCUyMCUyMCUyMCUyMCUyMHdpbmRvdy5vbnJlc2l6ZSUyMCUzRCUyMGZ1bmN0aW9uJTI4JTI5JTIwJTdCJTBBJTIwJTIwJTIwJTIwJTIwJTIwJTIwJTIwJTIwJTIwJTIwJTIwd2luZG93LnVwZGF0ZUlmcmFtZUhlaWdodCUyOCUyOSUzQiUwQSUyMCUyMCUyMCUyMCUyMCUyMCUyMCUyMCU3RCUzQiUwQSUyMCUyMCUyMCUyMCUyMCUyMCUyMCUyMCUwQSUyMCUyMCUyMCUyMCUyMCUyMCUyMCUyMHdpbmRvdy5vbmNsaWNrJTIwJTNEJTIwZnVuY3Rpb24lMjhlJTI5JTIwJTdCJTBBJTIwJTIwJTIwJTIwJTIwJTIwJTIwJTIwJTIwJTIwJTIwJTIwc2V0VGltZW91dCUyOGZ1bmN0aW9uJTI4JTI5JTIwJTdCJTBBJTIwJTIwJTIwJTIwJTIwJTIwJTIwJTIwJTIwJTIwJTIwJTIwJTIwJTIwJTIwJTIwd2luZG93LnVwZGF0ZUlmcmFtZUhlaWdodCUyOCUyOSUzQiUwQSUyMCUyMCUyMCUyMCUyMCUyMCUyMCUyMCUyMCUyMCUyMCUyMCU3RCUyQyUyMDEwMCUyOSUzQiUwQSUyMCUyMCUyMCUyMCUyMCUyMCUyMCUyMCUyMCUyMCUyMCUyMCUwQSUyMCUyMCUyMCUyMCUyMCUyMCUyMCUyMCUyMCUyMCUyMCUyMHZhciUyMHRhcmdldCUyMCUzRCUyMGUlMjAlMjYlMjYlMjBlLnRhcmdldCUzQiUwQSUyMCUyMCUyMCUyMCUyMCUyMCUyMCUyMCUyMCUyMCUyMCUyMGlmJTIwJTI4dGFyZ2V0JTI5JTIwJTdCJTBBJTIwJTIwJTIwJTIwJTIwJTIwJTIwJTIwJTIwJTIwJTIwJTIwJTIwJTIwJTIwJTIwdmFyJTIwaHJlZiUyMCUzRCUyMHRhcmdldC5nZXRBdHRyaWJ1dGUlMjglMjJocmVmJTIyJTI5JTNCJTIwJTBBJTIwJTIwJTIwJTIwJTIwJTIwJTIwJTIwJTIwJTIwJTIwJTIwJTIwJTIwJTIwJTIwJTBBJTIwJTIwJTIwJTIwJTIwJTIwJTIwJTIwJTIwJTIwJTIwJTIwJTIwJTIwJTIwJTIwaWYlMjAlMjhocmVmJTI5JTIwJTdCJTBBJTIwJTIwJTIwJTIwJTIwJTIwJTIwJTIwJTIwJTIwJTIwJTIwJTIwJTIwJTIwJTIwJTIwJTIwJTIwJTIwcGFyZW50LnBvc3RNZXNzYWdlJTI4SlNPTi5zdHJpbmdpZnklMjglN0IlMEElMjAlMjAlMjAlMjAlMjAlMjAlMjAlMjAlMjAlMjAlMjAlMjAlMjAlMjAlMjAlMjAlMjAlMjAlMjAlMjAlMjAlMjAlMjAlMjBibG9ja0lkJTNBJTIwJTIyYmxvY2tfMGI2NDNmNGYyNjM4MmY0NDVkYjc0MzIyODQ0YmM5NGQlMjIlMkMlMEElMjAlMjAlMjAlMjAlMjAlMjAlMjAlMjAlMjAlMjAlMjAlMjAlMjAlMjAlMjAlMjAlMjAlMjAlMjAlMjAlMjAlMjAlMjAlMjBoZWlnaHQlM0ElMjBkb2N1bWVudEhlaWdodCUyQyUwQSUyMCUyMCUyMCUyMCUyMCUyMCUyMCUyMCUyMCUyMCUyMCUyMCUyMCUyMCUyMCUyMCUyMCUyMCUyMCUyMCUyMCUyMCUyMCUyMGhyZWYlM0ElMjBocmVmJTJDJTBBJTIwJTIwJTIwJTIwJTIwJTIwJTIwJTIwJTIwJTIwJTIwJTIwJTIwJTIwJTIwJTIwJTIwJTIwJTIwJTIwJTIwJTIwJTIwJTIwbWVzc2FnZVR5cGUlM0ElMjAlMjJjbGljayUyMiUwQSUyMCUyMCUyMCUyMCUyMCUyMCUyMCUyMCUyMCUyMCUyMCUyMCUyMCUyMCUyMCUyMCUyMCUyMCUyMCUyMCU3RCUyOSUyQyUyMiUyQSUyMiUyOSUzQiUwQSUyMCUyMCUyMCUyMCUyMCUyMCUyMCUyMCUyMCUyMCUyMCUyMCUyMCUyMCUyMCUyMCU3RCUwQSUyMCUyMCUyMCUyMCUyMCUyMCUyMCUyMCUyMCUyMCUyMCUyMCU3RCUwQSUyMCUyMCUyMCUyMCUyMCUyMCUyMCUyMCU3RCUzQiUwQSUyMCUyMCUyMCUyMCUyMCUyMCUyMCUyMCUwQSUyMCUyMCUyMCUyMCUyMCUyMCUyMCUyMHdpbmRvdy51cGRhdGVJZnJhbWVIZWlnaHQlMjh0cnVlJTI5JTNCJTBBJTIwJTIwJTIwJTIwJTIwJTIwJTIwJTIwJTBBJTIwJTIwJTIwJTIwJTIwJTIwJTIwJTIwd2luZG93LmFkZEV2ZW50TGlzdGVuZXIlMjglMjJtZXNzYWdlJTIyJTJDJTIwZnVuY3Rpb24lMjhldmVudCUyOSUyMCU3QiUwQSUyMCUyMCUyMCUyMCUyMCUyMCUyMCUyMCUwQSUyMCUyMCUyMCUyMCUyMCUyMCUyMCUyMCUyMCUyMCUyMCUyMHZhciUyMG1lc3NhZ2VEYXRhJTIwJTNEJTIwSlNPTi5wYXJzZSUyOGV2ZW50LmRhdGElMjklM0IlMEElMjAlMjAlMjAlMjAlMjAlMjAlMjAlMjAlMjAlMjAlMjAlMjB2YXIlMjBwaG9uZV9udW1iZXIlMjAlM0QlMjBtZXNzYWdlRGF0YSUyMCUyNiUyNiUyMG1lc3NhZ2VEYXRhLnBob25lTnVtYmVyJTNCJTBBJTIwJTIwJTIwJTIwJTIwJTIwJTIwJTIwJTIwJTIwJTIwJTIwJTBBJTIwJTIwJTIwJTIwJTIwJTIwJTIwJTIwJTIwJTIwJTIwJTIwaWYlMjAlMjhwaG9uZV9udW1iZXIlMjklMjAlN0IlMEElMjAlMjAlMjAlMjAlMjAlMjAlMjAlMjAlMjAlMjAlMjAlMjAlMjAlMjB2YXIlMjBwaG9uZV9zcGFucyUyMCUzRCUyMGRvY3VtZW50LmdldEVsZW1lbnRzQnlDbGFzc05hbWUlMjglMjJ0cmFja2luZy1waG9uZSUyMiUyOSUzQiUwQSUyMCUyMCUyMCUyMCUyMCUyMCUyMCUyMCUyMCUyMCUyMCUyMCUyMCUyMGZvciUyMCUyOHZhciUyMGklMjAlM0QlMjAwJTNCJTIwaSUyMCUzQyUyMHBob25lX3NwYW5zLmxlbmd0aCUzQiUyMGklMkIlMkIlMjklMjAlN0IlMEElMjAlMjAlMjAlMjAlMjAlMjAlMjAlMjAlMjAlMjAlMjAlMjAlMjAlMjAlMjAlMjAlMjAlMjBwaG9uZV9zcGFucyU1QmklNUQudGV4dENvbnRlbnQlMjAlM0QlMjBwaG9uZV9udW1iZXIlM0IlMEElMjAlMjAlMjAlMjAlMjAlMjAlMjAlMjAlMjAlMjAlMjAlMjAlMjAlMjAlN0QlMEElMjAlMjAlMjAlMjAlMEElMjAlMjAlMjAlMjAlMjAlMjAlMjAlMjAlMjAlMjAlMjAlMjAlMjAlMjB2YXIlMjBzdHJpcHBlZF9waG9uZSUyMCUzRCUyMHBob25lX251bWJlci5yZXBsYWNlJTI4JTJGJTVCJTVFMC05JTVEJTJGZyUyQyUyMCUyMiUyMiUyOSUzQiUwQSUyMCUyMCUyMCUyMCUyMCUyMCUyMCUyMCUyMCUyMCUyMCUyMCUyMCUyMGlmJTIwJTI4c3RyaXBwZWRfcGhvbmUuY2hhckF0JTI4MCUyOSUyMCUyMSUzRCUzRCUyMCUyMjElMjIlMjklMjAlN0IlMEElMjAlMjAlMjAlMjAlMjAlMjAlMjAlMjAlMjAlMjAlMjAlMjAlMjAlMjAlMjAlMjAlMjAlMjBzdHJpcHBlZF9waG9uZSUyMCUzRCUyMCUyMnRlbCUzQSUyQjElMjIlMjAlMkIlMjBzdHJpcHBlZF9waG9uZSUwQSUyMCUyMCUyMCUyMCUyMCUyMCUyMCUyMCUyMCUyMCUyMCUyMCUyMCUyMCU3RCUyMGVsc2UlMjAlN0IlMEElMjAlMjAlMjAlMjAlMjAlMjAlMjAlMjAlMjAlMjAlMjAlMjAlMjAlMjAlMjAlMjAlMjAlMjBzdHJpcHBlZF9waG9uZSUyMCUzRCUyMCUyMnRlbCUzQSUyQjElMjIlMjAlMkIlMjBzdHJpcHBlZF9waG9uZSUwQSUyMCUyMCUyMCUyMCUyMCUyMCUyMCUyMCUyMCUyMCUyMCUyMCUyMCUyMCU3RCUwQSUyMCUyMCUyMCUyMCUwQSUyMCUyMCUyMCUyMCUyMCUyMCUyMCUyMCUyMCUyMCUyMCUyMCUyMCUyMHZhciUyMHBob25lX2FfY2xpY2tzJTIwJTNEJTIwZG9jdW1lbnQuZ2V0RWxlbWVudHNCeUNsYXNzTmFtZSUyOCUyMnRyYWNraW5nLXBob25lLWNsaWNrJTIyJTI5JTNCJTBBJTIwJTIwJTIwJTIwJTIwJTIwJTIwJTIwJTIwJTIwJTIwJTIwJTIwJTIwZm9yJTIwJTI4dmFyJTIwaSUyMCUzRCUyMDAlM0IlMjBpJTIwJTNDJTIwcGhvbmVfYV9jbGlja3MubGVuZ3RoJTNCJTIwaSUyQiUyQiUyOSUyMCU3QiUwQSUyMCUyMCUyMCUyMCUyMCUyMCUyMCUyMCUyMCUyMCUyMCUyMCUyMCUyMCUyMCUyMCUyMCUyMHBob25lX2FfY2xpY2tzJTVCaSU1RC5zZXRBdHRyaWJ1dGUlMjglMjJocmVmJTIyJTJDJTIwc3RyaXBwZWRfcGhvbmUlMjklM0IlMEElMjAlMjAlMjAlMjAlMjAlMjAlMjAlMjAlMjAlMjAlMjAlMjAlMjAlMjAlMjAlMjAlMjAlMjBwaG9uZV9hX2NsaWNrcyU1QmklNUQuY2xhc3NMaXN0LmFkZCUyOCUyMnNob3clMjIlMjklM0IlMEElMjAlMjAlMjAlMjAlMjAlMjAlMjAlMjAlMjAlMjAlMjAlMjAlMjAlMjAlN0QlMEElMjAlMjAlMjAlMjAlMjAlMjAlMjAlMjAlMjAlMjAlMjAlMjAlMjAlMjAlMEElMjAlMjAlMjAlMjAlMjAlMjAlMjAlMjAlMjAlMjAlMjAlMjAlMjAlMjB2YXIlMjBwaG9uZV9hX2NsaWNrcyUyMCUzRCUyMGRvY3VtZW50LmdldEVsZW1lbnRzQnlDbGFzc05hbWUlMjglMjJuby10cmFja2luZy1waG9uZS1jbGljayUyMiUyOSUzQiUwQSUyMCUyMCUyMCUyMCUyMCUyMCUyMCUyMCUyMCUyMCUyMCUyMCUyMCUyMGZvciUyMCUyOHZhciUyMGklMjAlM0QlMjAwJTNCJTIwaSUyMCUzQyUyMHBob25lX2FfY2xpY2tzLmxlbmd0aCUzQiUyMGklMkIlMkIlMjklMjAlN0IlMEElMjAlMjAlMjAlMjAlMjAlMjAlMjAlMjAlMjAlMjAlMjAlMjAlMjAlMjAlMjAlMjAlMjAlMjBwaG9uZV9hX2NsaWNrcyU1QmklNUQuc2V0QXR0cmlidXRlJTI4JTIyaHJlZiUyMiUyQyUyMHN0cmlwcGVkX3Bob25lJTI5JTNCJTBBJTIwJTIwJTIwJTIwJTIwJTIwJTIwJTIwJTIwJTIwJTIwJTIwJTIwJTIwJTIwJTIwJTIwJTIwcGhvbmVfYV9jbGlja3MlNUJpJTVELmNsYXNzTGlzdC5hZGQlMjglMjJzaG93JTIyJTI5JTNCJTBBJTIwJTIwJTIwJTIwJTIwJTIwJTIwJTIwJTIwJTIwJTIwJTIwJTIwJTIwJTdEJTBBJTIwJTIwJTIwJTIwJTIwJTIwJTIwJTIwJTIwJTIwJTdEJTBBJTIwJTIwJTIwJTIwJTIwJTIwJTIwJTIwJTdEJTJDJTIwZmFsc2UlMjklM0IlMEElMjAlMjAlMjAlMjAlM0MlMkZzY3JpcHQlM0UlMEElMjAlMjAlMjAlMjA=\";\n        var iframe = document.createElement('iframe');\n        var html = decodeURIComponent(atob(content));\n        var block = document.querySelector('[data-block-id=block_0b643f4f26382f445db74322844bc94d]');\n\n        block.appendChild(iframe);\n        iframe.style.width = '100%';\n        iframe.title = \"block_0b643f4f26382f445db74322844bc94d\";\n        iframe.loading = \"lazy\";\n        iframe.contentWindow.document.open();\n        iframe.contentWindow.document.write(html);\n        iframe.contentWindow.document.close();\n\n        var eventMethod = window.addEventListener ? \"addEventListener\" : \"attachEvent\";\n        var eventListener = window[eventMethod];\n        var messageEvent = eventMethod == \"attachEvent\" ? \"onmessage\" : \"message\";\n\n        eventListener(messageEvent,function(e) {\n\n            if ((typeof e.data === 'string') && e.data) {\n\n                var blockData = JSON.parse(e.data);\n                var { messageType, blockId, height, href = \"\" } = blockData;\n                var blockIframe = document.querySelector('[data-block-id=' + blockId + '] iframe');\n\n                blockIframe.height = height + 'px';\n                blockIframe.contentWindow.postMessage(JSON.stringify({\n                    phoneNumber: document.querySelector('.tracking-phone').innerHTML,\n                }));\n\n                if (href) {\n                    if (href.toLowerCase() === '#leadform' || href.toLowerCase() === '#lead-form') {\n                        document.querySelector(\"[data-modal-id=lead-form-template]\").click();\n                    }\n                }\n            }\n        },false);\n    <\/script>\n<\/div>\n<\/div>\n","protected":false},"excerpt":{"rendered":"<p>Eval\u00fae su poder de compra para ayudar a reducir su b\u00fasqueda Comprar una casa es emocionante, pero buscar la casa perfecta que se adapte a sus necesidades tambi\u00e9n puede ser abrumador. Un paso que puede ser beneficioso es obtener una precalificaci\u00f3n de hipoteca, de modo que sepa cu\u00e1nto puede pagar. Siempre es una buena idea [&hellip;]<\/p>\n","protected":false},"author":1,"featured_media":9368,"parent":5269,"menu_order":0,"comment_status":"closed","ping_status":"closed","template":"page-sidebar","meta":{"_acf_changed":false,"footnotes":""},"categories":[],"tags":[36],"class_list":["post-5292","page","type-page","status-publish","has-post-thumbnail","hentry","tag-entendiendo-credito"],"acf":[],"featured_image_src":"https:\/\/branded.financialwellnessforyou.com\/wp-content\/uploads\/sites\/7\/2023\/06\/mortgages-1.jpg","featured_image_src_square":"https:\/\/branded.financialwellnessforyou.com\/wp-content\/uploads\/sites\/7\/2023\/06\/mortgages-1.jpg","_links":{"self":[{"href":"https:\/\/branded.financialwellnessforyou.com\/es\/wp-json\/wp\/v2\/pages\/5292","targetHints":{"allow":["GET"]}}],"collection":[{"href":"https:\/\/branded.financialwellnessforyou.com\/es\/wp-json\/wp\/v2\/pages"}],"about":[{"href":"https:\/\/branded.financialwellnessforyou.com\/es\/wp-json\/wp\/v2\/types\/page"}],"author":[{"embeddable":true,"href":"https:\/\/branded.financialwellnessforyou.com\/es\/wp-json\/wp\/v2\/users\/1"}],"replies":[{"embeddable":true,"href":"https:\/\/branded.financialwellnessforyou.com\/es\/wp-json\/wp\/v2\/comments?post=5292"}],"version-history":[{"count":2,"href":"https:\/\/branded.financialwellnessforyou.com\/es\/wp-json\/wp\/v2\/pages\/5292\/revisions"}],"predecessor-version":[{"id":9439,"href":"https:\/\/branded.financialwellnessforyou.com\/es\/wp-json\/wp\/v2\/pages\/5292\/revisions\/9439"}],"up":[{"embeddable":true,"href":"https:\/\/branded.financialwellnessforyou.com\/es\/wp-json\/wp\/v2\/pages\/5269"}],"wp:featuredmedia":[{"embeddable":true,"href":"https:\/\/branded.financialwellnessforyou.com\/es\/wp-json\/wp\/v2\/media\/9368"}],"wp:attachment":[{"href":"https:\/\/branded.financialwellnessforyou.com\/es\/wp-json\/wp\/v2\/media?parent=5292"}],"wp:term":[{"taxonomy":"category","embeddable":true,"href":"https:\/\/branded.financialwellnessforyou.com\/es\/wp-json\/wp\/v2\/categories?post=5292"},{"taxonomy":"post_tag","embeddable":true,"href":"https:\/\/branded.financialwellnessforyou.com\/es\/wp-json\/wp\/v2\/tags?post=5292"}],"curies":[{"name":"wp","href":"https:\/\/api.w.org\/{rel}","templated":true}]}}