{"id":5295,"date":"2023-02-03T14:55:09","date_gmt":"2023-02-03T14:55:09","guid":{"rendered":"https:\/\/demo123.kofetime.com\/aprende-ahora\/calculadoras-financieras\/calculadora-costos-puntaje-de-credito\/"},"modified":"2023-06-19T15:54:08","modified_gmt":"2023-06-19T15:54:08","slug":"calculadora-costos-puntaje-de-credito","status":"publish","type":"page","link":"https:\/\/branded.financialwellnessforyou.com\/es\/aprende-ahora\/calculadoras-financieras\/calculadora-costos-puntaje-de-credito\/","title":{"rendered":"Calculadora de prestamo segun puntaje de credito"},"content":{"rendered":"\n<h2 class=\"wp-block-heading\">Vea la cantidad de dinero que un mal puntaje de cr\u00e9dito realmente le cuesta a usted.<\/h2>\n\n\n\n<p>Usted sabe que un mal cr\u00e9dito significa que las tasas de inter\u00e9s ser\u00e1n m\u00e1s altas, que a su vez, significa m\u00e1s dinero pagado durante la vida de cada pr\u00e9stamo que usted toma. Pero, \u00bfrealmente entiende exactamente cu\u00e1nto le cuesta a usted un menor puntaje de cr\u00e9dito?<\/p>\n\n\n\n<p><br>Con esto en mente, hemos dise\u00f1ado la calculadora que se muestra m\u00e1s abajo, para ayudarle a entender el costo que significa un mal cr\u00e9dito \u2013 y de los grandes ahorros asociados con un buen cr\u00e9dito. Usted puede ingresar los diferentes tipos de pr\u00e9stamos y cantidades de pr\u00e9stamos diferentes para ver cu\u00e1nto inter\u00e9s usted pagar\u00eda por una variedad de cr\u00e9ditos diferentes. De esta manera, usted puede saber lo que pagar\u00e1 por un nuevo pr\u00e9stamo en su actual nivel de puntaje de cr\u00e9dito, versus lo que usted pagar\u00eda si tomara las medidas adecuadas para mejorar su puntaje de cr\u00e9dito antes de aplicar.<\/p>\n\n\n\n<p>Y recuerde, si los problemas con la deuda de tarjeta de cr\u00e9dito le impiden alcanzar el puntaje de cr\u00e9dito que usted quiere, podemos ayudarle. <br>Ll\u00e1menos hoy al para hablar con un consejero de cr\u00e9dito certificado o tomando el primer paso en l\u00ednea ahora mismo con una solicitud de un An\u00e1lisis Gratuito de Deudas.<\/p>\n\n\n\n<div class=\"block-calculator\" data-block-id=\"block_b978e9bcba598f5c31591fa608a613b0\">\n    <script id=\"block_b978e9bcba598f5c31591fa608a613b0-js\" defer=\"defer\">\n        var content = \"JTBBJTIwJTIwJTIwJTIwJTNDbGluayUyMHJlbCUzRCUyMnN0eWxlc2hlZXQlMjIlMjBocmVmJTNEJTIyaHR0cHMlM0ElMkYlMkZ3d3cuY29uc29saWRhdGVkY3JlZGl0Lm9yZyUyRndwLWNvbnRlbnQlMkZ0aGVtZXMlMkZjY3VzLW1sJTJGZGlzdCUyRmJ1bmRsZS5taW4uY3NzJTIyJTIwY3Jvc3NvcmlnaW4lM0QlMjJhbm9ueW1vdXMlMjIlM0UlMEElMjAlMjAlMjAlMjAlMjAlMjAlMjAlMjAlMjAlMjAlMjAlMjAlMjAlMjAlMjAlMjAlMjAlMjAlMjAlMjAlM0NzY3JpcHQlMjBzcmMlM0QlMjJodHRwcyUzQSUyRiUyRnJlc291cmNlcy52ZW50dXJldGVjaHNvbHV0aW9ucy5jb20lMkZjYWxjdWxhdG9ycyUyRnZ0LWxvYW4tY29zdC1jYWxjdWxhdG9yJTJGYnVuZGxlLm1pbi5qcyUyMiUyMHR5cGUlM0QlMjJ0ZXh0JTJGamF2YXNjcmlwdCUyMiUzRSUzQyUyRnNjcmlwdCUzRSUwRCUwQSUzQ2gyJTIwc3R5bGUlM0QlMjJjb2xvciUzQWJsYWNrJTNCJTIyJTNFQ2FsY3VsYWRvcmElMjBkZSUyMHByZXN0YW1vJTIwc2VndW4lMjBwdW50YWplJTIwZGUlMjBjcmVkaXRvJTNDJTJGaDIlM0UlMEQlMEElMjAlMjAlMjAlMjAlMjAlMjAlMjAlMjAlMjAlMjAlMjAlMjAlMjAlMjAlMjAlMjAlM0NkaXYlMjBpZCUzRCUyMnZ0TG9hbkNvc3RDYWxjJTIyJTIwY2xhc3MlM0QlMjJwYi01JTIwcHQtMyUyMiUzRSUzQyUyRmRpdiUzRSUwRCUwQSUyMCUyMCUyMCUyMCUyMCUyMCUyMCUyMCUyMCUyMCUyMCUyMCUyMCUyMCUyMCUyMCUyMCUyMCUyMCUyMCUyMCUyMCUyMCUyMCUzQ3NjcmlwdCUzRSUwRCUwQSUyMCUyMCUyMCUyMCUyMCUyMCUyMCUyMCUyMCUyMCUyMCUyMCUyMCUyMCUyMCUyMCUyMCUyMCUyMCUyMCUyMCUyMCUyMCUyMCUyMCUyMCUyMCUyMFZUTG9hbkNvc3RDYWxjdWxhdG9yLmluaXQlMjglN0IlMEQlMEElMjAlMjAlMjAlMjAlMjAlMjAlMjAlMjAlMjAlMjAlMjAlMjAlMjAlMjAlMjAlMjAlMjAlMjAlMjAlMjAlMjAlMjAlMjAlMjAlMjAlMjAlMjAlMjAlMjAlMjAlMjAlMjBzZWxlY3RvciUzQSUyMCUyN3Z0TG9hbkNvc3RDYWxjJTI3JTJDJTBEJTBBJTIwJTIwJTIwJTIwJTIwJTIwJTIwJTIwJTIwJTIwJTIwJTIwJTIwJTIwJTIwJTIwJTIwJTIwJTIwJTIwJTIwJTIwJTIwJTIwJTIwJTIwJTIwJTIwJTIwJTIwJTIwJTIwcmVnaW9uJTNBJTIwJTI3dXMlMjclMkMlMEQlMEElMjAlMjAlMjAlMjAlMjAlMjAlMjAlMjAlMjAlMjAlMjAlMjAlMjAlMjAlMjAlMjAlMjAlMjAlMjAlMjAlMjAlMjAlMjAlMjAlMjAlMjAlMjAlMjAlMjAlMjAlMjAlMjBsYW4lM0ElMjAlMjdlcyUyNyUyQyUwRCUwQSUyMCUyMCUyMCUyMCUyMCUyMCUyMCUyMCUyMCUyMCUyMCUyMCUyMCUyMCUyMCUyMCUyMCUyMCUyMCUyMCUyMCUyMCUyMCUyMCUyMCUyMCUyMCUyMCUyMCUyMCUyMCUyMGJ0bkxhYmVsJTIwJTNBJTIwJTI3Q2FsY3VsYXIlMjclMkMlMEQlMEF0aXRsZSUzQSUyMCUyNyUyNyUyQyUwRCUwQSUyMCUyMCUyMCUyMCUyMCUyMCUyMCUyMCUyMCUyMCUyMCUyMCUyMCUyMCUyMCUyMCUyMCUyMCUyMCUyMCUyMCUyMCUyMCUyMCUyMCUyMCUyMCUyMCU3RCUyOSUzQiUwRCUwQSUyMCUyMCUyMCUyMCUyMCUyMCUyMCUyMCUyMCUyMCUyMCUyMCUyMCUyMCUyMCUyMCUyMCUyMCUyMCUyMCUyMCUyMCUyMCUyMCUzQyUyRnNjcmlwdCUzRSUwQSUyMCUyMCUyMCUyMCUzQ3N0eWxlJTIwaWQlM0QlMjJpZnJhbWUtc3R5bGVzJTIyJTNFJTBBJTIwJTIwJTIwJTIwJTIwJTIwJTIwJTIwYm9keSUyMCU3QiUyMHBhZGRpbmctdG9wJTNBJTIwMCUzQiUyMG92ZXJmbG93JTNBJTIwaGlkZGVuJTNCJTdEJTBBJTIwJTIwJTIwJTIwJTIwJTIwJTIwJTIwLmJ0bi1vcGVuLXRhYmxlJTIwaSU3QiUwQSUyMCUyMCUyMCUyMCUyMCUyMCUyMCUyMCUyMCUyMCUyMCUyMHBvc2l0aW9uJTNBJTIwcmVsYXRpdmUlM0IlMEElMjAlMjAlMjAlMjAlMjAlMjAlMjAlMjAlMjAlMjAlMjAlMjB0b3AlM0EwJTIxaW1wb3J0YW50JTNCJTBBJTIwJTIwJTIwJTIwJTIwJTIwJTIwJTIwJTdEJTBBJTIwJTIwJTIwJTIwJTIwJTIwJTIwJTIwLmJ0bi1vcGVuLXRhYmxlJTdCJTBBJTIwJTIwJTIwJTIwJTIwJTIwJTIwJTIwJTIwJTIwJTIwJTIwd2hpdGUtc3BhY2UlM0ElMjBub3JtYWwlM0IlMEElMjAlMjAlMjAlMjAlMjAlMjAlMjAlMjAlN0QlMEElMjAlMjAlMjAlMjAlM0MlMkZzdHlsZSUzRSUwQSUyMCUyMCUyMCUyMCUzQ3NjcmlwdCUyMGlkJTNEJTIyaWZyYW1lLXNjcmlwdCUyMiUyMGRlZmVyJTNEJTIyZGVmZXIlMjIlM0UlMEElMjAlMjAlMjAlMjAlMjAlMjAlMjAlMjB2YXIlMjBkb2N1bWVudEhlaWdodCUyMCUzRCUyMGRvY3VtZW50LnF1ZXJ5U2VsZWN0b3IlMjglMjJib2R5JTIyJTI5LnNjcm9sbEhlaWdodCUzQiUwQSUyMCUyMCUyMCUyMCUyMCUyMCUyMCUyMHdpbmRvdy51cGRhdGVJZnJhbWVIZWlnaHQlMjAlM0QlMjBmdW5jdGlvbiUyOGluaXQlMjAlM0QlMjBmYWxzZSUyOSUyMCU3QiUwQSUyMCUyMCUyMCUyMCUyMCUyMCUyMCUyMCUyMCUyMCUyMCUyMHZhciUyMG5ld0RvY3VtZW50SGVpZ2h0JTIwJTNEJTIwZG9jdW1lbnQucXVlcnlTZWxlY3RvciUyOCUyMmJvZHklMjAlM0UlMjBkaXYlMjIlMjkuc2Nyb2xsSGVpZ2h0JTNCJTBBJTIwJTIwJTIwJTIwJTIwJTIwJTIwJTIwJTIwJTIwJTIwJTIwdmFyJTIwaGVpZ2h0RGlmZiUyMCUzRCUyMGRvY3VtZW50SGVpZ2h0JTIwLSUyMG5ld0RvY3VtZW50SGVpZ2h0JTNCJTBBJTIwJTIwJTIwJTIwJTBBJTIwJTIwJTIwJTIwJTIwJTIwJTIwJTIwJTIwJTIwJTIwJTIwaWYlMjAlMjhpbml0JTI5JTIwJTdCJTBBJTIwJTIwJTIwJTIwJTIwJTIwJTIwJTIwJTIwJTIwJTIwJTIwJTIwJTIwJTIwJTIwcGFyZW50LnBvc3RNZXNzYWdlJTI4SlNPTi5zdHJpbmdpZnklMjglN0IlMEElMjAlMjAlMjAlMjAlMjAlMjAlMjAlMjAlMjAlMjAlMjAlMjAlMjAlMjAlMjAlMjAlMjAlMjAlMjAlMjBibG9ja0lkJTNBJTIwJTIyYmxvY2tfYjk3OGU5YmNiYTU5OGY1YzMxNTkxZmE2MDhhNjEzYjAlMjIlMkMlMEElMjAlMjAlMjAlMjAlMjAlMjAlMjAlMjAlMjAlMjAlMjAlMjAlMjAlMjAlMjAlMjAlMjAlMjAlMjAlMjBoZWlnaHQlM0ElMjBkb2N1bWVudEhlaWdodCUyQyUwQSUyMCUyMCUyMCUyMCUyMCUyMCUyMCUyMCUyMCUyMCUyMCUyMCUyMCUyMCUyMCUyMCUyMCUyMCUyMCUyMG1lc3NhZ2VUeXBlJTNBJTIwJTIyaW5pdCUyMiUwQSUyMCUyMCUyMCUyMCUyMCUyMCUyMCUyMCUyMCUyMCUyMCUyMCUyMCUyMCUyMCUyMCU3RCUyOSUyQyUyMiUyQSUyMiUyOSUzQiUwQSUyMCUyMCUyMCUyMCUyMCUyMCUyMCUyMCUyMCUyMCUyMCUyMCU3RCUwQSUyMCUyMCUyMCUyMCUyMCUyMCUyMCUyMCUyMCUyMCUyMCUyMGVsc2UlMjBpZiUyMCUyOCUyMGhlaWdodERpZmYlMjAlM0UlMjA1JTIwJTdDJTdDJTIwaGVpZ2h0RGlmZiUyMCUzQyUyMC01JTIwJTI5JTIwJTdCJTBBJTIwJTIwJTIwJTIwJTIwJTIwJTIwJTIwJTIwJTIwJTIwJTIwJTIwJTIwJTIwJTIwZG9jdW1lbnRIZWlnaHQlMjAlM0QlMjBuZXdEb2N1bWVudEhlaWdodCUzQiUwQSUyMCUyMCUyMCUyMCUyMCUyMCUyMCUyMCUyMCUyMCUyMCUyMCUyMCUyMCUyMCUyMHBhcmVudC5wb3N0TWVzc2FnZSUyOEpTT04uc3RyaW5naWZ5JTI4JTdCJTBBJTIwJTIwJTIwJTIwJTIwJTIwJTIwJTIwJTIwJTIwJTIwJTIwJTIwJTIwJTIwJTIwJTIwJTIwJTIwJTIwYmxvY2tJZCUzQSUyMCUyMmJsb2NrX2I5NzhlOWJjYmE1OThmNWMzMTU5MWZhNjA4YTYxM2IwJTIyJTJDJTBBJTIwJTIwJTIwJTIwJTIwJTIwJTIwJTIwJTIwJTIwJTIwJTIwJTIwJTIwJTIwJTIwJTIwJTIwJTIwJTIwaGVpZ2h0JTNBJTIwZG9jdW1lbnRIZWlnaHQlMkMlMEElMjAlMjAlMjAlMjAlMjAlMjAlMjAlMjAlMjAlMjAlMjAlMjAlMjAlMjAlMjAlMjAlMjAlMjAlMjAlMjBtZXNzYWdlVHlwZSUzQSUyMCUyMnJlc2l6ZSUyMiUwQSUyMCUyMCUyMCUyMCUyMCUyMCUyMCUyMCUyMCUyMCUyMCUyMCUyMCUyMCUyMCUyMCU3RCUyOSUyQyUyMiUyQSUyMiUyOSUzQiUwQSUyMCUyMCUyMCUyMCUyMCUyMCUyMCUyMCUyMCUyMCUyMCUyMCU3RCUwQSUyMCUyMCUyMCUyMCUyMCUyMCUyMCUyMCU3RCUwQSUyMCUyMCUyMCUyMCUyMCUyMCUyMCUyMCUwQSUyMCUyMCUyMCUyMCUyMCUyMCUyMCUyMCUyRiUyRiUyMElFJTIwbm90JTIwc3VwcG9ydGVkJTBBJTIwJTIwJTIwJTIwJTIwJTIwJTIwJTIwaWYlMjAlMjh0eXBlb2YlMjBSZXNpemVPYnNlcnZlciUyMCUyMSUzRCUzRCUyMHVuZGVmaW5lZCUyOSUyMCU3QiUwQSUyMCUyMCUyMCUyMCUyMCUyMCUyMCUyMCUyMCUyMCUyMCUyMHZhciUyMHJlc2l6ZU9ic2VydmVyJTIwJTNEJTIwbmV3JTIwUmVzaXplT2JzZXJ2ZXIlMjhmdW5jdGlvbiUyOGVudHJpZXMlMjklMjAlN0IlMEElMjAlMjAlMjAlMjAlMjAlMjAlMjAlMjAlMjAlMjAlMjAlMjAlMjAlMjB3aW5kb3cudXBkYXRlSWZyYW1lSGVpZ2h0JTI4JTI5JTNCJTBBJTIwJTIwJTIwJTIwJTIwJTIwJTIwJTIwJTIwJTIwJTIwJTIwJTdEJTI5JTNCJTBBJTIwJTIwJTIwJTIwJTBBJTIwJTIwJTIwJTIwJTIwJTIwJTIwJTIwJTIwJTIwJTIwJTIwdmFyJTIwZGl2RWxlbSUyMCUzRCUyMGRvY3VtZW50LnF1ZXJ5U2VsZWN0b3IlMjglMjJib2R5JTIwJTNFJTIwZGl2JTIyJTI5JTNCJTBBJTIwJTIwJTIwJTIwJTIwJTIwJTIwJTIwJTIwJTIwJTIwJTIwcmVzaXplT2JzZXJ2ZXIub2JzZXJ2ZSUyOGRpdkVsZW0lMjklM0IlMEElMjAlMjAlMjAlMjAlMjAlMjAlMjAlMjAlN0QlMEElMjAlMjAlMjAlMjAlMEElMjAlMjAlMjAlMjAlMjAlMjAlMjAlMjB3aW5kb3cub25yZXNpemUlMjAlM0QlMjBmdW5jdGlvbiUyOCUyOSUyMCU3QiUwQSUyMCUyMCUyMCUyMCUyMCUyMCUyMCUyMCUyMCUyMCUyMCUyMHdpbmRvdy51cGRhdGVJZnJhbWVIZWlnaHQlMjglMjklM0IlMEElMjAlMjAlMjAlMjAlMjAlMjAlMjAlMjAlN0QlM0IlMEElMjAlMjAlMjAlMjAlMjAlMjAlMjAlMjAlMEElMjAlMjAlMjAlMjAlMjAlMjAlMjAlMjB3aW5kb3cub25jbGljayUyMCUzRCUyMGZ1bmN0aW9uJTI4ZSUyOSUyMCU3QiUwQSUyMCUyMCUyMCUyMCUyMCUyMCUyMCUyMCUyMCUyMCUyMCUyMHNldFRpbWVvdXQlMjhmdW5jdGlvbiUyOCUyOSUyMCU3QiUwQSUyMCUyMCUyMCUyMCUyMCUyMCUyMCUyMCUyMCUyMCUyMCUyMCUyMCUyMCUyMCUyMHdpbmRvdy51cGRhdGVJZnJhbWVIZWlnaHQlMjglMjklM0IlMEElMjAlMjAlMjAlMjAlMjAlMjAlMjAlMjAlMjAlMjAlMjAlMjAlN0QlMkMlMjAxMDAlMjklM0IlMEElMjAlMjAlMjAlMjAlMjAlMjAlMjAlMjAlMjAlMjAlMjAlMjAlMEElMjAlMjAlMjAlMjAlMjAlMjAlMjAlMjAlMjAlMjAlMjAlMjB2YXIlMjB0YXJnZXQlMjAlM0QlMjBlJTIwJTI2JTI2JTIwZS50YXJnZXQlM0IlMEElMjAlMjAlMjAlMjAlMjAlMjAlMjAlMjAlMjAlMjAlMjAlMjBpZiUyMCUyOHRhcmdldCUyOSUyMCU3QiUwQSUyMCUyMCUyMCUyMCUyMCUyMCUyMCUyMCUyMCUyMCUyMCUyMCUyMCUyMCUyMCUyMHZhciUyMGhyZWYlMjAlM0QlMjB0YXJnZXQuZ2V0QXR0cmlidXRlJTI4JTIyaHJlZiUyMiUyOSUzQiUyMCUwQSUyMCUyMCUyMCUyMCUyMCUyMCUyMCUyMCUyMCUyMCUyMCUyMCUyMCUyMCUyMCUyMCUwQSUyMCUyMCUyMCUyMCUyMCUyMCUyMCUyMCUyMCUyMCUyMCUyMCUyMCUyMCUyMCUyMGlmJTIwJTI4aHJlZiUyOSUyMCU3QiUwQSUyMCUyMCUyMCUyMCUyMCUyMCUyMCUyMCUyMCUyMCUyMCUyMCUyMCUyMCUyMCUyMCUyMCUyMCUyMCUyMHBhcmVudC5wb3N0TWVzc2FnZSUyOEpTT04uc3RyaW5naWZ5JTI4JTdCJTBBJTIwJTIwJTIwJTIwJTIwJTIwJTIwJTIwJTIwJTIwJTIwJTIwJTIwJTIwJTIwJTIwJTIwJTIwJTIwJTIwJTIwJTIwJTIwJTIwYmxvY2tJZCUzQSUyMCUyMmJsb2NrX2I5NzhlOWJjYmE1OThmNWMzMTU5MWZhNjA4YTYxM2IwJTIyJTJDJTBBJTIwJTIwJTIwJTIwJTIwJTIwJTIwJTIwJTIwJTIwJTIwJTIwJTIwJTIwJTIwJTIwJTIwJTIwJTIwJTIwJTIwJTIwJTIwJTIwaGVpZ2h0JTNBJTIwZG9jdW1lbnRIZWlnaHQlMkMlMEElMjAlMjAlMjAlMjAlMjAlMjAlMjAlMjAlMjAlMjAlMjAlMjAlMjAlMjAlMjAlMjAlMjAlMjAlMjAlMjAlMjAlMjAlMjAlMjBocmVmJTNBJTIwaHJlZiUyQyUwQSUyMCUyMCUyMCUyMCUyMCUyMCUyMCUyMCUyMCUyMCUyMCUyMCUyMCUyMCUyMCUyMCUyMCUyMCUyMCUyMCUyMCUyMCUyMCUyMG1lc3NhZ2VUeXBlJTNBJTIwJTIyY2xpY2slMjIlMEElMjAlMjAlMjAlMjAlMjAlMjAlMjAlMjAlMjAlMjAlMjAlMjAlMjAlMjAlMjAlMjAlMjAlMjAlMjAlMjAlN0QlMjklMkMlMjIlMkElMjIlMjklM0IlMEElMjAlMjAlMjAlMjAlMjAlMjAlMjAlMjAlMjAlMjAlMjAlMjAlMjAlMjAlMjAlMjAlN0QlMEElMjAlMjAlMjAlMjAlMjAlMjAlMjAlMjAlMjAlMjAlMjAlMjAlN0QlMEElMjAlMjAlMjAlMjAlMjAlMjAlMjAlMjAlN0QlM0IlMEElMjAlMjAlMjAlMjAlMjAlMjAlMjAlMjAlMEElMjAlMjAlMjAlMjAlMjAlMjAlMjAlMjB3aW5kb3cudXBkYXRlSWZyYW1lSGVpZ2h0JTI4dHJ1ZSUyOSUzQiUwQSUyMCUyMCUyMCUyMCUyMCUyMCUyMCUyMCUwQSUyMCUyMCUyMCUyMCUyMCUyMCUyMCUyMHdpbmRvdy5hZGRFdmVudExpc3RlbmVyJTI4JTIybWVzc2FnZSUyMiUyQyUyMGZ1bmN0aW9uJTI4ZXZlbnQlMjklMjAlN0IlMEElMjAlMjAlMjAlMjAlMjAlMjAlMjAlMjAlMEElMjAlMjAlMjAlMjAlMjAlMjAlMjAlMjAlMjAlMjAlMjAlMjB2YXIlMjBtZXNzYWdlRGF0YSUyMCUzRCUyMEpTT04ucGFyc2UlMjhldmVudC5kYXRhJTI5JTNCJTBBJTIwJTIwJTIwJTIwJTIwJTIwJTIwJTIwJTIwJTIwJTIwJTIwdmFyJTIwcGhvbmVfbnVtYmVyJTIwJTNEJTIwbWVzc2FnZURhdGElMjAlMjYlMjYlMjBtZXNzYWdlRGF0YS5waG9uZU51bWJlciUzQiUwQSUyMCUyMCUyMCUyMCUyMCUyMCUyMCUyMCUyMCUyMCUyMCUyMCUwQSUyMCUyMCUyMCUyMCUyMCUyMCUyMCUyMCUyMCUyMCUyMCUyMGlmJTIwJTI4cGhvbmVfbnVtYmVyJTI5JTIwJTdCJTBBJTIwJTIwJTIwJTIwJTIwJTIwJTIwJTIwJTIwJTIwJTIwJTIwJTIwJTIwdmFyJTIwcGhvbmVfc3BhbnMlMjAlM0QlMjBkb2N1bWVudC5nZXRFbGVtZW50c0J5Q2xhc3NOYW1lJTI4JTIydHJhY2tpbmctcGhvbmUlMjIlMjklM0IlMEElMjAlMjAlMjAlMjAlMjAlMjAlMjAlMjAlMjAlMjAlMjAlMjAlMjAlMjBmb3IlMjAlMjh2YXIlMjBpJTIwJTNEJTIwMCUzQiUyMGklMjAlM0MlMjBwaG9uZV9zcGFucy5sZW5ndGglM0IlMjBpJTJCJTJCJTI5JTIwJTdCJTBBJTIwJTIwJTIwJTIwJTIwJTIwJTIwJTIwJTIwJTIwJTIwJTIwJTIwJTIwJTIwJTIwJTIwJTIwcGhvbmVfc3BhbnMlNUJpJTVELnRleHRDb250ZW50JTIwJTNEJTIwcGhvbmVfbnVtYmVyJTNCJTBBJTIwJTIwJTIwJTIwJTIwJTIwJTIwJTIwJTIwJTIwJTIwJTIwJTIwJTIwJTdEJTBBJTIwJTIwJTIwJTIwJTBBJTIwJTIwJTIwJTIwJTIwJTIwJTIwJTIwJTIwJTIwJTIwJTIwJTIwJTIwdmFyJTIwc3RyaXBwZWRfcGhvbmUlMjAlM0QlMjBwaG9uZV9udW1iZXIucmVwbGFjZSUyOCUyRiU1QiU1RTAtOSU1RCUyRmclMkMlMjAlMjIlMjIlMjklM0IlMEElMjAlMjAlMjAlMjAlMjAlMjAlMjAlMjAlMjAlMjAlMjAlMjAlMjAlMjBpZiUyMCUyOHN0cmlwcGVkX3Bob25lLmNoYXJBdCUyODAlMjklMjAlMjElM0QlM0QlMjAlMjIxJTIyJTI5JTIwJTdCJTBBJTIwJTIwJTIwJTIwJTIwJTIwJTIwJTIwJTIwJTIwJTIwJTIwJTIwJTIwJTIwJTIwJTIwJTIwc3RyaXBwZWRfcGhvbmUlMjAlM0QlMjAlMjJ0ZWwlM0ElMkIxJTIyJTIwJTJCJTIwc3RyaXBwZWRfcGhvbmUlMEElMjAlMjAlMjAlMjAlMjAlMjAlMjAlMjAlMjAlMjAlMjAlMjAlMjAlMjAlN0QlMjBlbHNlJTIwJTdCJTBBJTIwJTIwJTIwJTIwJTIwJTIwJTIwJTIwJTIwJTIwJTIwJTIwJTIwJTIwJTIwJTIwJTIwJTIwc3RyaXBwZWRfcGhvbmUlMjAlM0QlMjAlMjJ0ZWwlM0ElMkIxJTIyJTIwJTJCJTIwc3RyaXBwZWRfcGhvbmUlMEElMjAlMjAlMjAlMjAlMjAlMjAlMjAlMjAlMjAlMjAlMjAlMjAlMjAlMjAlN0QlMEElMjAlMjAlMjAlMjAlMEElMjAlMjAlMjAlMjAlMjAlMjAlMjAlMjAlMjAlMjAlMjAlMjAlMjAlMjB2YXIlMjBwaG9uZV9hX2NsaWNrcyUyMCUzRCUyMGRvY3VtZW50LmdldEVsZW1lbnRzQnlDbGFzc05hbWUlMjglMjJ0cmFja2luZy1waG9uZS1jbGljayUyMiUyOSUzQiUwQSUyMCUyMCUyMCUyMCUyMCUyMCUyMCUyMCUyMCUyMCUyMCUyMCUyMCUyMGZvciUyMCUyOHZhciUyMGklMjAlM0QlMjAwJTNCJTIwaSUyMCUzQyUyMHBob25lX2FfY2xpY2tzLmxlbmd0aCUzQiUyMGklMkIlMkIlMjklMjAlN0IlMEElMjAlMjAlMjAlMjAlMjAlMjAlMjAlMjAlMjAlMjAlMjAlMjAlMjAlMjAlMjAlMjAlMjAlMjBwaG9uZV9hX2NsaWNrcyU1QmklNUQuc2V0QXR0cmlidXRlJTI4JTIyaHJlZiUyMiUyQyUyMHN0cmlwcGVkX3Bob25lJTI5JTNCJTBBJTIwJTIwJTIwJTIwJTIwJTIwJTIwJTIwJTIwJTIwJTIwJTIwJTIwJTIwJTIwJTIwJTIwJTIwcGhvbmVfYV9jbGlja3MlNUJpJTVELmNsYXNzTGlzdC5hZGQlMjglMjJzaG93JTIyJTI5JTNCJTBBJTIwJTIwJTIwJTIwJTIwJTIwJTIwJTIwJTIwJTIwJTIwJTIwJTIwJTIwJTdEJTBBJTIwJTIwJTIwJTIwJTIwJTIwJTIwJTIwJTIwJTIwJTIwJTIwJTIwJTIwJTBBJTIwJTIwJTIwJTIwJTIwJTIwJTIwJTIwJTIwJTIwJTIwJTIwJTIwJTIwdmFyJTIwcGhvbmVfYV9jbGlja3MlMjAlM0QlMjBkb2N1bWVudC5nZXRFbGVtZW50c0J5Q2xhc3NOYW1lJTI4JTIybm8tdHJhY2tpbmctcGhvbmUtY2xpY2slMjIlMjklM0IlMEElMjAlMjAlMjAlMjAlMjAlMjAlMjAlMjAlMjAlMjAlMjAlMjAlMjAlMjBmb3IlMjAlMjh2YXIlMjBpJTIwJTNEJTIwMCUzQiUyMGklMjAlM0MlMjBwaG9uZV9hX2NsaWNrcy5sZW5ndGglM0IlMjBpJTJCJTJCJTI5JTIwJTdCJTBBJTIwJTIwJTIwJTIwJTIwJTIwJTIwJTIwJTIwJTIwJTIwJTIwJTIwJTIwJTIwJTIwJTIwJTIwcGhvbmVfYV9jbGlja3MlNUJpJTVELnNldEF0dHJpYnV0ZSUyOCUyMmhyZWYlMjIlMkMlMjBzdHJpcHBlZF9waG9uZSUyOSUzQiUwQSUyMCUyMCUyMCUyMCUyMCUyMCUyMCUyMCUyMCUyMCUyMCUyMCUyMCUyMCUyMCUyMCUyMCUyMHBob25lX2FfY2xpY2tzJTVCaSU1RC5jbGFzc0xpc3QuYWRkJTI4JTIyc2hvdyUyMiUyOSUzQiUwQSUyMCUyMCUyMCUyMCUyMCUyMCUyMCUyMCUyMCUyMCUyMCUyMCUyMCUyMCU3RCUwQSUyMCUyMCUyMCUyMCUyMCUyMCUyMCUyMCUyMCUyMCU3RCUwQSUyMCUyMCUyMCUyMCUyMCUyMCUyMCUyMCU3RCUyQyUyMGZhbHNlJTI5JTNCJTBBJTIwJTIwJTIwJTIwJTNDJTJGc2NyaXB0JTNFJTBBJTIwJTIwJTIwJTIw\";\n        var iframe = document.createElement('iframe');\n        var html = decodeURIComponent(atob(content));\n        var block = document.querySelector('[data-block-id=block_b978e9bcba598f5c31591fa608a613b0]');\n\n        block.appendChild(iframe);\n        iframe.style.width = '100%';\n        iframe.title = \"block_b978e9bcba598f5c31591fa608a613b0\";\n        iframe.loading = \"lazy\";\n        iframe.contentWindow.document.open();\n        iframe.contentWindow.document.write(html);\n        iframe.contentWindow.document.close();\n\n        var eventMethod = window.addEventListener ? \"addEventListener\" : \"attachEvent\";\n        var eventListener = window[eventMethod];\n        var messageEvent = eventMethod == \"attachEvent\" ? \"onmessage\" : \"message\";\n\n        eventListener(messageEvent,function(e) {\n\n            if ((typeof e.data === 'string') && e.data) {\n\n                var blockData = JSON.parse(e.data);\n                var { messageType, blockId, height, href = \"\" } = blockData;\n                var blockIframe = document.querySelector('[data-block-id=' + blockId + '] iframe');\n\n                blockIframe.height = height + 'px';\n                blockIframe.contentWindow.postMessage(JSON.stringify({\n                    phoneNumber: document.querySelector('.tracking-phone').innerHTML,\n                }));\n\n                if (href) {\n                    if (href.toLowerCase() === '#leadform' || href.toLowerCase() === '#lead-form') {\n                        document.querySelector(\"[data-modal-id=lead-form-template]\").click();\n                    }\n                }\n            }\n        },false);\n    <\/script>\n<\/div>\n","protected":false},"excerpt":{"rendered":"<p>Vea la cantidad de dinero que un mal puntaje de cr\u00e9dito realmente le cuesta a usted. Usted sabe que un mal cr\u00e9dito significa que las tasas de inter\u00e9s ser\u00e1n m\u00e1s altas, que a su vez, significa m\u00e1s dinero pagado durante la vida de cada pr\u00e9stamo que usted toma. Pero, \u00bfrealmente entiende exactamente cu\u00e1nto le cuesta [&hellip;]<\/p>\n","protected":false},"author":1,"featured_media":9347,"parent":5269,"menu_order":0,"comment_status":"closed","ping_status":"closed","template":"page-sidebar","meta":{"_acf_changed":false,"footnotes":""},"categories":[],"tags":[14],"class_list":["post-5295","page","type-page","status-publish","has-post-thumbnail","hentry","tag-elaborar-presupuesto"],"acf":[],"featured_image_src":"https:\/\/branded.financialwellnessforyou.com\/wp-content\/uploads\/sites\/7\/2023\/06\/strategic-credit-mgmt-1.jpg","featured_image_src_square":"https:\/\/branded.financialwellnessforyou.com\/wp-content\/uploads\/sites\/7\/2023\/06\/strategic-credit-mgmt-1.jpg","_links":{"self":[{"href":"https:\/\/branded.financialwellnessforyou.com\/es\/wp-json\/wp\/v2\/pages\/5295","targetHints":{"allow":["GET"]}}],"collection":[{"href":"https:\/\/branded.financialwellnessforyou.com\/es\/wp-json\/wp\/v2\/pages"}],"about":[{"href":"https:\/\/branded.financialwellnessforyou.com\/es\/wp-json\/wp\/v2\/types\/page"}],"author":[{"embeddable":true,"href":"https:\/\/branded.financialwellnessforyou.com\/es\/wp-json\/wp\/v2\/users\/1"}],"replies":[{"embeddable":true,"href":"https:\/\/branded.financialwellnessforyou.com\/es\/wp-json\/wp\/v2\/comments?post=5295"}],"version-history":[{"count":4,"href":"https:\/\/branded.financialwellnessforyou.com\/es\/wp-json\/wp\/v2\/pages\/5295\/revisions"}],"predecessor-version":[{"id":9441,"href":"https:\/\/branded.financialwellnessforyou.com\/es\/wp-json\/wp\/v2\/pages\/5295\/revisions\/9441"}],"up":[{"embeddable":true,"href":"https:\/\/branded.financialwellnessforyou.com\/es\/wp-json\/wp\/v2\/pages\/5269"}],"wp:featuredmedia":[{"embeddable":true,"href":"https:\/\/branded.financialwellnessforyou.com\/es\/wp-json\/wp\/v2\/media\/9347"}],"wp:attachment":[{"href":"https:\/\/branded.financialwellnessforyou.com\/es\/wp-json\/wp\/v2\/media?parent=5295"}],"wp:term":[{"taxonomy":"category","embeddable":true,"href":"https:\/\/branded.financialwellnessforyou.com\/es\/wp-json\/wp\/v2\/categories?post=5295"},{"taxonomy":"post_tag","embeddable":true,"href":"https:\/\/branded.financialwellnessforyou.com\/es\/wp-json\/wp\/v2\/tags?post=5295"}],"curies":[{"name":"wp","href":"https:\/\/api.w.org\/{rel}","templated":true}]}}