{"id":5300,"date":"2023-02-02T22:16:00","date_gmt":"2023-02-02T22:16:00","guid":{"rendered":"https:\/\/demo123.kofetime.com\/aprende-ahora\/calculadoras-financieras\/calculadora-de-prestamos\/"},"modified":"2023-06-19T15:54:08","modified_gmt":"2023-06-19T15:54:08","slug":"calculadora-de-prestamos","status":"publish","type":"page","link":"https:\/\/branded.financialwellnessforyou.com\/es\/aprende-ahora\/calculadoras-financieras\/calculadora-de-prestamos\/","title":{"rendered":"Calculadora de Pr\u00e9stamos"},"content":{"rendered":"\n<h2 class=\"wp-block-heading\" id=\"Vea-cusnto-puede-pedir-prestado\">Vea cu\u00e1nto puede pedir prestado y c\u00f3mo los pagos adicionales pueden ayudarle a ahorrar.<\/h2>\n\n\n\n<p>Adquirir un pr\u00e9stamo con la tasa de inter\u00e9s y t\u00e9rmino adecuados tendr\u00e1 un efecto sobre lo f\u00e1cil (o dif\u00edcil) que ser\u00e1 repagar el pr\u00e9stamo. Las tasas de inter\u00e9s y los t\u00e9rminos afectan la cantidad que usted paga cada mes, as\u00ed como tambi\u00e9n el costo total del pr\u00e9stamo. Esta calculadora de pr\u00e9stamos le ayudar\u00e1 a encontrar el pr\u00e9stamo que mejor se ajuste a sus necesidades, y tambi\u00e9n le ayudar\u00e1 a estimar cu\u00e1nto ahorrar\u00e1 si hace pagos adicionales o m\u00e1s altos.<\/p>\n\n\n\n<div id=\"Calculadora-de-Prestamos\" class=\"wp-block-group has-global-padding is-layout-constrained wp-block-group-is-layout-constrained\">\n<h3 class=\"wp-block-heading hidden\" id=\"Calculadora-de-Prestamos\">Calculadora de Pr\u00e9stamos<\/h3>\n\n\n\n<div class=\"block-calculator\" data-block-id=\"block_da73935a6128c4b7eaa2128f0b14ffc3\">\n    <script id=\"block_da73935a6128c4b7eaa2128f0b14ffc3-js\" defer=\"defer\">\n        var content = \"JTBBJTIwJTIwJTIwJTIwJTNDbGluayUyMHJlbCUzRCUyMnN0eWxlc2hlZXQlMjIlMjBocmVmJTNEJTIyaHR0cHMlM0ElMkYlMkZ3d3cuY29uc29saWRhdGVkY3JlZGl0Lm9yZyUyRndwLWNvbnRlbnQlMkZ0aGVtZXMlMkZjY3VzLW1sJTJGZGlzdCUyRmJ1bmRsZS5taW4uY3NzJTIyJTIwY3Jvc3NvcmlnaW4lM0QlMjJhbm9ueW1vdXMlMjIlM0UlMEElMjAlMjAlMjAlMjAlM0NzY3JpcHQlMjBzcmMlM0QlMjJodHRwcyUzQSUyRiUyRnJlc291cmNlcy52ZW50dXJldGVjaHNvbHV0aW9ucy5jb20lMkZjYWxjdWxhdG9ycyUyRnZ0LWxvYW4tY2FsY3VsYXRvciUyRmJ1bmRsZS5taW4uanMlMjIlMjB0eXBlJTNEJTIydGV4dCUyRmphdmFzY3JpcHQlMjIlM0UlM0MlMkZzY3JpcHQlM0UlMEQlMEElMEQlMEElMjAlMjAlMjAlMjAlMjAlMjAlMjAlMjAlMjAlMjAlMjAlMjAlMjAlMjAlMjAlMjAlM0NkaXYlMjBpZCUzRCUyMnZ0TG9hbkNhbGMlMjIlMjBjbGFzcyUzRCUyMnB0LTQlMjBwYi0zJTIyJTNFJTNDJTJGZGl2JTNFJTBEJTBBJTIwJTIwJTIwJTIwJTIwJTIwJTIwJTIwJTIwJTIwJTIwJTIwJTIwJTIwJTIwJTIwJTIwJTIwJTIwJTNDc2NyaXB0JTNFJTBEJTBBJTIwJTIwJTIwJTIwJTIwJTIwJTIwJTIwJTIwJTIwJTIwJTIwJTIwJTIwJTIwJTIwJTIwJTIwJTIwJTIwJTIwJTIwJTIwJTIwVlRMb2FuQ2FsY3VsYXRvci5pbml0JTI4JTdCJTBEJTBBJTIwJTIwJTIwJTIwJTIwJTIwJTIwJTIwJTIwJTIwJTIwJTIwJTIwJTIwJTIwJTIwJTIwJTIwJTIwJTIwJTIwJTIwJTIwJTIwJTIwJTIwJTIwJTIwc2VsZWN0b3IlM0ElMjAlMjd2dExvYW5DYWxjJTI3JTJDJTBEJTBBJTIwJTIwJTIwJTIwJTIwJTIwJTIwJTIwJTIwJTIwJTIwJTIwJTIwJTIwJTIwJTIwJTIwJTIwJTIwJTIwJTIwJTIwJTIwJTIwJTIwJTIwJTIwJTIwbGFuJTNBJTIwJTI3ZXMlMjclMkMlMEQlMEElMjAlMjAlMjAlMjAlMjAlMjAlMjAlMjAlMjAlMjAlMjAlMjAlMjAlMjAlMjAlMjAlMjAlMjAlMjAlMjAlMjAlMjAlMjAlMjAlMjAlMjAlMjAlMjBidG5MYWJlbCUyMCUzQSUyMCUyN0NhbGN1bGFyJTI3JTBEJTBBJTIwJTIwJTIwJTIwJTIwJTIwJTIwJTIwJTIwJTIwJTIwJTIwJTIwJTIwJTIwJTIwJTIwJTIwJTIwJTIwJTIwJTIwJTIwJTIwJTdEJTI5JTNCJTBEJTBBJTIwJTIwJTIwJTIwJTIwJTIwJTIwJTIwJTIwJTIwJTIwJTIwJTIwJTIwJTIwJTIwJTIwJTIwJTIwJTIwJTNDJTJGc2NyaXB0JTNFJTBBJTIwJTIwJTIwJTIwJTNDc3R5bGUlMjBpZCUzRCUyMmlmcmFtZS1zdHlsZXMlMjIlM0UlMEElMjAlMjAlMjAlMjAlMjAlMjAlMjAlMjBib2R5JTIwJTdCJTIwcGFkZGluZy10b3AlM0ElMjAwJTNCJTIwb3ZlcmZsb3clM0ElMjBoaWRkZW4lM0IlN0QlMEElMjAlMjAlMjAlMjAlMjAlMjAlMjAlMjAuYnRuLW9wZW4tdGFibGUlMjBpJTdCJTBBJTIwJTIwJTIwJTIwJTIwJTIwJTIwJTIwJTIwJTIwJTIwJTIwcG9zaXRpb24lM0ElMjByZWxhdGl2ZSUzQiUwQSUyMCUyMCUyMCUyMCUyMCUyMCUyMCUyMCUyMCUyMCUyMCUyMHRvcCUzQTAlMjFpbXBvcnRhbnQlM0IlMEElMjAlMjAlMjAlMjAlMjAlMjAlMjAlMjAlN0QlMEElMjAlMjAlMjAlMjAlMjAlMjAlMjAlMjAuYnRuLW9wZW4tdGFibGUlN0IlMEElMjAlMjAlMjAlMjAlMjAlMjAlMjAlMjAlMjAlMjAlMjAlMjB3aGl0ZS1zcGFjZSUzQSUyMG5vcm1hbCUzQiUwQSUyMCUyMCUyMCUyMCUyMCUyMCUyMCUyMCU3RCUwQSUyMCUyMCUyMCUyMCUzQyUyRnN0eWxlJTNFJTBBJTIwJTIwJTIwJTIwJTNDc2NyaXB0JTIwaWQlM0QlMjJpZnJhbWUtc2NyaXB0JTIyJTIwZGVmZXIlM0QlMjJkZWZlciUyMiUzRSUwQSUyMCUyMCUyMCUyMCUyMCUyMCUyMCUyMHZhciUyMGRvY3VtZW50SGVpZ2h0JTIwJTNEJTIwZG9jdW1lbnQucXVlcnlTZWxlY3RvciUyOCUyMmJvZHklMjIlMjkuc2Nyb2xsSGVpZ2h0JTNCJTBBJTIwJTIwJTIwJTIwJTIwJTIwJTIwJTIwd2luZG93LnVwZGF0ZUlmcmFtZUhlaWdodCUyMCUzRCUyMGZ1bmN0aW9uJTI4aW5pdCUyMCUzRCUyMGZhbHNlJTI5JTIwJTdCJTBBJTIwJTIwJTIwJTIwJTIwJTIwJTIwJTIwJTIwJTIwJTIwJTIwdmFyJTIwbmV3RG9jdW1lbnRIZWlnaHQlMjAlM0QlMjBkb2N1bWVudC5xdWVyeVNlbGVjdG9yJTI4JTIyYm9keSUyMCUzRSUyMGRpdiUyMiUyOS5zY3JvbGxIZWlnaHQlM0IlMEElMjAlMjAlMjAlMjAlMjAlMjAlMjAlMjAlMjAlMjAlMjAlMjB2YXIlMjBoZWlnaHREaWZmJTIwJTNEJTIwZG9jdW1lbnRIZWlnaHQlMjAtJTIwbmV3RG9jdW1lbnRIZWlnaHQlM0IlMEElMjAlMjAlMjAlMjAlMEElMjAlMjAlMjAlMjAlMjAlMjAlMjAlMjAlMjAlMjAlMjAlMjBpZiUyMCUyOGluaXQlMjklMjAlN0IlMEElMjAlMjAlMjAlMjAlMjAlMjAlMjAlMjAlMjAlMjAlMjAlMjAlMjAlMjAlMjAlMjBwYXJlbnQucG9zdE1lc3NhZ2UlMjhKU09OLnN0cmluZ2lmeSUyOCU3QiUwQSUyMCUyMCUyMCUyMCUyMCUyMCUyMCUyMCUyMCUyMCUyMCUyMCUyMCUyMCUyMCUyMCUyMCUyMCUyMCUyMGJsb2NrSWQlM0ElMjAlMjJibG9ja19kYTczOTM1YTYxMjhjNGI3ZWFhMjEyOGYwYjE0ZmZjMyUyMiUyQyUwQSUyMCUyMCUyMCUyMCUyMCUyMCUyMCUyMCUyMCUyMCUyMCUyMCUyMCUyMCUyMCUyMCUyMCUyMCUyMCUyMGhlaWdodCUzQSUyMGRvY3VtZW50SGVpZ2h0JTJDJTBBJTIwJTIwJTIwJTIwJTIwJTIwJTIwJTIwJTIwJTIwJTIwJTIwJTIwJTIwJTIwJTIwJTIwJTIwJTIwJTIwbWVzc2FnZVR5cGUlM0ElMjAlMjJpbml0JTIyJTBBJTIwJTIwJTIwJTIwJTIwJTIwJTIwJTIwJTIwJTIwJTIwJTIwJTIwJTIwJTIwJTIwJTdEJTI5JTJDJTIyJTJBJTIyJTI5JTNCJTBBJTIwJTIwJTIwJTIwJTIwJTIwJTIwJTIwJTIwJTIwJTIwJTIwJTdEJTBBJTIwJTIwJTIwJTIwJTIwJTIwJTIwJTIwJTIwJTIwJTIwJTIwZWxzZSUyMGlmJTIwJTI4JTIwaGVpZ2h0RGlmZiUyMCUzRSUyMDUlMjAlN0MlN0MlMjBoZWlnaHREaWZmJTIwJTNDJTIwLTUlMjAlMjklMjAlN0IlMEElMjAlMjAlMjAlMjAlMjAlMjAlMjAlMjAlMjAlMjAlMjAlMjAlMjAlMjAlMjAlMjBkb2N1bWVudEhlaWdodCUyMCUzRCUyMG5ld0RvY3VtZW50SGVpZ2h0JTNCJTBBJTIwJTIwJTIwJTIwJTIwJTIwJTIwJTIwJTIwJTIwJTIwJTIwJTIwJTIwJTIwJTIwcGFyZW50LnBvc3RNZXNzYWdlJTI4SlNPTi5zdHJpbmdpZnklMjglN0IlMEElMjAlMjAlMjAlMjAlMjAlMjAlMjAlMjAlMjAlMjAlMjAlMjAlMjAlMjAlMjAlMjAlMjAlMjAlMjAlMjBibG9ja0lkJTNBJTIwJTIyYmxvY2tfZGE3MzkzNWE2MTI4YzRiN2VhYTIxMjhmMGIxNGZmYzMlMjIlMkMlMEElMjAlMjAlMjAlMjAlMjAlMjAlMjAlMjAlMjAlMjAlMjAlMjAlMjAlMjAlMjAlMjAlMjAlMjAlMjAlMjBoZWlnaHQlM0ElMjBkb2N1bWVudEhlaWdodCUyQyUwQSUyMCUyMCUyMCUyMCUyMCUyMCUyMCUyMCUyMCUyMCUyMCUyMCUyMCUyMCUyMCUyMCUyMCUyMCUyMCUyMG1lc3NhZ2VUeXBlJTNBJTIwJTIycmVzaXplJTIyJTBBJTIwJTIwJTIwJTIwJTIwJTIwJTIwJTIwJTIwJTIwJTIwJTIwJTIwJTIwJTIwJTIwJTdEJTI5JTJDJTIyJTJBJTIyJTI5JTNCJTBBJTIwJTIwJTIwJTIwJTIwJTIwJTIwJTIwJTIwJTIwJTIwJTIwJTdEJTBBJTIwJTIwJTIwJTIwJTIwJTIwJTIwJTIwJTdEJTBBJTIwJTIwJTIwJTIwJTIwJTIwJTIwJTIwJTBBJTIwJTIwJTIwJTIwJTIwJTIwJTIwJTIwJTJGJTJGJTIwSUUlMjBub3QlMjBzdXBwb3J0ZWQlMEElMjAlMjAlMjAlMjAlMjAlMjAlMjAlMjBpZiUyMCUyOHR5cGVvZiUyMFJlc2l6ZU9ic2VydmVyJTIwJTIxJTNEJTNEJTIwdW5kZWZpbmVkJTI5JTIwJTdCJTBBJTIwJTIwJTIwJTIwJTIwJTIwJTIwJTIwJTIwJTIwJTIwJTIwdmFyJTIwcmVzaXplT2JzZXJ2ZXIlMjAlM0QlMjBuZXclMjBSZXNpemVPYnNlcnZlciUyOGZ1bmN0aW9uJTI4ZW50cmllcyUyOSUyMCU3QiUwQSUyMCUyMCUyMCUyMCUyMCUyMCUyMCUyMCUyMCUyMCUyMCUyMCUyMCUyMHdpbmRvdy51cGRhdGVJZnJhbWVIZWlnaHQlMjglMjklM0IlMEElMjAlMjAlMjAlMjAlMjAlMjAlMjAlMjAlMjAlMjAlMjAlMjAlN0QlMjklM0IlMEElMjAlMjAlMjAlMjAlMEElMjAlMjAlMjAlMjAlMjAlMjAlMjAlMjAlMjAlMjAlMjAlMjB2YXIlMjBkaXZFbGVtJTIwJTNEJTIwZG9jdW1lbnQucXVlcnlTZWxlY3RvciUyOCUyMmJvZHklMjAlM0UlMjBkaXYlMjIlMjklM0IlMEElMjAlMjAlMjAlMjAlMjAlMjAlMjAlMjAlMjAlMjAlMjAlMjByZXNpemVPYnNlcnZlci5vYnNlcnZlJTI4ZGl2RWxlbSUyOSUzQiUwQSUyMCUyMCUyMCUyMCUyMCUyMCUyMCUyMCU3RCUwQSUyMCUyMCUyMCUyMCUwQSUyMCUyMCUyMCUyMCUyMCUyMCUyMCUyMHdpbmRvdy5vbnJlc2l6ZSUyMCUzRCUyMGZ1bmN0aW9uJTI4JTI5JTIwJTdCJTBBJTIwJTIwJTIwJTIwJTIwJTIwJTIwJTIwJTIwJTIwJTIwJTIwd2luZG93LnVwZGF0ZUlmcmFtZUhlaWdodCUyOCUyOSUzQiUwQSUyMCUyMCUyMCUyMCUyMCUyMCUyMCUyMCU3RCUzQiUwQSUyMCUyMCUyMCUyMCUyMCUyMCUyMCUyMCUwQSUyMCUyMCUyMCUyMCUyMCUyMCUyMCUyMHdpbmRvdy5vbmNsaWNrJTIwJTNEJTIwZnVuY3Rpb24lMjhlJTI5JTIwJTdCJTBBJTIwJTIwJTIwJTIwJTIwJTIwJTIwJTIwJTIwJTIwJTIwJTIwc2V0VGltZW91dCUyOGZ1bmN0aW9uJTI4JTI5JTIwJTdCJTBBJTIwJTIwJTIwJTIwJTIwJTIwJTIwJTIwJTIwJTIwJTIwJTIwJTIwJTIwJTIwJTIwd2luZG93LnVwZGF0ZUlmcmFtZUhlaWdodCUyOCUyOSUzQiUwQSUyMCUyMCUyMCUyMCUyMCUyMCUyMCUyMCUyMCUyMCUyMCUyMCU3RCUyQyUyMDEwMCUyOSUzQiUwQSUyMCUyMCUyMCUyMCUyMCUyMCUyMCUyMCUyMCUyMCUyMCUyMCUwQSUyMCUyMCUyMCUyMCUyMCUyMCUyMCUyMCUyMCUyMCUyMCUyMHZhciUyMHRhcmdldCUyMCUzRCUyMGUlMjAlMjYlMjYlMjBlLnRhcmdldCUzQiUwQSUyMCUyMCUyMCUyMCUyMCUyMCUyMCUyMCUyMCUyMCUyMCUyMGlmJTIwJTI4dGFyZ2V0JTI5JTIwJTdCJTBBJTIwJTIwJTIwJTIwJTIwJTIwJTIwJTIwJTIwJTIwJTIwJTIwJTIwJTIwJTIwJTIwdmFyJTIwaHJlZiUyMCUzRCUyMHRhcmdldC5nZXRBdHRyaWJ1dGUlMjglMjJocmVmJTIyJTI5JTNCJTIwJTBBJTIwJTIwJTIwJTIwJTIwJTIwJTIwJTIwJTIwJTIwJTIwJTIwJTIwJTIwJTIwJTIwJTBBJTIwJTIwJTIwJTIwJTIwJTIwJTIwJTIwJTIwJTIwJTIwJTIwJTIwJTIwJTIwJTIwaWYlMjAlMjhocmVmJTI5JTIwJTdCJTBBJTIwJTIwJTIwJTIwJTIwJTIwJTIwJTIwJTIwJTIwJTIwJTIwJTIwJTIwJTIwJTIwJTIwJTIwJTIwJTIwcGFyZW50LnBvc3RNZXNzYWdlJTI4SlNPTi5zdHJpbmdpZnklMjglN0IlMEElMjAlMjAlMjAlMjAlMjAlMjAlMjAlMjAlMjAlMjAlMjAlMjAlMjAlMjAlMjAlMjAlMjAlMjAlMjAlMjAlMjAlMjAlMjAlMjBibG9ja0lkJTNBJTIwJTIyYmxvY2tfZGE3MzkzNWE2MTI4YzRiN2VhYTIxMjhmMGIxNGZmYzMlMjIlMkMlMEElMjAlMjAlMjAlMjAlMjAlMjAlMjAlMjAlMjAlMjAlMjAlMjAlMjAlMjAlMjAlMjAlMjAlMjAlMjAlMjAlMjAlMjAlMjAlMjBoZWlnaHQlM0ElMjBkb2N1bWVudEhlaWdodCUyQyUwQSUyMCUyMCUyMCUyMCUyMCUyMCUyMCUyMCUyMCUyMCUyMCUyMCUyMCUyMCUyMCUyMCUyMCUyMCUyMCUyMCUyMCUyMCUyMCUyMGhyZWYlM0ElMjBocmVmJTJDJTBBJTIwJTIwJTIwJTIwJTIwJTIwJTIwJTIwJTIwJTIwJTIwJTIwJTIwJTIwJTIwJTIwJTIwJTIwJTIwJTIwJTIwJTIwJTIwJTIwbWVzc2FnZVR5cGUlM0ElMjAlMjJjbGljayUyMiUwQSUyMCUyMCUyMCUyMCUyMCUyMCUyMCUyMCUyMCUyMCUyMCUyMCUyMCUyMCUyMCUyMCUyMCUyMCUyMCUyMCU3RCUyOSUyQyUyMiUyQSUyMiUyOSUzQiUwQSUyMCUyMCUyMCUyMCUyMCUyMCUyMCUyMCUyMCUyMCUyMCUyMCUyMCUyMCUyMCUyMCU3RCUwQSUyMCUyMCUyMCUyMCUyMCUyMCUyMCUyMCUyMCUyMCUyMCUyMCU3RCUwQSUyMCUyMCUyMCUyMCUyMCUyMCUyMCUyMCU3RCUzQiUwQSUyMCUyMCUyMCUyMCUyMCUyMCUyMCUyMCUwQSUyMCUyMCUyMCUyMCUyMCUyMCUyMCUyMHdpbmRvdy51cGRhdGVJZnJhbWVIZWlnaHQlMjh0cnVlJTI5JTNCJTBBJTIwJTIwJTIwJTIwJTIwJTIwJTIwJTIwJTBBJTIwJTIwJTIwJTIwJTIwJTIwJTIwJTIwd2luZG93LmFkZEV2ZW50TGlzdGVuZXIlMjglMjJtZXNzYWdlJTIyJTJDJTIwZnVuY3Rpb24lMjhldmVudCUyOSUyMCU3QiUwQSUyMCUyMCUyMCUyMCUyMCUyMCUyMCUyMCUwQSUyMCUyMCUyMCUyMCUyMCUyMCUyMCUyMCUyMCUyMCUyMCUyMHZhciUyMG1lc3NhZ2VEYXRhJTIwJTNEJTIwSlNPTi5wYXJzZSUyOGV2ZW50LmRhdGElMjklM0IlMEElMjAlMjAlMjAlMjAlMjAlMjAlMjAlMjAlMjAlMjAlMjAlMjB2YXIlMjBwaG9uZV9udW1iZXIlMjAlM0QlMjBtZXNzYWdlRGF0YSUyMCUyNiUyNiUyMG1lc3NhZ2VEYXRhLnBob25lTnVtYmVyJTNCJTBBJTIwJTIwJTIwJTIwJTIwJTIwJTIwJTIwJTIwJTIwJTIwJTIwJTBBJTIwJTIwJTIwJTIwJTIwJTIwJTIwJTIwJTIwJTIwJTIwJTIwaWYlMjAlMjhwaG9uZV9udW1iZXIlMjklMjAlN0IlMEElMjAlMjAlMjAlMjAlMjAlMjAlMjAlMjAlMjAlMjAlMjAlMjAlMjAlMjB2YXIlMjBwaG9uZV9zcGFucyUyMCUzRCUyMGRvY3VtZW50LmdldEVsZW1lbnRzQnlDbGFzc05hbWUlMjglMjJ0cmFja2luZy1waG9uZSUyMiUyOSUzQiUwQSUyMCUyMCUyMCUyMCUyMCUyMCUyMCUyMCUyMCUyMCUyMCUyMCUyMCUyMGZvciUyMCUyOHZhciUyMGklMjAlM0QlMjAwJTNCJTIwaSUyMCUzQyUyMHBob25lX3NwYW5zLmxlbmd0aCUzQiUyMGklMkIlMkIlMjklMjAlN0IlMEElMjAlMjAlMjAlMjAlMjAlMjAlMjAlMjAlMjAlMjAlMjAlMjAlMjAlMjAlMjAlMjAlMjAlMjBwaG9uZV9zcGFucyU1QmklNUQudGV4dENvbnRlbnQlMjAlM0QlMjBwaG9uZV9udW1iZXIlM0IlMEElMjAlMjAlMjAlMjAlMjAlMjAlMjAlMjAlMjAlMjAlMjAlMjAlMjAlMjAlN0QlMEElMjAlMjAlMjAlMjAlMEElMjAlMjAlMjAlMjAlMjAlMjAlMjAlMjAlMjAlMjAlMjAlMjAlMjAlMjB2YXIlMjBzdHJpcHBlZF9waG9uZSUyMCUzRCUyMHBob25lX251bWJlci5yZXBsYWNlJTI4JTJGJTVCJTVFMC05JTVEJTJGZyUyQyUyMCUyMiUyMiUyOSUzQiUwQSUyMCUyMCUyMCUyMCUyMCUyMCUyMCUyMCUyMCUyMCUyMCUyMCUyMCUyMGlmJTIwJTI4c3RyaXBwZWRfcGhvbmUuY2hhckF0JTI4MCUyOSUyMCUyMSUzRCUzRCUyMCUyMjElMjIlMjklMjAlN0IlMEElMjAlMjAlMjAlMjAlMjAlMjAlMjAlMjAlMjAlMjAlMjAlMjAlMjAlMjAlMjAlMjAlMjAlMjBzdHJpcHBlZF9waG9uZSUyMCUzRCUyMCUyMnRlbCUzQSUyQjElMjIlMjAlMkIlMjBzdHJpcHBlZF9waG9uZSUwQSUyMCUyMCUyMCUyMCUyMCUyMCUyMCUyMCUyMCUyMCUyMCUyMCUyMCUyMCU3RCUyMGVsc2UlMjAlN0IlMEElMjAlMjAlMjAlMjAlMjAlMjAlMjAlMjAlMjAlMjAlMjAlMjAlMjAlMjAlMjAlMjAlMjAlMjBzdHJpcHBlZF9waG9uZSUyMCUzRCUyMCUyMnRlbCUzQSUyQjElMjIlMjAlMkIlMjBzdHJpcHBlZF9waG9uZSUwQSUyMCUyMCUyMCUyMCUyMCUyMCUyMCUyMCUyMCUyMCUyMCUyMCUyMCUyMCU3RCUwQSUyMCUyMCUyMCUyMCUwQSUyMCUyMCUyMCUyMCUyMCUyMCUyMCUyMCUyMCUyMCUyMCUyMCUyMCUyMHZhciUyMHBob25lX2FfY2xpY2tzJTIwJTNEJTIwZG9jdW1lbnQuZ2V0RWxlbWVudHNCeUNsYXNzTmFtZSUyOCUyMnRyYWNraW5nLXBob25lLWNsaWNrJTIyJTI5JTNCJTBBJTIwJTIwJTIwJTIwJTIwJTIwJTIwJTIwJTIwJTIwJTIwJTIwJTIwJTIwZm9yJTIwJTI4dmFyJTIwaSUyMCUzRCUyMDAlM0IlMjBpJTIwJTNDJTIwcGhvbmVfYV9jbGlja3MubGVuZ3RoJTNCJTIwaSUyQiUyQiUyOSUyMCU3QiUwQSUyMCUyMCUyMCUyMCUyMCUyMCUyMCUyMCUyMCUyMCUyMCUyMCUyMCUyMCUyMCUyMCUyMCUyMHBob25lX2FfY2xpY2tzJTVCaSU1RC5zZXRBdHRyaWJ1dGUlMjglMjJocmVmJTIyJTJDJTIwc3RyaXBwZWRfcGhvbmUlMjklM0IlMEElMjAlMjAlMjAlMjAlMjAlMjAlMjAlMjAlMjAlMjAlMjAlMjAlMjAlMjAlMjAlMjAlMjAlMjBwaG9uZV9hX2NsaWNrcyU1QmklNUQuY2xhc3NMaXN0LmFkZCUyOCUyMnNob3clMjIlMjklM0IlMEElMjAlMjAlMjAlMjAlMjAlMjAlMjAlMjAlMjAlMjAlMjAlMjAlMjAlMjAlN0QlMEElMjAlMjAlMjAlMjAlMjAlMjAlMjAlMjAlMjAlMjAlMjAlMjAlMjAlMjAlMEElMjAlMjAlMjAlMjAlMjAlMjAlMjAlMjAlMjAlMjAlMjAlMjAlMjAlMjB2YXIlMjBwaG9uZV9hX2NsaWNrcyUyMCUzRCUyMGRvY3VtZW50LmdldEVsZW1lbnRzQnlDbGFzc05hbWUlMjglMjJuby10cmFja2luZy1waG9uZS1jbGljayUyMiUyOSUzQiUwQSUyMCUyMCUyMCUyMCUyMCUyMCUyMCUyMCUyMCUyMCUyMCUyMCUyMCUyMGZvciUyMCUyOHZhciUyMGklMjAlM0QlMjAwJTNCJTIwaSUyMCUzQyUyMHBob25lX2FfY2xpY2tzLmxlbmd0aCUzQiUyMGklMkIlMkIlMjklMjAlN0IlMEElMjAlMjAlMjAlMjAlMjAlMjAlMjAlMjAlMjAlMjAlMjAlMjAlMjAlMjAlMjAlMjAlMjAlMjBwaG9uZV9hX2NsaWNrcyU1QmklNUQuc2V0QXR0cmlidXRlJTI4JTIyaHJlZiUyMiUyQyUyMHN0cmlwcGVkX3Bob25lJTI5JTNCJTBBJTIwJTIwJTIwJTIwJTIwJTIwJTIwJTIwJTIwJTIwJTIwJTIwJTIwJTIwJTIwJTIwJTIwJTIwcGhvbmVfYV9jbGlja3MlNUJpJTVELmNsYXNzTGlzdC5hZGQlMjglMjJzaG93JTIyJTI5JTNCJTBBJTIwJTIwJTIwJTIwJTIwJTIwJTIwJTIwJTIwJTIwJTIwJTIwJTIwJTIwJTdEJTBBJTIwJTIwJTIwJTIwJTIwJTIwJTIwJTIwJTIwJTIwJTdEJTBBJTIwJTIwJTIwJTIwJTIwJTIwJTIwJTIwJTdEJTJDJTIwZmFsc2UlMjklM0IlMEElMjAlMjAlMjAlMjAlM0MlMkZzY3JpcHQlM0UlMEElMjAlMjAlMjAlMjA=\";\n        var iframe = document.createElement('iframe');\n        var html = decodeURIComponent(atob(content));\n        var block = document.querySelector('[data-block-id=block_da73935a6128c4b7eaa2128f0b14ffc3]');\n\n        block.appendChild(iframe);\n        iframe.style.width = '100%';\n        iframe.title = \"block_da73935a6128c4b7eaa2128f0b14ffc3\";\n        iframe.loading = \"lazy\";\n        iframe.contentWindow.document.open();\n        iframe.contentWindow.document.write(html);\n        iframe.contentWindow.document.close();\n\n        var eventMethod = window.addEventListener ? \"addEventListener\" : \"attachEvent\";\n        var eventListener = window[eventMethod];\n        var messageEvent = eventMethod == \"attachEvent\" ? \"onmessage\" : \"message\";\n\n        eventListener(messageEvent,function(e) {\n\n            if ((typeof e.data === 'string') && e.data) {\n\n                var blockData = JSON.parse(e.data);\n                var { messageType, blockId, height, href = \"\" } = blockData;\n                var blockIframe = document.querySelector('[data-block-id=' + blockId + '] iframe');\n\n                blockIframe.height = height + 'px';\n                blockIframe.contentWindow.postMessage(JSON.stringify({\n                    phoneNumber: document.querySelector('.tracking-phone').innerHTML,\n                }));\n\n                if (href) {\n                    if (href.toLowerCase() === '#leadform' || href.toLowerCase() === '#lead-form') {\n                        document.querySelector(\"[data-modal-id=lead-form-template]\").click();\n                    }\n                }\n            }\n        },false);\n    <\/script>\n<\/div>\n<\/div>\n\n\n\n<h3 class=\"wp-block-heading\" id=\"Escogiendo-el-termino-correcto-para-un-prestamo\">Escogiendo el t\u00e9rmino correcto para un pr\u00e9stamo<\/h3>\n\n\n\n<p>El&nbsp;<strong>t\u00e9rmino&nbsp;<\/strong>es el tiempo que usted tiene para pagar un pr\u00e9stamo.<\/p>\n\n\n\n<ul class=\"wp-block-list\">\n<li>Escoger un t\u00e9rmino m\u00e1s corto aumenta su pago mensual requerido, pero disminuye los costos totales del pr\u00e9stamo. Por lo general un t\u00e9rmino m\u00e1s corto le ayudar\u00e1 a ahorrar dinero.<\/li>\n\n\n\n<li>Escoger un t\u00e9rmino m\u00e1s largo disminuye su pago mensual requerido, pero aumenta los costos totales del pr\u00e9stamo. Un t\u00e9rmino m\u00e1s largo har\u00e1 que su pr\u00e9stamo sea m\u00e1s asequible.<\/li>\n<\/ul>\n\n\n\n<p>Los prestamistas ofrecen distintos t\u00e9rminos en distintos tipos de pr\u00e9stamos. Mientras que 30 a\u00f1os es un t\u00e9rmino est\u00e1ndar para una hipoteca, es poco probable que usted consiga un pr\u00e9stamo personal, o de auto, con un t\u00e9rmino as\u00ed de largo.<\/p>\n\n\n\n<figure class=\"wp-block-table is-style-stripes\"><table><thead><tr><th>Tipo de Pr\u00e9stamo<\/th><th>T\u00e9rminos Comunes<\/th><\/tr><\/thead><tbody><tr><td>Hipoteca<\/td><td>30 a\u00f1os es el m\u00e1s com\u00fan, pero tambi\u00e9n puede conseguir t\u00e9rminos de 10, 15 y 20 a\u00f1os.<sup>[<\/sup><a href=\"https:\/\/www.hsh.com\/finance\/mortgage\/common-mortgage-types.html\" target=\"_blank\" rel=\"noreferrer noopener\"><sup>1<\/sup><\/a><sup>]<\/sup><\/td><\/tr><tr><td>Pr\u00e9stamo de auto<\/td><td>Actualmente, el t\u00e9rmino m\u00e1s com\u00fan es de 72 meses, aunque se han ido haciendo m\u00e1s largos. Algunos prestamistas ofrecen t\u00e9rminos de 84 meses.<sup>[<\/sup><a href=\"https:\/\/www.edmunds.com\/car-loan\/how-long-should-my-car-loan-be.html\" target=\"_blank\" rel=\"noreferrer noopener\"><sup>2<\/sup><\/a><sup>]<\/sup><\/td><\/tr><tr><td>Pr\u00e9stamo personal<\/td><td>La mayor\u00eda de los prestamistas limitan los pr\u00e9stamos personales a 48 meses, aunque algunos ofrecen pr\u00e9stamos personales de hasta 60 meses.<\/td><\/tr><tr><td>Pr\u00e9stamo estudiantil<\/td><td>Los pr\u00e9stamos estudiantiles federales, y la mayor\u00eda de los privados, tienen t\u00e9rminos de 10 a\u00f1os (120 meses). Algunos pr\u00e9stamos privados pueden ofrecerle t\u00e9rminos m\u00e1s largos de hasta 25 a\u00f1os para que tenga m\u00e1s tiempo para pagar el balance.<sup>[<\/sup><a href=\"https:\/\/www.consumerfinance.gov\/ask-cfpb\/how-long-does-it-take-to-pay-off-a-student-loan-en-621\/\" target=\"_blank\" rel=\"noreferrer noopener\"><sup>3<\/sup><\/a><sup>]<\/sup><\/td><\/tr><\/tbody><\/table><\/figure>\n\n\n\n<h4 class=\"wp-block-heading\">Tip: Escoja siempre el t\u00e9rmino m\u00e1s corto que usted pueda pagar<\/h4>\n\n\n\n<p>Aumentar el t\u00e9rmino del pr\u00e9stamo para que sus pagos sean m\u00e1s bajos solo tiene sentido hasta cierto punto. Usted querr\u00e1 asegurarse de poder hacer los pagos mensuales sin doblegar su presupuesto. Sin embargo, extender el t\u00e9rmino m\u00e1s all\u00e1 de eso solo para que sus pagos sean a\u00fan m\u00e1s bajos no es una buena estrategia financiera a largo plazo. Pagar un pr\u00e9stamo lo m\u00e1s r\u00e1pido posible minimizar\u00e1 el costo total, y as\u00ed, generalmente, usted podr\u00e1 ahorrar m\u00e1s.<\/p>\n\n\n\n<h3 class=\"wp-block-heading\" id=\"Obteniendo-la-tasa-de-interes-correcta\">Obteniendo la tasa de inter\u00e9s correcta<\/h3>\n\n\n\n<p>Cuando se trata de la tasa de inter\u00e9s aplicada a su pr\u00e9stamo, un n\u00famero m\u00e1s bajo siempre ser\u00e1 mejor. La tasa de inter\u00e9s que los prestamistas asignan a su pr\u00e9stamo est\u00e1 basada en su puntaje de cr\u00e9dito. Un puntaje crediticio alto significa que usted podr\u00e1 aprovechar tasas de inter\u00e9s m\u00e1s bajas, y as\u00ed reducir tanto su pago mensual como el costo total de su pr\u00e9stamo. De modo que conseguir una tasa de inter\u00e9s baja le beneficiar\u00e1 por ambos lados.<\/p>\n\n\n\n<p>Los diferentes tipos de pr\u00e9stamos tienen distintas tasas de inter\u00e9s promedio. Las hipotecas tienden a tener las tasas m\u00e1s bajas, pero incluso una diferencia de 1% en la tasa de inter\u00e9s de un pr\u00e9stamo as\u00ed de grande puede equivaler a miles de d\u00f3lares de diferencia en el costo total del pr\u00e9stamo.<\/p>\n\n\n\n<figure class=\"wp-block-table is-style-stripes\"><table><thead><tr><th>Tipo de Pr\u00e9stamo<\/th><th>Tasa de inter\u00e9s promedio<\/th><\/tr><\/thead><tbody><tr><td>Hipoteca<\/td><td>Las hipotecas tienen tasas de inter\u00e9s promedio entre 3% y 5%.<sup>[<\/sup><a href=\"https:\/\/www.bankrate.com\/mortgage.aspx?pointsChanged=false&amp;searchChanged=true&amp;mortgageType=Refinance&amp;zipCode=33312&amp;partnerId=br3&amp;ttcid&amp;userCreditScore=740&amp;userVeteranStatus=NoMilitaryService&amp;userHadPriorVaLoan=false&amp;userHasVaDisabilities=false&amp;userFirstTimeHomebuyer=false&amp;userQuickClosing=false&amp;userFha=false&amp;userLowUpfrontCosts=false&amp;userLowPayment=false&amp;purchasePrice=300000&amp;purchaseDownPayment=60000&amp;purchasePropertyType=SingleFamily&amp;purchasePropertyUse=PrimaryResidence&amp;purchaseLoanTerms=30yr&amp;purchasePoints=All&amp;refinancePropertyValue=262500&amp;refinanceLoanAmount=210000&amp;refinancePropertyType=SingleFamily&amp;refinancePropertyUse=PrimaryResidence&amp;refinanceCashOutAmount=0&amp;refinancePoints=All&amp;refinanceLoanTerms=30yr\" target=\"_blank\" rel=\"noreferrer noopener\"><sup>4<\/sup><\/a><sup>]<\/sup><\/td><\/tr><tr><td>Pr\u00e9stamo de auto<\/td><td>Las tasas de inter\u00e9s promedio para un pr\u00e9stamo de auto van desde 3% hasta 10%.<sup>[<\/sup><a href=\"https:\/\/www.valuepenguin.com\/auto-loans\/average-auto-loan-interest-rates\" target=\"_blank\" rel=\"noreferrer noopener\"><sup>5<\/sup><\/a><sup>]<\/sup><\/td><\/tr><tr><td>Pr\u00e9stamo personal<\/td><td>Las tasas de inter\u00e9s promedio para un pr\u00e9stamo personal no asegurado pueden ser de entre 5% y 36%.<sup>[<\/sup><a href=\"https:\/\/www.valuepenguin.com\/personal-loans\/average-personal-loan-interest-rates\" target=\"_blank\" rel=\"noreferrer noopener\"><sup>6<\/sup><\/a><sup>]<\/sup><\/td><\/tr><tr><td>Pr\u00e9stamo estudiantil<\/td><td>Las tasas de inter\u00e9s para pr\u00e9stamos estudiantiles federales son de 4.5% para pregrado, y poco m\u00e1s de 7% para posgrado y pr\u00e9stamos PLUS para padres. En pr\u00e9stamos privados, las tasas van desde 4% hasta 13%.<\/td><\/tr><\/tbody><\/table><\/figure>\n\n\n\n<h4 class=\"wp-block-heading\">Las tasas de inter\u00e9s para pr\u00e9stamos estudiantiles federales no se basan en su cr\u00e9dito<\/h4>\n\n\n\n<p>A diferencia de otros pr\u00e9stamos, usted no obtendr\u00e1 una tasa de inter\u00e9s m\u00e1s baja si tiene un puntaje de cr\u00e9dito excelente. Las tasas para pr\u00e9stamos federales se fijan cada verano, usualmente el d\u00eda 1ro de julio. Estas tasas se determinan con base en el \u013andice de Pagar\u00e9 del Tesoro de 10 a\u00f1os.<\/p>\n\n\n\n<p>Eso puede ser bueno y malo. Si usted no tiene un buen puntaje de cr\u00e9dito o no ha comenzado a construir su cr\u00e9dito a\u00fan, este tipo de pr\u00e9stamo le permite calificar para una tasa de inter\u00e9s que no conseguir\u00eda de otra forma. Pero si tiene un puntaje de cr\u00e9dito excelente, usted podr\u00eda calificar para una tasa de inter\u00e9s m\u00e1s baja con un pr\u00e9stamo privado. Solo tenga en cuenta que los pr\u00e9stamos privados no son elegibles para planes federales de repago o programas de perd\u00f3n de pr\u00e9stamos.<\/p>\n\n\n\n<h4 class=\"wp-block-heading\">Los pr\u00e9stamos con tasa de inter\u00e9s variable pueden ofrecerle buenas tasas ahora, \u00a1pero tenga cuidado!<\/h4>\n\n\n\n<p>No todos los pr\u00e9stamos tienen tasas de inter\u00e9s fijas. Las tasas de inter\u00e9s en los pr\u00e9stamos con tasas variables pueden cambiar con el tiempo, usualmente al cabo de algunos a\u00f1os. Por ejemplo, la tasa en una hipoteca con tasa de inter\u00e9s variable normalmente se ajusta cada uno, siete o 10 a\u00f1os.<\/p>\n\n\n\n<p>Este tipo de hipotecas pueden ayudarle a reducir las tasas de inter\u00e9s, especialmente cuando las tasas est\u00e1n tan bajas como ahora. Cuando la Reserva Federal baja la tasa de los fondos federales, las tasas de inter\u00e9s en todos los tipos de pr\u00e9stamos (excepto pr\u00e9stamos estudiantiles federales) tienden a disminuir. Sin embargo, si las tasas vuelven a aumentar, su pr\u00e9stamo con tasas variables puede ser cada vez menos favorable para usted. Podr\u00eda terminar con tasas de inter\u00e9s m\u00e1s altas de lo que ser\u00edan si usted hubiera elegido una tasa fija al principio de su pr\u00e9stamo.<\/p>\n\n\n\n<h4 class=\"wp-block-heading\">Cuando las tasas son bajas, considere refinanciar a una tasa fija m\u00e1s baja<\/h4>\n\n\n\n<p>Estar atento a los cambios en las tasas de inter\u00e9s puede ser beneficioso, porque usted puede refinanciar pr\u00e9stamos para asegurar una tasa fija m\u00e1s baja. Las hipotecas y los pr\u00e9stamos de auto pueden ser refinanciados, al igual que los pr\u00e9stamos personales. Incluso, usted puede usar un pr\u00e9stamo de consolidaci\u00f3n de deuda para consolidar esas deudas de tarjetas de cr\u00e9dito con altas tasas de inter\u00e9s.<\/p>\n\n\n\n<p>Incluso los pr\u00e9stamos estudiantiles pueden ser refinanciados, pero solo con un prestamista privado. Usted no puede refinanciar pr\u00e9stamos federales para conseguir una tasa de inter\u00e9s m\u00e1s baja. Para eso, usted primero tiene que convertir su deuda a privada, que, de nuevo, lo hace inelegible para cualquiera de las alternativas de alivio federal.<\/p>\n","protected":false},"excerpt":{"rendered":"<p>Vea cu\u00e1nto puede pedir prestado y c\u00f3mo los pagos adicionales pueden ayudarle a ahorrar. Adquirir un pr\u00e9stamo con la tasa de inter\u00e9s y t\u00e9rmino adecuados tendr\u00e1 un efecto sobre lo f\u00e1cil (o dif\u00edcil) que ser\u00e1 repagar el pr\u00e9stamo. Las tasas de inter\u00e9s y los t\u00e9rminos afectan la cantidad que usted paga cada mes, as\u00ed como [&hellip;]<\/p>\n","protected":false},"author":1,"featured_media":9359,"parent":5269,"menu_order":0,"comment_status":"closed","ping_status":"closed","template":"page-sidebar","meta":{"_acf_changed":false,"footnotes":""},"categories":[],"tags":[15],"class_list":["post-5300","page","type-page","status-publish","has-post-thumbnail","hentry","tag-deuda"],"acf":[],"featured_image_src":"https:\/\/branded.financialwellnessforyou.com\/wp-content\/uploads\/sites\/7\/2023\/06\/loan.jpg","featured_image_src_square":"https:\/\/branded.financialwellnessforyou.com\/wp-content\/uploads\/sites\/7\/2023\/06\/loan.jpg","_links":{"self":[{"href":"https:\/\/branded.financialwellnessforyou.com\/es\/wp-json\/wp\/v2\/pages\/5300","targetHints":{"allow":["GET"]}}],"collection":[{"href":"https:\/\/branded.financialwellnessforyou.com\/es\/wp-json\/wp\/v2\/pages"}],"about":[{"href":"https:\/\/branded.financialwellnessforyou.com\/es\/wp-json\/wp\/v2\/types\/page"}],"author":[{"embeddable":true,"href":"https:\/\/branded.financialwellnessforyou.com\/es\/wp-json\/wp\/v2\/users\/1"}],"replies":[{"embeddable":true,"href":"https:\/\/branded.financialwellnessforyou.com\/es\/wp-json\/wp\/v2\/comments?post=5300"}],"version-history":[{"count":2,"href":"https:\/\/branded.financialwellnessforyou.com\/es\/wp-json\/wp\/v2\/pages\/5300\/revisions"}],"predecessor-version":[{"id":9443,"href":"https:\/\/branded.financialwellnessforyou.com\/es\/wp-json\/wp\/v2\/pages\/5300\/revisions\/9443"}],"up":[{"embeddable":true,"href":"https:\/\/branded.financialwellnessforyou.com\/es\/wp-json\/wp\/v2\/pages\/5269"}],"wp:featuredmedia":[{"embeddable":true,"href":"https:\/\/branded.financialwellnessforyou.com\/es\/wp-json\/wp\/v2\/media\/9359"}],"wp:attachment":[{"href":"https:\/\/branded.financialwellnessforyou.com\/es\/wp-json\/wp\/v2\/media?parent=5300"}],"wp:term":[{"taxonomy":"category","embeddable":true,"href":"https:\/\/branded.financialwellnessforyou.com\/es\/wp-json\/wp\/v2\/categories?post=5300"},{"taxonomy":"post_tag","embeddable":true,"href":"https:\/\/branded.financialwellnessforyou.com\/es\/wp-json\/wp\/v2\/tags?post=5300"}],"curies":[{"name":"wp","href":"https:\/\/api.w.org\/{rel}","templated":true}]}}