{"id":5302,"date":"2023-02-01T20:07:25","date_gmt":"2023-02-01T20:07:25","guid":{"rendered":"https:\/\/demo123.kofetime.com\/aprende-ahora\/infografias\/"},"modified":"2023-06-19T15:54:08","modified_gmt":"2023-06-19T15:54:08","slug":"infografias","status":"publish","type":"page","link":"https:\/\/branded.financialwellnessforyou.com\/es\/aprende-ahora\/infografias\/","title":{"rendered":"Infograf\u00edas"},"content":{"rendered":"\n<div class=\"wp-block-group bg-kofeInfo mt-0 has-global-padding is-layout-constrained wp-block-group-is-layout-constrained\">\n<div class=\"wp-block-group container py-20 has-global-padding is-layout-constrained wp-block-group-is-layout-constrained\"><nav aria-label=\"Breadcrumb\" class=\"sfwd-breadcrumbs clr lms-breadcrumbs \"><div class=\"breadcrumb-trail\"><span itemscope=\"\" itemtype=\"http:\/\/schema.org\/Breadcrumb\"><a href=\"https:\/\/branded.financialwellnessforyou.com\/es\/\" title=\"Home\" rel=\"home\" class=\"trail-begin\"><span itemprop=\"Home\">Home<\/span><\/a><\/span><\/div><\/nav>\n\n<h2 class=\"alignwide wp-block-post-title has-var-wp-custom-typography-font-size-huge-clamp-2-25-rem-4-vw-2-75-rem-font-size\">Infograf\u00edas<\/h2>\n\n\n<p>Las infograf\u00edas proporcionan bloques cortos de informaci\u00f3n \u00fatil de una manera divertida. Los t\u00edtulos incluyen: Instrucciones de limpieza de informes de cr\u00e9dito y Eliminaci\u00f3n de deudas de tarjetas de cr\u00e9dito. Cada mes se agregan m\u00e1s infograf\u00edas.<\/p>\n<\/div>\n<\/div>\n\n\n\n<div class=\"wp-block-group has-global-padding is-layout-constrained wp-block-group-is-layout-constrained\" style=\"padding-top:var(--wp--preset--spacing--40)\">  <input type=\"hidden\" id=\"cpt-custom\" value=\"\">\n\n<div class=\"cpt-list-container\">\n  \n  <input type=\"hidden\" id=\"cpt-container\" value=\"infographic\">\n\n  <div id=\"spinner-container\" class=\"item-filter-hide\">\n    <div class=\"sk-chase\">\n      <div class=\"sk-chase-dot\"><\/div>\n      <div class=\"sk-chase-dot\"><\/div>\n      <div class=\"sk-chase-dot\"><\/div>\n      <div class=\"sk-chase-dot\"><\/div>\n      <div class=\"sk-chase-dot\"><\/div>\n      <div class=\"sk-chase-dot\"><\/div>\n    <\/div>\n  <\/div>\n\n  <div id=\"cpt-list-result\" class=\"cpt-list-result \"><\/div>\n\n      <div class=\"item-filter-hide\" id=\"cpt-button-container\">\n      <div role=\"button\" id=\"cpt-see-more-button\">Ver m\u00e1s<\/div>\n    <\/div>\n<\/div>\n<\/div>\n","protected":false},"excerpt":{"rendered":"<p>Las infograf\u00edas proporcionan bloques cortos de informaci\u00f3n \u00fatil de una manera divertida. Los t\u00edtulos incluyen: Instrucciones de limpieza de informes de cr\u00e9dito y Eliminaci\u00f3n de deudas de tarjetas de cr\u00e9dito. Cada mes se agregan m\u00e1s infograf\u00edas.<\/p>\n","protected":false},"author":1,"featured_media":9379,"parent":5268,"menu_order":0,"comment_status":"closed","ping_status":"closed","template":"full-width","meta":{"_acf_changed":false,"footnotes":""},"categories":[],"tags":[],"class_list":["post-5302","page","type-page","status-publish","has-post-thumbnail","hentry"],"acf":[],"featured_image_src":"https:\/\/branded.financialwellnessforyou.com\/wp-content\/uploads\/sites\/7\/2023\/06\/OnlineShopping2022Banner.jpg","featured_image_src_square":"https:\/\/branded.financialwellnessforyou.com\/wp-content\/uploads\/sites\/7\/2023\/06\/OnlineShopping2022Banner.jpg","_links":{"self":[{"href":"https:\/\/branded.financialwellnessforyou.com\/es\/wp-json\/wp\/v2\/pages\/5302","targetHints":{"allow":["GET"]}}],"collection":[{"href":"https:\/\/branded.financialwellnessforyou.com\/es\/wp-json\/wp\/v2\/pages"}],"about":[{"href":"https:\/\/branded.financialwellnessforyou.com\/es\/wp-json\/wp\/v2\/types\/page"}],"author":[{"embeddable":true,"href":"https:\/\/branded.financialwellnessforyou.com\/es\/wp-json\/wp\/v2\/users\/1"}],"replies":[{"embeddable":true,"href":"https:\/\/branded.financialwellnessforyou.com\/es\/wp-json\/wp\/v2\/comments?post=5302"}],"version-history":[{"count":1,"href":"https:\/\/branded.financialwellnessforyou.com\/es\/wp-json\/wp\/v2\/pages\/5302\/revisions"}],"predecessor-version":[{"id":9624,"href":"https:\/\/branded.financialwellnessforyou.com\/es\/wp-json\/wp\/v2\/pages\/5302\/revisions\/9624"}],"up":[{"embeddable":true,"href":"https:\/\/branded.financialwellnessforyou.com\/es\/wp-json\/wp\/v2\/pages\/5268"}],"wp:featuredmedia":[{"embeddable":true,"href":"https:\/\/branded.financialwellnessforyou.com\/es\/wp-json\/wp\/v2\/media\/9379"}],"wp:attachment":[{"href":"https:\/\/branded.financialwellnessforyou.com\/es\/wp-json\/wp\/v2\/media?parent=5302"}],"wp:term":[{"taxonomy":"category","embeddable":true,"href":"https:\/\/branded.financialwellnessforyou.com\/es\/wp-json\/wp\/v2\/categories?post=5302"},{"taxonomy":"post_tag","embeddable":true,"href":"https:\/\/branded.financialwellnessforyou.com\/es\/wp-json\/wp\/v2\/tags?post=5302"}],"curies":[{"name":"wp","href":"https:\/\/api.w.org\/{rel}","templated":true}]}}