{"id":5305,"date":"2023-02-01T20:08:53","date_gmt":"2023-02-01T20:08:53","guid":{"rendered":"https:\/\/demo123.kofetime.com\/aprende-ahora\/publicaciones-financieras\/"},"modified":"2023-06-19T15:54:08","modified_gmt":"2023-06-19T15:54:08","slug":"publicaciones-financieras","status":"publish","type":"page","link":"https:\/\/branded.financialwellnessforyou.com\/es\/aprende-ahora\/publicaciones-financieras\/","title":{"rendered":"Publicaciones Financieras"},"content":{"rendered":"\n<div class=\"wp-block-group bg-kofeInfo mt-0 has-global-padding is-layout-constrained wp-block-group-is-layout-constrained\">\n<div class=\"wp-block-group container py-20 has-global-padding is-layout-constrained wp-block-group-is-layout-constrained\"><nav aria-label=\"Breadcrumb\" class=\"sfwd-breadcrumbs clr lms-breadcrumbs \"><div class=\"breadcrumb-trail\"><span itemscope=\"\" itemtype=\"http:\/\/schema.org\/Breadcrumb\"><a href=\"https:\/\/branded.financialwellnessforyou.com\/es\/\" title=\"Home\" rel=\"home\" class=\"trail-begin\"><span itemprop=\"Home\">Home<\/span><\/a><\/span><\/div><\/nav>\n\n<h2 class=\"alignwide wp-block-post-title has-var-wp-custom-typography-font-size-huge-clamp-2-25-rem-4-vw-2-75-rem-font-size\">Publicaciones Financieras<\/h2>\n\n\n<h2 class=\"wp-block-heading\">Obtenga consejos financieros pr\u00e1cticos que puede utilizar todos los d\u00edas.<\/h2>\n\n\n\n<p>Escritas de una manera entretenida pero a la vez educativa, nuestras publicaciones ofrecen consejos pr\u00e1cticos y asesoramiento sobre los retos financieros que enfrentan las personas todos los d\u00edas.<\/p>\n\n\n\n<p>Aunque las lecturas cubren temas tal como los problemas financieros, la informaci\u00f3n est\u00e1 presentada de forma clara y con un prop\u00f3sito \u00fanico \u2013 aumentar sus conocimientos sobre finanzas para ayudarle a ser un mejor administrador del dinero.<\/p>\n\n\n\n<p>Comience a leer hoy.<\/p>\n<\/div>\n<\/div>\n\n\n\n<div class=\"wp-block-group has-global-padding is-layout-constrained wp-block-group-is-layout-constrained\" style=\"margin-top:0;margin-bottom:0;padding-top:var(--wp--preset--spacing--40)\">  <input type=\"hidden\" id=\"cpt-custom\" value=\"booklet\">\n\n<div class=\"cpt-list-container\">\n      <div class=\"cpt-l-taxonomy\">\n      <div class=\"active-taxonomy\">\n        <a href=\"#\" id=\"taxonomy-all\" class=\"cpt-taxonomy-link\" data-id=\"all\">Todo<\/a>\n      <\/div>\n                  <div>\n                <a href=\"#\" id=\"taxonomy-97\" class=\"cpt-taxonomy-link\" data-id=\"97\">Administraci\u00f3n del dinero<\/a>\n            <\/div>\n                        <div>\n                <a href=\"#\" id=\"taxonomy-91\" class=\"cpt-taxonomy-link\" data-id=\"91\">Cr\u00e9dito<\/a>\n            <\/div>\n                        <div>\n                <a href=\"#\" id=\"taxonomy-93\" class=\"cpt-taxonomy-link\" data-id=\"93\">Eventos de la vida<\/a>\n            <\/div>\n                        <div>\n                <a href=\"#\" id=\"taxonomy-89\" class=\"cpt-taxonomy-link\" data-id=\"89\">Presupuesto<\/a>\n            <\/div>\n                <\/div>\n  \n  <input type=\"hidden\" id=\"cpt-container\" value=\"booklet\">\n\n  <div id=\"spinner-container\" class=\"item-filter-hide\">\n    <div class=\"sk-chase\">\n      <div class=\"sk-chase-dot\"><\/div>\n      <div class=\"sk-chase-dot\"><\/div>\n      <div class=\"sk-chase-dot\"><\/div>\n      <div class=\"sk-chase-dot\"><\/div>\n      <div class=\"sk-chase-dot\"><\/div>\n      <div class=\"sk-chase-dot\"><\/div>\n    <\/div>\n  <\/div>\n\n  <div id=\"cpt-list-result\" class=\"cpt-list-result \"><\/div>\n\n      <div class=\"item-filter-hide\" id=\"cpt-button-container\">\n      <div role=\"button\" id=\"cpt-see-more-button\">Ver m\u00e1s<\/div>\n    <\/div>\n<\/div>\n<\/div>\n","protected":false},"excerpt":{"rendered":"<p>Obtenga consejos financieros pr\u00e1cticos que puede utilizar todos los d\u00edas. Escritas de una manera entretenida pero a la vez educativa, nuestras publicaciones ofrecen consejos pr\u00e1cticos y asesoramiento sobre los retos financieros que enfrentan las personas todos los d\u00edas. Aunque las lecturas cubren temas tal como los problemas financieros, la informaci\u00f3n est\u00e1 presentada de forma clara [&hellip;]<\/p>\n","protected":false},"author":1,"featured_media":9376,"parent":5268,"menu_order":0,"comment_status":"closed","ping_status":"closed","template":"full-width","meta":{"_acf_changed":false,"footnotes":""},"categories":[],"tags":[],"class_list":["post-5305","page","type-page","status-publish","has-post-thumbnail","hentry"],"acf":[],"featured_image_src":"https:\/\/branded.financialwellnessforyou.com\/wp-content\/uploads\/sites\/7\/2023\/06\/elibrary-1-rotated-1.jpg","featured_image_src_square":"https:\/\/branded.financialwellnessforyou.com\/wp-content\/uploads\/sites\/7\/2023\/06\/elibrary-1-rotated-1.jpg","_links":{"self":[{"href":"https:\/\/branded.financialwellnessforyou.com\/es\/wp-json\/wp\/v2\/pages\/5305","targetHints":{"allow":["GET"]}}],"collection":[{"href":"https:\/\/branded.financialwellnessforyou.com\/es\/wp-json\/wp\/v2\/pages"}],"about":[{"href":"https:\/\/branded.financialwellnessforyou.com\/es\/wp-json\/wp\/v2\/types\/page"}],"author":[{"embeddable":true,"href":"https:\/\/branded.financialwellnessforyou.com\/es\/wp-json\/wp\/v2\/users\/1"}],"replies":[{"embeddable":true,"href":"https:\/\/branded.financialwellnessforyou.com\/es\/wp-json\/wp\/v2\/comments?post=5305"}],"version-history":[{"count":1,"href":"https:\/\/branded.financialwellnessforyou.com\/es\/wp-json\/wp\/v2\/pages\/5305\/revisions"}],"predecessor-version":[{"id":9625,"href":"https:\/\/branded.financialwellnessforyou.com\/es\/wp-json\/wp\/v2\/pages\/5305\/revisions\/9625"}],"up":[{"embeddable":true,"href":"https:\/\/branded.financialwellnessforyou.com\/es\/wp-json\/wp\/v2\/pages\/5268"}],"wp:featuredmedia":[{"embeddable":true,"href":"https:\/\/branded.financialwellnessforyou.com\/es\/wp-json\/wp\/v2\/media\/9376"}],"wp:attachment":[{"href":"https:\/\/branded.financialwellnessforyou.com\/es\/wp-json\/wp\/v2\/media?parent=5305"}],"wp:term":[{"taxonomy":"category","embeddable":true,"href":"https:\/\/branded.financialwellnessforyou.com\/es\/wp-json\/wp\/v2\/categories?post=5305"},{"taxonomy":"post_tag","embeddable":true,"href":"https:\/\/branded.financialwellnessforyou.com\/es\/wp-json\/wp\/v2\/tags?post=5305"}],"curies":[{"name":"wp","href":"https:\/\/api.w.org\/{rel}","templated":true}]}}