{"id":5325,"date":"2023-01-04T15:59:32","date_gmt":"2023-01-04T15:59:32","guid":{"rendered":"https:\/\/demo123.kofetime.com\/fundamentos-financieros\/"},"modified":"2023-06-19T15:54:08","modified_gmt":"2023-06-19T15:54:08","slug":"fundamentos-financieros","status":"publish","type":"page","link":"https:\/\/branded.financialwellnessforyou.com\/es\/fundamentos-financieros\/","title":{"rendered":"Fundamentos financieros"},"content":{"rendered":"\n<div class=\"wp-block-group has-global-padding is-layout-constrained wp-block-group-is-layout-constrained\" style=\"margin-top:var(--wp--preset--spacing--40)\"><nav aria-label=\"Breadcrumb\" class=\"sfwd-breadcrumbs clr lms-breadcrumbs \"><div class=\"breadcrumb-trail\"><span itemscope=\"\" itemtype=\"http:\/\/schema.org\/Breadcrumb\"><a href=\"https:\/\/branded.financialwellnessforyou.com\/es\/\" title=\"Home\" rel=\"home\" class=\"trail-begin\"><span itemprop=\"Home\">Home<\/span><\/a><\/span><\/div><\/nav><\/div>\n\n\n\n<div class=\"wp-block-group container rounded-2xl p-10 pb-0 has-kofe-info-background-color has-background has-global-padding is-layout-constrained wp-block-group-is-layout-constrained\">\n<div class=\"wp-block-columns is-layout-flex wp-container-core-columns-is-layout-28f84493 wp-block-columns-is-layout-flex\">\n<div class=\"wp-block-column is-layout-flow wp-block-column-is-layout-flow\">\n<p class=\"uppercase has-kofe-secondary-color has-text-color\"><strong>Recomendado para ti<\/strong><\/p>\n\n\n\n<h3 class=\"wp-block-heading h1\">Como Elaborar un Presupuesto<\/h3>\n\n\n\n<p>Un presupuesto es su base financiera. A partir de aqu\u00ed, desarrollar\u00e1 todas sus otras habilidades nuevas de administraci\u00f3n de dinero.<\/p>\n\n\n\n<div class=\"wp-block-buttons is-layout-flex wp-block-buttons-is-layout-flex\">\n<div class=\"wp-block-button\"><a class=\"wp-block-button__link has-kofe-secondary-background-color has-background wp-element-button\" href=\"\/es\/fundamentos-financieros\/como-elaborar-un-presupuesto\/\">Aprende m\u00e1s<\/a><\/div>\n<\/div>\n<\/div>\n\n\n\n<div class=\"wp-block-column is-layout-flow wp-block-column-is-layout-flow\">\n<div class=\"wp-block-group container p-16 img-style-light has-global-padding is-layout-constrained wp-block-group-is-layout-constrained\">\n<div class=\"wp-block-group square1 alignfull has-global-padding is-layout-constrained wp-block-group-is-layout-constrained\"><\/div>\n\n\n\n<div class=\"wp-block-group img-block has-global-padding is-layout-constrained wp-block-group-is-layout-constrained\">\n<figure class=\"wp-block-image size-full\"><img decoding=\"async\" src=\"https:\/\/demo123.kofetime.com\/wp-content\/uploads\/sites\/54\/2023\/04\/financial-basics.jpg\" alt=\"Smiling Couple Discussing Budgeting\" class=\"wp-image-9241\"\/><\/figure>\n<\/div>\n\n\n\n<div class=\"wp-block-group square3 alignfull has-global-padding is-layout-constrained wp-block-group-is-layout-constrained\"><\/div>\n<\/div>\n<\/div>\n<\/div>\n<\/div>\n\n\n\n<div class=\"wp-block-group has-global-padding is-layout-constrained wp-block-group-is-layout-constrained\">\n<h2 class=\"wp-block-heading\">Maximice su conjunto de habilidades financieras.<\/h2>\n\n\n\n<p>El mundo financiero es confuso y complicado. Eliminamos la confusi\u00f3n y complicaci\u00f3n al proporcionar gu\u00edas y estrategias que todos pueden entender.<\/p>\n\n\n\n<p>El mundo financiero es confuso y complicado. Eliminamos la confusi\u00f3n y las complicaciones al proporcionar pautas y estrategias que todos pueden entender.<\/p>\n\n\n\n<p>A medida que lea estas secciones, obtendr\u00e1 un valioso conocimiento. Tambi\u00e9n se sentir\u00e1 empoderado y preparado para asumir sus finanzas diarias. Si necesita ayuda en el camino, simplemente comun\u00edquese con un\u00a0<a href=\"\/es\/obtenga-ayuda\/preguntele-a-un-consejero\/\">asesor financiero<\/a>\u00a0y obtendr\u00e1 respuestas.<\/p>\n<\/div>\n\n\n\n<div class=\"wp-block-group is-layout-flow wp-block-group-is-layout-flow\">\n<div class=\"wp-block-group has-global-padding is-layout-constrained wp-block-group-is-layout-constrained\"><form role=\"search\" method=\"get\" action=\"https:\/\/branded.financialwellnessforyou.com\/es\/\" class=\"wp-block-search__button-inside wp-block-search__text-button wp-block-search\"    ><label class=\"wp-block-search__label screen-reader-text\" for=\"wp-block-search__input-1\" >Buscar<\/label><div class=\"wp-block-search__inside-wrapper\" ><input class=\"wp-block-search__input\" id=\"wp-block-search__input-1\" placeholder=\"B\u00fasqueda\" value=\"\" type=\"search\" name=\"s\" required \/><button aria-label=\"\" class=\"wp-block-search__button wp-element-button\" type=\"submit\" ><\/button><\/div><\/form><\/div>\n\n\n\n<main class=\"wp-block-query alignfull has-global-padding is-layout-constrained wp-block-query-is-layout-constrained\"><ul class=\"is-flex-container columns-3 flex wp-block-post-template is-layout-flow wp-block-post-template-is-layout-flow\"><li class=\"wp-block-post post-5332 page type-page status-publish has-post-thumbnail hentry tag-fundamentos-bancarios\">\n\n<div class=\"wp-block-group bg-kofeInfo has-global-padding is-layout-constrained wp-container-core-group-is-layout-201a1795 wp-block-group-is-layout-constrained\" style=\"border-radius:20px;padding-top:0px;padding-right:0px;padding-bottom:0px;padding-left:0px\"><figure class=\"alignwide wp-block-post-featured-image\"><a href=\"https:\/\/branded.financialwellnessforyou.com\/es\/fundamentos-financieros\/como-ahorrar-para-una-emergencia\/\" target=\"_self\"  ><img loading=\"lazy\" decoding=\"async\" width=\"800\" height=\"500\" src=\"https:\/\/branded.financialwellnessforyou.com\/wp-content\/uploads\/sites\/7\/2023\/06\/save-for-emergency.jpg\" class=\"attachment-post-thumbnail size-post-thumbnail wp-post-image\" alt=\"C\u00f3mo ahorrar para una emergencia, incluso si est\u00e1 viviendo de cheque en cheque\" style=\"border-radius:20px;object-fit:cover;\" srcset=\"https:\/\/branded.financialwellnessforyou.com\/wp-content\/uploads\/sites\/7\/2023\/06\/save-for-emergency.jpg 800w, https:\/\/branded.financialwellnessforyou.com\/wp-content\/uploads\/sites\/7\/2023\/06\/save-for-emergency-300x188.jpg 300w, https:\/\/branded.financialwellnessforyou.com\/wp-content\/uploads\/sites\/7\/2023\/06\/save-for-emergency-768x480.jpg 768w\" sizes=\"auto, (max-width: 800px) 100vw, 800px\" \/><\/a><\/figure>\n\n\n<div class=\"wp-block-group alignwide is-layout-flow wp-block-group-is-layout-flow\" style=\"margin-top:0;padding-top:var(--wp--preset--spacing--30);padding-right:var(--wp--preset--spacing--30);padding-bottom:var(--wp--preset--spacing--30);padding-left:var(--wp--preset--spacing--30)\"><h4 class=\"alignwide h2 wp-block-post-title has-text-h-4-font-size\"><a href=\"https:\/\/branded.financialwellnessforyou.com\/es\/fundamentos-financieros\/como-ahorrar-para-una-emergencia\/\" target=\"_self\" >C\u00f3mo ahorrar para una emergencia, incluso si est\u00e1 viviendo de cheque en cheque<\/a><\/h4><\/div>\n<\/div>\n\n<\/li><li class=\"wp-block-post post-5329 page type-page status-publish has-post-thumbnail hentry tag-elaborar-presupuesto\">\n\n<div class=\"wp-block-group bg-kofeInfo has-global-padding is-layout-constrained wp-container-core-group-is-layout-201a1795 wp-block-group-is-layout-constrained\" style=\"border-radius:20px;padding-top:0px;padding-right:0px;padding-bottom:0px;padding-left:0px\"><figure class=\"alignwide wp-block-post-featured-image\"><a href=\"https:\/\/branded.financialwellnessforyou.com\/es\/fundamentos-financieros\/como-ahorrar-para-la-universidad\/\" target=\"_self\"  ><img loading=\"lazy\" decoding=\"async\" width=\"800\" height=\"500\" src=\"https:\/\/branded.financialwellnessforyou.com\/wp-content\/uploads\/sites\/7\/2023\/06\/teen-saving.jpg\" class=\"attachment-post-thumbnail size-post-thumbnail wp-post-image\" alt=\"C\u00f3mo ahorrar para la universidad, incluso si a\u00fan no ha comenzado\" style=\"border-radius:20px;object-fit:cover;\" srcset=\"https:\/\/branded.financialwellnessforyou.com\/wp-content\/uploads\/sites\/7\/2023\/06\/teen-saving.jpg 800w, https:\/\/branded.financialwellnessforyou.com\/wp-content\/uploads\/sites\/7\/2023\/06\/teen-saving-300x188.jpg 300w, https:\/\/branded.financialwellnessforyou.com\/wp-content\/uploads\/sites\/7\/2023\/06\/teen-saving-768x480.jpg 768w\" sizes=\"auto, (max-width: 800px) 100vw, 800px\" \/><\/a><\/figure>\n\n\n<div class=\"wp-block-group alignwide is-layout-flow wp-block-group-is-layout-flow\" style=\"margin-top:0;padding-top:var(--wp--preset--spacing--30);padding-right:var(--wp--preset--spacing--30);padding-bottom:var(--wp--preset--spacing--30);padding-left:var(--wp--preset--spacing--30)\"><h4 class=\"alignwide h2 wp-block-post-title has-text-h-4-font-size\"><a href=\"https:\/\/branded.financialwellnessforyou.com\/es\/fundamentos-financieros\/como-ahorrar-para-la-universidad\/\" target=\"_self\" >C\u00f3mo ahorrar para la universidad, incluso si a\u00fan no ha comenzado<\/a><\/h4><\/div>\n<\/div>\n\n<\/li><li class=\"wp-block-post post-5326 page type-page status-publish has-post-thumbnail hentry tag-fundamentos-bancarios\">\n\n<div class=\"wp-block-group bg-kofeInfo has-global-padding is-layout-constrained wp-container-core-group-is-layout-201a1795 wp-block-group-is-layout-constrained\" style=\"border-radius:20px;padding-top:0px;padding-right:0px;padding-bottom:0px;padding-left:0px\"><figure class=\"alignwide wp-block-post-featured-image\"><a href=\"https:\/\/branded.financialwellnessforyou.com\/es\/fundamentos-financieros\/como-ahorrar-para-el-retiro\/\" target=\"_self\"  ><img loading=\"lazy\" decoding=\"async\" width=\"800\" height=\"500\" src=\"https:\/\/branded.financialwellnessforyou.com\/wp-content\/uploads\/sites\/7\/2023\/06\/savings-for-retirement.jpg\" class=\"attachment-post-thumbnail size-post-thumbnail wp-post-image\" alt=\"C\u00f3mo ahorrar para el retiro cuando no cree que pueda ahorrar en absoluto\" style=\"border-radius:20px;object-fit:cover;\" srcset=\"https:\/\/branded.financialwellnessforyou.com\/wp-content\/uploads\/sites\/7\/2023\/06\/savings-for-retirement.jpg 800w, https:\/\/branded.financialwellnessforyou.com\/wp-content\/uploads\/sites\/7\/2023\/06\/savings-for-retirement-300x188.jpg 300w, https:\/\/branded.financialwellnessforyou.com\/wp-content\/uploads\/sites\/7\/2023\/06\/savings-for-retirement-768x480.jpg 768w\" sizes=\"auto, (max-width: 800px) 100vw, 800px\" \/><\/a><\/figure>\n\n\n<div class=\"wp-block-group alignwide is-layout-flow wp-block-group-is-layout-flow\" style=\"margin-top:0;padding-top:var(--wp--preset--spacing--30);padding-right:var(--wp--preset--spacing--30);padding-bottom:var(--wp--preset--spacing--30);padding-left:var(--wp--preset--spacing--30)\"><h4 class=\"alignwide h2 wp-block-post-title has-text-h-4-font-size\"><a href=\"https:\/\/branded.financialwellnessforyou.com\/es\/fundamentos-financieros\/como-ahorrar-para-el-retiro\/\" target=\"_self\" >C\u00f3mo ahorrar para el retiro cuando no cree que pueda ahorrar en absoluto<\/a><\/h4><\/div>\n<\/div>\n\n<\/li><li class=\"wp-block-post post-5342 page type-page status-publish has-post-thumbnail hentry tag-deuda tag-salir\">\n\n<div class=\"wp-block-group bg-kofeInfo has-global-padding is-layout-constrained wp-container-core-group-is-layout-201a1795 wp-block-group-is-layout-constrained\" style=\"border-radius:20px;padding-top:0px;padding-right:0px;padding-bottom:0px;padding-left:0px\"><figure class=\"alignwide wp-block-post-featured-image\"><a href=\"https:\/\/branded.financialwellnessforyou.com\/es\/fundamentos-financieros\/como-salir-de-las-deudas\/\" target=\"_self\"  ><img loading=\"lazy\" decoding=\"async\" width=\"800\" height=\"500\" src=\"https:\/\/branded.financialwellnessforyou.com\/wp-content\/uploads\/sites\/7\/2023\/06\/Getting-Out-of-Debt.jpg\" class=\"attachment-post-thumbnail size-post-thumbnail wp-post-image\" alt=\"C\u00f3mo salir de las Deudas\" style=\"border-radius:20px;object-fit:cover;\" srcset=\"https:\/\/branded.financialwellnessforyou.com\/wp-content\/uploads\/sites\/7\/2023\/06\/Getting-Out-of-Debt.jpg 800w, https:\/\/branded.financialwellnessforyou.com\/wp-content\/uploads\/sites\/7\/2023\/06\/Getting-Out-of-Debt-300x188.jpg 300w, https:\/\/branded.financialwellnessforyou.com\/wp-content\/uploads\/sites\/7\/2023\/06\/Getting-Out-of-Debt-768x480.jpg 768w\" sizes=\"auto, (max-width: 800px) 100vw, 800px\" \/><\/a><\/figure>\n\n\n<div class=\"wp-block-group alignwide is-layout-flow wp-block-group-is-layout-flow\" style=\"margin-top:0;padding-top:var(--wp--preset--spacing--30);padding-right:var(--wp--preset--spacing--30);padding-bottom:var(--wp--preset--spacing--30);padding-left:var(--wp--preset--spacing--30)\"><h4 class=\"alignwide h2 wp-block-post-title has-text-h-4-font-size\"><a href=\"https:\/\/branded.financialwellnessforyou.com\/es\/fundamentos-financieros\/como-salir-de-las-deudas\/\" target=\"_self\" >C\u00f3mo salir de las Deudas<\/a><\/h4><\/div>\n<\/div>\n\n<\/li><li class=\"wp-block-post post-5380 page type-page status-publish has-post-thumbnail hentry tag-gastos tag-guias tag-manejar\">\n\n<div class=\"wp-block-group bg-kofeInfo has-global-padding is-layout-constrained wp-container-core-group-is-layout-201a1795 wp-block-group-is-layout-constrained\" style=\"border-radius:20px;padding-top:0px;padding-right:0px;padding-bottom:0px;padding-left:0px\"><figure class=\"alignwide wp-block-post-featured-image\"><a href=\"https:\/\/branded.financialwellnessforyou.com\/es\/fundamentos-financieros\/guias-para-manejar-sus-gastos\/\" target=\"_self\"  ><img loading=\"lazy\" decoding=\"async\" width=\"800\" height=\"500\" src=\"https:\/\/branded.financialwellnessforyou.com\/wp-content\/uploads\/sites\/7\/2023\/06\/Spending-Guidelines.jpg\" class=\"attachment-post-thumbnail size-post-thumbnail wp-post-image\" alt=\"Tome ventaja de las gu\u00edas de gastos\" style=\"border-radius:20px;object-fit:cover;\" srcset=\"https:\/\/branded.financialwellnessforyou.com\/wp-content\/uploads\/sites\/7\/2023\/06\/Spending-Guidelines.jpg 800w, https:\/\/branded.financialwellnessforyou.com\/wp-content\/uploads\/sites\/7\/2023\/06\/Spending-Guidelines-300x188.jpg 300w, https:\/\/branded.financialwellnessforyou.com\/wp-content\/uploads\/sites\/7\/2023\/06\/Spending-Guidelines-768x480.jpg 768w\" sizes=\"auto, (max-width: 800px) 100vw, 800px\" \/><\/a><\/figure>\n\n\n<div class=\"wp-block-group alignwide is-layout-flow wp-block-group-is-layout-flow\" style=\"margin-top:0;padding-top:var(--wp--preset--spacing--30);padding-right:var(--wp--preset--spacing--30);padding-bottom:var(--wp--preset--spacing--30);padding-left:var(--wp--preset--spacing--30)\"><h4 class=\"alignwide h2 wp-block-post-title has-text-h-4-font-size\"><a href=\"https:\/\/branded.financialwellnessforyou.com\/es\/fundamentos-financieros\/guias-para-manejar-sus-gastos\/\" target=\"_self\" >Tome ventaja de las gu\u00edas de gastos<\/a><\/h4><\/div>\n<\/div>\n\n<\/li><li class=\"wp-block-post post-5358 page type-page status-publish has-post-thumbnail hentry tag-patrimonio-neto\">\n\n<div class=\"wp-block-group bg-kofeInfo has-global-padding is-layout-constrained wp-container-core-group-is-layout-201a1795 wp-block-group-is-layout-constrained\" style=\"border-radius:20px;padding-top:0px;padding-right:0px;padding-bottom:0px;padding-left:0px\"><figure class=\"alignwide wp-block-post-featured-image\"><a href=\"https:\/\/branded.financialwellnessforyou.com\/es\/fundamentos-financieros\/su-patrimonio-neto\/\" target=\"_self\"  ><img loading=\"lazy\" decoding=\"async\" width=\"800\" height=\"500\" src=\"https:\/\/branded.financialwellnessforyou.com\/wp-content\/uploads\/sites\/7\/2023\/06\/Evaluate-Your-Net-Worth-2.jpg\" class=\"attachment-post-thumbnail size-post-thumbnail wp-post-image\" alt=\"Eval\u00fae su Patrimonio Neto\" style=\"border-radius:20px;object-fit:cover;\" srcset=\"https:\/\/branded.financialwellnessforyou.com\/wp-content\/uploads\/sites\/7\/2023\/06\/Evaluate-Your-Net-Worth-2.jpg 800w, https:\/\/branded.financialwellnessforyou.com\/wp-content\/uploads\/sites\/7\/2023\/06\/Evaluate-Your-Net-Worth-2-300x188.jpg 300w, https:\/\/branded.financialwellnessforyou.com\/wp-content\/uploads\/sites\/7\/2023\/06\/Evaluate-Your-Net-Worth-2-768x480.jpg 768w\" sizes=\"auto, (max-width: 800px) 100vw, 800px\" \/><\/a><\/figure>\n\n\n<div class=\"wp-block-group alignwide is-layout-flow wp-block-group-is-layout-flow\" style=\"margin-top:0;padding-top:var(--wp--preset--spacing--30);padding-right:var(--wp--preset--spacing--30);padding-bottom:var(--wp--preset--spacing--30);padding-left:var(--wp--preset--spacing--30)\"><h4 class=\"alignwide h2 wp-block-post-title has-text-h-4-font-size\"><a href=\"https:\/\/branded.financialwellnessforyou.com\/es\/fundamentos-financieros\/su-patrimonio-neto\/\" target=\"_self\" >Eval\u00fae su Patrimonio Neto<\/a><\/h4><\/div>\n<\/div>\n\n<\/li><li class=\"wp-block-post post-5347 page type-page status-publish has-post-thumbnail hentry tag-entendiendo-credito\">\n\n<div class=\"wp-block-group bg-kofeInfo has-global-padding is-layout-constrained wp-container-core-group-is-layout-201a1795 wp-block-group-is-layout-constrained\" style=\"border-radius:20px;padding-top:0px;padding-right:0px;padding-bottom:0px;padding-left:0px\"><figure class=\"alignwide wp-block-post-featured-image\"><a href=\"https:\/\/branded.financialwellnessforyou.com\/es\/fundamentos-financieros\/entendiendo-el-credito\/\" target=\"_self\"  ><img loading=\"lazy\" decoding=\"async\" width=\"800\" height=\"500\" src=\"https:\/\/branded.financialwellnessforyou.com\/wp-content\/uploads\/sites\/7\/2023\/06\/credit-score.jpg\" class=\"attachment-post-thumbnail size-post-thumbnail wp-post-image\" alt=\"Convi\u00e9rtete en un Maestro del Cr\u00e9dito\" style=\"border-radius:20px;object-fit:cover;\" srcset=\"https:\/\/branded.financialwellnessforyou.com\/wp-content\/uploads\/sites\/7\/2023\/06\/credit-score.jpg 800w, https:\/\/branded.financialwellnessforyou.com\/wp-content\/uploads\/sites\/7\/2023\/06\/credit-score-300x188.jpg 300w, https:\/\/branded.financialwellnessforyou.com\/wp-content\/uploads\/sites\/7\/2023\/06\/credit-score-768x480.jpg 768w\" sizes=\"auto, (max-width: 800px) 100vw, 800px\" \/><\/a><\/figure>\n\n\n<div class=\"wp-block-group alignwide is-layout-flow wp-block-group-is-layout-flow\" style=\"margin-top:0;padding-top:var(--wp--preset--spacing--30);padding-right:var(--wp--preset--spacing--30);padding-bottom:var(--wp--preset--spacing--30);padding-left:var(--wp--preset--spacing--30)\"><h4 class=\"alignwide h2 wp-block-post-title has-text-h-4-font-size\"><a href=\"https:\/\/branded.financialwellnessforyou.com\/es\/fundamentos-financieros\/entendiendo-el-credito\/\" target=\"_self\" >Convi\u00e9rtete en un Maestro del Cr\u00e9dito<\/a><\/h4><\/div>\n<\/div>\n\n<\/li><li class=\"wp-block-post post-5370 page type-page status-publish has-post-thumbnail hentry tag-gastos tag-reducir\">\n\n<div class=\"wp-block-group bg-kofeInfo has-global-padding is-layout-constrained wp-container-core-group-is-layout-201a1795 wp-block-group-is-layout-constrained\" style=\"border-radius:20px;padding-top:0px;padding-right:0px;padding-bottom:0px;padding-left:0px\"><figure class=\"alignwide wp-block-post-featured-image\"><a href=\"https:\/\/branded.financialwellnessforyou.com\/es\/fundamentos-financieros\/reduzca-sus-gasto\/\" target=\"_self\"  ><img loading=\"lazy\" decoding=\"async\" width=\"800\" height=\"500\" src=\"https:\/\/branded.financialwellnessforyou.com\/wp-content\/uploads\/sites\/7\/2023\/06\/Reduce-Your-Expenses.jpg\" class=\"attachment-post-thumbnail size-post-thumbnail wp-post-image\" alt=\"M\u00e9todos comprobados para reducir sus gastos\" style=\"border-radius:20px;object-fit:cover;\" srcset=\"https:\/\/branded.financialwellnessforyou.com\/wp-content\/uploads\/sites\/7\/2023\/06\/Reduce-Your-Expenses.jpg 800w, https:\/\/branded.financialwellnessforyou.com\/wp-content\/uploads\/sites\/7\/2023\/06\/Reduce-Your-Expenses-300x188.jpg 300w, https:\/\/branded.financialwellnessforyou.com\/wp-content\/uploads\/sites\/7\/2023\/06\/Reduce-Your-Expenses-768x480.jpg 768w\" sizes=\"auto, (max-width: 800px) 100vw, 800px\" \/><\/a><\/figure>\n\n\n<div class=\"wp-block-group alignwide is-layout-flow wp-block-group-is-layout-flow\" style=\"margin-top:0;padding-top:var(--wp--preset--spacing--30);padding-right:var(--wp--preset--spacing--30);padding-bottom:var(--wp--preset--spacing--30);padding-left:var(--wp--preset--spacing--30)\"><h4 class=\"alignwide h2 wp-block-post-title has-text-h-4-font-size\"><a href=\"https:\/\/branded.financialwellnessforyou.com\/es\/fundamentos-financieros\/reduzca-sus-gasto\/\" target=\"_self\" >M\u00e9todos comprobados para reducir sus gastos<\/a><\/h4><\/div>\n<\/div>\n\n<\/li><li class=\"wp-block-post post-5353 page type-page status-publish has-post-thumbnail hentry tag-objetivos-financieros\">\n\n<div class=\"wp-block-group bg-kofeInfo has-global-padding is-layout-constrained wp-container-core-group-is-layout-201a1795 wp-block-group-is-layout-constrained\" style=\"border-radius:20px;padding-top:0px;padding-right:0px;padding-bottom:0px;padding-left:0px\"><figure class=\"alignwide wp-block-post-featured-image\"><a href=\"https:\/\/branded.financialwellnessforyou.com\/es\/fundamentos-financieros\/objetivos-financieros\/\" target=\"_self\"  ><img loading=\"lazy\" decoding=\"async\" width=\"800\" height=\"500\" src=\"https:\/\/branded.financialwellnessforyou.com\/wp-content\/uploads\/sites\/7\/2023\/06\/Defining-Your-Financial-Goals.jpg\" class=\"attachment-post-thumbnail size-post-thumbnail wp-post-image\" alt=\"Definiendo sus metas financieras\" style=\"border-radius:20px;object-fit:cover;\" srcset=\"https:\/\/branded.financialwellnessforyou.com\/wp-content\/uploads\/sites\/7\/2023\/06\/Defining-Your-Financial-Goals.jpg 800w, https:\/\/branded.financialwellnessforyou.com\/wp-content\/uploads\/sites\/7\/2023\/06\/Defining-Your-Financial-Goals-300x188.jpg 300w, https:\/\/branded.financialwellnessforyou.com\/wp-content\/uploads\/sites\/7\/2023\/06\/Defining-Your-Financial-Goals-768x480.jpg 768w\" sizes=\"auto, (max-width: 800px) 100vw, 800px\" \/><\/a><\/figure>\n\n\n<div class=\"wp-block-group alignwide is-layout-flow wp-block-group-is-layout-flow\" style=\"margin-top:0;padding-top:var(--wp--preset--spacing--30);padding-right:var(--wp--preset--spacing--30);padding-bottom:var(--wp--preset--spacing--30);padding-left:var(--wp--preset--spacing--30)\"><h4 class=\"alignwide h2 wp-block-post-title has-text-h-4-font-size\"><a href=\"https:\/\/branded.financialwellnessforyou.com\/es\/fundamentos-financieros\/objetivos-financieros\/\" target=\"_self\" >Definiendo sus metas financieras<\/a><\/h4><\/div>\n<\/div>\n\n<\/li><li class=\"wp-block-post post-5375 page type-page status-publish has-post-thumbnail hentry tag-deuda tag-ingresos tag-relacion\">\n\n<div class=\"wp-block-group bg-kofeInfo has-global-padding is-layout-constrained wp-container-core-group-is-layout-201a1795 wp-block-group-is-layout-constrained\" style=\"border-radius:20px;padding-top:0px;padding-right:0px;padding-bottom:0px;padding-left:0px\"><figure class=\"alignwide wp-block-post-featured-image\"><a href=\"https:\/\/branded.financialwellnessforyou.com\/es\/fundamentos-financieros\/relacion-deuda-a-ingresos\/\" target=\"_self\"  ><img loading=\"lazy\" decoding=\"async\" width=\"800\" height=\"500\" src=\"https:\/\/branded.financialwellnessforyou.com\/wp-content\/uploads\/sites\/7\/2023\/06\/Debt-to-Income-Ratio.jpg\" class=\"attachment-post-thumbnail size-post-thumbnail wp-post-image\" alt=\"Relaci\u00f3n Deuda \u2013 Ingreso: Encontrando el equilibrio financiero\" style=\"border-radius:20px;object-fit:cover;\" srcset=\"https:\/\/branded.financialwellnessforyou.com\/wp-content\/uploads\/sites\/7\/2023\/06\/Debt-to-Income-Ratio.jpg 800w, https:\/\/branded.financialwellnessforyou.com\/wp-content\/uploads\/sites\/7\/2023\/06\/Debt-to-Income-Ratio-300x188.jpg 300w, https:\/\/branded.financialwellnessforyou.com\/wp-content\/uploads\/sites\/7\/2023\/06\/Debt-to-Income-Ratio-768x480.jpg 768w\" sizes=\"auto, (max-width: 800px) 100vw, 800px\" \/><\/a><\/figure>\n\n\n<div class=\"wp-block-group alignwide is-layout-flow wp-block-group-is-layout-flow\" style=\"margin-top:0;padding-top:var(--wp--preset--spacing--30);padding-right:var(--wp--preset--spacing--30);padding-bottom:var(--wp--preset--spacing--30);padding-left:var(--wp--preset--spacing--30)\"><h4 class=\"alignwide h2 wp-block-post-title has-text-h-4-font-size\"><a href=\"https:\/\/branded.financialwellnessforyou.com\/es\/fundamentos-financieros\/relacion-deuda-a-ingresos\/\" target=\"_self\" >Relaci\u00f3n Deuda \u2013 Ingreso: Encontrando el equilibrio financiero<\/a><\/h4><\/div>\n<\/div>\n\n<\/li><\/ul>\n\n<nav class=\"alignwide py-6 wp-block-query-pagination is-content-justification-center is-layout-flex wp-container-core-query-pagination-is-layout-a89b3969 wp-block-query-pagination-is-layout-flex\" aria-label=\"Paginaci\u00f3n\">\n\n\n<div class=\"wp-block-query-pagination-numbers\"><span aria-current=\"page\" class=\"page-numbers current\">1<\/span>\n<a class=\"page-numbers\" href=\"?query-0-page=2\">2<\/a><\/div>\n\n<a href=\"\/es\/wp-json\/wp\/v2\/pages\/5325?query-0-page=2\" class=\"wp-block-query-pagination-next has-small-font-size\">P\u00e1gina siguiente<\/a>\n<\/nav><\/main>\n<\/div>\n","protected":false},"excerpt":{"rendered":"<p>Recomendado para ti Como Elaborar un Presupuesto Un presupuesto es su base financiera. A partir de aqu\u00ed, desarrollar\u00e1 todas sus otras habilidades nuevas de administraci\u00f3n de dinero. Maximice su conjunto de habilidades financieras. El mundo financiero es confuso y complicado. Eliminamos la confusi\u00f3n y complicaci\u00f3n al proporcionar gu\u00edas y estrategias que todos pueden entender. El [&hellip;]<\/p>\n","protected":false},"author":1,"featured_media":5266,"parent":0,"menu_order":0,"comment_status":"closed","ping_status":"closed","template":"full-width","meta":{"_acf_changed":false,"footnotes":""},"categories":[],"tags":[],"class_list":["post-5325","page","type-page","status-publish","has-post-thumbnail","hentry"],"acf":[],"featured_image_src":null,"featured_image_src_square":null,"_links":{"self":[{"href":"https:\/\/branded.financialwellnessforyou.com\/es\/wp-json\/wp\/v2\/pages\/5325","targetHints":{"allow":["GET"]}}],"collection":[{"href":"https:\/\/branded.financialwellnessforyou.com\/es\/wp-json\/wp\/v2\/pages"}],"about":[{"href":"https:\/\/branded.financialwellnessforyou.com\/es\/wp-json\/wp\/v2\/types\/page"}],"author":[{"embeddable":true,"href":"https:\/\/branded.financialwellnessforyou.com\/es\/wp-json\/wp\/v2\/users\/1"}],"replies":[{"embeddable":true,"href":"https:\/\/branded.financialwellnessforyou.com\/es\/wp-json\/wp\/v2\/comments?post=5325"}],"version-history":[{"count":1,"href":"https:\/\/branded.financialwellnessforyou.com\/es\/wp-json\/wp\/v2\/pages\/5325\/revisions"}],"predecessor-version":[{"id":9607,"href":"https:\/\/branded.financialwellnessforyou.com\/es\/wp-json\/wp\/v2\/pages\/5325\/revisions\/9607"}],"wp:featuredmedia":[{"embeddable":true,"href":"https:\/\/branded.financialwellnessforyou.com\/es\/wp-json\/"}],"wp:attachment":[{"href":"https:\/\/branded.financialwellnessforyou.com\/es\/wp-json\/wp\/v2\/media?parent=5325"}],"wp:term":[{"taxonomy":"category","embeddable":true,"href":"https:\/\/branded.financialwellnessforyou.com\/es\/wp-json\/wp\/v2\/categories?post=5325"},{"taxonomy":"post_tag","embeddable":true,"href":"https:\/\/branded.financialwellnessforyou.com\/es\/wp-json\/wp\/v2\/tags?post=5325"}],"curies":[{"name":"wp","href":"https:\/\/api.w.org\/{rel}","templated":true}]}}