{"id":5342,"date":"2023-01-30T18:07:00","date_gmt":"2023-01-30T18:07:00","guid":{"rendered":"https:\/\/demo123.kofetime.com\/fundamentos-financieros\/como-salir-de-las-deudas\/"},"modified":"2023-06-19T15:54:08","modified_gmt":"2023-06-19T15:54:08","slug":"como-salir-de-las-deudas","status":"publish","type":"page","link":"https:\/\/branded.financialwellnessforyou.com\/es\/fundamentos-financieros\/como-salir-de-las-deudas\/","title":{"rendered":"C\u00f3mo salir de las Deudas"},"content":{"rendered":"\n<h2 class=\"wp-block-heading\" id=\"Liberese-de-las-deudas\">C\u00f3mo liberarse de las deudas<\/h2>\n\n\n\n<p>Hay un sinn\u00famero de razones por las cuales podemos caer en las deudas. Algunas personas pierden sus posiciones de trabajo. Otros sufren emergencias m\u00e9dicas.<\/p>\n\n\n\n<p>Y luego est\u00e1n los que no manejan su dinero correctamente.<\/p>\n\n\n\n<p>A medida que le ayudamos a mejorar sus habilidades de dinero, vamos tambi\u00e9n a ayudarle a resolver sus problemas de deudas. Nuestros\u00a0<a href=\"\/es\/obtenga-ayuda\/preguntele-a-un-consejero\/\">entrenadores financieros<\/a>\u00a0est\u00e1n especialmente entrenados en buscar soluciones a sus deudas y est\u00e1n disponibles a tiempo completo. Ellos entienden c\u00f3mo las deudas tambi\u00e9n afectan la vida de la gente y trabajan diligentemente con los acreedores y otras instituciones de cr\u00e9dito para ayudarle a resolver sus problemas financieros.<\/p>\n\n\n\n<h3 class=\"wp-block-heading\" id=\"Tiempo-para-un-Quiz\">\u00a1Tiempo para un Quiz!<\/h3>\n\n\n\n<p><strong>Pruebe sus habilidades antes de empezar a ver la cantidad de ayuda que necesita. \u00bfPuede saltarse esta secci\u00f3n, o necesita tomar alg\u00fan tiempo sobre este tema?<\/strong><\/p>\n\n\n\n<div class=\"wp-block-group container rounded-2xl p-10 flashcard has-kofe-info-background-color has-background has-global-padding is-layout-constrained wp-block-group-is-layout-constrained\">\n<h3 class=\"wp-block-heading\">\u00bfC\u00f3mo se puede salir de las deudas por su cuenta?<\/h3>\n\n\n\n<div class=\"wp-block-group answers has-global-padding is-layout-constrained wp-block-group-is-layout-constrained\">\n<p><strong>A.<\/strong> Nadie puede salirse de las deudas por su cuenta.<\/p>\n\n\n\n<p><strong>B.<\/strong> Decirle a sus acreedores que no tiene con qu\u00e9 pagar las deudas.<\/p>\n\n\n\n<p class=\"correct\"><strong>C.<\/strong> Negociar con sus acreedores y comenzar un nuevo plan de pagos.<\/p>\n\n\n\n<p><strong>D.<\/strong> Utilizar una empresa de liquidaci\u00f3n de deudas.<\/p>\n<\/div>\n\n\n\n<div class=\"wp-block-buttons is-layout-flex wp-block-buttons-is-layout-flex\">\n<div class=\"wp-block-button revealbtn\"><a class=\"wp-block-button__link has-kofe-secondary-background-color has-background wp-element-button\">Mostrar Respuesta<\/a><\/div>\n<\/div>\n<\/div>\n\n\n\n<div class=\"wp-block-group container rounded-2xl p-10 flashcard has-kofe-info-background-color has-background has-global-padding is-layout-constrained wp-block-group-is-layout-constrained\">\n<h3 class=\"wp-block-heading\">\u00bfC\u00f3mo ayudan los coaches financieros a los que est\u00e1n endeudados?<\/h3>\n\n\n\n<div class=\"wp-block-group answers has-global-padding is-layout-constrained wp-block-group-is-layout-constrained\">\n<p class=\"correct\"><strong>A.<\/strong> Ellos trabajan con los que se encuentran endeudados y sus acreedores para encontrar soluciones.<\/p>\n\n\n\n<p><strong>B.<\/strong> Ellos aconsejan a los deudores que ignoren a los acreedores.<\/p>\n\n\n\n<p><strong>C.<\/strong> Ellos se quejan con sus acreedores sobre los pagos de la deuda.<\/p>\n\n\n\n<p><strong>D.<\/strong> Ellos dan muchos consejos.<\/p>\n<\/div>\n\n\n\n<div class=\"wp-block-buttons is-layout-flex wp-block-buttons-is-layout-flex\">\n<div class=\"wp-block-button revealbtn\"><a class=\"wp-block-button__link has-kofe-secondary-background-color has-background wp-element-button\">Mostrar Respuesta<\/a><\/div>\n<\/div>\n<\/div>\n\n\n\n<h3 class=\"wp-block-heading\" id=\"Trabajar-con-un-asesor-financiero\">Trabajar con un asesor financiero<\/h3>\n\n\n\n<p>Puede llamar a un asesor financiero o hacerle preguntas en l\u00ednea cada vez que necesite respuestas. Los asesores financieros tambi\u00e9n proporcionan consultas gratuitas. Simplemente llame y un asesor financiero cualificado revisar\u00e1 su presupuesto y repasar\u00e1 sus circunstancias financieras.<\/p>\n\n\n\n<p>Podr\u00e1n proponer medidas espec\u00edficas que puede tomar por su cuenta o referirlo a un programa de aliviar la deuda si su situaci\u00f3n financiera lo requiere. En cualquiera de los casos, tendr\u00e1 un experto que lo gu\u00ede hacia la mejor soluci\u00f3n posible para sus deudas.<\/p>\n\n\n\n<h3 class=\"wp-block-heading\" id=\"Las-soluciones-potenciales\">Las soluciones potenciales<\/h3>\n\n\n\n<p>La siguiente lista proporciona algunos detalles sobre las soluciones de la deuda que puede utilizar para evitar la bancarrota:<\/p>\n\n\n\n<ul class=\"wp-block-list\">\n<li><strong>H\u00e1galo usted mismo (DIY):&nbsp;<\/strong>En algunos casos, se puede negociar con sus acreedores para reducir sus tasas de inter\u00e9s y crear un nuevo plan de pago mensual. Esto significa que m\u00e1s de sus pagos mensuales van hacia la reducci\u00f3n de su deuda en lugar de pagar intereses. Comience con la tarjeta con la tasa de inter\u00e9s m\u00e1s alta primero y pague una tarjeta a la vez.<\/li>\n\n\n\n<li><strong>Consolidaci\u00f3n de la deuda:&nbsp;<\/strong>Aqu\u00ed es donde combinas m\u00faltiples deudas en un solo pago. Puede transferir saldos de tarjetas de cr\u00e9dito existentes para una tarjeta de cr\u00e9dito de bajo inter\u00e9s o tomar un pr\u00e9stamo de consolidaci\u00f3n de deuda a trav\u00e9s de un banco. En cualquiera de los casos, necesitara un buen cr\u00e9dito para calificar para las condiciones ideales necesarias para ayudarle a reducir su deuda.<\/li>\n\n\n\n<li><strong>Programa de gesti\u00f3n de la deuda:&nbsp;<\/strong>Si usted y su asesor financiero determinan que sus problemas de deuda son demasiado grandes para manejar por su cuenta, o su puntuaci\u00f3n de cr\u00e9dito es baja y le proh\u00edbe la calificaci\u00f3n para la consolidaci\u00f3n por su cuenta, entonces le pueden recomendar que se inscriba en un programa de consolidaci\u00f3n de la deuda. Esto consolidar\u00eda sus deudas, bajar\u00eda sus tasas de inter\u00e9s, y puede llegar a eliminar multas y honorarios de las cuentas incluidas en el programa. Tambi\u00e9n proteger\u00eda su calificaci\u00f3n de cr\u00e9dito.<\/li>\n\n\n\n<li><strong>Resoluci\u00f3n de la deuda:&nbsp;<\/strong>Esta opci\u00f3n se utiliza cuando se est\u00e1 en una situaci\u00f3n de emergencia. Puede llamar a la agencia de colecci\u00f3n de su deuda y ofrecer a pagar tanto como pueda. Si est\u00e1n de acuerdo, se remover\u00e1 el saldo restante de la deuda. Aseg\u00farese de que se ha se\u00f1alado en su informe de cr\u00e9dito que la deuda se pag\u00f3 en su totalidad.<\/li>\n\n\n\n<li><strong>Bancarrota:&nbsp;<\/strong>Hay dos tipos de bancarrota: Cap\u00edtulo 7 y el Cap\u00edtulo 13. Cap\u00edtulo 7 liquida sus activos para pagar la deuda. Cap\u00edtulo 13 establece un plan de pago. Una vez que est\u00e1 en proceso, debe tomar la iniciativa para reparar su cr\u00e9dito.<\/li>\n<\/ul>\n\n\n\n<p>Resolver los problemas de deuda es intimidante para muchas personas. Se sienten solos y desamparados. Pero no est\u00e1s solo, nuestros asesores financieros estar\u00e1n contigo, proporcionando informaci\u00f3n y orientaci\u00f3n especializada en soluciones que funcionan. Puedes llamar uno de nuestros asesores financieros hoy.<\/p>\n","protected":false},"excerpt":{"rendered":"<p>C\u00f3mo liberarse de las deudas Hay un sinn\u00famero de razones por las cuales podemos caer en las deudas. Algunas personas pierden sus posiciones de trabajo. Otros sufren emergencias m\u00e9dicas. Y luego est\u00e1n los que no manejan su dinero correctamente. A medida que le ayudamos a mejorar sus habilidades de dinero, vamos tambi\u00e9n a ayudarle a [&hellip;]<\/p>\n","protected":false},"author":1,"featured_media":9335,"parent":5325,"menu_order":0,"comment_status":"closed","ping_status":"closed","template":"page-sidebar","meta":{"_acf_changed":false,"footnotes":""},"categories":[],"tags":[15,29],"class_list":["post-5342","page","type-page","status-publish","has-post-thumbnail","hentry","tag-deuda","tag-salir"],"acf":[],"featured_image_src":"https:\/\/branded.financialwellnessforyou.com\/wp-content\/uploads\/sites\/7\/2023\/06\/Getting-Out-of-Debt.jpg","featured_image_src_square":"https:\/\/branded.financialwellnessforyou.com\/wp-content\/uploads\/sites\/7\/2023\/06\/Getting-Out-of-Debt.jpg","_links":{"self":[{"href":"https:\/\/branded.financialwellnessforyou.com\/es\/wp-json\/wp\/v2\/pages\/5342","targetHints":{"allow":["GET"]}}],"collection":[{"href":"https:\/\/branded.financialwellnessforyou.com\/es\/wp-json\/wp\/v2\/pages"}],"about":[{"href":"https:\/\/branded.financialwellnessforyou.com\/es\/wp-json\/wp\/v2\/types\/page"}],"author":[{"embeddable":true,"href":"https:\/\/branded.financialwellnessforyou.com\/es\/wp-json\/wp\/v2\/users\/1"}],"replies":[{"embeddable":true,"href":"https:\/\/branded.financialwellnessforyou.com\/es\/wp-json\/wp\/v2\/comments?post=5342"}],"version-history":[{"count":1,"href":"https:\/\/branded.financialwellnessforyou.com\/es\/wp-json\/wp\/v2\/pages\/5342\/revisions"}],"predecessor-version":[{"id":9605,"href":"https:\/\/branded.financialwellnessforyou.com\/es\/wp-json\/wp\/v2\/pages\/5342\/revisions\/9605"}],"up":[{"embeddable":true,"href":"https:\/\/branded.financialwellnessforyou.com\/es\/wp-json\/wp\/v2\/pages\/5325"}],"wp:featuredmedia":[{"embeddable":true,"href":"https:\/\/branded.financialwellnessforyou.com\/es\/wp-json\/wp\/v2\/media\/9335"}],"wp:attachment":[{"href":"https:\/\/branded.financialwellnessforyou.com\/es\/wp-json\/wp\/v2\/media?parent=5342"}],"wp:term":[{"taxonomy":"category","embeddable":true,"href":"https:\/\/branded.financialwellnessforyou.com\/es\/wp-json\/wp\/v2\/categories?post=5342"},{"taxonomy":"post_tag","embeddable":true,"href":"https:\/\/branded.financialwellnessforyou.com\/es\/wp-json\/wp\/v2\/tags?post=5342"}],"curies":[{"name":"wp","href":"https:\/\/api.w.org\/{rel}","templated":true}]}}