{"id":5388,"date":"2023-03-22T13:38:02","date_gmt":"2023-03-22T13:38:02","guid":{"rendered":"https:\/\/demo123.kofetime.com\/iniciar\/"},"modified":"2026-01-20T14:56:34","modified_gmt":"2026-01-20T14:56:34","slug":"iniciar","status":"publish","type":"page","link":"https:\/\/branded.financialwellnessforyou.com\/es\/iniciar\/","title":{"rendered":"Iniciar"},"content":{"rendered":"\n<div class=\"wp-block-group alignfull m-0 spn-registration-page is-layout-flow wp-container-core-group-is-layout-055afcbb wp-block-group-is-layout-flow\" style=\"margin-top:0px;margin-bottom:0px\">\n<div class=\"wp-block-columns are-vertically-aligned-top has-kofe-info-background-color has-background is-layout-flex wp-container-core-columns-is-layout-54c329c4 wp-block-columns-is-layout-flex\" style=\"margin-top:0;margin-bottom:0;padding-top:0;padding-right:0;padding-bottom:0;padding-left:0\">\n<div class=\"wp-block-column is-vertically-aligned-top lg-column-1 is-layout-flow wp-block-column-is-layout-flow\" style=\"padding-top:var(--wp--preset--spacing--30);padding-right:var(--wp--preset--spacing--30);padding-bottom:var(--wp--preset--spacing--30);padding-left:var(--wp--preset--spacing--30)\">\n<div\n\t role=\"navigation\" aria-label=\"Selector de idioma\" class=\"wpml-ls-statics-shortcode_actions wpml-ls wpml-ls-legacy-dropdown js-wpml-ls-legacy-dropdown\">\n\t<ul>\n\t\t<li class=\"wpml-ls-slot-shortcode_actions wpml-ls-item wpml-ls-item-es wpml-ls-current-language wpml-ls-last-item wpml-ls-item-legacy-dropdown\">\n\t\t\t<a href=\"#\" hreflang=\"\" lang=\"\" class=\"js-wpml-ls-item-toggle wpml-ls-item-toggle\" aria-current=\"page\" aria-expanded=\"false\" aria-controls=\"wpml-ls-submenu-default\" aria-label=\"Language switcher, press tab to navigate to other languages\" title=\"Cambiar a Espa\u00f1ol\">\n\t\t\t\t<span class=\"wpml-ls-native\">Espa\u00f1ol<\/span><\/a>\n\n\t\t\t<ul id=\"wpml-ls-submenu-default\" class=\"wpml-ls-sub-menu\">\n\t\t\t\t\n\t\t\t\t\t<li class=\"wpml-ls-slot-shortcode_actions wpml-ls-item wpml-ls-item-en wpml-ls-first-item\">\n\t\t\t\t\t\t<a href=\"http:\/\/branded.financialwellnessforyou.com\/\" hreflang=\"en\" lang=\"en\" class=\"wpml-ls-link\" aria-label=\"Cambiar a English\" title=\"Cambiar a English\">\n\t\t\t\t\t\t\t<span class=\"wpml-ls-native\">English<\/span><\/a>\n\t\t\t\t\t<\/li>\n\n\t\t\t\t\t\t\t<\/ul>\n\n\t\t<\/li>\n\n\t<\/ul>\n<\/div>\n\n\n\n\n<div style=\"height:40px\" aria-hidden=\"true\" class=\"wp-block-spacer\"><\/div>\n\n\n\n<div class=\"wp-block-group has-global-padding is-layout-constrained wp-block-group-is-layout-constrained\">\n<div class=\"wp-block-group lg-form-login-container flex-col is-layout-flow wp-block-group-is-layout-flow\" style=\"padding-left:0px\">\n<div class=\"wp-block-columns are-vertically-aligned-center is-layout-flex wp-container-core-columns-is-layout-2c8f09fd wp-block-columns-is-layout-flex\">\n<div class=\"wp-block-column is-vertically-aligned-center is-layout-flow wp-block-column-is-layout-flow\">\n<div class=\"wp-block-group has-global-padding is-layout-constrained wp-container-core-group-is-layout-0f1c6a8e wp-block-group-is-layout-constrained\">\t\t\t<a href=\"https:\/\/branded.financialwellnessforyou.com\/es\/\" title=\"Sample\">\n\t\t\t<svg class=\"m-auto\" xmlns=\"http:\/\/www.w3.org\/2000\/svg\" xmlns:xlink=\"http:\/\/www.w3.org\/1999\/xlink\" width=\"200\" height=\"60\" viewBox=\"0 0 200 100\">\n\t\t\t\t<image x=\"4\" y=\"4\" width=\"191\" height=\"92\" xlink:href=\"data:img\/png;base64,iVBORw0KGgoAAAANSUhEUgAAAHMAAAA3CAYAAAA\/inWcAAAcfElEQVR4nMTPvQmDUAAA4U8CSlJYuUPAwtbKIoV7uoJzWL+AreBPK+nEwiF8kBvguEv8ibrJdf3bthwxAkq0qFDggR9WfDEg4Ixzm0ifuym05vEje+1xtHfABQAA\/\/9iGRSuIB\/oMzAwdDIwMLgTYcITBgaGTQwMDEsZGBiODVYPkQ0YGBgAAAAA\/\/9iGiiLOTiZGOQFORhk5NkZFJQ5GDi5mBj+\/PlPihHJDAwMF4iMSBCQYWBgyGJgYDjKwMDwjIGBIR2cxYYLYGBgAAAAAP\/\/GrCc+ejeD4bO3kcMnz7+Zfj25S+DvbsAg7I6B8O3r\/+I0R7PwMAwB4fcKwYGhi3QSHvIwMDwCSrOB41QUwYGhmAGBoYZDAwMvQwMDA0MDAw91PPZAAEGBgYAAAAA\/\/8aNClz8hIVBs9AIYZH934yMOJ3FahePMPAwMCKJv6OgYGhHhrJP4iwUpeBgaGMgYEhhoGB4SsDA0MoAwPDduJcOwjrTAYGBgAAAAD\/\/xqwYhYdrFn0huHNy98MrKwE01cNlojcw8DAoMrAwDCFyIgEgcsMDAyxDAwMAtBcuo2BgWErAwODMMWeGQjAwMAAAAAA\/\/8aNJF569o3hl8\/\/zEw4neRMQMDQwia2E4GBgY3aM4kB4CyVQkDA4MEAwMDqNoBNZQCaOVPmgEGBgYAAAAA\/\/8aNJH5\/Mkvho0r3jJISrMx\/MfdDopBa7Q8YGBgCGdgYEDRAdLPxc3MwMPHDC6y8ZiHDF5CG1PRDAwMKxgYGGZS7Cl6AgYGBgAAAAD\/\/xo0kQkCD+7+YPjz+z8DEzNOJdZo\/D5ozoKDf38ZGASFWRg+vv8Drn+l5dgZuHmYGf79Y2D4\/4+BgZ2DiUFJjYNBWJSV4e9frHasgxa1UgwMDMeh9OAHDAwMAAAAAP\/\/wh1sAwBuXf3O4OIryCAmwcbw4ztGq1aDgYGhBSlnPmJgYEhhYGD4zQDNjaISrAxiEqwMF059ZYhwu86wcsFrho\/v\/zKoanIwyCmxM3BxMzG8ePqLob\/5GcP3b\/8YLOx4wYkHZBcTE0pdDTJzOQMDAye0QQXqAoFaxlDAyMDM+pPh42tlhs9vFRlYWH8OfOAxMDAAAAAA\/\/8aVIMGf\/\/+Z7h9\/TuDqiYnOCcxoZYbKgwMDMgiS\/7\/Y\/jKyMzAICnFxsDFw8xw7uQXhpl9zxh2b34PjiQQWDDtBcOGFa8ZgqJEGW7f+M5w4\/I3htcvfzMsn\/uSYcnslwwT5qswSMuzM3z7+pdBQJAFnCiYmRkZPn\/6y\/Dm1W9Qg+oaIyM4QkFdGNCAw+AEDAwMAAAAAP\/\/GnSdZl1DboZFWzTA\/U1Q5DJAIxna4Z8KU\/f\/P4M\/GzvjJlAd29f4hOHciS8MVy58BUcCKUDHkJuhb54yw4snvxjmTn7BwMLCyPDuzW+G4FhRhugUMXDRz8DAoMjAwLCIgYFhMwMDQ9eg7JowMDAAAAAA\/\/8adMN5l89\/Zdi16T1DeKIow7PHvxjY2BnBueXjhz98oBwDBV8ZGRmu8vGzMHTVPGaY2Q8agiUPXDn\/lcHX4grYjl+\/EEX7+VNfGP7\/\/c+QkC3BcPfW9\/v\/\/zN4MzAwrGZgYOBlYGCoHZjQwQMYGBgAAAAA\/\/8aVA0gGOhtfMzgYniJIcjhKkOo8zWGxw9+MoiIsbKDciiodfr79\/8niqocD0CRTklEwsDPn\/9QIhIGagseMCyd85JBSQ1UdTJ8gkTof53\/\/5iqmVh+MrCw\/mD4\/3+QBCEDAwMAAAD\/\/xpUDSAY+PrlH8O7N38Yvnz+y\/Dh3R+GU0c+M3gFCTtzcTPZf\/36j0FOlv3W14\/\/5pRk3GN4\/5ZKEyE4wJ6tHxh4+ZgZjMy5GH79\/vvv\/z\/mHRy8bzl\/fRV6\/Pia2+\/\/\/1gYmJj+gooMUKwS0wkCqSWleiPOXAYGBgAAAAD\/\/3SZPYpCMRSFP3xPsfApFlrYCrZjJ7gCO3EFtla6gukVe1sLXYDjEmwEwVr8L9yAIpqxk4O3EIkHAgn3kEAC9yZfYsYqVegHomrWNB4CJfMJdVWtH1r9+vHMp++nDpD5EusCRU8sCbQM1X0qf9z91\/Zr98hkQ6JUQDxg02ysEoe16wN\/wMRuuu\/rKi1+g\/B1Q3k+lYH2e6D3e+KwdUTpGEHCXdw1N13Nm\/fbuVAJ424MLIEFMLL99El1V08p+eSXVxDEJ6UCpfKZ3aRFp8SjP6Xze9Ew4AkAAP\/\/XJm\/agJBEIc\/iXAQCBaCaJEgvoGp7GxsBBubdFpYpElllSJgaS3pbcXuwFIUX0CEK4W8gHIEhRwnGjn5wRycN+XOLPtnZofZb7IGnT8MTj8kIufJHIcRkoW1jmQzNJ5ZUZZKrPAMjKxQSFcFXeATUANzkNI5Br19q1ovCV1JzNXfX1yl2Jeyw2z6++qtgy0QAq7tVYf9AhrAEngH\/owQpaUP1E3npZSar7badzxw\/c\/ws2kT7oqEpyOnIM85zPWcx8M4iu6Sm5wjsCHwMEmM14CVBW0sVbPV\/etvG4vOr33pbmMRR24CLeDNXmrBWnoKvjnQuQEAAP\/\/AsUsD3RM0peBgcELqskD2kG\/BjXtC1IAM0MDQARqGDL4DY1kdMAHzQ19UAdJoMmDEs956KzGBjQ5kBu\/fPrw94UkHxvDtcvfGUoy7oFycDd0UroampNACakLqfsCcjO2DiColAGJg0ogkHvQwTcohgMODk6GX19lGD6\/k2H49EaR4c8vLlU2js9TkepLUKICTYbDwFwGBgZNKEcUNPSMFpHIANSfhZVyIANBORY5IpEBaCgT5G8QOAy1ExTRKgwMDPMBAAAA\/\/9iQjKEWMABDXwnBgYGeSTDYQBb+Q4qlkF9hmLoQDh6EccFlTeFptgJSHIgcV4VTY7PvAysPyZ3PGWQkmQ7tueg4bTGBkUGYWGUMXdQzt9NwB+g4hg0O1IJrUZMCLnfx9efQVNHjuHXn1cMrOxfGZhZfob\/\/88Ii5w70OoBlFNgQ4AguQQoO4qBgUEayn4NTUygAf4PUDE2BgaGJCgbFFmgXAwDoBLMDFoqwgBIL8g8UCYEJfzb4ATBwKAPAAAA\/\/9iggauOjRHhkKzcQKesv8PNGeBItQOWgSHEwjAGKTppW5oKYBcv\/2BBgYD1PF5UHfAApfPTIfv2UeGP\/fOnvzKkJQtIeJsJ8RSV6\/CsHafFgM3P9FpEVSPggIaVM+BSpDr0ElqvODFi+cMLCwsDGxs7Az\/IQO9tkgaQG0LUISCwhHU7oABHSgDNJsDA6CSAJRLQfZPRxKHhTVywgIV883QJS+gCARVQSAACidQIpwILYlmMzAwNDEwMEwBAAAA\/\/9igk7eKkGz90wong81ABf4C42MV9BctwJqyTtoJCOnbpg5sBy8Hur5VCQ1MD2C0FmLXAYGhoXQ6SmQJ3iuP\/p24+v\/v5f\/\/\/nPwMrNKPuU4bPSk+8fGez1+BkcPUDKiAIgt4DMhQUMKCGCqhRYzsEKDuzfxzB5Yj+DiIgIAzs7OEJvMTAwPIVWQ6C5VRh4j9RWgBUZ4H4NFCDP7IBKENCIEigy1qLpAYEbSGxQHIHMhgE5aESCEj0oh3ozMDD0AwAAAP\/\/YoFGwm7oNBIDGUsppkOLhl3QHPoFWq\/CQAS0fp0NjZwXDAwM2lAH4ZrhnwptPR+F1rH\/JrQ8\/nxwl+FlKXn28BP7P3OWpGoonb398paCxSGGv9+JcifIPtDUFqghAqrTQI0ukF9BEQmKZFBLGyfYsxvkPQaG1LRMhg8f3uf+\/PkzlxFzFl0cqcSB1dfICRs5skDuAGFkgBxuoHYGDIAyHfIAD2yYC+QPEGZgYGBgAAAAAP\/\/gpVPyBb+R8IMWOSx8UEtyfvQXPcKqbHkDO2KTIPmhnvQxsJ06MB5AJJ56GZGQ9fqgBLax1+\/QK0Npl3RyWIMa5e\/Yrhx563ctnVv0SMSlKhAjSJsbgRNaoNGGECNPVB9BWKDUj8oMECJENQihoUJ1s4rKELnzZ3NwMfPz8DMjLWLDssQIACacQEBcodM8fUtMc1kYGAAAAAA\/\/9igaYWQQIGcyOlKmYoH711lgSNUH6kogbUVzoHLdPRAUhdO7QS\/49mBwyEQc1UYGBgZH3L8PN0eJLIy6sXv4prqp6AmbkD2ogAJShQhIG6WaDiD9SoggFQmwCUcAKhuR09YEDzokUMDAyN0MgElSCgpZsgNsi\/IAzKDQd37tj2lYmZiSE6Jo7h\/TtwqQnrxiUyMDC0Qs0EJWjQ6gVskRAEbQiCSjBQHxlUYiF3xcgDDAwMAAAAAP\/\/YoHWX4TAJaQpoN\/QeuINmp730LK7E5r7ZKARXoLD7NnQvh4oJ92Cmvkei5l+oBmLnz\/+8T97\/ev7l49\/V7VMlM9VUuPkay1\/kPrt698OaGIA5XpQwwrUXwYBUK6DLSEBRcwBLBEJAiC9oFYjqF8KikxQhx6UgEBVAGxRL6heAiVQUJ\/w6\/Nnz5BzZinUzzAAqkZAEYa+8gGU20EtaVDxCctZoJwM6teC1FMGGBgYAAAAAP\/\/YsHStcAGkFt8X6CewgZAgWUDFX8ObfXhSnV3oa1hWLGGvhwEBkCjIE7nT35hOHn4E4Ozl+DWyxe\/5FZlS3OyszJUlaTf3Q3NSSB3IRePVUhs0IgWCOMCoEYRaFYEFMiggRFc\/TwwUFZWYfjzB24VqHuGDECJCNQCRQegsAaVRqCECwKw0TVQaQGqUiibXmNgYAAAAAD\/\/2KCDr8lYpELhnbI0YEzUmcb5JFV0EGEc1BPHIIWW+nQiLREHk1BA7+hRVQHgQAEDfVlTGh+wnD3xvednJzMZ6+9\/M5gaMAdzMgMTtUgd8C6N6A6EOQWUJ0FSlwgNijhgIo2GAAVu6Cu0hVo9wQ0+gRqEMHqKVC2mwUdegOVGCA2aCQKDP79+4dcaYEGO0C5ERa7Dkj1JToANXhAdoMwqNMPA6AwBQHyB5oZGBgAAAAA\/\/9igo4ZYgvsCrQAgAFQvSQEZdtB+6a7oENoh6ARugdaVDFAi9FsPG7ghUYWvsgEtWinX73wzXn5vNcM5mp8E758+8PAIcQcISrKthZJL8guUN0Nyl2gYvUENAAPQlcmgAAowkFyoIQEquNAkQ\/yA\/JgwxHo0Byo4baAgYHBCGoGqF5nuH\/\/HgMzC7xxCZq4BkU0qIqBtRVA\/UVs02TII2bII12gOAAB8vdqMDAwAAAAAP\/\/YoGW45HQxsYqqLgqNJAFocXfGqi4LHT4CFaEsULrtVIC9nzGI\/cf2o\/CNgwIAy+guX3hgmkvjKydeJcYW\/IWCPOwGHsEiDAsmvEM1OcDAVDiBHUJQAGJXv\/CAGhcFlSSgOpiGAA1VkDDbiAASsCg8U7k\/iFIHtQG+BUWHslgZ+8Aa\/wgA1CCBoULbAIdNHwJ6vQjt7eRhxeRRzqw9SpIAwwMDAAAAAD\/\/2JC6jI4IemuguawGrTmdim0yEJudhPT9CakhpC8KLSBMv\/f3\/9He+ufgFYEtP9n\/MfgGybEoKLK80dOAdy4hrkHX6CAciholAk2dgoCoPoWVpKABvBBhsGKPhAAFX8PpGVkfgcEBjFwcnIy\/P6NtSkAaigiuxkEkHMbcl8RuW8Dm0xFDgfSujQMDAwAAAAA\/\/+CpYheaNMdZpk0tMm\/DloEcUPFNdDK+hfQxsciaOsUVGSthNaBbKQ6Bg9ghQ55gXLct2uXvi05sevTWhUu7u2CYswMt2+ZyJdXgTIOuAUJ8hMoJ4EwyD2g0SlQNQLrfoH6uKAiFdR92QcdB4YNvYEAqDUMylGgqgJUTIOKUVB1wvDn92+Gt2\/fcv348UOPiYkJNCkBa+zBAHIuhNV\/yDkQeU0LMhtbxCGnFlDixL9vg4GBAQAAAP\/\/gll0ANqRNoSOlJhAy\/fr0FyrDa0XLKGzDeiAG9rk5oXSnJQWGWjgP1IfFFQ8RteVPkjae+J9nLoqJ8ONd1+a\/eJEGJQ1OEGBCQoYUFcC2T3IfU4QAA0SgHInaJAaNOcJWt0Oqm5gANRVAdW\/oPrWHFpfLmJiYmbg4uI2Z2JiusjA8B80+ABqGCGbjcyGhS1yRCH3o5EjB5ZLQY0wGECPbORcjZlRGBgYAAAAAP\/\/gil4A20y50NHcbYg1XP3oOK7oLkVackheMD9A56uCimA2GIFZL\/zs6e\/trtYXryYUyG3vbxF2vPf\/3+OvLzMoO4QKOJBA\/uwWQlcAFSNwLoQoKoElHhBpQ5s\/hOUkEEzKyAMmmK6zcvLu1FFRWXP1atXvv\/795+TiYkRVFSD\/A4a1wYB0JwtDMDWsyC3F0D1KGiAHARAXRIYeAxlIFfEoEYhaFAB1FYA+Qe5CwRrzCEAAwMDAAAA\/\/9CLgJmQVtVE6GtORiYDq38+6CtVWTwj5jsT0ANrNGCb\/Ep+nDfPugmoV1TOh7x7tn6\/qUwC2uxigYHyJ2gaSZ80yigsWL0GX5QQgU1okD1HKhljBzQIAAaWLl869ZN2aNHj3wUFBRCHlMFFcMnoW0J0DpeGFjNyAhas\/T3KIiGAkdoPxRkHnIRDeoJgAAoE8EUg6o0UNsElOCQ+8igxhuoJEUFDAwMAAAAAP\/\/Qq6E70LXhvJA5+BgEfAQWgRxQwMCuS9kDC2yPkCLIytoUewKLTLuQR0VDW1kmEM94QAtyk9DA74MWveKQz1sDaWfQluladD6eS+S3Ueg84g+Tp4C\/rb6Inavv\/2w3rbuHagIAhWtoGISZBfMPSAxUOkD8gNoCgpUqoDUgqoQUL0KaqiAZoBAIzKg1jtIHFQsgnIEaIYClAszRUXFvhoYGp359OlDGiMjI6hkA4UhqI0BHxJlZPy3+98\/luyfX4UYfv0QuPP\/H4sMC\/tXIwbIZDZo0gHWtQMBUGkH6wKC\/AhSBBoZAwFQXIBW1CMnTlBYguIKFTAwMAAAAAD\/\/0KOzP\/QSHkEtQBZ\/DO0fkFfgvENWsfaQwNWF4ptoIPkR6BDasrQiNaFBpIRZLwV3Nd6Cw0MM2ji0ISaZQhNmfehAXAVWvQhA5A7Rd+8+r3bI45\/law857RzJ75cePnsl+C\/f+BIAdkFshM0EgXq\/oAaNaBcDTIXVOSBEgloCBDULwU1AEGNDlDDCNTwA7VmQdN0oMQK8guoOH2iqKTEoK2t+\/bbt2+gIhA0sA8fTICCKb9+8Cdx8z\/\/o2k1n0FS9TADE8uvLa8eWIhx8LwxRVtmAuojg4pQ5BYvKNeBwgSU4JHrWFAEgrqJ6DMtEMDAwAAAAAD\/\/xoWO4eFRFgZdp7TZeDlZYrn42f1v3zuS3CQw7X\/X7+QtiCaGOAfEMgQHRPP8PIlKBOBczYoQkFDc6CEDU58P78LMCgZbGBQ0N3C8P8\/s+OPr0L\/zu8sO\/jzO58mO+dH0\/\/\/wbtpQAu1QKNHuACo5ACVUKBcDKo3QQkOd1+cgYEBAAAA\/\/8a6mcagAFoWpGNnQm0r2Th00e\/JBVUOTr2X9UvXzT9JcOqha8ZXj2nyiEY2ADIYFA7AtKWYPzP8PsHDwOf0EMGEemLDJ\/eKjL8\/c2hy8H91kTHfvrBa0eTrn\/7KHmdg\/sdw\/\/\/BPMRKLXAJq0JAwYGBgAAAAD\/\/xqUi6BJBeDV6D\/+MTCzMILOReh4eO\/n9r9\/\/luWNckyrNipyTBlsQqDd7AQg6AIC4OENDW7v6jg\/z8mhn\/\/WBnEFE4xsHJ8Zvj3l5mBifnXlZ\/fBbhBfE3reQxc\/M8ZfnwVAtWr1LWcgYEBAAAA\/\/8aFpEJWun+6sVv8AEXoBzKysp44Mf3fxa3rn0r4+JhYvAIEmZonKDAsPu8HsOqvVoMmjqQ7iCB7faku+M3BwOf8H0GAYlbDD+\/CTJAW7GPGBn\/8vz8JiDMyv4FHKHcAk8ZQEUxVSOUgYEBAAAA\/\/8aFpHJgD1ipjKzMPp\/\/\/av\/\/H9HwxfP\/9j+PLxHwMvLzPDzNWqDOsOajFEp4ozGJmDGowM4F1koLVEoMRALvj1g49BRPYCAyv7Z+RtC6CGlwQj4z\/ZX9\/5GdjYPzNoWi4A59Bvn8VAyzYZ\/vzkZvj7hx1cTJMNGBgYAAAAAP\/\/GhZ1Jg4Aqs9Asy2g0R3Nf\/\/+g1Yf\/n\/39g8DFxcTg7wSB0N9rzx46+DWtW8Z+PiZGfyDRBjaGx4xTG5\/yvD7F\/aA\/fOLk+HPL8wlsKCiU1TuPIOIzEWGP79go59gADII1OIVBeVEUI5k4\/jEoGU1j+HVQxOGN0\/1wMs3f37jZ\/j1TQDMJmv\/CgMDAwAAAP\/\/GhatWa8gIYaGPgXwBiDYvkwkABoEADXrQV0uUHcDvrICVNeC9oCKS7KBNiOB962IS7Iy3Lv1g2HTyjfgbfQr5r9meP\/mD4OWPhcDN98Phqg4WwYOhhCG18\/4QS1VsDn\/\/rAxiCueYlA2XgOuN3\/\/4kYuQkEtXdBAAShhgbYZgCOLhfU7AxPzb4a\/fzhB63DBieTakWRw8czCBmq0khg1DAwMAAAAAP\/\/GhaR2TFdkSE8UYzh\/q0fuA64AA1QgCaaQf4FDYiAFg1jBaCcCsq5YpKsDCysjAzXL30D76wGbZvn42dlYGX\/zvD00X+Gd4+tGL5\/EQVHGgvbNwYZzT2gDUQMv39xwupKGAANyIPGcUFLOjG2SoDUgiKXk\/c1w9ObDgwPLvmA936SDBgYGAAAAAD\/\/xoWxeyH96BA\/I\/vpBLQagHQIAJo0AC0BwQ0YJCJbc4TlFN\/\/PjH8Oj+T3DOFRBmYWBmYgTn3E8ffzP8\/sXMwMb+Gxx5jEx\/oYNvjAy\/fvIy\/P7Fhh6RIAAa\/AABrH1ESBflP7iYFZG5wPDmsQG4LgXlXJIAAwMDAAAA\/\/8aNg0gIgBo5AfUCQeN8oBGdUBFL\/oYLAoANaq+f\/0H3lr488c\/cGsZlGD+\/WUFN3ZAReLP7yAswPD\/H+hkE6z1LGw5KeykMKwAZCao+yIidw7SGCIVMDAwAAAAAP\/\/GkmRCQKgERpQTgGN+YLGUkHDdqAda+iLsqgFQOuTQEU8aHgONCSIF\/z+wccgJHmdgZvvGbgOJQkwMDAAAAAA\/\/8aaZEJAqAxXtCyENAcJQiAGiagCQHQKkXYQmhqAFD2gi3BBI33oi9NxQD\/\/rEwsHO+ZxCTP8vw5zcXaf1QBgYGAAAAAP\/\/GomRCQKggAXNysA2+oDCAbS+F9TSBS2NoUakgvbrgOZBQQDn4Dgq+A+ORBG58wz8onfAfVCiAQMDAwAAAP\/\/GqmRCQKgCg60ahC0cgE8ag5duQea7gJN++Ha5U0IgMYLQVNooEVyIABq+MwjVvOf3xwM7FzvGTh5XzH8JiUyGRgYAAAAAP\/\/GsmRCQOgOhOUg5C3E4DqU9BeT9D8J2iajdBSUBAARSJorhGkB3nlBWh9FfLqDLwAVLT+\/sHLICR1lQE8IP+PyA4HAwMDAAAA\/\/8aziNApABQ7gF1VUDbGUET8aA1sCAASuygNUIgDJpPA62+A9W5oOIY1KgB5W7QKnXQgjDQoi\/0rYGg\/iVoRQRJADQYwcnzhoGZ5RfD75+sxA0fMDAwAAAAAP\/\/Go1MVACaYwQ1iEAtUNAicFARjLxhCtQShvUbCQFQRJK5h+Q\/uHsCGk0iGjAwMAAAAAD\/\/xotZrED0CADaFYftBgctKQDNDFM7E4t0IoM0OoBUKKg2UQqBmBgYAAAAAD\/\/xrNmfgBqK4DLWQDYdBqftCqAtCSFxAbtGYJVE+C1kSBxt9AgxCwDbTUn6wkBBgYGAAAAAD\/\/wMA2aaFe4TwEVgAAAAASUVORK5CYII=\"\/>\n\t\t\t<\/svg>\n\t\t<\/a>\n\t<\/div>\n<\/div>\n\n\n\n<div class=\"wp-block-column is-vertically-aligned-center is-layout-flow wp-block-column-is-layout-flow\"><\/div>\n<\/div>\n\n\n<div id=\"user-registration\" class=\"user-registration\">\n<div class=\"ur-frontend-form login  \" id=\"ur-frontend-form\">\n\t\t<form class=\"user-registration-form user-registration-form-login login\" method=\"post\">\n\t\t<div class=\"ur-form-row\">\n\t\t\t<div class=\"ur-form-grid\">\n\t\t\t\t\t\t\t\t\t\t\t\t<div\n\t\t\t\t\tclass=\" user-registration-form-row user-registration-form-row--wide form-row form-row-wide\"\n\t\t\t\t\tdata-field=\"username\">\n\t\t\t\t\t<label for=\"username\">Nombre de usuario o correo-e <span class=\"required\">*<\/span><\/label>\t\t\t\t\t<span class=\"input-wrapper\">\n\t\t\t\t\t\t<input placeholder=\"\" type=\"text\"\n\t\t\t\t\t\t\t\tclass=\"user-registration-Input user-registration-Input--text input-text\" name=\"username\"\n\t\t\t\t\t\t\t\tid=\"username\"\n\t\t\t\t\t\t\t   value=\"\"\n\t\t\t\t\t\t\t\tstyle=\"\"\n\t\t\t\t\t\t\t\t\t\t\t\t\t\t\/>\n\t\t\t\t\t\t\t\t\t\t\t\t<\/span>\n\t\t\t\t<\/div>\n\t\t\t\t\t\t\t\t\t<div\n\t\t\t\t\t\tclass=\" user-registration-form-row user-registration-form-row--wide form-row form-row-wide\"\n\t\t\t\t\t\tdata-field=\"password\">\n\t\t\t\t\t\t<label for=\"password\">Contrase\u00f1a <span class=\"required\">*<\/span><\/label>\t\t\t\t\t\t<span class=\"input-wrapper\">\n\t\t\t\t\t\t<span class=\"password-input-group\">\n\t\t\t\t\t\t<input\n\t\t\t\t\t\t\tplaceholder=\"\"\n\t\t\t\t\t\t\tclass=\"user-registration-Input user-registration-Input--text input-text\" type=\"password\"\n\t\t\t\t\t\t\tname=\"password\" id=\"password\"\n\t\t\t\t\t\t\tstyle=\"\"\n\t\t\t\t\t\t\t\t\t\t\t\t\t\/>\n\n\t\t\t\t\t\t\t\t\t\t\t\t\t\t\t\t\t\t\t<\/span>\n\t\t\t\t\t<\/div>\n\t\t\t\t\t\t\t\t\n\t\t\t\t\t\t\t\t<div class=\"form-row\">\n\t\t\t\t\t<input type=\"hidden\" id=\"user-registration-login-nonce\" name=\"user-registration-login-nonce\" value=\"b6b24c61e7\" \/><input type=\"hidden\" name=\"_wp_http_referer\" value=\"\/es\/wp-json\/wp\/v2\/pages\/5388\" \/>\t\t\t\t\t\t<div class=\"user-registration-before-login-btn\">\n\t\t\t\t\t\t\t\t\t\t\t\t\t\t\t<div class=\"\" data-field=\"remember-me\">\n\t\t\t\t\t\t\t\t\t<label\n\t\t\t\t\t\t\t\t\t\tclass=\"user-registration-form__label user-registration-form__label-for-checkbox inline\">\n\t\t\t\t\t\t\t\t\t\t<input\n\t\t\t\t\t\t\t\t\t\t\tclass=\"user-registration-form__input user-registration-form__input-checkbox\"\n\t\t\t\t\t\t\t\t\t\t\tname=\"rememberme\" type=\"checkbox\" id=\"rememberme\" value=\"forever\"\n\t\t\t\t\t\t\t\t\t\t\t\t\t\t\t\t\t\t\t\t\t\/>\n\t\t\t\t\t\t\t\t\t\t<span>Remember Me<\/span>\n\t\t\t\t\t\t\t\t\t<\/label>\n\t\t\t\t\t\t\t\t<\/div>\n\t\t\t\t\t\t\t\t\t\t\t\t\t\t\t\t\t\t\t\t\t\t\t<div data-field=\"lost-password\"\n\t\t\t\t\t\t\t\t\tclass=\"user-registration-LostPassword lost_password \">\n\t\t\t\t\t\t\t\t\t<label\n\t\t\t\t\t\t\t\t\t\tclass=\"user-registration-form__label user-registration-form__label-for-checkbox inline\">\n\t\t\t\t\t\t\t\t\t\t<a href=\"https:\/\/branded.financialwellnessforyou.com\/password-reset\/\">\u00bfHas perdido tu contrase\u00f1a?<\/a>\n\t\t\t\t\t\t\t\t\t<\/label>\n\t\t\t\t\t\t\t\t<\/div>\n\t\t\t\t\t\t\t\t\t\t\t\t\t\t<\/div>\n\t\t\t\t\t\t\t\t\t\t<\/div>\n\t\t\t\t<div data-field=\"login-button\" class=\"\">\n\t\t\t\t\t\t\t\t\t\t\t\t\t\t\t\t<button type=\"submit\"\n\t\t\t\t\t\t\t\tclass=\"user-registration-Button button ur-submit-button  \"\n\t\t\t\t\t\t\t\tname=\"login\"\n\t\t\t\t\t\t\t\tvalue=\"Acceso\">Acceso<\/button>\n\t\t\t\t\t\t\t\t\t<\/div>\n\t\t\t\t<input type=\"hidden\" name=\"redirect\"\n\t\t\t\t\t\tvalue=\"\"\/>\n\n\t\t\t\t<div class=\"user-registration-register register \" data-field=\"registration-setting\">\t\t\t\t\t\t\t<a href=\"https:\/\/branded.financialwellnessforyou.com\/register\"> \u00bfNo tiene una cuenta a\u00fan? Reg\u00edstrese aqu\u00ed\t\t\t\t\t\t<\/a>\n\t\t\t\t\t\t<\/div>\t\t\t\t\t\t\t<\/div>\n\t\t<\/div>\n\t<\/form>\n<\/div>\n\n<\/div>\n\n\n\n<p class=\"has-text-align-center has-kofe-primary-color has-text-color has-link-color wp-elements-146a2e643236c31c538c5235c51f5f5b\" style=\"margin-top:16px;margin-bottom:60px;font-size:14px\"><a href=\"..\/registrar\/\">\u00bfNo tienes cuenta? Reg\u00edstrate aqu\u00ed.<\/a><\/p>\n<\/div>\n<\/div>\n<\/div>\n\n\n\n<div class=\"wp-block-column is-vertically-aligned-top lp-column-2 is-layout-flow wp-block-column-is-layout-flow\" style=\"padding-top:0;padding-right:0;padding-bottom:0;padding-left:0\">\n<div class=\"wp-block-cover is-light\" style=\"min-height:100vh;aspect-ratio:unset;\"><img decoding=\"async\" class=\"wp-block-cover__image-background wp-image-5384\" alt=\"Happy Businessman Looking At Camera Smiling\" src=\"https:\/\/branded.kofetime.com\/wp-content\/uploads\/sites\/148\/2023\/03\/login-img.jpg\" data-object-fit=\"cover\"\/><span aria-hidden=\"true\" class=\"wp-block-cover__background has-kofe-gray-background-color has-background-dim-20 has-background-dim\"><\/span><div class=\"wp-block-cover__inner-container is-layout-flow wp-block-cover-is-layout-flow\">\n<div class=\"wp-block-group has-global-padding is-layout-constrained wp-block-group-is-layout-constrained\">\n<div class=\"lg-square-1\">\n<svg width=\"228\" height=\"204\" viewBox=\"0 0 228 204\" fill=\"none\" xmlns=\"http:\/\/www.w3.org\/2000\/svg\">\n<path d=\"M10.7396 113.458C1.69845 108.132 -1.31298 96.4847 4.01334 87.4435L73.9443 -31.2603C79.2706 -40.3015 90.9178 -43.3129 99.9589 -37.9866L210.085 26.8913C219.127 32.2176 222.138 43.8647 216.812 52.9058L146.881 171.61C141.554 180.651 129.907 183.662 120.866 178.336L10.7396 113.458Z\" fill=\"#003768\" stroke=\"#0092B3\" stroke-width=\"2\"><\/path>\n<path d=\"M18.1072 134.575C9.08039 129.225 6.10015 117.569 11.4507 108.543L81.6991 -9.97373C87.0496 -19.0006 98.7048 -21.9808 107.732 -16.6303L217.684 48.5421C226.711 53.8926 229.691 65.5477 224.341 74.5746L154.092 193.091C148.742 202.118 137.087 205.098 128.06 199.747L18.1072 134.575Z\" stroke=\"#0092B3\" stroke-width=\"2\"><\/path>\n<\/svg>\n<\/div>\n<div class=\"lg-square-2\">\n<svg width=\"175\" height=\"254\" viewBox=\"0 0 175 254\" fill=\"none\" xmlns=\"http:\/\/www.w3.org\/2000\/svg\">\n<path d=\"M5.04801 5.60196C13.1458 -1.91019 25.8003 -1.43541 33.3124 6.66243L149.299 131.692C156.811 139.79 156.336 152.444 148.238 159.956L31.8528 267.924C23.755 275.436 11.1006 274.962 3.58844 266.864L-112.398 141.834C-119.91 133.736 -119.435 121.082 -111.338 113.57L5.04801 5.60196Z\" fill=\"white\"><\/path>\n<path d=\"M25.9679 6.76745C33.6608 -0.369093 45.6825 0.0819573 52.819 7.7749L168.806 132.804C175.942 140.497 175.491 152.519 167.798 159.656L51.4125 267.623C43.7195 274.76 31.6978 274.309 24.5613 266.616L-91.4252 141.586C-98.5618 133.894 -98.1107 121.872 -90.4178 114.735L25.9679 6.76745Z\" stroke=\"#003768\" stroke-width=\"2\"><\/path>\n<\/svg>\n<\/div>\n<div class=\"lg-square-3\">\n<svg width=\"168\" height=\"154\" viewBox=\"0 0 168 154\" fill=\"none\" xmlns=\"http:\/\/www.w3.org\/2000\/svg\">\n<path d=\"M184.439 38.7064C194.96 42.0706 200.762 53.3266 197.397 63.8476L156.828 190.723C153.464 201.244 142.208 207.046 131.687 203.682L14.05 166.067C3.52912 162.702 -2.27264 151.446 1.09149 140.925L41.6608 14.0498C45.0249 3.52886 56.2809 -2.27286 66.8019 1.09127L184.439 38.7064Z\" fill=\"#0092B3\"><\/path>\n<path d=\"M192.003 54.3373C201.997 57.5332 207.509 68.2265 204.313 78.2213L163.744 205.097C160.548 215.092 149.855 220.604 139.86 217.408L22.2228 179.792C12.2279 176.597 6.71623 165.903 9.91215 155.908L50.4814 29.0327C53.6773 19.0378 64.3706 13.5262 74.3655 16.7221L192.003 54.3373Z\" stroke=\"#003768\" stroke-width=\"2\"><\/path>\n<\/svg>\n<\/div>\n<\/div>\n<\/div><\/div>\n<\/div>\n<\/div>\n<\/div>\n","protected":false},"excerpt":{"rendered":"<p>\u00bfNo tienes cuenta? Reg\u00edstrate aqu\u00ed.<\/p>\n","protected":false},"author":1,"featured_media":5266,"parent":0,"menu_order":0,"comment_status":"closed","ping_status":"closed","template":"blank","meta":{"_acf_changed":false,"footnotes":""},"categories":[],"tags":[],"class_list":["post-5388","page","type-page","status-publish","has-post-thumbnail","hentry"],"acf":[],"featured_image_src":null,"featured_image_src_square":null,"_links":{"self":[{"href":"https:\/\/branded.financialwellnessforyou.com\/es\/wp-json\/wp\/v2\/pages\/5388","targetHints":{"allow":["GET"]}}],"collection":[{"href":"https:\/\/branded.financialwellnessforyou.com\/es\/wp-json\/wp\/v2\/pages"}],"about":[{"href":"https:\/\/branded.financialwellnessforyou.com\/es\/wp-json\/wp\/v2\/types\/page"}],"author":[{"embeddable":true,"href":"https:\/\/branded.financialwellnessforyou.com\/es\/wp-json\/wp\/v2\/users\/1"}],"replies":[{"embeddable":true,"href":"https:\/\/branded.financialwellnessforyou.com\/es\/wp-json\/wp\/v2\/comments?post=5388"}],"version-history":[{"count":4,"href":"https:\/\/branded.financialwellnessforyou.com\/es\/wp-json\/wp\/v2\/pages\/5388\/revisions"}],"predecessor-version":[{"id":22036,"href":"https:\/\/branded.financialwellnessforyou.com\/es\/wp-json\/wp\/v2\/pages\/5388\/revisions\/22036"}],"wp:featuredmedia":[{"embeddable":true,"href":"https:\/\/branded.financialwellnessforyou.com\/es\/wp-json\/"}],"wp:attachment":[{"href":"https:\/\/branded.financialwellnessforyou.com\/es\/wp-json\/wp\/v2\/media?parent=5388"}],"wp:term":[{"taxonomy":"category","embeddable":true,"href":"https:\/\/branded.financialwellnessforyou.com\/es\/wp-json\/wp\/v2\/categories?post=5388"},{"taxonomy":"post_tag","embeddable":true,"href":"https:\/\/branded.financialwellnessforyou.com\/es\/wp-json\/wp\/v2\/tags?post=5388"}],"curies":[{"name":"wp","href":"https:\/\/api.w.org\/{rel}","templated":true}]}}