{"id":5391,"date":"2023-03-02T15:46:49","date_gmt":"2023-03-02T15:46:49","guid":{"rendered":"https:\/\/demo123.kofetime.com\/obtenga-ayuda\/"},"modified":"2023-06-19T15:54:09","modified_gmt":"2023-06-19T15:54:09","slug":"obtenga-ayuda","status":"publish","type":"page","link":"https:\/\/branded.financialwellnessforyou.com\/es\/obtenga-ayuda\/","title":{"rendered":"Obtenga ayuda"},"content":{"rendered":"\n<div class=\"wp-block-group bg-kofeInfo mt-0 has-global-padding is-layout-constrained wp-block-group-is-layout-constrained\">\n<div class=\"wp-block-group container py-20 has-global-padding is-layout-constrained wp-block-group-is-layout-constrained\"><nav aria-label=\"Breadcrumb\" class=\"sfwd-breadcrumbs clr lms-breadcrumbs \"><div class=\"breadcrumb-trail\"><span itemscope=\"\" itemtype=\"http:\/\/schema.org\/Breadcrumb\"><a href=\"https:\/\/branded.financialwellnessforyou.com\/es\/\" title=\"Home\" rel=\"home\" class=\"trail-begin\"><span itemprop=\"Home\">Home<\/span><\/a><\/span><\/div><\/nav>\n\n<h1 class=\"alignwide wp-block-post-title has-var-wp-custom-typography-font-size-huge-clamp-2-25-rem-4-vw-2-75-rem-font-size\">Obtenga ayuda<\/h1>\n\n\n<p>Recibe asistencia personalizada con un coach financiero. Ellos encuentran soluciones que se adaptan a sus necesidades individuales. Contratamos s\u00f3lo los mejores coach financieros calificados. P\u00f3ngase en contacto con un coach por tel\u00e9fono o llene una solicitud en l\u00ednea.<\/p>\n<\/div>\n<\/div>\n\n\n\n<div class=\"wp-block-group sr-item-info has-global-padding is-layout-constrained wp-block-group-is-layout-constrained\">\n<div class=\"wp-block-query is-layout-flow wp-block-query-is-layout-flow\"><ul class=\"is-flex-container columns-3 wp-block-post-template is-layout-flow wp-block-post-template-is-layout-flow\"><li class=\"wp-block-post post-5392 page type-page status-publish has-post-thumbnail hentry\">\n\n<div class=\"wp-block-group has-kofe-info-background-color has-background is-layout-flow wp-block-group-is-layout-flow\" style=\"border-radius:20px;padding-top:0;padding-right:0;padding-bottom:0;padding-left:0\"><figure class=\"wp-block-post-featured-image\"><a href=\"https:\/\/branded.financialwellnessforyou.com\/es\/obtenga-ayuda\/haga-una-cita\/\" target=\"_self\"  ><img loading=\"lazy\" decoding=\"async\" width=\"384\" height=\"281\" src=\"https:\/\/branded.financialwellnessforyou.com\/wp-content\/uploads\/sites\/7\/2023\/06\/contact-us-3.jpg\" class=\"attachment-post-thumbnail size-post-thumbnail wp-post-image\" alt=\"Haga una cita\" style=\"border-radius:20px;border-style:none;border-width:0px;object-fit:cover;\" srcset=\"https:\/\/branded.financialwellnessforyou.com\/wp-content\/uploads\/sites\/7\/2023\/06\/contact-us-3.jpg 384w, https:\/\/branded.financialwellnessforyou.com\/wp-content\/uploads\/sites\/7\/2023\/06\/contact-us-3-300x220.jpg 300w\" sizes=\"auto, (max-width: 384px) 100vw, 384px\" \/><\/a><\/figure>\n\n\n<div class=\"wp-block-group has-global-padding is-layout-constrained wp-container-core-group-is-layout-ae62af00 wp-block-group-is-layout-constrained\" style=\"padding-top:0;padding-right:var(--wp--preset--spacing--30);padding-bottom:var(--wp--preset--spacing--30);padding-left:var(--wp--preset--spacing--30)\"><h2 style=\"padding-top:15px;\" class=\"wp-block-post-title has-text-color has-kofe-success-color has-text-h-3-font-size\"><a href=\"https:\/\/branded.financialwellnessforyou.com\/es\/obtenga-ayuda\/haga-una-cita\/\" target=\"_self\" >Haga una cita<\/a><\/h2><\/div>\n<\/div>\n\n<\/li><li class=\"wp-block-post post-5395 page type-page status-publish has-post-thumbnail hentry\">\n\n<div class=\"wp-block-group has-kofe-info-background-color has-background is-layout-flow wp-block-group-is-layout-flow\" style=\"border-radius:20px;padding-top:0;padding-right:0;padding-bottom:0;padding-left:0\"><figure class=\"wp-block-post-featured-image\"><a href=\"https:\/\/branded.financialwellnessforyou.com\/es\/obtenga-ayuda\/llamenos\/\" target=\"_self\"  ><img loading=\"lazy\" decoding=\"async\" width=\"368\" height=\"270\" src=\"https:\/\/branded.financialwellnessforyou.com\/wp-content\/uploads\/sites\/7\/2023\/06\/contact-us-4.jpg\" class=\"attachment-post-thumbnail size-post-thumbnail wp-post-image\" alt=\"Ll\u00e1manos\" style=\"border-radius:20px;border-style:none;border-width:0px;object-fit:cover;\" srcset=\"https:\/\/branded.financialwellnessforyou.com\/wp-content\/uploads\/sites\/7\/2023\/06\/contact-us-4.jpg 368w, https:\/\/branded.financialwellnessforyou.com\/wp-content\/uploads\/sites\/7\/2023\/06\/contact-us-4-300x220.jpg 300w\" sizes=\"auto, (max-width: 368px) 100vw, 368px\" \/><\/a><\/figure>\n\n\n<div class=\"wp-block-group has-global-padding is-layout-constrained wp-container-core-group-is-layout-ae62af00 wp-block-group-is-layout-constrained\" style=\"padding-top:0;padding-right:var(--wp--preset--spacing--30);padding-bottom:var(--wp--preset--spacing--30);padding-left:var(--wp--preset--spacing--30)\"><h2 style=\"padding-top:15px;\" class=\"wp-block-post-title has-text-color has-kofe-success-color has-text-h-3-font-size\"><a href=\"https:\/\/branded.financialwellnessforyou.com\/es\/obtenga-ayuda\/llamenos\/\" target=\"_self\" >Ll\u00e1manos<\/a><\/h2><\/div>\n<\/div>\n\n<\/li><li class=\"wp-block-post post-5404 page type-page status-publish has-post-thumbnail hentry\">\n\n<div class=\"wp-block-group has-kofe-info-background-color has-background is-layout-flow wp-block-group-is-layout-flow\" style=\"border-radius:20px;padding-top:0;padding-right:0;padding-bottom:0;padding-left:0\"><figure class=\"wp-block-post-featured-image\"><a href=\"https:\/\/branded.financialwellnessforyou.com\/es\/obtenga-ayuda\/preguntele-a-un-consejero\/\" target=\"_self\"  ><img loading=\"lazy\" decoding=\"async\" width=\"384\" height=\"281\" src=\"https:\/\/branded.financialwellnessforyou.com\/wp-content\/uploads\/sites\/7\/2023\/06\/contact-us-1-1.jpg\" class=\"attachment-post-thumbnail size-post-thumbnail wp-post-image\" alt=\"Preg\u00fantele A Un Consejero\" style=\"border-radius:20px;border-style:none;border-width:0px;object-fit:cover;\" srcset=\"https:\/\/branded.financialwellnessforyou.com\/wp-content\/uploads\/sites\/7\/2023\/06\/contact-us-1-1.jpg 384w, https:\/\/branded.financialwellnessforyou.com\/wp-content\/uploads\/sites\/7\/2023\/06\/contact-us-1-1-300x220.jpg 300w\" sizes=\"auto, (max-width: 384px) 100vw, 384px\" \/><\/a><\/figure>\n\n\n<div class=\"wp-block-group has-global-padding is-layout-constrained wp-container-core-group-is-layout-ae62af00 wp-block-group-is-layout-constrained\" style=\"padding-top:0;padding-right:var(--wp--preset--spacing--30);padding-bottom:var(--wp--preset--spacing--30);padding-left:var(--wp--preset--spacing--30)\"><h2 style=\"padding-top:15px;\" class=\"wp-block-post-title has-text-color has-kofe-success-color has-text-h-3-font-size\"><a href=\"https:\/\/branded.financialwellnessforyou.com\/es\/obtenga-ayuda\/preguntele-a-un-consejero\/\" target=\"_self\" >Preg\u00fantele A Un Consejero<\/a><\/h2><\/div>\n<\/div>\n\n<\/li><\/ul><\/div>\n<\/div>\n","protected":false},"excerpt":{"rendered":"<p>Recibe asistencia personalizada con un coach financiero. Ellos encuentran soluciones que se adaptan a sus necesidades individuales. Contratamos s\u00f3lo los mejores coach financieros calificados. P\u00f3ngase en contacto con un coach por tel\u00e9fono o llene una solicitud en l\u00ednea.<\/p>\n","protected":false},"author":1,"featured_media":5266,"parent":0,"menu_order":0,"comment_status":"closed","ping_status":"closed","template":"full-width","meta":{"_acf_changed":false,"footnotes":""},"categories":[],"tags":[],"class_list":["post-5391","page","type-page","status-publish","has-post-thumbnail","hentry"],"acf":[],"featured_image_src":null,"featured_image_src_square":null,"_links":{"self":[{"href":"https:\/\/branded.financialwellnessforyou.com\/es\/wp-json\/wp\/v2\/pages\/5391","targetHints":{"allow":["GET"]}}],"collection":[{"href":"https:\/\/branded.financialwellnessforyou.com\/es\/wp-json\/wp\/v2\/pages"}],"about":[{"href":"https:\/\/branded.financialwellnessforyou.com\/es\/wp-json\/wp\/v2\/types\/page"}],"author":[{"embeddable":true,"href":"https:\/\/branded.financialwellnessforyou.com\/es\/wp-json\/wp\/v2\/users\/1"}],"replies":[{"embeddable":true,"href":"https:\/\/branded.financialwellnessforyou.com\/es\/wp-json\/wp\/v2\/comments?post=5391"}],"version-history":[{"count":1,"href":"https:\/\/branded.financialwellnessforyou.com\/es\/wp-json\/wp\/v2\/pages\/5391\/revisions"}],"predecessor-version":[{"id":9640,"href":"https:\/\/branded.financialwellnessforyou.com\/es\/wp-json\/wp\/v2\/pages\/5391\/revisions\/9640"}],"wp:featuredmedia":[{"embeddable":true,"href":"https:\/\/branded.financialwellnessforyou.com\/es\/wp-json\/"}],"wp:attachment":[{"href":"https:\/\/branded.financialwellnessforyou.com\/es\/wp-json\/wp\/v2\/media?parent=5391"}],"wp:term":[{"taxonomy":"category","embeddable":true,"href":"https:\/\/branded.financialwellnessforyou.com\/es\/wp-json\/wp\/v2\/categories?post=5391"},{"taxonomy":"post_tag","embeddable":true,"href":"https:\/\/branded.financialwellnessforyou.com\/es\/wp-json\/wp\/v2\/tags?post=5391"}],"curies":[{"name":"wp","href":"https:\/\/api.w.org\/{rel}","templated":true}]}}