{"id":5395,"date":"2023-01-27T04:59:50","date_gmt":"2023-01-27T04:59:50","guid":{"rendered":"https:\/\/demo123.kofetime.com\/obtenga-ayuda\/llamenos\/"},"modified":"2024-09-09T14:28:10","modified_gmt":"2024-09-09T14:28:10","slug":"llamenos","status":"publish","type":"page","link":"https:\/\/branded.financialwellnessforyou.com\/es\/obtenga-ayuda\/llamenos\/","title":{"rendered":"Ll\u00e1manos"},"content":{"rendered":"\n<div class=\"wp-block-group alignfull bg-kofeInfo mt-0 has-global-padding is-layout-constrained wp-block-group-is-layout-constrained\">\n<div class=\"wp-block-group container py-20 has-global-padding is-layout-constrained wp-block-group-is-layout-constrained\"><nav aria-label=\"Breadcrumb\" class=\"sfwd-breadcrumbs clr lms-breadcrumbs \"><div class=\"breadcrumb-trail\"><span itemscope=\"\" itemtype=\"http:\/\/schema.org\/Breadcrumb\"><a href=\"https:\/\/branded.financialwellnessforyou.com\/es\/\" title=\"Home\" rel=\"home\" class=\"trail-begin\"><span itemprop=\"Home\">Home<\/span><\/a><\/span><\/div><\/nav>\n\n\n<h1 class=\"wp-block-heading\">\u00bfNecesitas ayuda para salir de deudas o gestionar tu presupuesto? \u00a1Ll\u00e1manos!<\/h1>\n\n\n\n<p>El servicio de asesoria personalizada est\u00e1 dise\u00f1ado para ayudarlo a establecer metas financieras, aprender y mejorar sus habilidades presupuestarias, as\u00ed c\u00f3mo comprender sus opciones para salir de deudas. Los asesores tambi\u00e9n pueden ayudar con informacion para la creaci\u00f3n de cr\u00e9dito, entrenamiento y asesoramiento en temas de vivienda. Si tiene preguntas o desea comenzar con una sesi\u00f3n de asesoria gratuita y confidencial, marque el n\u00famero a continuaci\u00f3n.<\/p>\n<\/div>\n<\/div>\n\n\n\n<div class=\"wp-block-group has-global-padding is-layout-constrained wp-block-group-is-layout-constrained\" style=\"padding-top:var(--wp--preset--spacing--40);padding-bottom:var(--wp--preset--spacing--40)\">\n<div class=\"wp-block-columns is-layout-flex wp-container-core-columns-is-layout-28f84493 wp-block-columns-is-layout-flex\">\n<div class=\"wp-block-column is-layout-flow wp-block-column-is-layout-flow\">\n<div class=\"wp-block-group has-global-padding is-layout-constrained wp-block-group-is-layout-constrained\">\n<p style=\"text-transform:uppercase\"><strong><strong>N\u00famero gratuito<\/strong><\/strong><\/p>\n\n\n\n<div class=\"wp-block-group has-global-padding is-layout-constrained wp-block-group-is-layout-constrained\">\n<p style=\"text-decoration:underline\"><strong> <a class=\"tracking-phone-click font-bold hover:underline \" title=\"Call Us\" href=\"tel:844-325-8200\"><span class=\"tracking-phone\">844-325-8200<\/span><\/a><\/strong><\/p>\n<\/div>\n\n\n\n<p><strong>\u00bfC\u00f3mo puede ayudarme el asesor?<\/strong><\/p>\n\n\n\n<p>&#8211; Puede ayudar a desarrollar un presupuesto familiar mensual.<\/p>\n\n\n\n<p>&#8211; Puede ayudar a entender su situaci\u00f3n crediticia y opciones para mejorarla<\/p>\n\n\n\n<p>&#8211; Puede ayudar a encontrar opciones para salir de deudas<\/p>\n\n\n\n<p>&#8211; Puede ayudar a nuevos compradores de vivienda, a propietarios de vivienda y a arrendatarios<\/p>\n\n\n\n<p>&#8211; Puede proporcionar asesoria financiera uno a uno<\/p>\n<\/div>\n<\/div>\n\n\n\n<div class=\"wp-block-column is-layout-flow wp-block-column-is-layout-flow\">\n<div class=\"wp-block-group has-global-padding is-layout-constrained wp-block-group-is-layout-constrained\">\n<p><strong>Horas de operaci\u00f3n (EST):<\/strong><\/p>\n\n\n\n<p><strong>Lunes &#8211; Jueves\u2026\u2026..\u20268:00 am \u2013 8:00 pm<\/strong><\/p>\n\n\n\n<p><strong>Viernes\u2026\u2026\u2026\u2026\u2026\u2026\u2026\u20268:00 am \u2013 5:00 pm<\/strong><\/p>\n\n\n\n<p><strong>S\u00e1bado solo con cita previa<\/strong><\/p>\n\n\n\n<p>Este es un servicio gratuito y confidencial ofrecido por asesores certificados de cr\u00e9dito y vivienda.<\/p>\n<\/div>\n<\/div>\n<\/div>\n<\/div>\n","protected":false},"excerpt":{"rendered":"<p>\u00bfNecesitas ayuda para salir de deudas o gestionar tu presupuesto? \u00a1Ll\u00e1manos! El servicio de asesoria personalizada est\u00e1 dise\u00f1ado para ayudarlo a establecer metas financieras, aprender y mejorar sus habilidades presupuestarias, as\u00ed c\u00f3mo comprender sus opciones para salir de deudas. Los asesores tambi\u00e9n pueden ayudar con informacion para la creaci\u00f3n de cr\u00e9dito, entrenamiento y asesoramiento en [&hellip;]<\/p>\n","protected":false},"author":1,"featured_media":9396,"parent":5391,"menu_order":0,"comment_status":"closed","ping_status":"closed","template":"full-width","meta":{"_acf_changed":false,"footnotes":""},"categories":[],"tags":[],"class_list":["post-5395","page","type-page","status-publish","has-post-thumbnail","hentry"],"acf":[],"featured_image_src":"https:\/\/branded.financialwellnessforyou.com\/wp-content\/uploads\/sites\/7\/2023\/06\/contact-us-4.jpg","featured_image_src_square":"https:\/\/branded.financialwellnessforyou.com\/wp-content\/uploads\/sites\/7\/2023\/06\/contact-us-4.jpg","_links":{"self":[{"href":"https:\/\/branded.financialwellnessforyou.com\/es\/wp-json\/wp\/v2\/pages\/5395","targetHints":{"allow":["GET"]}}],"collection":[{"href":"https:\/\/branded.financialwellnessforyou.com\/es\/wp-json\/wp\/v2\/pages"}],"about":[{"href":"https:\/\/branded.financialwellnessforyou.com\/es\/wp-json\/wp\/v2\/types\/page"}],"author":[{"embeddable":true,"href":"https:\/\/branded.financialwellnessforyou.com\/es\/wp-json\/wp\/v2\/users\/1"}],"replies":[{"embeddable":true,"href":"https:\/\/branded.financialwellnessforyou.com\/es\/wp-json\/wp\/v2\/comments?post=5395"}],"version-history":[{"count":3,"href":"https:\/\/branded.financialwellnessforyou.com\/es\/wp-json\/wp\/v2\/pages\/5395\/revisions"}],"predecessor-version":[{"id":21667,"href":"https:\/\/branded.financialwellnessforyou.com\/es\/wp-json\/wp\/v2\/pages\/5395\/revisions\/21667"}],"up":[{"embeddable":true,"href":"https:\/\/branded.financialwellnessforyou.com\/es\/wp-json\/wp\/v2\/pages\/5391"}],"wp:featuredmedia":[{"embeddable":true,"href":"https:\/\/branded.financialwellnessforyou.com\/es\/wp-json\/wp\/v2\/media\/9396"}],"wp:attachment":[{"href":"https:\/\/branded.financialwellnessforyou.com\/es\/wp-json\/wp\/v2\/media?parent=5395"}],"wp:term":[{"taxonomy":"category","embeddable":true,"href":"https:\/\/branded.financialwellnessforyou.com\/es\/wp-json\/wp\/v2\/categories?post=5395"},{"taxonomy":"post_tag","embeddable":true,"href":"https:\/\/branded.financialwellnessforyou.com\/es\/wp-json\/wp\/v2\/tags?post=5395"}],"curies":[{"name":"wp","href":"https:\/\/api.w.org\/{rel}","templated":true}]}}