{"id":5405,"date":"2023-02-13T15:29:07","date_gmt":"2023-02-13T15:29:07","guid":{"rendered":"https:\/\/demo123.kofetime.com\/politicas-de-privacidad\/"},"modified":"2023-06-19T15:54:09","modified_gmt":"2023-06-19T15:54:09","slug":"politicas-de-privacidad","status":"publish","type":"page","link":"https:\/\/branded.financialwellnessforyou.com\/es\/politicas-de-privacidad\/","title":{"rendered":"Pol\u00edticas de Privacidad"},"content":{"rendered":"\n<p>e-financialfitness.com (\u201cNosotros\u201d o \u201cSitio Web\u201d) ha establecido la siguiente pol\u00edtica de privacidad ya que respetamos su privacidad y nos comprometemos a protegerla mediante el cumplimiento de esta pol\u00edtica. Esta pol\u00edtica describe los tipos de informaci\u00f3n que podemos recopilar de usted o que usted puede proporcionar cuando visita el Sitio Web, y nuestras pr\u00e1cticas para recopilar, utilizar, mantener y divulgar esa informaci\u00f3n.<\/p>\n\n\n\n<p>Usted est\u00e1 de acuerdo en que su acceso, uso y continuaci\u00f3n del uso de, o cualquier interacci\u00f3n con efinancialfitness.com constituir\u00e1 su aceptaci\u00f3n y acuerdo con esta Pol\u00edtica de Privacidad, y que efinancialfitness.com, sus propietarios, y cualquier afiliado o persona con certificaci\u00f3n conf\u00edan en su aceptaci\u00f3n de estos t\u00e9rminos.<\/p>\n\n\n\n<h3 class=\"wp-block-heading\">Declaraci\u00f3n de privacidad<\/h3>\n\n\n\n<p>Queremos explicarle la informaci\u00f3n que recopilamos sobre usted, c\u00f3mo la utilizamos y las garant\u00edas que tenemos para protegerla. Esta pol\u00edtica se aplica a la informaci\u00f3n que recabamos: (1) En este sitio web; (2) En el correo electr\u00f3nico, texto y otros mensajes electr\u00f3nicos entre usted y este sitio web; (3) Cuando usted interact\u00faa con nuestra publicidad y aplicaciones en sitios web y servicios de terceros, si esas aplicaciones o publicidad incluyen enlaces a esta pol\u00edtica. Le pedimos que lea atentamente para comprender nuestras pol\u00edticas y pr\u00e1cticas en relaci\u00f3n con su informaci\u00f3n y c\u00f3mo la trataremos. Si no est\u00e1 de acuerdo con nuestras pol\u00edticas y pr\u00e1cticas, su opci\u00f3n es no utilizar nuestro sitio web. Esta pol\u00edtica puede cambiar de vez en cuando. Su uso continuado de este sitio web despu\u00e9s de que realicemos cambios se considerar\u00e1 como una aceptaci\u00f3n de los mismos, por lo que le rogamos que compruebe peri\u00f3dicamente la pol\u00edtica para conocer las actualizaciones.<\/p>\n\n\n\n<p>Asimismo, usted puede acceder a efinancialfitness.com a trav\u00e9s de uno de nuestros aliados certificados, que llevar\u00e1 el nombre del aliado en el URL. Si ha obtenido acceso y uso de efinancialfitness.com a trav\u00e9s de uno de nuestros aliados, entiende que adem\u00e1s de los t\u00e9rminos de la pol\u00edtica de privacidad que se indican a continuaci\u00f3n, puede estar sujeto a t\u00e9rminos y condiciones adicionales, incluyendo los t\u00e9rminos de privacidad de la persona certificada. En cuanto a efinancialfitness.com, lo siguiente revela las pr\u00e1cticas de recopilaci\u00f3n y difusi\u00f3n de informaci\u00f3n para este sitio web.<\/p>\n\n\n\n<p>Efinancialfitness.com registra autom\u00e1ticamente cierta informaci\u00f3n cuando usted accede e interact\u00faa con las p\u00e1ginas de efinancialfitness.com. Las tecnolog\u00edas que utilizamos para esta recopilaci\u00f3n autom\u00e1tica de datos pueden incluir:<\/p>\n\n\n\n<ul class=\"wp-block-list\">\n<li><strong>Cookies (o cookies del navegador).<\/strong>&nbsp;Una cookie es un peque\u00f1o archivo que se coloca en el disco duro de su ordenador. El usuario puede negarse a aceptar las cookies del navegador activando la configuraci\u00f3n adecuada en su navegador. Rechazar las cookies no impedir\u00e1 que el usuario visite cualquier parte de este sitio web. A menos que haya ajustado la configuraci\u00f3n de su navegador para que rechace las cookies, nuestro sistema emitir\u00e1 cookies cuando dirija su navegador a nuestro sitio web.<\/li>\n\n\n\n<li><strong>Flash Cookies.<\/strong>&nbsp;Ciertas funciones de nuestro sitio web pueden utilizar objetos locales almacenados (o Flash Cookies) para recoger y almacenar informaci\u00f3n sobre sus preferencias y su navegaci\u00f3n hacia, desde y en nuestro sitio web. Las Flash Cookies no se gestionan con la misma configuraci\u00f3n del navegador que se utiliza para las cookies del navegador.<\/li>\n\n\n\n<li><strong>Web Beacons de terceros.<\/strong>&nbsp;Las p\u00e1ginas de nuestro sitio web pueden contener peque\u00f1os archivos electr\u00f3nicos conocidos como \u201cweb beacons\u201d (tambi\u00e9n denominados \u201cclear gifs\u201d, \u201cpixel tags\u201d y \u201csingle-pixel gifs\u201d) que permiten a la empresa, por ejemplo, contar los usuarios que han visitado esas p\u00e1ginas o han abierto un correo electr\u00f3nico y para otras estad\u00edsticas relacionadas con el sitio web (por ejemplo, registrar la popularidad de ciertos contenidos del sitio web y verificar la integridad del sistema y del servidor). Utilizamos web beacons de terceros de Yahoo! para ayudar a analizar a d\u00f3nde van los visitantes y qu\u00e9 hacen mientras visitan nuestro sitio web. Yahoo! tambi\u00e9n puede utilizar informaci\u00f3n an\u00f3nima sobre sus visitas a este y otros sitios web con el fin de mejorar sus productos y servicios y proporcionar anuncios sobre bienes y servicios de inter\u00e9s para usted. Si desea m\u00e1s informaci\u00f3n sobre esta pr\u00e1ctica y conocer sus opciones para que Yahoo! no utilice esta informaci\u00f3n, haga&nbsp;<a href=\"http:\/\/info.yahoo.com\/privacy\/us\/yahoo\/opt_out\/targeting\/details.html\" target=\"_blank\" rel=\"noreferrer noopener\">clic aqu\u00ed (ING)<\/a>&nbsp;o visite&nbsp;<a href=\"http:\/\/info.yahoo.com\/privacy\/us\/yahoo\/opt_out\/targeting\/details.html\" target=\"_blank\" rel=\"noreferrer noopener\">http:\/\/info.yahoo.com\/privacy\/us\/yahoo\/opt_out\/targeting\/details.html (ING)<\/a>.<\/li>\n\n\n\n<li><strong>An\u00e1lisis de terceros.<\/strong>&nbsp;Este sitio utiliza el servicio de Google Analytics para evaluar y analizar el comportamiento de los usuarios en l\u00ednea. Toda la informaci\u00f3n recopilada a trav\u00e9s de este servicio es an\u00f3nima y no incluye informaci\u00f3n personal, salvo la informaci\u00f3n b\u00e1sica como el tipo de navegador utilizado, la direcci\u00f3n IP y el dispositivo utilizado. La informaci\u00f3n se utiliza con fines de an\u00e1lisis interno y de marketing.<\/li>\n\n\n\n<li><strong>Direcci\u00f3n IP.<\/strong>&nbsp;Las Direcciones IP son direcciones \u00fanicas que est\u00e1n vinculadas a su dispositivo. Las Direcciones IP se registran autom\u00e1ticamente y el nombre de dominio que est\u00e1 utilizando en el momento de la entrada tambi\u00e9n se registra en un archivo. Esta informaci\u00f3n se almacena \u00fanicamente como medio para ver las visitas y el tr\u00e1fico del sitio web. Esta informaci\u00f3n no se facilita a terceros por ning\u00fan motivo y se elimina de nuestra base de datos con regularidad. Las Direcciones IP no se utilizan para ning\u00fan otro fin que no sea el indicado aqu\u00ed.<\/li>\n\n\n\n<li><strong>Uso de Cookies y otras tecnolog\u00edas de seguimiento por parte de terceros.<\/strong>&nbsp;Algunos contenidos o aplicaciones, incluidos los anuncios, en el sitio web son servicios de terceros, incluidos anunciantes, redes y servidores de anuncios, proveedores de contenidos y proveedores de aplicaciones. Estos terceros pueden utilizar cookies solas o junto con beacons web u otras tecnolog\u00edas de seguimiento para recopilar informaci\u00f3n sobre usted cuando utiliza nuestro sitio web. La informaci\u00f3n que recopilan puede estar asociada a su informaci\u00f3n personal o pueden recopilar informaci\u00f3n, incluida la informaci\u00f3n personal, sobre sus actividades en l\u00ednea a lo largo del tiempo y en diferentes sitios web y otros servicios en l\u00ednea. Pueden utilizar esta informaci\u00f3n para ofrecerle publicidad basada en sus intereses (comportamiento) u otros contenidos espec\u00edficos.<\/li>\n<\/ul>\n\n\n\n<p><strong>Informaci\u00f3n recogida en el sitio web.<\/strong>&nbsp;Los formularios de registro y en l\u00ednea de nuestro sitio web requieren que los usuarios nos den informaci\u00f3n de contacto (como su nombre, correo electr\u00f3nico o direcci\u00f3n postal). Debido a la naturaleza de este sitio web, la informaci\u00f3n financiera tambi\u00e9n se solicita de forma voluntaria al visitante. efinancialfitness.com, sus propietarios, afiliados y personas acreditadas pueden compartir la informaci\u00f3n entre ellos, pero no comparten su informaci\u00f3n financiera con ning\u00fan tercero no afiliado que no sea alguien que colabore en ayudarle, y est\u00e1n obligados a mantenerla en estricta confidencialidad. No alquilamos ni vendemos su informaci\u00f3n financiera personal a ning\u00fan comercializador externo. Mantenemos pr\u00e1cticas y procedimientos de seguridad dise\u00f1ados para garantizar la seguridad, integridad y confidencialidad de su informaci\u00f3n financiera personal. Formamos a nuestros empleados en la protecci\u00f3n de la informaci\u00f3n de los clientes y en la prevenci\u00f3n del acceso, la divulgaci\u00f3n o el uso no autorizados, al tiempo que limitamos el acceso de los empleados a la informaci\u00f3n de los clientes a aquellos que la necesitan para ayudarle.<\/p>\n\n\n\n<p><strong>Recopilaci\u00f3n de datos fuera de l\u00ednea\/correo electr\u00f3nico:<\/strong>&nbsp;efinancialfitness.com s\u00f3lo recopila una cantidad limitada de informaci\u00f3n financiera de los consumidores en sus formularios en l\u00ednea. Efinancialfitness.com y\/o cualquiera de sus licenciatarios puede ofrecer una sesi\u00f3n de coaching al consumidor a trav\u00e9s de una l\u00ednea telef\u00f3nica dedicada o una videoconferencia virtual, que dichas sesiones de coaching ser\u00e1n proporcionadas por Consolidated Credit como proveedor de servicios de sesiones de coaching. En tal caso, Consolidated Credit puede obtener informaci\u00f3n adicional de usted para ayudarle a entender sus finanzas, determinar si usted es elegible para un Programa de Manejo de Deudas (DMP, por sus siglas en ingl\u00e9s), y si usted es elegible para, y elige inscribirse en, un DMP, para ayudarle en la inscripci\u00f3n. Consolidated Credit est\u00e1 sujeta a su propia pol\u00edtica de privacidad, y si tiene preguntas sobre la pol\u00edtica de privacidad de Consolidated Credit, por favor, consulte [<a href=\"https:\/\/www.consolidatedcredit.org\/es\/politica-de-privacidad\/\" target=\"_blank\" rel=\"noreferrer noopener\">https:\/\/www.consolidatedcredit.org\/es\/politica-de-privacidad\/<\/a>].<\/p>\n\n\n\n<p><strong>Pr\u00e1cticas de Divulgaci\u00f3n.<\/strong>&nbsp;efinancialfitness.com no divulga ninguna informaci\u00f3n personal no p\u00fablica sobre sus usuarios, excepto como se indica espec\u00edficamente en esta Pol\u00edtica de Privacidad a sus afiliados y como se indica a terceros en este documento, en respuesta a una orden judicial o una citaci\u00f3n v\u00e1lidamente emitida, cuando se requiere por ley o cuando creemos de buena fe que la divulgaci\u00f3n es requerida por la ley o para hacer cumplir nuestros t\u00e9rminos y condiciones u otros acuerdos y pol\u00edticas.<\/p>\n\n\n\n<p><strong>Enlaces externos.<\/strong>&nbsp;Este sitio web contiene enlaces a otros sitios. efinancialfitness.com su propietario, y\/o afiliado, o personas certificadas no son responsables de las pr\u00e1cticas de privacidad o del contenido de dichos sitios. efinancialfitness.com y su propietario, y\/o afiliado, no aprueban, recomiendan, ni tienen ninguna responsabilidad por el contenido de ning\u00fan sitio web enlazado a este sitio web. Las quejas sobre el contenido de cualquier sitio enlazado desde las p\u00e1ginas de efinancialfitness.com su propietario, y\/o afiliado deben dirigirse al propietario del sitio enlazado y no a efinancialfitness.com su propietario, y\/o afiliado, o personas acreditadas.<\/p>\n\n\n\n<p><strong>Seguridad.<\/strong>&nbsp;Este sitio cuenta con medidas de seguridad para proteger la p\u00e9rdida, el mal uso y la alteraci\u00f3n de la informaci\u00f3n bajo nuestro control. La informaci\u00f3n, en su caso, enviada para su uso por los visitantes se mantiene estrictamente en el cumplimiento de esta Pol\u00edtica de Privacidad. S\u00f3lo la informaci\u00f3n proporcionada por los visitantes y autorizada por ellos se utiliza para el prop\u00f3sito que se present\u00f3.<\/p>\n\n\n\n<p><strong>Servicio de Mensajes de Texto (\u201cSMS\u201d, por sus siglas en ingl\u00e9s).<\/strong>&nbsp;efinancialfitness.com su propietario, y\/o afiliado, o personas acreditadas pueden poner a disposici\u00f3n un servicio a trav\u00e9s del cual usted puede recibir consejer\u00eda financiera en su dispositivo m\u00f3vil a trav\u00e9s del servicio de mensajes de textos (\u201cServicio SMS\u201d). Se env\u00eda un mensaje por semana. Los datos obtenidos de usted en relaci\u00f3n con este servicio de SMS pueden incluir su nombre, direcci\u00f3n, n\u00famero de tel\u00e9fono m\u00f3vil, el nombre de su proveedor y la fecha, hora y contenido de sus mensajes. Este servicio se presta \u00fanicamente a usuarios mayores de 18 a\u00f1os. Usted declara que tiene 18 a\u00f1os y que es el propietario o usuario autorizado del dispositivo m\u00f3vil en el que se recibir\u00e1n los mensajes, y que est\u00e1 autorizado a aprobar los cargos aplicables. Adem\u00e1s de cualquier tarifa que se le notifique, pueden aplicarse las tarifas est\u00e1ndar de mensajes y datos de su proveedor a nuestra confirmaci\u00f3n y a toda la correspondencia SMS posterior. Todos los cargos son facturados y pagados por su proveedor de servicios m\u00f3viles. efinancialfitness.com su propietario, y\/o afiliado, o personas acreditadas no ser\u00e1n responsables de ning\u00fan retraso en la recepci\u00f3n de cualquier mensaje SMS, ya que la entrega est\u00e1 sujeta a la transmisi\u00f3n efectiva de su operador de red. Los servicios de mensajes SMS se proporcionan tal y como est\u00e1n. efinancialfitness.com su propietario, y\/o afiliado, o personas acreditadas pueden tambi\u00e9n obtener la fecha, hora y contenido de sus mensajes en el curso de su uso del Servicio SMS. Su proveedor de servicios m\u00f3viles y otros proveedores de servicios tambi\u00e9n pueden recopilar datos sobre el uso de su dispositivo inal\u00e1mbrico, y sus pr\u00e1cticas se rigen por sus propias pol\u00edticas.<\/p>\n\n\n\n<p>Puede eliminar su informaci\u00f3n entrando a&nbsp;<a href=\"mailto:unsubscribe@efinancialfitness.org\">unsubscribe@efinancialfitness.org<\/a>&nbsp;o puede optar por no recibir mensajes en su dispositivo m\u00f3vil en cualquier momento notific\u00e1ndonoslo o respondiendo con \u201cSTOP\u201d, \u201cEND\u201d, \u201cQUIT\u201d, \u201cUNSUBSCRIBE\u201d o \u201cCANCEL\u201d a cualquier mensaje que reciba.<\/p>\n\n\n\n<p><strong>Calidad de los datos\/acceso.<\/strong>&nbsp;Este sitio ofrece a los usuarios las siguientes opciones para cambiar y modificar la informaci\u00f3n previamente proporcionada. Una vez que acceda a su cuenta, podr\u00e1 revisar la informaci\u00f3n de su perfil y realizar cambios en cierta informaci\u00f3n relacionada con su perfil.<\/p>\n\n\n\n<p><strong>Pol\u00edtica de exclusi\u00f3n de boletines y suscripciones por correo electr\u00f3nico.<\/strong>&nbsp;Puede darse de baja de cualquier bolet\u00edn informativo u otra lista de correo electr\u00f3nico en cualquier momento siguiendo las instrucciones que aparecen al final de los boletines o correos electr\u00f3nicos que recibe. Por favor, espere diez (10) d\u00edas h\u00e1biles para que los cambios hagan efecto. Las comunicaciones relacionadas con el servicio al cliente son una parte integral de los servicios que recibe de nosotros y puede seguir recibiendo dichos correos electr\u00f3nicos relacionados con el servicio a menos que cancele su cuenta, incluso si opta por dejar de recibir los boletines o la lista de correos electr\u00f3nicos. Si nos ha proporcionado m\u00e1s de una direcci\u00f3n de correo electr\u00f3nico, es posible que sigamos poni\u00e9ndonos en contacto con usted a menos que solicite la cancelaci\u00f3n de cada direcci\u00f3n de correo electr\u00f3nico que nos haya proporcionado. Tambi\u00e9n puede optar por no recibir nuestros boletines o correos electr\u00f3nicos de marketing poni\u00e9ndose en contacto con nosotros en la direcci\u00f3n de&nbsp;<a href=\"mailto:unsubscribe@efinancialfitness.org\">cancelaci\u00f3n de la suscripci\u00f3n<\/a>&nbsp;o respondiendo a un correo electr\u00f3nico existente con su solicitud de ser eliminado de la lista de correo o haciendo&nbsp;<a href=\"https:\/\/tools.consolidatedcredit.org\/subscriptions\/\" target=\"_blank\" rel=\"noreferrer noopener\">clic aqu\u00ed (ING)<\/a>.<\/p>\n\n\n\n<p><strong>Seguridad de los datos.<\/strong>&nbsp;Hemos implementado medidas dise\u00f1adas para proteger su informaci\u00f3n personal de p\u00e9rdidas accidentales y del acceso, uso, alteraci\u00f3n y divulgaci\u00f3n no autorizados. La seguridad de su informaci\u00f3n tambi\u00e9n depende de usted. Cuando le hayamos dado (o cuando usted haya elegido) una contrase\u00f1a para acceder a determinadas partes de nuestro sitio web, usted es responsable de mantener la confidencialidad de esta contrase\u00f1a. Le pedimos que no comparta su contrase\u00f1a con nadie. Le pedimos que tenga cuidado a la hora de dar informaci\u00f3n en \u00e1reas p\u00fablicas del sitio web, como los tableros de anuncios. La informaci\u00f3n que comparta en las \u00e1reas p\u00fablicas puede ser vista por cualquier usuario del sitio web. Lamentablemente, la transmisi\u00f3n de informaci\u00f3n a trav\u00e9s de Internet no es completamente segura. Aunque hacemos todo lo posible para proteger su informaci\u00f3n personal, no podemos garantizar la seguridad de su informaci\u00f3n personal transmitida a nuestro sitio web. Cualquier transmisi\u00f3n de informaci\u00f3n personal es bajo su propio riesgo. No nos hacemos responsables de la omisi\u00f3n de cualquier configuraci\u00f3n de privacidad o medidas de seguridad contenidas en el Sitio Web.<\/p>\n\n\n\n<p><strong>No se recopila informaci\u00f3n personal (PII) perteneciente a menores de 13 a\u00f1os.<\/strong>&nbsp;El Sitio no est\u00e1 dirigido a personas menores de trece (13) a\u00f1os, y solicitamos que estas personas no proporcionen Informaci\u00f3n personal a trav\u00e9s del Sitio. No recopilamos a sabiendas informaci\u00f3n de ni\u00f1os menores de 13 a\u00f1os sin el consentimiento de los padres. Si es un Usuario menor de 13 a\u00f1os, no nos env\u00ede ninguna PII si no hemos obtenido el consentimiento previo de su padre o tutor. Si nos enteramos de que hemos recopilado PII de un Usuario menor de 13 a\u00f1os sin el consentimiento de los padres, o si nos enteramos de que un Usuario menor de 13 a\u00f1os nos ha proporcionado PII m\u00e1s all\u00e1 de lo que le solicitamos, eliminaremos esa informaci\u00f3n lo antes posible. Si cree que un Usuario menor de 13 a\u00f1os puede haber proporcionado PII a Consolidated en violaci\u00f3n de esta Pol\u00edtica de privacidad, comun\u00edquese con nosotros a nuestra direcci\u00f3n de correo electr\u00f3nico o direcci\u00f3n postal que figura en la secci\u00f3n \u201cContact Us\u201d (Cont\u00e1ctenos) a continuaci\u00f3n y tomaremos todas las medidas necesarias para eliminar la informaci\u00f3n. Para obtener m\u00e1s informaci\u00f3n sobre la Ley de Protecci\u00f3n de la Privacidad en L\u00ednea para Ni\u00f1os (COPPA), visite el sitio web de la Comisi\u00f3n Federal de Comercio en&nbsp;<a href=\"https:\/\/www.ftc.gov\/business-guidance\/privacy-security\/childrens-privacy\" target=\"_blank\" rel=\"noreferrer noopener\">Children\u2019s Privacy | Federal Trade Commission (ftc.gov)<\/a><\/p>\n\n\n\n<p><strong>Preguntas sobre la pol\u00edtica de privacidad o actualizaci\u00f3n de la informaci\u00f3n.<\/strong>&nbsp;Si tiene alguna pregunta sobre nuestra pol\u00edtica y pr\u00e1cticas de privacidad, p\u00f3ngase en contacto con nosotros en [<a href=\"mailto:info@efinancialfitness.org\">info@efinancialfitness.org<\/a>]. Si desea corregir cualquier informaci\u00f3n personal que figure en nuestros archivos, env\u00ede una solicitud por escrito a [<a href=\"mailto:info@efinancialfitness.org\">info@efinancialfitness.org<\/a>].<\/p>\n\n\n\n<p><strong>Sus derechos de privacidad en California.<\/strong>&nbsp;Si usted es residente de California, la legislaci\u00f3n de este estado puede otorgarle derechos adicionales en relaci\u00f3n con el uso que hacemos de su informaci\u00f3n personal. Entre estos derechos adicionales se encuentra el derecho a que eliminen su informaci\u00f3n. Si desea que su informaci\u00f3n sea eliminada, sin perjuicio de ciertas retenciones que pueda exigir la ley, p\u00f3ngase en contacto con nosotros y haga su solicitud por escrito en [<a href=\"mailto:info@efinancialfitness.org\">info@efinancialfitness.org<\/a>]. Responderemos a las solicitudes en consecuencia.<\/p>\n\n\n\n<p><strong>Pol\u00edticas de privacidad revisadas.<\/strong>&nbsp;Tenga en cuenta que nos reservamos el derecho de cambiar o modificar nuestras pr\u00e1cticas de privacidad descritas anteriormente de vez en cuando, simplemente publicando una pol\u00edtica de privacidad revisada en nuestro sitio web efinancialfitness.org. Cualquier cambio ser\u00e1 efectivo inmediatamente despu\u00e9s de la publicaci\u00f3n de la Pol\u00edtica de Privacidad revisada en el Sitio Web. La Pol\u00edtica de Privacidad revisada ser\u00e1 efectiva para la informaci\u00f3n que ya tenemos sobre usted, as\u00ed como para cualquier informaci\u00f3n que recibamos en el futuro. Deber\u00e1 consultar esta Pol\u00edtica de Privacidad de forma continua para conocer nuestras pr\u00e1cticas de privacidad actuales.<\/p>\n\n\n\n<p>Gracias por elegir a efinancialfitness.com, su propietario, y\/o afiliado, o persona acreditada para ayudarle a recuperar su bienestar financiero.<\/p>\n","protected":false},"excerpt":{"rendered":"<p>e-financialfitness.com (\u201cNosotros\u201d o \u201cSitio Web\u201d) ha establecido la siguiente pol\u00edtica de privacidad ya que respetamos su privacidad y nos comprometemos a protegerla mediante el cumplimiento de esta pol\u00edtica. Esta pol\u00edtica describe los tipos de informaci\u00f3n que podemos recopilar de usted o que usted puede proporcionar cuando visita el Sitio Web, y nuestras pr\u00e1cticas para recopilar, [&hellip;]<\/p>\n","protected":false},"author":1,"featured_media":5266,"parent":0,"menu_order":0,"comment_status":"closed","ping_status":"closed","template":"","meta":{"_acf_changed":false,"footnotes":""},"categories":[],"tags":[],"class_list":["post-5405","page","type-page","status-publish","has-post-thumbnail","hentry"],"acf":[],"featured_image_src":null,"featured_image_src_square":null,"_links":{"self":[{"href":"https:\/\/branded.financialwellnessforyou.com\/es\/wp-json\/wp\/v2\/pages\/5405","targetHints":{"allow":["GET"]}}],"collection":[{"href":"https:\/\/branded.financialwellnessforyou.com\/es\/wp-json\/wp\/v2\/pages"}],"about":[{"href":"https:\/\/branded.financialwellnessforyou.com\/es\/wp-json\/wp\/v2\/types\/page"}],"author":[{"embeddable":true,"href":"https:\/\/branded.financialwellnessforyou.com\/es\/wp-json\/wp\/v2\/users\/1"}],"replies":[{"embeddable":true,"href":"https:\/\/branded.financialwellnessforyou.com\/es\/wp-json\/wp\/v2\/comments?post=5405"}],"version-history":[{"count":1,"href":"https:\/\/branded.financialwellnessforyou.com\/es\/wp-json\/wp\/v2\/pages\/5405\/revisions"}],"predecessor-version":[{"id":9643,"href":"https:\/\/branded.financialwellnessforyou.com\/es\/wp-json\/wp\/v2\/pages\/5405\/revisions\/9643"}],"wp:featuredmedia":[{"embeddable":true,"href":"https:\/\/branded.financialwellnessforyou.com\/es\/wp-json\/"}],"wp:attachment":[{"href":"https:\/\/branded.financialwellnessforyou.com\/es\/wp-json\/wp\/v2\/media?parent=5405"}],"wp:term":[{"taxonomy":"category","embeddable":true,"href":"https:\/\/branded.financialwellnessforyou.com\/es\/wp-json\/wp\/v2\/categories?post=5405"},{"taxonomy":"post_tag","embeddable":true,"href":"https:\/\/branded.financialwellnessforyou.com\/es\/wp-json\/wp\/v2\/tags?post=5405"}],"curies":[{"name":"wp","href":"https:\/\/api.w.org\/{rel}","templated":true}]}}