{"id":5408,"date":"2023-02-27T20:05:33","date_gmt":"2023-02-27T20:05:33","guid":{"rendered":"https:\/\/demo123.kofetime.com\/vivienda\/"},"modified":"2023-06-19T15:54:09","modified_gmt":"2023-06-19T15:54:09","slug":"vivienda","status":"publish","type":"page","link":"https:\/\/branded.financialwellnessforyou.com\/es\/vivienda\/","title":{"rendered":"Vivienda"},"content":{"rendered":"\n<div class=\"wp-block-group bg-kofeInfo mt-0 has-global-padding is-layout-constrained wp-block-group-is-layout-constrained\">\n<div class=\"wp-block-group container py-20 has-global-padding is-layout-constrained wp-block-group-is-layout-constrained\"><nav aria-label=\"Breadcrumb\" class=\"sfwd-breadcrumbs clr lms-breadcrumbs \"><div class=\"breadcrumb-trail\"><span itemscope=\"\" itemtype=\"http:\/\/schema.org\/Breadcrumb\"><a href=\"https:\/\/branded.financialwellnessforyou.com\/es\/\" title=\"Home\" rel=\"home\" class=\"trail-begin\"><span itemprop=\"Home\">Home<\/span><\/a><\/span><\/div><\/nav>\n\n<h1 class=\"alignwide wp-block-post-title has-var-wp-custom-typography-font-size-huge-clamp-2-25-rem-4-vw-2-75-rem-font-size\">Vivienda<\/h1>\n\n\n<h2 class=\"wp-block-heading\">Informaci\u00f3n sobre vivienda<\/h2>\n\n\n\n<p>La vivienda se ha convertido en uno de los gastos m\u00e1s grandes en la vida de cualquier persona. Los compradores se enfrentan a precios r\u00e9cord, los propietarios a un aumento inaudito del impuesto sobre bienes inmuebles y de los seguros, y los inquilinos a menudo tienen dificultades para pagar la mensualidad.<\/p>\n\n\n\n<p>Teniendo esto en cuenta, hemos elaborado esta exhaustiva lista sobre temas de vivienda. Aqu\u00ed encontrar\u00e1 toda la informaci\u00f3n que necesita para superar los retos de la vivienda.<\/p>\n\n\n\n<p>Tanto si es inquilino como propietario o comprador de una vivienda, estamos aqu\u00ed para ayudarle a entender el mercado inmobiliario y a encontrar formas de reducir sus gastos.<\/p>\n<\/div>\n<\/div>\n\n\n\n<div class=\"wp-block-group sr-item-info has-global-padding is-layout-constrained wp-block-group-is-layout-constrained\">\n<div class=\"wp-block-query is-layout-flow wp-block-query-is-layout-flow\"><ul class=\"is-flex-container columns-3 wp-block-post-template is-layout-flow wp-block-post-template-is-layout-flow\"><li class=\"wp-block-post post-9215 page type-page status-publish has-post-thumbnail hentry tag-comprar-una-casa\">\n\n<div class=\"wp-block-group has-kofe-info-background-color has-background is-layout-flow wp-block-group-is-layout-flow\" style=\"border-radius:20px;padding-top:0;padding-right:0;padding-bottom:0;padding-left:0\"><figure class=\"wp-block-post-featured-image\"><a href=\"https:\/\/branded.financialwellnessforyou.com\/es\/vivienda\/compradores-de-viviendas\/\" target=\"_self\"  ><img loading=\"lazy\" decoding=\"async\" width=\"624\" height=\"405\" src=\"https:\/\/branded.financialwellnessforyou.com\/wp-content\/uploads\/sites\/7\/2023\/06\/buying-a-home-1-1.jpg\" class=\"attachment-post-thumbnail size-post-thumbnail wp-post-image\" alt=\"Comprar Consejos y recursos para compradores de vivienda\" style=\"border-radius:20px;border-style:none;border-width:0px;object-fit:cover;\" srcset=\"https:\/\/branded.financialwellnessforyou.com\/wp-content\/uploads\/sites\/7\/2023\/06\/buying-a-home-1-1.jpg 624w, https:\/\/branded.financialwellnessforyou.com\/wp-content\/uploads\/sites\/7\/2023\/06\/buying-a-home-1-1-300x195.jpg 300w\" sizes=\"auto, (max-width: 624px) 100vw, 624px\" \/><\/a><\/figure>\n\n\n<div class=\"wp-block-group has-global-padding is-layout-constrained wp-container-core-group-is-layout-ae62af00 wp-block-group-is-layout-constrained\" style=\"padding-top:0;padding-right:var(--wp--preset--spacing--30);padding-bottom:var(--wp--preset--spacing--30);padding-left:var(--wp--preset--spacing--30)\"><h2 style=\"padding-top:15px;\" class=\"wp-block-post-title has-text-color has-kofe-success-color has-text-h-3-font-size\"><a href=\"https:\/\/branded.financialwellnessforyou.com\/es\/vivienda\/compradores-de-viviendas\/\" target=\"_self\" >Comprar Consejos y recursos para compradores de vivienda<\/a><\/h2><\/div>\n<\/div>\n\n<\/li><li class=\"wp-block-post post-5410 page type-page status-publish has-post-thumbnail hentry tag-comprar-una-casa\">\n\n<div class=\"wp-block-group has-kofe-info-background-color has-background is-layout-flow wp-block-group-is-layout-flow\" style=\"border-radius:20px;padding-top:0;padding-right:0;padding-bottom:0;padding-left:0\"><figure class=\"wp-block-post-featured-image\"><a href=\"https:\/\/branded.financialwellnessforyou.com\/es\/vivienda\/recursos-para-arrendatarios\/\" target=\"_self\"  ><img loading=\"lazy\" decoding=\"async\" width=\"800\" height=\"500\" src=\"https:\/\/branded.financialwellnessforyou.com\/wp-content\/uploads\/sites\/7\/2023\/06\/renters.jpg\" class=\"attachment-post-thumbnail size-post-thumbnail wp-post-image\" alt=\"Consejos y recursos para arrendatarios\" style=\"border-radius:20px;border-style:none;border-width:0px;object-fit:cover;\" srcset=\"https:\/\/branded.financialwellnessforyou.com\/wp-content\/uploads\/sites\/7\/2023\/06\/renters.jpg 800w, https:\/\/branded.financialwellnessforyou.com\/wp-content\/uploads\/sites\/7\/2023\/06\/renters-300x188.jpg 300w, https:\/\/branded.financialwellnessforyou.com\/wp-content\/uploads\/sites\/7\/2023\/06\/renters-768x480.jpg 768w\" sizes=\"auto, (max-width: 800px) 100vw, 800px\" \/><\/a><\/figure>\n\n\n<div class=\"wp-block-group has-global-padding is-layout-constrained wp-container-core-group-is-layout-ae62af00 wp-block-group-is-layout-constrained\" style=\"padding-top:0;padding-right:var(--wp--preset--spacing--30);padding-bottom:var(--wp--preset--spacing--30);padding-left:var(--wp--preset--spacing--30)\"><h2 style=\"padding-top:15px;\" class=\"wp-block-post-title has-text-color has-kofe-success-color has-text-h-3-font-size\"><a href=\"https:\/\/branded.financialwellnessforyou.com\/es\/vivienda\/recursos-para-arrendatarios\/\" target=\"_self\" >Consejos y recursos para arrendatarios<\/a><\/h2><\/div>\n<\/div>\n\n<\/li><li class=\"wp-block-post post-5413 page type-page status-publish has-post-thumbnail hentry tag-comprar-una-casa\">\n\n<div class=\"wp-block-group has-kofe-info-background-color has-background is-layout-flow wp-block-group-is-layout-flow\" style=\"border-radius:20px;padding-top:0;padding-right:0;padding-bottom:0;padding-left:0\"><figure class=\"wp-block-post-featured-image\"><a href=\"https:\/\/branded.financialwellnessforyou.com\/es\/vivienda\/recursos-para-propietarios\/\" target=\"_self\"  ><img loading=\"lazy\" decoding=\"async\" width=\"624\" height=\"405\" src=\"https:\/\/branded.financialwellnessforyou.com\/wp-content\/uploads\/sites\/7\/2023\/06\/home-equity.jpg\" class=\"attachment-post-thumbnail size-post-thumbnail wp-post-image\" alt=\"Consejos y recursos para propietarios\" style=\"border-radius:20px;border-style:none;border-width:0px;object-fit:cover;\" srcset=\"https:\/\/branded.financialwellnessforyou.com\/wp-content\/uploads\/sites\/7\/2023\/06\/home-equity.jpg 624w, https:\/\/branded.financialwellnessforyou.com\/wp-content\/uploads\/sites\/7\/2023\/06\/home-equity-300x195.jpg 300w\" sizes=\"auto, (max-width: 624px) 100vw, 624px\" \/><\/a><\/figure>\n\n\n<div class=\"wp-block-group has-global-padding is-layout-constrained wp-container-core-group-is-layout-ae62af00 wp-block-group-is-layout-constrained\" style=\"padding-top:0;padding-right:var(--wp--preset--spacing--30);padding-bottom:var(--wp--preset--spacing--30);padding-left:var(--wp--preset--spacing--30)\"><h2 style=\"padding-top:15px;\" class=\"wp-block-post-title has-text-color has-kofe-success-color has-text-h-3-font-size\"><a href=\"https:\/\/branded.financialwellnessforyou.com\/es\/vivienda\/recursos-para-propietarios\/\" target=\"_self\" >Consejos y recursos para propietarios<\/a><\/h2><\/div>\n<\/div>\n\n<\/li><\/ul><\/div>\n<\/div>\n","protected":false},"excerpt":{"rendered":"<p>Informaci\u00f3n sobre vivienda La vivienda se ha convertido en uno de los gastos m\u00e1s grandes en la vida de cualquier persona. Los compradores se enfrentan a precios r\u00e9cord, los propietarios a un aumento inaudito del impuesto sobre bienes inmuebles y de los seguros, y los inquilinos a menudo tienen dificultades para pagar la mensualidad. Teniendo [&hellip;]<\/p>\n","protected":false},"author":1,"featured_media":5266,"parent":0,"menu_order":0,"comment_status":"closed","ping_status":"closed","template":"full-width","meta":{"_acf_changed":false,"footnotes":""},"categories":[],"tags":[],"class_list":["post-5408","page","type-page","status-publish","has-post-thumbnail","hentry"],"acf":[],"featured_image_src":null,"featured_image_src_square":null,"_links":{"self":[{"href":"https:\/\/branded.financialwellnessforyou.com\/es\/wp-json\/wp\/v2\/pages\/5408","targetHints":{"allow":["GET"]}}],"collection":[{"href":"https:\/\/branded.financialwellnessforyou.com\/es\/wp-json\/wp\/v2\/pages"}],"about":[{"href":"https:\/\/branded.financialwellnessforyou.com\/es\/wp-json\/wp\/v2\/types\/page"}],"author":[{"embeddable":true,"href":"https:\/\/branded.financialwellnessforyou.com\/es\/wp-json\/wp\/v2\/users\/1"}],"replies":[{"embeddable":true,"href":"https:\/\/branded.financialwellnessforyou.com\/es\/wp-json\/wp\/v2\/comments?post=5408"}],"version-history":[{"count":1,"href":"https:\/\/branded.financialwellnessforyou.com\/es\/wp-json\/wp\/v2\/pages\/5408\/revisions"}],"predecessor-version":[{"id":9646,"href":"https:\/\/branded.financialwellnessforyou.com\/es\/wp-json\/wp\/v2\/pages\/5408\/revisions\/9646"}],"wp:featuredmedia":[{"embeddable":true,"href":"https:\/\/branded.financialwellnessforyou.com\/es\/wp-json\/"}],"wp:attachment":[{"href":"https:\/\/branded.financialwellnessforyou.com\/es\/wp-json\/wp\/v2\/media?parent=5408"}],"wp:term":[{"taxonomy":"category","embeddable":true,"href":"https:\/\/branded.financialwellnessforyou.com\/es\/wp-json\/wp\/v2\/categories?post=5408"},{"taxonomy":"post_tag","embeddable":true,"href":"https:\/\/branded.financialwellnessforyou.com\/es\/wp-json\/wp\/v2\/tags?post=5408"}],"curies":[{"name":"wp","href":"https:\/\/api.w.org\/{rel}","templated":true}]}}